{"id":46010,"date":"2023-08-30T09:35:58","date_gmt":"2023-08-30T07:35:58","guid":{"rendered":"https:\/\/www.studiogatto.es\/faq\/"},"modified":"2023-08-30T09:36:10","modified_gmt":"2023-08-30T07:36:10","slug":"faq","status":"publish","type":"page","link":"https:\/\/www.studiogatto.es\/fr\/faq\/","title":{"rendered":"Faq"},"content":{"rendered":"<p>[et_pb_section fb_built=\u00a0\u00bb1&Prime; _builder_version=\u00a0\u00bb3.22.3&Prime; custom_padding=\u00a0\u00bb54px|0px|0|0px|false|false\u00a0\u00bb][et_pb_row _builder_version=\u00a0\u00bb3.25&Prime;][et_pb_column type=\u00a0\u00bb4_4&Prime; _builder_version=\u00a0\u00bb3.25&Prime; custom_padding=\u00a0\u00bb|||\u00a0\u00bb custom_padding__hover=\u00a0\u00bb|||\u00a0\u00bb][et_pb_text _builder_version=\u00a0\u00bb3.27.4&Prime; header_font_size_tablet=\u00a0\u00bb\u00a0\u00bb header_font_size_phone=\u00a0\u00bb35px\u00a0\u00bb header_font_size_last_edited=\u00a0\u00bbon|phone\u00a0\u00bb]<\/p>\n<h1 style=\"text-align: center;\">Questions fr\u00e9quemment pos\u00e9es<\/h1>\n<p>[\/et_pb_text][et_pb_text _builder_version=\u00a0\u00bb4.4.4&Prime; header_line_height=\u00a0\u00bb1.3em\u00a0\u00bb header_2_font_size=\u00a0\u00bb94px\u00a0\u00bb header_3_font_size=\u00a0\u00bb10px\u00a0\u00bb header_3_line_height=\u00a0\u00bb2.1em\u00a0\u00bb animation_style=\u00a0\u00bbslide\u00a0\u00bb animation_direction=\u00a0\u00bbtop\u00a0\u00bb]<\/p>\n<h3 style=\"text-align: center;\"><span style=\"font-size: xx-large;\">Nous voulons vous aider !<\/span><\/h3>\n<p>[\/et_pb_text][\/et_pb_column][\/et_pb_row][\/et_pb_section][et_pb_section fb_built=\u00a0\u00bb1&Prime; _builder_version=\u00a0\u00bb3.22.3&Prime;][et_pb_row _builder_version=\u00a0\u00bb4.4.2&Prime; custom_padding=\u00a0\u00bb0|0px|27px|0px|false|false\u00a0\u00bb][et_pb_column type=\u00a0\u00bb4_4&Prime; _builder_version=\u00a0\u00bb3.25&Prime; custom_padding=\u00a0\u00bb|||\u00a0\u00bb custom_padding__hover=\u00a0\u00bb|||\u00a0\u00bb][et_pb_accordion open_toggle_text_color=\u00a0\u00bb#000000&Prime; open_toggle_background_color=\u00a0\u00bb#f7f7f7&Prime; closed_toggle_text_color=\u00a0\u00bb#000000&Prime; closed_toggle_background_color=\u00a0\u00bb#ffffff\u00a0\u00bb icon_color=\u00a0\u00bb#000000&Prime; use_icon_font_size=\u00a0\u00bbon\u00a0\u00bb icon_font_size=\u00a0\u00bb20px\u00a0\u00bb _builder_version=\u00a0\u00bb4.4.4&Prime; toggle_text_color=\u00a0\u00bb#000000&Prime; toggle_font=\u00a0\u00bb|600|||||||\u00a0\u00bb toggle_font_size=\u00a0\u00bb20px\u00a0\u00bb closed_toggle_font=\u00a0\u00bb||||||||\u00a0\u00bb closed_toggle_font_size=\u00a0\u00bb20px\u00a0\u00bb body_font=\u00a0\u00bb||||||||\u00a0\u00bb body_text_color=\u00a0\u00bb#000000&Prime; text_orientation=\u00a0\u00bbleft\u00a0\u00bb custom_margin=\u00a0\u00bb0px||0px\u00a0\u00bb border_width_all=\u00a0\u00bb0px\u00a0\u00bb border_width_bottom=\u00a0\u00bb4px\u00a0\u00bb border_color_bottom=\u00a0\u00bb#000000&Prime; icon_color__hover_enabled=\u00a0\u00bbon\u00a0\u00bb][et_pb_accordion_item title=\u00a0\u00bb  Discipline budg\u00e9taire ?\u00a0\u00bb open=\u00a0\u00bbon\u00a0\u00bb open_toggle_text_color=\u00a0\u00bb#000000&Prime; open_toggle_background_color=\u00a0\u00bb#f7f7f7&Prime; closed_toggle_text_color=\u00a0\u00bb#000000&Prime; closed_toggle_background_color=\u00a0\u00bb#ffffff\u00a0\u00bb icon_color=\u00a0\u00bb#000000&Prime; use_icon_font_size=\u00a0\u00bbon\u00a0\u00bb icon_font_size=\u00a0\u00bb21px\u00a0\u00bb _builder_version=\u00a0\u00bb4.4.4&Prime; body_font=\u00a0\u00bb||||||||\u00a0\u00bb body_text_color=\u00a0\u00bb#000000&Prime; text_orientation=\u00a0\u00bbleft\u00a0\u00bb border_width_all=\u00a0\u00bb0px\u00a0\u00bb border_width_bottom=\u00a0\u00bb4px\u00a0\u00bb border_color_bottom=\u00a0\u00bb#000000&Prime; toggle_text_color=\u00a0\u00bb#000000&Prime; toggle_level=\u00a0\u00bbh5&Prime; toggle_font=\u00a0\u00bb|600|||||||\u00a0\u00bb toggle_font_size=\u00a0\u00bb20px\u00a0\u00bb toggle_line_height=\u00a0\u00bb1.2em\u00a0\u00bb closed_toggle_font=\u00a0\u00bb||||||||\u00a0\u00bb closed_toggle_font_size=\u00a0\u00bb20px\u00a0\u00bb closed_toggle_line_height=\u00a0\u00bb1.3em\u00a0\u00bb]<\/p>\n<p>L&rsquo;\u00e9tude de votre cuisine sera r\u00e9alis\u00e9e sans engagement d&rsquo;achat. La p\u00e9riode de validit\u00e9 est de 60 jours. Pour plus de clart\u00e9, le devis doit \u00eatre fourni par \u00e9crit et ventil\u00e9 par poste (meubles de cuisine, surfaces, r\u00e9novation, accessoires, appareils \u00e9lectriques).<\/p>\n<p><span style=\"text-decoration: underline; color: #ff0000;\">Mesures sp\u00e9ciales Covid-19 :<\/span> <span style=\"color: #ff0000;\">Notre entreprise met en \u0153uvre des am\u00e9liorations en mati\u00e8re de communication gr\u00e2ce \u00e0 des applications qui facilitent la pr\u00e9sentation du budget en ligne afin de minimiser le nombre de visites dans nos \u00e9tablissements pour les clients qui en ont besoin. Nous vous conseillons et r\u00e9pondons \u00e0 vos questions en ligne.<\/span><\/p>\n<p>[\/et_pb_accordion_item][et_pb_accordion_item title=\u00a0\u00bb  Viennent-ils pour agir ?\u00a0\u00bb open_toggle_text_color_tablet=\u00a0\u00bb\u00a0\u00bb open_toggle_text_color_phone=\u00a0\u00bb\u00a0\u00bb open_toggle_text_color_last_edited=\u00a0\u00bbon|phone\u00a0\u00bb _builder_version=\u00a0\u00bb4.4.4&Prime; custom_margin=\u00a0\u00bb0px||\u00a0\u00bb custom_padding=\u00a0\u00bb||\u00a0\u00bb closed_toggle_font_tablet=\u00a0\u00bb\u00a0\u00bb closed_toggle_font_phone=\u00a0\u00bb\u00a0\u00bb closed_toggle_font_last_edited=\u00a0\u00bbon|phone\u00a0\u00bb open=\u00a0\u00bboff\u00a0\u00bb]<\/p>\n<p>Nous travaillons \u00e0 partir de plans cot\u00e9s et de mesures prises au domicile du client. <span>Il<\/span> s&rsquo;agit d&rsquo;un service non contraignant et toujours pr\u00e9f\u00e9rable.<\/p>\n<p><span><span style=\"text-decoration: underline;\"><span style=\"color: #ff0000; text-decoration: underline;\">Mesures sp\u00e9ciales Covid-19<\/span>:<\/span> <span style=\"color: #ff0000;\">Notre entreprise met en \u0153uvre toutes les mesures de sant\u00e9 et de s\u00e9curit\u00e9 n\u00e9cessaires conform\u00e9ment aux instructions des autorit\u00e9s. Notre \u00e9quipe sera pr\u00eate \u00e0 garantir votre s\u00e9curit\u00e9 tant lors de la prise de mesures \u00e0 domicile que pendant la phase de montage des meubles ou pendant les travaux de r\u00e9novation.<\/span><\/span><\/p>\n<p>[\/et_pb_accordion_item][et_pb_accordion_item title=\u00a0\u00bb  Quelles sont les prochaines \u00e9tapes ?\u00a0\u00bb _builder_version=\u00a0\u00bb4.4.4&Prime; open=\u00a0\u00bboff\u00a0\u00bb]<\/p>\n<p><span style=\"text-decoration: underline; color: #ff0000;\">Mesures sp\u00e9ciales Covid-19 :<\/span><\/p>\n<p><span style=\"color: #ff0000;\">-Les clients pourront visiter nos magasins en toute s\u00e9curit\u00e9, car ils recevront des produits de d\u00e9sinfection (masque, gel hydroalcoolique et gants) avant d&rsquo;entrer dans nos \u00e9tablissements afin de garantir l&rsquo;hygi\u00e8ne et la s\u00e9curit\u00e9.<\/span><\/p>\n<p><span style=\"color: #ff0000;\">En tant que petite entreprise, nous pouvons garantir qu&rsquo;il <span style=\"text-decoration: underline;\">n&rsquo;y aura pas d&rsquo;affluence<\/span> dans nos magasins et, en prenant rendez-vous, le client pourra b\u00e9n\u00e9ficier d&rsquo;un service personnalis\u00e9.<\/span><\/p>\n<p><span style=\"color: #ff0000;\">-L&rsquo;\u00e9loignement de la s\u00e9curit\u00e9 est \u00e9galement garanti, car nous serons \u00e9quip\u00e9s d&rsquo;\u00e9crans de protection pour servir nos clients.<\/span><\/p>\n<p><span style=\"color: #ff0000;\">-Si le client pr\u00e9f\u00e8re et souhaite minimiser les visites dans nos magasins, nous avons am\u00e9lior\u00e9 la communication en ligne pour r\u00e9soudre les doutes ou pr\u00e9senter des devis.<\/span><\/p>\n<p><span style=\"color: #ff0000;\">-Nous mettons en place une visite virtuelle \u00e0 360\u00ba de nos salles d&rsquo;exposition pour voir nos cuisines sans sortir de chez soi.<\/span><\/p>\n<p><span>D\u00e9finir les id\u00e9es et les mat\u00e9riaux : s\u00e9lection des mat\u00e9riaux et des mod\u00e8les pour la budg\u00e9tisation et la d\u00e9finition des id\u00e9es pour le projet.<br \/>  Mesures en interne : elles permettent au client d&rsquo;obtenir un devis plus pr\u00e9cis et plus r\u00e9aliste afin d&rsquo;\u00e9viter les \u00ab\u00a0surprises\u00a0\u00bb tant redout\u00e9es.  <span style=\"color: #ff0000;\">Le technicien se rendra \u00e0 votre domicile avec le mat\u00e9riel de s\u00e9curit\u00e9 Covid-19 pr\u00e9vu par les autorit\u00e9s sanitaires.<\/span><br \/>  Projet dessin\u00e9 avec programme<\/span><span class=\"googie_link\"><span> <\/span>3<\/span><span>D et<\/span><span class=\"googie_link\"><span> <\/span>rendre<\/span><span>ou : Nous \u00e9tablissons un plan pr\u00e9liminaire \u00e0 l&rsquo;\u00e9chelle qui vous donnera une id\u00e9e fiable de l&rsquo;agencement le plus appropri\u00e9 et des zones de circulation \u00e0 respecter pour rendre la pi\u00e8ce confortable et fonctionnelle.<br \/>  Acceptation du devis : le syst\u00e8me de paiement est convenu et le d\u00e9lai de livraison est d\u00e9termin\u00e9.<\/span><span class=\"googie_link\">.proc\u00e9der.<\/span><span>Nous nous ferons un plaisir de vous aider dans le marquage de la cuisine et dans votre commande.<br \/>  Montage de la cuisine : Lorsque les meubles arrivent \u00e0 l&rsquo;entrep\u00f4t, la cuisine et les appareils \u00e9lectriques (achet\u00e9s dans notre \u00e9tablissement) seront mont\u00e9s. <span style=\"color: #ff0000;\">Le monteur se rendra \u00e0 votre domicile avec les \u00e9quipements de s\u00e9curit\u00e9 Covid-19 stipul\u00e9s par les autorit\u00e9s sanitaires<\/span>.<\/span><\/p>\n<p>[\/et_pb_accordion_item][et_pb_accordion_item title=\u00a0\u00bbQuel est le d\u00e9lai de livraison des meubles ?\u00a0\u00bb _builder_version=\u00a0\u00bb4.4.2&Prime; open=\u00a0\u00bboff\u00a0\u00bb]<\/p>\n<p><span>Le d\u00e9lai de livraison des meubles d\u00e9pend du fabricant et varie en fonction des mat\u00e9riaux et des finitions des portes. Finitions laqu\u00e9es brillantes  <\/span><span class=\"googie_link\">ou placage de bois<\/span><span>Les plus longs \u00e0 produire sont g\u00e9n\u00e9ralement en bois.<\/span><\/p>\n<p><span style=\"color: #ff0000;\"><span style=\"text-decoration: underline;\">Covid-19<\/span>: En raison de Covid-19, les d\u00e9lais de livraison de nos fournisseurs peuvent varier par rapport aux d\u00e9lais habituels.<\/span> <\/p>\n<p>[\/et_pb_accordion_item][et_pb_accordion_item title=\u00a0\u00bbQui installera mes meubles ?\u00a0\u00bb _builder_version=\u00a0\u00bb4.4.2&Prime; open=\u00a0\u00bboff\u00a0\u00bb]<\/p>\n<p>Le montage du mobilier sera effectu\u00e9 par du personnel qualifi\u00e9 employ\u00e9 par l&rsquo;entreprise.<\/p>\n<p><span style=\"text-decoration: underline;\"><br \/>\n  <span style=\"color: #ff0000; text-decoration: underline;\">Mesures particuli\u00e8res Covid-19 : <\/span><br \/>\n<\/span><span style=\"color: #ff0000;\">L&rsquo;installateur sp\u00e9cialis\u00e9 dispose de l&rsquo;\u00e9quipement r\u00e9glementaire de s\u00e9curit\u00e9 sanitaire Covid-19 \u00e9tabli par les autorit\u00e9s sanitaires afin d&rsquo;assurer la s\u00e9curit\u00e9 de tous.<\/span><\/p>\n<p>[\/et_pb_accordion_item][et_pb_accordion_item title=\u00a0\u00bb  Combien de temps dure un assemblage ?\u00a0\u00bb _builder_version=\u00a0\u00bb4.4.2&Prime; open=\u00a0\u00bboff\u00a0\u00bb]<\/p>\n<p>Le temps d&rsquo;assemblage varie en fonction de la taille et de la complexit\u00e9 de la cuisine.<\/p>\n<p>[\/et_pb_accordion_item][et_pb_accordion_item title=\u00a0\u00bbCombien de temps vais-je rester sans cuisine ?\u00a0\u00bb _builder_version=\u00a0\u00bb4.4.2&Prime; open=\u00a0\u00bboff\u00a0\u00bb]<\/p>\n<p>Dans le cadre d&rsquo;une r\u00e9novation compl\u00e8te de cuisine, vous serez g\u00e9n\u00e9ralement priv\u00e9 de cuisine pendant environ 4 semaines. Il faut savoir que plusieurs industriels doivent \u00eatre impliqu\u00e9s et que nous sommes charg\u00e9s de les coordonner.<\/p>\n<p>[\/et_pb_accordion_item][et_pb_accordion_item title=\u00a0\u00bbService apr\u00e8s-vente ?\u00a0\u00bb _builder_version=\u00a0\u00bb3.24&Prime; open=\u00a0\u00bboff\u00a0\u00bb]<\/p>\n<p>Tous nos produits sont assortis d&rsquo;une garantie du fabricant. La garantie varie en fonction du produit et du fabricant. Pour les appareils \u00e9lectrom\u00e9nagers, la dur\u00e9e est g\u00e9n\u00e9ralement de 2 ans et pour les meubles de cuisine, elle est de 5 ans.<\/p>\n<p>[\/et_pb_accordion_item][et_pb_accordion_item title=\u00a0\u00bb  Syst\u00e8me de paiement ?\u00a0\u00bb _builder_version=\u00a0\u00bb3.24&Prime; open=\u00a0\u00bboff\u00a0\u00bb]<\/p>\n<p>Le syst\u00e8me de paiement s&rsquo;effectuera en 3 \u00e9tapes : un premier paiement sera effectu\u00e9 pour l&rsquo;acceptation du devis afin de passer la commande de meubles, un second paiement sera effectu\u00e9 une fois que les meubles, les appareils \u00e9lectriques et les accessoires seront arriv\u00e9s dans l&rsquo;entrep\u00f4t. Un troisi\u00e8me paiement sera effectu\u00e9 \u00e0 la fin de l&rsquo;assemblage. Cependant, nous sommes flexibles et acceptons les changements au cas par cas.<\/p>\n<p>[\/et_pb_accordion_item][et_pb_accordion_item title=\u00a0\u00bbPeut-elle \u00eatre financ\u00e9e ?\u00a0\u00bb _builder_version=\u00a0\u00bb4.4.2&Prime; open=\u00a0\u00bboff\u00a0\u00bb]<\/p>\n<p><span>En fonction de votre situation, un financement personnalis\u00e9 en plusieurs fois peut \u00eatre envisag\u00e9.<\/span><\/p>\n<p><span style=\"color: #ff0000;\">Financement disponible chez BBVA 2 ans sans int\u00e9r\u00eat<\/span><\/p>\n<p>[\/et_pb_accordion_item][\/et_pb_accordion][\/et_pb_column][\/et_pb_row][\/et_pb_section]<\/p>\n","protected":false},"excerpt":{"rendered":"<p>Questions fr\u00e9quemment pos\u00e9esNous voulons vous aider !L&rsquo;\u00e9tude de votre cuisine sera r\u00e9alis\u00e9e sans engagement d&rsquo;achat. La p\u00e9riode de validit\u00e9 est de 60 jours. Pour plus de clart\u00e9, le devis doit \u00eatre fourni par \u00e9crit et ventil\u00e9 par poste (meubles de cuisine, surfaces, r\u00e9novation, accessoires, appareils \u00e9lectriques). Mesures sp\u00e9ciales Covid-19 : Notre entreprise met en \u0153uvre [&hellip;]<\/p>\n","protected":false},"author":1,"featured_media":0,"parent":0,"menu_order":0,"comment_status":"closed","ping_status":"closed","template":"","meta":{"_et_pb_use_builder":"on","_et_pb_old_content":"","_et_gb_content_width":"","footnotes":""},"class_list":["post-46010","page","type-page","status-publish","hentry"],"yoast_head":"<!-- This site is optimized with the Yoast SEO plugin v27.5 - https:\/\/yoast.com\/product\/yoast-seo-wordpress\/ -->\n<title>Nous r\u00e9pondons \u00e0 vos questions sur les r\u00e9formes<\/title>\n<meta name=\"description\" content=\"Laissez-nous vous conseiller sur la r\u00e9novation de votre maison. Si vous avez des questions, nous nous ferons un plaisir d&#039;y r\u00e9pondre. Si vous ne trouvez pas votre r\u00e9ponse ici, veuillez contacter Studio Gatto.\" \/>\n<meta name=\"robots\" content=\"index, follow, max-snippet:-1, max-image-preview:large, max-video-preview:-1\" \/>\n<link rel=\"canonical\" href=\"https:\/\/www.studiogatto.es\/fr\/faq\/\" \/>\n<meta property=\"og:locale\" content=\"fr_FR\" \/>\n<meta property=\"og:type\" content=\"article\" \/>\n<meta property=\"og:title\" content=\"Nous r\u00e9pondons \u00e0 vos questions sur les r\u00e9formes\" \/>\n<meta property=\"og:description\" content=\"Laissez-nous vous conseiller sur la r\u00e9novation de votre maison. Si vous avez des questions, nous nous ferons un plaisir d&#039;y r\u00e9pondre. Si vous ne trouvez pas votre r\u00e9ponse ici, veuillez contacter Studio Gatto.\" \/>\n<meta property=\"og:url\" content=\"https:\/\/www.studiogatto.es\/fr\/faq\/\" \/>\n<meta property=\"og:site_name\" content=\"Studio Gatto - Reformas, Cocinas, Ba\u00f1os\" \/>\n<meta property=\"article:publisher\" content=\"https:\/\/www.facebook.com\/studiogattocucine\" \/>\n<meta property=\"article:modified_time\" content=\"2023-08-30T07:36:10+00:00\" \/>\n<meta name=\"twitter:card\" content=\"summary_large_image\" \/>\n<meta name=\"twitter:site\" content=\"@studiogattosl\" \/>\n<meta name=\"twitter:label1\" content=\"Dur\u00e9e de lecture estim\u00e9e\" \/>\n\t<meta name=\"twitter:data1\" content=\"7 minutes\" \/>\n<script type=\"application\/ld+json\" class=\"yoast-schema-graph\">{\"@context\":\"https:\\\/\\\/schema.org\",\"@graph\":[{\"@type\":\"WebPage\",\"@id\":\"https:\\\/\\\/www.studiogatto.es\\\/fr\\\/faq\\\/\",\"url\":\"https:\\\/\\\/www.studiogatto.es\\\/fr\\\/faq\\\/\",\"name\":\"Nous r\u00e9pondons \u00e0 vos questions sur les r\u00e9formes\",\"isPartOf\":{\"@id\":\"https:\\\/\\\/www.studiogatto.es\\\/fr\\\/#website\"},\"datePublished\":\"2023-08-30T07:35:58+00:00\",\"dateModified\":\"2023-08-30T07:36:10+00:00\",\"description\":\"Laissez-nous vous conseiller sur la r\u00e9novation de votre maison. Si vous avez des questions, nous nous ferons un plaisir d'y r\u00e9pondre. Si vous ne trouvez pas votre r\u00e9ponse ici, veuillez contacter Studio Gatto.\",\"breadcrumb\":{\"@id\":\"https:\\\/\\\/www.studiogatto.es\\\/fr\\\/faq\\\/#breadcrumb\"},\"inLanguage\":\"fr-FR\",\"potentialAction\":[{\"@type\":\"ReadAction\",\"target\":[\"https:\\\/\\\/www.studiogatto.es\\\/fr\\\/faq\\\/\"]}]},{\"@type\":\"BreadcrumbList\",\"@id\":\"https:\\\/\\\/www.studiogatto.es\\\/fr\\\/faq\\\/#breadcrumb\",\"itemListElement\":[{\"@type\":\"ListItem\",\"position\":1,\"name\":\"Portada\",\"item\":\"https:\\\/\\\/www.studiogatto.es\\\/fr\\\/\"},{\"@type\":\"ListItem\",\"position\":2,\"name\":\"Faq\"}]},{\"@type\":\"WebSite\",\"@id\":\"https:\\\/\\\/www.studiogatto.es\\\/fr\\\/#website\",\"url\":\"https:\\\/\\\/www.studiogatto.es\\\/fr\\\/\",\"name\":\"Studio Gatto - Reformas, Cocinas, Ba\u00f1os\",\"description\":\"Reformas integrales de Cocinas y ba\u00f1os. Interiorismo. Dise\u00f1o.\",\"publisher\":{\"@id\":\"https:\\\/\\\/www.studiogatto.es\\\/fr\\\/#organization\"},\"potentialAction\":[{\"@type\":\"SearchAction\",\"target\":{\"@type\":\"EntryPoint\",\"urlTemplate\":\"https:\\\/\\\/www.studiogatto.es\\\/fr\\\/?s={search_term_string}\"},\"query-input\":{\"@type\":\"PropertyValueSpecification\",\"valueRequired\":true,\"valueName\":\"search_term_string\"}}],\"inLanguage\":\"fr-FR\"},{\"@type\":\"Organization\",\"@id\":\"https:\\\/\\\/www.studiogatto.es\\\/fr\\\/#organization\",\"name\":\"Studio Gatto\",\"url\":\"https:\\\/\\\/www.studiogatto.es\\\/fr\\\/\",\"logo\":{\"@type\":\"ImageObject\",\"inLanguage\":\"fr-FR\",\"@id\":\"https:\\\/\\\/www.studiogatto.es\\\/fr\\\/#\\\/schema\\\/logo\\\/image\\\/\",\"url\":\"https:\\\/\\\/www.studiogatto.es\\\/wp-content\\\/uploads\\\/Nuevo-logotipo.jpg\",\"contentUrl\":\"https:\\\/\\\/www.studiogatto.es\\\/wp-content\\\/uploads\\\/Nuevo-logotipo.jpg\",\"width\":300,\"height\":167,\"caption\":\"Studio Gatto\"},\"image\":{\"@id\":\"https:\\\/\\\/www.studiogatto.es\\\/fr\\\/#\\\/schema\\\/logo\\\/image\\\/\"},\"sameAs\":[\"https:\\\/\\\/www.facebook.com\\\/studiogattocucine\",\"https:\\\/\\\/x.com\\\/studiogattosl\"]}]}<\/script>\n<!-- \/ Yoast SEO plugin. -->","yoast_head_json":{"title":"Nous r\u00e9pondons \u00e0 vos questions sur les r\u00e9formes","description":"Laissez-nous vous conseiller sur la r\u00e9novation de votre maison. Si vous avez des questions, nous nous ferons un plaisir d'y r\u00e9pondre. Si vous ne trouvez pas votre r\u00e9ponse ici, veuillez contacter Studio Gatto.","robots":{"index":"index","follow":"follow","max-snippet":"max-snippet:-1","max-image-preview":"max-image-preview:large","max-video-preview":"max-video-preview:-1"},"canonical":"https:\/\/www.studiogatto.es\/fr\/faq\/","og_locale":"fr_FR","og_type":"article","og_title":"Nous r\u00e9pondons \u00e0 vos questions sur les r\u00e9formes","og_description":"Laissez-nous vous conseiller sur la r\u00e9novation de votre maison. Si vous avez des questions, nous nous ferons un plaisir d'y r\u00e9pondre. Si vous ne trouvez pas votre r\u00e9ponse ici, veuillez contacter Studio Gatto.","og_url":"https:\/\/www.studiogatto.es\/fr\/faq\/","og_site_name":"Studio Gatto - Reformas, Cocinas, Ba\u00f1os","article_publisher":"https:\/\/www.facebook.com\/studiogattocucine","article_modified_time":"2023-08-30T07:36:10+00:00","twitter_card":"summary_large_image","twitter_site":"@studiogattosl","twitter_misc":{"Dur\u00e9e de lecture estim\u00e9e":"7 minutes"},"schema":{"@context":"https:\/\/schema.org","@graph":[{"@type":"WebPage","@id":"https:\/\/www.studiogatto.es\/fr\/faq\/","url":"https:\/\/www.studiogatto.es\/fr\/faq\/","name":"Nous r\u00e9pondons \u00e0 vos questions sur les r\u00e9formes","isPartOf":{"@id":"https:\/\/www.studiogatto.es\/fr\/#website"},"datePublished":"2023-08-30T07:35:58+00:00","dateModified":"2023-08-30T07:36:10+00:00","description":"Laissez-nous vous conseiller sur la r\u00e9novation de votre maison. Si vous avez des questions, nous nous ferons un plaisir d'y r\u00e9pondre. Si vous ne trouvez pas votre r\u00e9ponse ici, veuillez contacter Studio Gatto.","breadcrumb":{"@id":"https:\/\/www.studiogatto.es\/fr\/faq\/#breadcrumb"},"inLanguage":"fr-FR","potentialAction":[{"@type":"ReadAction","target":["https:\/\/www.studiogatto.es\/fr\/faq\/"]}]},{"@type":"BreadcrumbList","@id":"https:\/\/www.studiogatto.es\/fr\/faq\/#breadcrumb","itemListElement":[{"@type":"ListItem","position":1,"name":"Portada","item":"https:\/\/www.studiogatto.es\/fr\/"},{"@type":"ListItem","position":2,"name":"Faq"}]},{"@type":"WebSite","@id":"https:\/\/www.studiogatto.es\/fr\/#website","url":"https:\/\/www.studiogatto.es\/fr\/","name":"Studio Gatto - Reformas, Cocinas, Ba\u00f1os","description":"Reformas integrales de Cocinas y ba\u00f1os. Interiorismo. Dise\u00f1o.","publisher":{"@id":"https:\/\/www.studiogatto.es\/fr\/#organization"},"potentialAction":[{"@type":"SearchAction","target":{"@type":"EntryPoint","urlTemplate":"https:\/\/www.studiogatto.es\/fr\/?s={search_term_string}"},"query-input":{"@type":"PropertyValueSpecification","valueRequired":true,"valueName":"search_term_string"}}],"inLanguage":"fr-FR"},{"@type":"Organization","@id":"https:\/\/www.studiogatto.es\/fr\/#organization","name":"Studio Gatto","url":"https:\/\/www.studiogatto.es\/fr\/","logo":{"@type":"ImageObject","inLanguage":"fr-FR","@id":"https:\/\/www.studiogatto.es\/fr\/#\/schema\/logo\/image\/","url":"https:\/\/www.studiogatto.es\/wp-content\/uploads\/Nuevo-logotipo.jpg","contentUrl":"https:\/\/www.studiogatto.es\/wp-content\/uploads\/Nuevo-logotipo.jpg","width":300,"height":167,"caption":"Studio Gatto"},"image":{"@id":"https:\/\/www.studiogatto.es\/fr\/#\/schema\/logo\/image\/"},"sameAs":["https:\/\/www.facebook.com\/studiogattocucine","https:\/\/x.com\/studiogattosl"]}]}},"_links":{"self":[{"href":"https:\/\/www.studiogatto.es\/fr\/wp-json\/wp\/v2\/pages\/46010","targetHints":{"allow":["GET"]}}],"collection":[{"href":"https:\/\/www.studiogatto.es\/fr\/wp-json\/wp\/v2\/pages"}],"about":[{"href":"https:\/\/www.studiogatto.es\/fr\/wp-json\/wp\/v2\/types\/page"}],"author":[{"embeddable":true,"href":"https:\/\/www.studiogatto.es\/fr\/wp-json\/wp\/v2\/users\/1"}],"replies":[{"embeddable":true,"href":"https:\/\/www.studiogatto.es\/fr\/wp-json\/wp\/v2\/comments?post=46010"}],"version-history":[{"count":0,"href":"https:\/\/www.studiogatto.es\/fr\/wp-json\/wp\/v2\/pages\/46010\/revisions"}],"wp:attachment":[{"href":"https:\/\/www.studiogatto.es\/fr\/wp-json\/wp\/v2\/media?parent=46010"}],"curies":[{"name":"wp","href":"https:\/\/api.w.org\/{rel}","templated":true}]}}