{"id":45832,"date":"2023-08-30T09:35:14","date_gmt":"2023-08-30T07:35:14","guid":{"rendered":"https:\/\/www.studiogatto.es\/design-dinterieur\/"},"modified":"2023-08-30T09:35:20","modified_gmt":"2023-08-30T07:35:20","slug":"design-dinterieur","status":"publish","type":"page","link":"https:\/\/www.studiogatto.es\/fr\/design-dinterieur\/","title":{"rendered":"design d&rsquo;int\u00e9rieur"},"content":{"rendered":"<p>[et_pb_section fb_built=\u00a0\u00bb1&Prime; _builder_version=\u00a0\u00bb4.4.4&Prime; global_colors_info=\u00a0\u00bb{}\u00a0\u00bb da_is_popup=\u00a0\u00bboff\u00a0\u00bb da_exit_intent=\u00a0\u00bboff\u00a0\u00bb da_has_close=\u00a0\u00bbon\u00a0\u00bb da_alt_close=\u00a0\u00bboff\u00a0\u00bb da_dark_close=\u00a0\u00bboff\u00a0\u00bb da_not_modal=\u00a0\u00bbon\u00a0\u00bb da_is_singular=\u00a0\u00bboff\u00a0\u00bb da_with_loader=\u00a0\u00bboff\u00a0\u00bb da_has_shadow=\u00a0\u00bbon\u00a0\u00bb da_disable_devices=\u00a0\u00bboff|off|off\u00a0\u00bb][et_pb_row _builder_version=\u00a0\u00bb4.4.4&Prime; global_colors_info=\u00a0\u00bb{}\u00a0\u00bb][et_pb_column type=\u00a0\u00bb4_4&Prime; _builder_version=\u00a0\u00bb4.4.4&Prime; global_colors_info=\u00a0\u00bb{}\u00a0\u00bb][et_pb_image src=\u00a0\u00bbhttps:\/\/www.studiogatto.es\/wp-content\/uploads\/interiorisme-interior-in-the-loft-PDPTFPE-sitges.jpg\u00a0\u00bb title_text=\u00a0\u00bbinteriorisme-interior-in-the-loft-PDPTFPE-sitges\u00a0\u00bb _builder_version=\u00a0\u00bb4.4.4&Prime; global_colors_info=\u00a0\u00bb{}\u00a0\u00bb][\/et_pb_image][\/et_pb_column][\/et_pb_row][et_pb_row _builder_version=\u00a0\u00bb4.4.4&Prime; global_colors_info=\u00a0\u00bb{}\u00a0\u00bb][et_pb_column type=\u00a0\u00bb4_4&Prime; _builder_version=\u00a0\u00bb4.4.4&Prime; global_colors_info=\u00a0\u00bb{}\u00a0\u00bb][et_pb_text _builder_version=\u00a0\u00bb4.4.4&Prime; global_colors_info=\u00a0\u00bb{}\u00a0\u00bb]<\/p>\n<h3>Nos services de r\u00e9novation int\u00e9rieure<\/h3>\n<p>Au cours des deux derni\u00e8res d\u00e9cennies, le Studio Gatto s&rsquo;est fait un nom dans le secteur de la d\u00e9coration d&rsquo;int\u00e9rieur. Nous cr\u00e9ons des espaces \u00e9l\u00e9gants et dynamiques, empreints de passion et de cr\u00e9ativit\u00e9. Notre studio d&rsquo;architecture d&rsquo;int\u00e9rieur est professionnel, accessible et s&rsquo;engage \u00e0 trouver la meilleure solution possible pour chaque projet.<\/p>\n<p>[\/et_pb_text][\/et_pb_column][\/et_pb_row][et_pb_row column_structure=\u00a0\u00bb1_2,1_2&Prime; _builder_version=\u00a0\u00bb4.4.4&Prime; global_colors_info=\u00a0\u00bb{}\u00a0\u00bb][et_pb_column type=\u00a0\u00bb1_2&Prime; _builder_version=\u00a0\u00bb4.4.4&Prime; global_colors_info=\u00a0\u00bb{}\u00a0\u00bb][et_pb_divider color=\u00a0\u00bb#ffffff\u00a0\u00bb divider_weight=\u00a0\u00bb0px\u00a0\u00bb _builder_version=\u00a0\u00bb4.4.4&Prime; custom_margin=\u00a0\u00bb42px||||false|false\u00a0\u00bb global_colors_info=\u00a0\u00bb{}\u00a0\u00bb][\/et_pb_divider][et_pb_image src=\u00a0\u00bbhttps:\/\/www.studiogatto.es\/wp-content\/uploads\/interiorisme-cozy-vintage-living-room-PY4KGC5-sitges.jpg\u00a0\u00bb title_text=\u00a0\u00bbinteriorisme-cozy-vintage-viving-room-PY4KGC5-sitges\u00a0\u00bb _builder_version=\u00a0\u00bb4.4.4&Prime; min_height=\u00a0\u00bb334px\u00a0\u00bb custom_margin=\u00a0\u00bb56px||||false|false\u00a0\u00bb custom_padding=\u00a0\u00bb0px|||||\u00a0\u00bb global_colors_info=\u00a0\u00bb{}\u00a0\u00bb][\/et_pb_image][\/et_pb_column][et_pb_column type=\u00a0\u00bb1_2&Prime; _builder_version=\u00a0\u00bb4.4.4&Prime; global_colors_info=\u00a0\u00bb{}\u00a0\u00bb][et_pb_text _builder_version=\u00a0\u00bb4.4.4&Prime; global_colors_info=\u00a0\u00bb{}\u00a0\u00bb]<\/p>\n<h3>Am\u00e9nagement int\u00e9rieur<\/h3>\n<p style=\"text-align: left;\">Notre \u00e9quipe d&rsquo;architectes d&rsquo;int\u00e9rieur interpr\u00e8te les motivations et le style de chaque client pour proposer des espaces innovants, uniques, fonctionnels et durables.<span style=\"background-color: white;\"><span style=\"color: #231f20;\"><span style=\"font-family: Poppins; background-image: initial; background-position: initial; background-size: initial; background-repeat: initial; background-origin: initial; background-clip: initial;\"> <\/span><\/span><\/span><\/p>\n<p style=\"margin: 0px;\"><span style=\"font-size: medium;\"><span style=\"font-family: inherit;\">Nous nous engageons en faveur de l&rsquo;environnement. Nous travaillons toujours avec des fabricants qui tiennent compte des r\u00e9glementations europ\u00e9ennes en mati\u00e8re de durabilit\u00e9 et d&rsquo;\u00e9cologie, tout en garantissant une qualit\u00e9 abordable.<\/span><\/span><\/p>\n<p style=\"margin: 0px;\"><span color=\"#231f20\" size=\"3\" style=\"color: #231f20; font-size: medium;\"><span style=\"background-color: #ffffff;\">En adoptant cette approche, notre \u00e9quipe reste fid\u00e8le \u00e0 notre philosophie de conception \u00ab\u00a0true design for living\u00a0\u00bb, r\u00e9unissant ainsi tous les aspects importants pour r\u00e9aliser un projet complet adapt\u00e9 aux besoins de chaque client en mati\u00e8re de style de vie.<\/span><\/span><\/p>\n<p>[\/et_pb_text][\/et_pb_column][\/et_pb_row][et_pb_row column_structure=\u00a0\u00bb1_2,1_2&Prime; _builder_version=\u00a0\u00bb4.4.4&Prime; global_colors_info=\u00a0\u00bb{}\u00a0\u00bb][et_pb_column type=\u00a0\u00bb1_2&Prime; _builder_version=\u00a0\u00bb4.4.4&Prime; global_colors_info=\u00a0\u00bb{}\u00a0\u00bb][et_pb_text _builder_version=\u00a0\u00bb4.4.4&Prime; global_colors_info=\u00a0\u00bb{}\u00a0\u00bb]<\/p>\n<h3 style=\"text-align: left;\">Architecture int\u00e9rieure<\/h3>\n<p style=\"text-align: left;\">Si n\u00e9cessaire, nous disposons d&rsquo;architectes, d&rsquo;architectes d&rsquo;int\u00e9rieur et de d\u00e9corateurs professionnels pour soutenir et collaborer \u00e0 la r\u00e9alisation du projet.<\/p>\n<p style=\"text-align: left;\">De cette mani\u00e8re, nous compl\u00e9tons tous les aspects de la r\u00e9novation int\u00e9rieure.<\/p>\n<p>[\/et_pb_text][\/et_pb_column][et_pb_column type=\u00a0\u00bb1_2&Prime; _builder_version=\u00a0\u00bb4.4.4&Prime; global_colors_info=\u00a0\u00bb{}\u00a0\u00bb][et_pb_image src=\u00a0\u00bbhttps:\/\/www.studiogatto.es\/wp-content\/uploads\/interiorisme-gray-wooden-furniture-in-a-spacious-living-room-in-EDU23VL-sitges.jpg\u00a0\u00bb title_text=\u00a0\u00bbinteriorisme-gris-meubles-en-bois-dans-un-spacieux-salon-en-EDU23VL-sitges\u00a0\u00bb _builder_version=\u00a0\u00bb4.4.4&Prime; global_colors_info=\u00a0\u00bb{}\u00a0\u00bb][\/et_pb_image][\/et_pb_column][\/et_pb_row][et_pb_row _builder_version=\u00a0\u00bb4.4.4&Prime; global_colors_info=\u00a0\u00bb{}\u00a0\u00bb][et_pb_column type=\u00a0\u00bb4_4&Prime; _builder_version=\u00a0\u00bb4.4.4&Prime; global_colors_info=\u00a0\u00bb{}\u00a0\u00bb][et_pb_text _builder_version=\u00a0\u00bb4.4.4&Prime; global_colors_info=\u00a0\u00bb{}\u00a0\u00bb]<\/p>\n<h3 style=\"text-align: center;\">Notre exp\u00e9rience<\/h3>\n<p>Forts d&rsquo;une grande exp\u00e9rience dans le secteur, nous avons cr\u00e9\u00e9, con\u00e7u et ex\u00e9cut\u00e9 plus de 1 000 projets au cours des 30 derni\u00e8res ann\u00e9es. Notre \u00e9quipe fournit des solutions sur mesure et cl\u00e9s en main du plus haut niveau. C&rsquo;est ainsi que de nombreux clients priv\u00e9s continuent \u00e0 nous faire confiance pour la r\u00e9alisation de divers projets.<\/p>\n<p>[\/et_pb_text][\/et_pb_column][\/et_pb_row][\/et_pb_section]<\/p>\n","protected":false},"excerpt":{"rendered":"<p>Nos services de r\u00e9novation int\u00e9rieure Au cours des deux derni\u00e8res d\u00e9cennies, le Studio Gatto s&rsquo;est fait un nom dans le secteur de la d\u00e9coration d&rsquo;int\u00e9rieur. Nous cr\u00e9ons des espaces \u00e9l\u00e9gants et dynamiques, empreints de passion et de cr\u00e9ativit\u00e9. Notre studio d&rsquo;architecture d&rsquo;int\u00e9rieur est professionnel, accessible et s&rsquo;engage \u00e0 trouver la meilleure solution possible pour chaque [&hellip;]<\/p>\n","protected":false},"author":2,"featured_media":0,"parent":0,"menu_order":0,"comment_status":"closed","ping_status":"closed","template":"","meta":{"_et_pb_use_builder":"on","_et_pb_old_content":"","_et_gb_content_width":"","footnotes":""},"class_list":["post-45832","page","type-page","status-publish","hentry"],"yoast_head":"<!-- This site is optimized with the Yoast SEO plugin v27.4 - https:\/\/yoast.com\/product\/yoast-seo-wordpress\/ -->\n<title>Studio de design d&#039;int\u00e9rieur Vilanova i Sitges<\/title>\n<meta name=\"description\" content=\"Vilanova i Sitges Interior Design Studio. R\u00e9formez votre maison avec style. B\u00e9n\u00e9ficier de l&#039;exp\u00e9rience de Studio Gatto\" \/>\n<meta name=\"robots\" content=\"index, follow, max-snippet:-1, max-image-preview:large, max-video-preview:-1\" \/>\n<link rel=\"canonical\" href=\"https:\/\/www.studiogatto.es\/fr\/design-dinterieur\/\" \/>\n<meta property=\"og:locale\" content=\"fr_FR\" \/>\n<meta property=\"og:type\" content=\"article\" \/>\n<meta property=\"og:title\" content=\"Studio de design d&#039;int\u00e9rieur Vilanova i Sitges\" \/>\n<meta property=\"og:description\" content=\"Vilanova i Sitges Interior Design Studio. R\u00e9formez votre maison avec style. B\u00e9n\u00e9ficier de l&#039;exp\u00e9rience de Studio Gatto\" \/>\n<meta property=\"og:url\" content=\"https:\/\/www.studiogatto.es\/fr\/design-dinterieur\/\" \/>\n<meta property=\"og:site_name\" content=\"Studio Gatto - Reformas, Cocinas, Ba\u00f1os\" \/>\n<meta property=\"article:publisher\" content=\"https:\/\/www.facebook.com\/studiogattocucine\" \/>\n<meta property=\"article:modified_time\" content=\"2023-08-30T07:35:20+00:00\" \/>\n<meta name=\"twitter:card\" content=\"summary_large_image\" \/>\n<meta name=\"twitter:site\" content=\"@studiogattosl\" \/>\n<meta name=\"twitter:label1\" content=\"Dur\u00e9e de lecture estim\u00e9e\" \/>\n\t<meta name=\"twitter:data1\" content=\"3 minutes\" \/>\n<script type=\"application\/ld+json\" class=\"yoast-schema-graph\">{\"@context\":\"https:\\\/\\\/schema.org\",\"@graph\":[{\"@type\":\"WebPage\",\"@id\":\"https:\\\/\\\/www.studiogatto.es\\\/fr\\\/design-dinterieur\\\/\",\"url\":\"https:\\\/\\\/www.studiogatto.es\\\/fr\\\/design-dinterieur\\\/\",\"name\":\"Studio de design d'int\u00e9rieur Vilanova i Sitges\",\"isPartOf\":{\"@id\":\"https:\\\/\\\/www.studiogatto.es\\\/fr\\\/#website\"},\"datePublished\":\"2023-08-30T07:35:14+00:00\",\"dateModified\":\"2023-08-30T07:35:20+00:00\",\"description\":\"Vilanova i Sitges Interior Design Studio. R\u00e9formez votre maison avec style. B\u00e9n\u00e9ficier de l'exp\u00e9rience de Studio Gatto\",\"breadcrumb\":{\"@id\":\"https:\\\/\\\/www.studiogatto.es\\\/fr\\\/design-dinterieur\\\/#breadcrumb\"},\"inLanguage\":\"fr-FR\",\"potentialAction\":[{\"@type\":\"ReadAction\",\"target\":[\"https:\\\/\\\/www.studiogatto.es\\\/fr\\\/design-dinterieur\\\/\"]}]},{\"@type\":\"BreadcrumbList\",\"@id\":\"https:\\\/\\\/www.studiogatto.es\\\/fr\\\/design-dinterieur\\\/#breadcrumb\",\"itemListElement\":[{\"@type\":\"ListItem\",\"position\":1,\"name\":\"Portada\",\"item\":\"https:\\\/\\\/www.studiogatto.es\\\/fr\\\/\"},{\"@type\":\"ListItem\",\"position\":2,\"name\":\"design d&#8217;int\u00e9rieur\"}]},{\"@type\":\"WebSite\",\"@id\":\"https:\\\/\\\/www.studiogatto.es\\\/fr\\\/#website\",\"url\":\"https:\\\/\\\/www.studiogatto.es\\\/fr\\\/\",\"name\":\"Studio Gatto - Reformas, Cocinas, Ba\u00f1os\",\"description\":\"Reformas integrales de Cocinas y ba\u00f1os. Interiorismo. Dise\u00f1o.\",\"publisher\":{\"@id\":\"https:\\\/\\\/www.studiogatto.es\\\/fr\\\/#organization\"},\"potentialAction\":[{\"@type\":\"SearchAction\",\"target\":{\"@type\":\"EntryPoint\",\"urlTemplate\":\"https:\\\/\\\/www.studiogatto.es\\\/fr\\\/?s={search_term_string}\"},\"query-input\":{\"@type\":\"PropertyValueSpecification\",\"valueRequired\":true,\"valueName\":\"search_term_string\"}}],\"inLanguage\":\"fr-FR\"},{\"@type\":\"Organization\",\"@id\":\"https:\\\/\\\/www.studiogatto.es\\\/fr\\\/#organization\",\"name\":\"Studio Gatto\",\"url\":\"https:\\\/\\\/www.studiogatto.es\\\/fr\\\/\",\"logo\":{\"@type\":\"ImageObject\",\"inLanguage\":\"fr-FR\",\"@id\":\"https:\\\/\\\/www.studiogatto.es\\\/fr\\\/#\\\/schema\\\/logo\\\/image\\\/\",\"url\":\"https:\\\/\\\/www.studiogatto.es\\\/wp-content\\\/uploads\\\/Nuevo-logotipo.jpg\",\"contentUrl\":\"https:\\\/\\\/www.studiogatto.es\\\/wp-content\\\/uploads\\\/Nuevo-logotipo.jpg\",\"width\":300,\"height\":167,\"caption\":\"Studio Gatto\"},\"image\":{\"@id\":\"https:\\\/\\\/www.studiogatto.es\\\/fr\\\/#\\\/schema\\\/logo\\\/image\\\/\"},\"sameAs\":[\"https:\\\/\\\/www.facebook.com\\\/studiogattocucine\",\"https:\\\/\\\/x.com\\\/studiogattosl\"]}]}<\/script>\n<!-- \/ Yoast SEO plugin. -->","yoast_head_json":{"title":"Studio de design d'int\u00e9rieur Vilanova i Sitges","description":"Vilanova i Sitges Interior Design Studio. R\u00e9formez votre maison avec style. B\u00e9n\u00e9ficier de l'exp\u00e9rience de Studio Gatto","robots":{"index":"index","follow":"follow","max-snippet":"max-snippet:-1","max-image-preview":"max-image-preview:large","max-video-preview":"max-video-preview:-1"},"canonical":"https:\/\/www.studiogatto.es\/fr\/design-dinterieur\/","og_locale":"fr_FR","og_type":"article","og_title":"Studio de design d'int\u00e9rieur Vilanova i Sitges","og_description":"Vilanova i Sitges Interior Design Studio. R\u00e9formez votre maison avec style. B\u00e9n\u00e9ficier de l'exp\u00e9rience de Studio Gatto","og_url":"https:\/\/www.studiogatto.es\/fr\/design-dinterieur\/","og_site_name":"Studio Gatto - Reformas, Cocinas, Ba\u00f1os","article_publisher":"https:\/\/www.facebook.com\/studiogattocucine","article_modified_time":"2023-08-30T07:35:20+00:00","twitter_card":"summary_large_image","twitter_site":"@studiogattosl","twitter_misc":{"Dur\u00e9e de lecture estim\u00e9e":"3 minutes"},"schema":{"@context":"https:\/\/schema.org","@graph":[{"@type":"WebPage","@id":"https:\/\/www.studiogatto.es\/fr\/design-dinterieur\/","url":"https:\/\/www.studiogatto.es\/fr\/design-dinterieur\/","name":"Studio de design d'int\u00e9rieur Vilanova i Sitges","isPartOf":{"@id":"https:\/\/www.studiogatto.es\/fr\/#website"},"datePublished":"2023-08-30T07:35:14+00:00","dateModified":"2023-08-30T07:35:20+00:00","description":"Vilanova i Sitges Interior Design Studio. R\u00e9formez votre maison avec style. B\u00e9n\u00e9ficier de l'exp\u00e9rience de Studio Gatto","breadcrumb":{"@id":"https:\/\/www.studiogatto.es\/fr\/design-dinterieur\/#breadcrumb"},"inLanguage":"fr-FR","potentialAction":[{"@type":"ReadAction","target":["https:\/\/www.studiogatto.es\/fr\/design-dinterieur\/"]}]},{"@type":"BreadcrumbList","@id":"https:\/\/www.studiogatto.es\/fr\/design-dinterieur\/#breadcrumb","itemListElement":[{"@type":"ListItem","position":1,"name":"Portada","item":"https:\/\/www.studiogatto.es\/fr\/"},{"@type":"ListItem","position":2,"name":"design d&#8217;int\u00e9rieur"}]},{"@type":"WebSite","@id":"https:\/\/www.studiogatto.es\/fr\/#website","url":"https:\/\/www.studiogatto.es\/fr\/","name":"Studio Gatto - Reformas, Cocinas, Ba\u00f1os","description":"Reformas integrales de Cocinas y ba\u00f1os. Interiorismo. Dise\u00f1o.","publisher":{"@id":"https:\/\/www.studiogatto.es\/fr\/#organization"},"potentialAction":[{"@type":"SearchAction","target":{"@type":"EntryPoint","urlTemplate":"https:\/\/www.studiogatto.es\/fr\/?s={search_term_string}"},"query-input":{"@type":"PropertyValueSpecification","valueRequired":true,"valueName":"search_term_string"}}],"inLanguage":"fr-FR"},{"@type":"Organization","@id":"https:\/\/www.studiogatto.es\/fr\/#organization","name":"Studio Gatto","url":"https:\/\/www.studiogatto.es\/fr\/","logo":{"@type":"ImageObject","inLanguage":"fr-FR","@id":"https:\/\/www.studiogatto.es\/fr\/#\/schema\/logo\/image\/","url":"https:\/\/www.studiogatto.es\/wp-content\/uploads\/Nuevo-logotipo.jpg","contentUrl":"https:\/\/www.studiogatto.es\/wp-content\/uploads\/Nuevo-logotipo.jpg","width":300,"height":167,"caption":"Studio Gatto"},"image":{"@id":"https:\/\/www.studiogatto.es\/fr\/#\/schema\/logo\/image\/"},"sameAs":["https:\/\/www.facebook.com\/studiogattocucine","https:\/\/x.com\/studiogattosl"]}]}},"_links":{"self":[{"href":"https:\/\/www.studiogatto.es\/fr\/wp-json\/wp\/v2\/pages\/45832","targetHints":{"allow":["GET"]}}],"collection":[{"href":"https:\/\/www.studiogatto.es\/fr\/wp-json\/wp\/v2\/pages"}],"about":[{"href":"https:\/\/www.studiogatto.es\/fr\/wp-json\/wp\/v2\/types\/page"}],"author":[{"embeddable":true,"href":"https:\/\/www.studiogatto.es\/fr\/wp-json\/wp\/v2\/users\/2"}],"replies":[{"embeddable":true,"href":"https:\/\/www.studiogatto.es\/fr\/wp-json\/wp\/v2\/comments?post=45832"}],"version-history":[{"count":0,"href":"https:\/\/www.studiogatto.es\/fr\/wp-json\/wp\/v2\/pages\/45832\/revisions"}],"wp:attachment":[{"href":"https:\/\/www.studiogatto.es\/fr\/wp-json\/wp\/v2\/media?parent=45832"}],"curies":[{"name":"wp","href":"https:\/\/api.w.org\/{rel}","templated":true}]}}