{"id":45820,"date":"2023-08-30T09:35:13","date_gmt":"2023-08-30T07:35:13","guid":{"rendered":"https:\/\/www.studiogatto.es\/reformes\/"},"modified":"2023-08-30T09:35:23","modified_gmt":"2023-08-30T07:35:23","slug":"reformes","status":"publish","type":"page","link":"https:\/\/www.studiogatto.es\/fr\/reformes\/","title":{"rendered":"R\u00e9formes"},"content":{"rendered":"<p>[et_pb_section fb_built=\u00a0\u00bb1&Prime; _builder_version=\u00a0\u00bb3.22.3&Prime; custom_padding=\u00a0\u00bb54px|0px|0|0px|false|false\u00a0\u00bb][et_pb_row _builder_version=\u00a0\u00bb3.25&Prime;][et_pb_column type=\u00a0\u00bb4_4&Prime; _builder_version=\u00a0\u00bb3.25&Prime; custom_padding=\u00a0\u00bb|||\u00a0\u00bb custom_padding__hover=\u00a0\u00bb|||\u00a0\u00bb][et_pb_text _builder_version=\u00a0\u00bb3.26.3&Prime; text_font=\u00a0\u00bb|700|||||||\u00a0\u00bb text_font_size=\u00a0\u00bb60px\u00a0\u00bb text_orientation=\u00a0\u00bbcenter\u00a0\u00bb hover_enabled=\u00a0\u00bb0&Prime; header_font_size_last_edited=\u00a0\u00bbon|phone\u00a0\u00bb header_font_size_phone=\u00a0\u00bb35px\u00a0\u00bb]<\/p>\n<p>R\u00e9formes<\/p>\n<p>[\/et_pb_text][\/et_pb_column][\/et_pb_row][\/et_pb_section][et_pb_section fb_built=\u00a0\u00bb1&Prime; _builder_version=\u00a0\u00bb3.22.3&Prime; custom_padding=\u00a0\u00bb0|0px|54px|0px|false|false\u00a0\u00bb][et_pb_row custom_padding=\u00a0\u00bb40px|0px|8px|0|false|false\u00a0\u00bb _builder_version=\u00a0\u00bb3.25&Prime;][et_pb_column type=\u00a0\u00bb4_4&Prime; _builder_version=\u00a0\u00bb3.25&Prime; custom_padding=\u00a0\u00bb|||\u00a0\u00bb custom_padding__hover=\u00a0\u00bb|||\u00a0\u00bb][et_pb_text _builder_version=\u00a0\u00bb3.24&Prime; text_font=\u00a0\u00bb||||||||\u00a0\u00bb text_orientation=\u00a0\u00bbcenter\u00a0\u00bb]<\/p>\n<p style=\"text-align: center;\"><strong>Studio Gatto<\/strong> offre un <strong>service de<\/strong> <strong>r\u00e9forme int\u00e9grale<\/strong> ou <strong>partielle<\/strong> de votre <strong>maison<\/strong>.<\/p>\n<p style=\"text-align: center;\">Apr\u00e8s une premi\u00e8re visite, notre <strong>\u00e9quipe technique<\/strong> et l&rsquo;\u00e9quipe de <strong>designers <\/strong>\u00e9tudieront la <strong>redistribution de l&rsquo;<\/strong> <strong>espace<\/strong> \u00e0 r\u00e9am\u00e9nager et structureront votre <strong>projet<\/strong> \u00e9tape par \u00e9tape afin d&rsquo;\u00e9tablir une <strong>proposition personnalis\u00e9e<\/strong>. Nous vous fournirons une premi\u00e8re <strong>\u00e9tude<\/strong> <strong>gratuite<\/strong> avec un <strong>devis d\u00e9taill\u00e9<\/strong> et <strong>sans engagement<\/strong>, adapt\u00e9 \u00e0 vos <strong>pr\u00e9f\u00e9rences<\/strong> et \u00e0 vos <strong>besoins<\/strong>.<\/p>\n<p style=\"text-align: center;\">Nous fa\u00e7onnerons votre projet avec une \u00e9quipe <strong>industrielle<\/strong> comp\u00e9tente et professionnelle qui travaillera sous les instructions et la supervision constante de notre <strong>chef de chantier <\/strong>. Notre <strong>objectif<\/strong> est de <strong>maximiser l&rsquo;espace utilisable<\/strong>, de <strong>r\u00e9pondre aux besoins techniques<\/strong> et esth\u00e9tiques tout en privil\u00e9giant le <strong>confort<\/strong>.<\/p>\n<p style=\"text-align: center;\">En r\u00e9sum\u00e9, nous pensons que le <strong>succ\u00e8s de<\/strong> la <strong>r\u00e9forme<\/strong> d\u00e9pend dans une large mesure d&rsquo;une bonne <strong>planification <\/strong>.<\/p>\n<p>[\/et_pb_text][\/et_pb_column][\/et_pb_row][\/et_pb_section][et_pb_section fb_built=\u00a0\u00bb1&Prime; _builder_version=\u00a0\u00bb3.24&Prime; use_background_color_gradient=\u00a0\u00bbon\u00a0\u00bb background_color_gradient_start=\u00a0\u00bbrgba(212,216,216,0.11)\u00a0\u00bb background_color_gradient_end=\u00a0\u00bbrgba(224,224,224,0.8)\u00a0\u00bb background_color_gradient_direction=\u00a0\u00bb27deg\u00a0\u00bb background_color_gradient_start_position=\u00a0\u00bb16%\u00a0\u00bb background_color_gradient_end_position=\u00a0\u00bb69%\u00a0\u00bb background_color_gradient_overlays_image=\u00a0\u00bbon\u00a0\u00bb background_image=\u00a0\u00bbhttps:\/\/www.studiogatto.es\/wp-content\/uploads\/Dollarphotoclub_58908266.jpg\u00a0\u00bb height=\u00a0\u00bb380px\u00a0\u00bb custom_padding=\u00a0\u00bb30px|0|65px|0px|false|false\u00a0\u00bb][et_pb_row use_custom_gutter=\u00a0\u00bbon\u00a0\u00bb gutter_width=\u00a0\u00bb4&Prime; custom_padding=\u00a0\u00bb60px|||||\u00a0\u00bb _builder_version=\u00a0\u00bb3.25&Prime; column_structure=\u00a0\u00bb1_2,1_2&Prime;][et_pb_column type=\u00a0\u00bb1_2&Prime; _builder_version=\u00a0\u00bb3.25&Prime; custom_padding=\u00a0\u00bb|||\u00a0\u00bb custom_padding__hover=\u00a0\u00bb|||\u00a0\u00bb][\/et_pb_column][et_pb_column type=\u00a0\u00bb1_2&Prime; _builder_version=\u00a0\u00bb3.25&Prime; custom_padding=\u00a0\u00bb|||\u00a0\u00bb custom_padding__hover=\u00a0\u00bb|||\u00a0\u00bb][et_pb_text _builder_version=\u00a0\u00bb3.24.1&Prime; text_font=\u00a0\u00bb|700|||||||\u00a0\u00bb text_font_size=\u00a0\u00bb40px\u00a0\u00bb header_font=\u00a0\u00bb||||||||\u00a0\u00bb header_2_font=\u00a0\u00bb||||||||\u00a0\u00bb custom_margin=\u00a0\u00bb|||||\u00a0\u00bb custom_padding=\u00a0\u00bb|||||\u00a0\u00bb]<\/p>\n<h2>Ma\u00e7on<\/h2>\n<p>[\/et_pb_text][et_pb_text _builder_version=\u00a0\u00bb3.24.1&Prime; text_font=\u00a0\u00bb||||||||\u00a0\u00bb]<\/p>\n<p>Nous donnons au ma\u00e7on les directives \u00e0 suivre pour transformer les pi\u00e8ces de mani\u00e8re efficace et propre, son travail sera synchronis\u00e9 avec le plombier et les autres industriels.<\/p>\n<p>[\/et_pb_text][\/et_pb_column][\/et_pb_row][\/et_pb_section][et_pb_section fb_built=\u00a0\u00bb1&Prime; _builder_version=\u00a0\u00bb3.24&Prime; use_background_color_gradient=\u00a0\u00bbon\u00a0\u00bb background_color_gradient_start=\u00a0\u00bbrgba(216,216,216,0)\u00a0\u00bb background_color_gradient_end=\u00a0\u00bbrgba(196,196,196,0.8)\u00a0\u00bb background_color_gradient_direction=\u00a0\u00bb234deg\u00a0\u00bb background_color_gradient_start_position=\u00a0\u00bb42%\u00a0\u00bb background_color_gradient_end_position=\u00a0\u00bb77%\u00a0\u00bb background_color_gradient_overlays_image=\u00a0\u00bbon\u00a0\u00bb background_image=\u00a0\u00bbhttps:\/\/www.studiogatto.es\/wp-content\/uploads\/fontaneria-reformas-1024&#215;373.jpg\u00a0\u00bb min_height=\u00a0\u00bb380px\u00a0\u00bb custom_padding=\u00a0\u00bb30px|0px|65px|0px|false|false\u00a0\u00bb][et_pb_row use_custom_gutter=\u00a0\u00bbon\u00a0\u00bb gutter_width=\u00a0\u00bb4&Prime; custom_padding=\u00a0\u00bb60px||||false|false\u00a0\u00bb _builder_version=\u00a0\u00bb3.25&Prime; column_structure=\u00a0\u00bb1_2,1_2&Prime;][et_pb_column type=\u00a0\u00bb1_2&Prime; _builder_version=\u00a0\u00bb3.25&Prime; custom_padding=\u00a0\u00bb|||\u00a0\u00bb custom_padding__hover=\u00a0\u00bb|||\u00a0\u00bb][et_pb_text _builder_version=\u00a0\u00bb3.24.1&Prime; text_font=\u00a0\u00bb|600|||||||\u00a0\u00bb text_font_size=\u00a0\u00bb40px\u00a0\u00bb custom_margin_last_edited=\u00a0\u00bbon|phone\u00a0\u00bb]<\/p>\n<h2>Abat-jour<\/h2>\n<p>[\/et_pb_text][et_pb_text _builder_version=\u00a0\u00bb3.24.1&Prime;]<\/p>\n<p><span>Le plombier se charge de l&rsquo;ensemble de l&rsquo;installation \u00e9lectrique,<\/span><span>l&rsquo;eau et le gaz conform\u00e9ment \u00e0 la r\u00e9glementation en vigueur et selon nos instructions.<\/span><\/p>\n<p>[\/et_pb_text][\/et_pb_column][et_pb_column type=\u00a0\u00bb1_2&Prime; _builder_version=\u00a0\u00bb3.25&Prime; custom_padding=\u00a0\u00bb|||\u00a0\u00bb custom_padding__hover=\u00a0\u00bb|||\u00a0\u00bb][\/et_pb_column][\/et_pb_row][\/et_pb_section][et_pb_section fb_built=\u00a0\u00bb1&Prime; _builder_version=\u00a0\u00bb3.24&Prime; use_background_color_gradient=\u00a0\u00bbon\u00a0\u00bb background_color_gradient_start=\u00a0\u00bbrgba(216,216,216,0)\u00a0\u00bb background_color_gradient_end=\u00a0\u00bbrgba(196,196,196,0.8)\u00a0\u00bb background_color_gradient_direction=\u00a0\u00bb131deg\u00a0\u00bb background_color_gradient_start_position=\u00a0\u00bb19%\u00a0\u00bb background_color_gradient_end_position=\u00a0\u00bb58%\u00a0\u00bb background_color_gradient_overlays_image=\u00a0\u00bbon\u00a0\u00bb background_image=\u00a0\u00bbhttps:\/\/www.studiogatto.es\/wp-content\/uploads\/Dollarphotoclub_23037538.jpg\u00a0\u00bb min_height=\u00a0\u00bb380px\u00a0\u00bb custom_padding=\u00a0\u00bb30px|0px|65px|0px|false|false\u00a0\u00bb][et_pb_row use_custom_gutter=\u00a0\u00bbon\u00a0\u00bb gutter_width=\u00a0\u00bb4&Prime; custom_padding=\u00a0\u00bb60px||||false|false\u00a0\u00bb custom_margin=\u00a0\u00bb|||||\u00a0\u00bb _builder_version=\u00a0\u00bb3.25&Prime; column_structure=\u00a0\u00bb1_2,1_2&Prime;][et_pb_column type=\u00a0\u00bb1_2&Prime; _builder_version=\u00a0\u00bb3.25&Prime; custom_padding=\u00a0\u00bb|||\u00a0\u00bb custom_padding__hover=\u00a0\u00bb|||\u00a0\u00bb][\/et_pb_column][et_pb_column type=\u00a0\u00bb1_2&Prime; _builder_version=\u00a0\u00bb3.25&Prime; custom_padding=\u00a0\u00bb|||\u00a0\u00bb custom_padding__hover=\u00a0\u00bb|||\u00a0\u00bb][et_pb_text _builder_version=\u00a0\u00bb3.24.1&Prime; text_font=\u00a0\u00bb|600|||||||\u00a0\u00bb text_font_size=\u00a0\u00bb40px\u00a0\u00bb header_font=\u00a0\u00bb|600|||||||\u00a0\u00bb header_text_align=\u00a0\u00bbcenter\u00a0\u00bb custom_margin=\u00a0\u00bb||\u00a0\u00bb]<\/p>\n<h2>Aluminium<\/h2>\n<p>[\/et_pb_text][et_pb_text _builder_version=\u00a0\u00bb3.24.1&Prime;]<\/p>\n<p><span><\/span><\/p>\n<p><span>Nous avons plus d&rsquo;une fois recommand\u00e9 l&rsquo;utilisation de ce mat\u00e9riau car il est facile \u00e0 installer, n\u00e9cessite peu d&rsquo;entretien et est \u00e9conomique.<\/span><\/p>\n<p>[\/et_pb_text][\/et_pb_column][\/et_pb_row][\/et_pb_section][et_pb_section fb_built=\u00a0\u00bb1&Prime; _builder_version=\u00a0\u00bb3.24&Prime; use_background_color_gradient=\u00a0\u00bbon\u00a0\u00bb background_color_gradient_start=\u00a0\u00bbrgba(255,255,255,0)\u00a0\u00bb background_color_gradient_end=\u00a0\u00bbrgba(255,255,255,0.8)\u00a0\u00bb background_color_gradient_direction=\u00a0\u00bb315deg\u00a0\u00bb background_color_gradient_end_position=\u00a0\u00bb87%\u00a0\u00bb background_color_gradient_overlays_image=\u00a0\u00bbon\u00a0\u00bb background_image=\u00a0\u00bbhttps:\/\/www.studiogatto.es\/wp-content\/uploads\/armarios-vestidores-reformas-1024&#215;373.jpg\u00a0\u00bb min_height=\u00a0\u00bb380px\u00a0\u00bb custom_padding=\u00a0\u00bb35px|0px|65px|0px|false|false\u00a0\u00bb][et_pb_row use_custom_gutter=\u00a0\u00bbon\u00a0\u00bb gutter_width=\u00a0\u00bb4&Prime; custom_padding=\u00a0\u00bb60px||||false|false\u00a0\u00bb _builder_version=\u00a0\u00bb3.25&Prime; column_structure=\u00a0\u00bb1_2,1_2&Prime;][et_pb_column type=\u00a0\u00bb1_2&Prime; _builder_version=\u00a0\u00bb3.25&Prime; custom_padding=\u00a0\u00bb|||\u00a0\u00bb custom_padding__hover=\u00a0\u00bb|||\u00a0\u00bb][et_pb_text _builder_version=\u00a0\u00bb3.24.1&Prime; text_font=\u00a0\u00bb|600|||||||\u00a0\u00bb text_font_size=\u00a0\u00bb37px\u00a0\u00bb text_letter_spacing=\u00a0\u00bb1px\u00a0\u00bb]<\/p>\n<h2>Armoires encastr\u00e9es<\/h2>\n<p>[\/et_pb_text][et_pb_text _builder_version=\u00a0\u00bb3.24.1&Prime;]<\/p>\n<p>Nous concevons en 3D la distribution de votre garde-robe, nous vous conseillons sur les mat\u00e9riaux et les meilleures solutions.<\/p>\n<p>[\/et_pb_text][\/et_pb_column][et_pb_column type=\u00a0\u00bb1_2&Prime; _builder_version=\u00a0\u00bb3.25&Prime; custom_padding=\u00a0\u00bb|||\u00a0\u00bb custom_padding__hover=\u00a0\u00bb|||\u00a0\u00bb][\/et_pb_column][\/et_pb_row][\/et_pb_section][et_pb_section fb_built=\u00a0\u00bb1&Prime; _builder_version=\u00a0\u00bb3.24&Prime; use_background_color_gradient=\u00a0\u00bbon\u00a0\u00bb background_color_gradient_start=\u00a0\u00bbrgba(216,216,216,0)\u00a0\u00bb background_color_gradient_end=\u00a0\u00bbrgba(252,252,252,0.8)\u00a0\u00bb background_color_gradient_direction=\u00a0\u00bb131deg\u00a0\u00bb background_color_gradient_start_position=\u00a0\u00bb12%\u00a0\u00bb background_color_gradient_end_position=\u00a0\u00bb85%\u00a0\u00bb background_color_gradient_overlays_image=\u00a0\u00bbon\u00a0\u00bb background_image=\u00a0\u00bbhttps:\/\/www.studiogatto.es\/wp-content\/uploads\/pintar-reformas-1024&#215;373.jpg\u00a0\u00bb min_height=\u00a0\u00bb380px\u00a0\u00bb custom_padding=\u00a0\u00bb30px|0|65px|0px|false|false\u00a0\u00bb][et_pb_row use_custom_gutter=\u00a0\u00bbon\u00a0\u00bb gutter_width=\u00a0\u00bb4&Prime; custom_padding=\u00a0\u00bb60px||||false|false\u00a0\u00bb _builder_version=\u00a0\u00bb3.25&Prime; column_structure=\u00a0\u00bb1_2,1_2&Prime;][et_pb_column type=\u00a0\u00bb1_2&Prime; _builder_version=\u00a0\u00bb3.25&Prime; custom_padding=\u00a0\u00bb|||\u00a0\u00bb custom_padding__hover=\u00a0\u00bb|||\u00a0\u00bb][\/et_pb_column][et_pb_column type=\u00a0\u00bb1_2&Prime; _builder_version=\u00a0\u00bb3.25&Prime; custom_padding=\u00a0\u00bb|||\u00a0\u00bb custom_padding__hover=\u00a0\u00bb|||\u00a0\u00bb][et_pb_text _builder_version=\u00a0\u00bb3.24.1&Prime; text_font=\u00a0\u00bb|600|||||||\u00a0\u00bb text_font_size=\u00a0\u00bb40px\u00a0\u00bb]<\/p>\n<h2>Peinture<\/h2>\n<p>[\/et_pb_text][et_pb_text _builder_version=\u00a0\u00bb3.24.1&Prime;]<\/p>\n<p><span>Nous vous guiderons gr\u00e2ce \u00e0 notre exp\u00e9rience en mati\u00e8re de d\u00e9coration et d&rsquo;am\u00e9nagement int\u00e9rieur. <\/span><span class=\"hiddenSpellError\" onkeypress=\"MORFOLOGIK_RULE_ES---#---undefined---#---Hallado un posible error de ortograf\u00eda---#---interiorizo#interioriz\u00f3---#---interiorismo\">d\u00e9coration d&rsquo;int\u00e9rieur.<\/span><\/p>\n<p>[\/et_pb_text][\/et_pb_column][\/et_pb_row][\/et_pb_section][et_pb_section fb_built=\u00a0\u00bb1&Prime; _builder_version=\u00a0\u00bb3.24&Prime; use_background_color_gradient=\u00a0\u00bbon\u00a0\u00bb background_color_gradient_start=\u00a0\u00bbrgba(48,47,47,0)\u00a0\u00bb background_color_gradient_end=\u00a0\u00bbrgba(224,224,224,0.8)\u00a0\u00bb background_color_gradient_direction=\u00a0\u00bb225deg\u00a0\u00bb background_color_gradient_start_position=\u00a0\u00bb36%\u00a0\u00bb background_color_gradient_end_position=\u00a0\u00bb72%\u00a0\u00bb background_color_gradient_overlays_image=\u00a0\u00bbon\u00a0\u00bb background_image=\u00a0\u00bbhttps:\/\/www.studiogatto.es\/wp-content\/uploads\/carpinteria-reformas-1024&#215;373.jpg\u00a0\u00bb min_height=\u00a0\u00bb380px\u00a0\u00bb custom_padding=\u00a0\u00bb30px|0px|65px|0px|false|false\u00a0\u00bb][et_pb_row custom_padding=\u00a0\u00bb60px||||false|false\u00a0\u00bb _builder_version=\u00a0\u00bb3.25&Prime; column_structure=\u00a0\u00bb1_2,1_2&Prime;][et_pb_column type=\u00a0\u00bb1_2&Prime; _builder_version=\u00a0\u00bb3.25&Prime; custom_padding=\u00a0\u00bb|||\u00a0\u00bb custom_padding__hover=\u00a0\u00bb|||\u00a0\u00bb][et_pb_text _builder_version=\u00a0\u00bb3.19.9&Prime; text_font=\u00a0\u00bb|600|||||||\u00a0\u00bb text_font_size=\u00a0\u00bb40px\u00a0\u00bb]<\/p>\n<h2>Portes de passage<\/h2>\n<p>[\/et_pb_text][et_pb_text _builder_version=\u00a0\u00bb3.24.1&Prime;]<\/p>\n<p>Les portes s\u00e9parent les pi\u00e8ces mais elles d\u00e9corent aussi, et nous vous conseillons de choisir les portes qui correspondent le mieux \u00e0 vos besoins.<\/p>\n<p>[\/et_pb_text][\/et_pb_column][et_pb_column type=\u00a0\u00bb1_2&Prime; _builder_version=\u00a0\u00bb3.25&Prime; custom_padding=\u00a0\u00bb|||\u00a0\u00bb custom_padding__hover=\u00a0\u00bb|||\u00a0\u00bb][\/et_pb_column][\/et_pb_row][\/et_pb_section][et_pb_section fb_built=\u00a0\u00bb1&Prime; _builder_version=\u00a0\u00bb3.24&Prime; use_background_color_gradient=\u00a0\u00bbon\u00a0\u00bb background_color_gradient_start=\u00a0\u00bbrgba(38,38,37,0)\u00a0\u00bb background_color_gradient_end=\u00a0\u00bbrgba(234,234,234,0.8)\u00a0\u00bb background_color_gradient_direction=\u00a0\u00bb105deg\u00a0\u00bb background_color_gradient_start_position=\u00a0\u00bb50%\u00a0\u00bb background_color_gradient_end_position=\u00a0\u00bb77%\u00a0\u00bb background_color_gradient_overlays_image=\u00a0\u00bbon\u00a0\u00bb background_image=\u00a0\u00bbhttps:\/\/www.studiogatto.es\/wp-content\/uploads\/parquet-reformas-1024&#215;373.jpg\u00a0\u00bb min_height=\u00a0\u00bb380px\u00a0\u00bb custom_padding=\u00a0\u00bb30px|0px|65px|0px|false|false\u00a0\u00bb][et_pb_row use_custom_gutter=\u00a0\u00bbon\u00a0\u00bb gutter_width=\u00a0\u00bb4&Prime; custom_padding=\u00a0\u00bb60px||||false|false\u00a0\u00bb _builder_version=\u00a0\u00bb3.25&Prime; column_structure=\u00a0\u00bb1_2,1_2&Prime;][et_pb_column type=\u00a0\u00bb1_2&Prime; _builder_version=\u00a0\u00bb3.25&Prime; custom_padding=\u00a0\u00bb|||\u00a0\u00bb custom_padding__hover=\u00a0\u00bb|||\u00a0\u00bb][\/et_pb_column][et_pb_column type=\u00a0\u00bb1_2&Prime; _builder_version=\u00a0\u00bb3.25&Prime; custom_padding=\u00a0\u00bb|||\u00a0\u00bb custom_padding__hover=\u00a0\u00bb|||\u00a0\u00bb][et_pb_text _builder_version=\u00a0\u00bb3.19.9&Prime; text_font=\u00a0\u00bb|600|||||||\u00a0\u00bb text_font_size=\u00a0\u00bb40px\u00a0\u00bb]<\/p>\n<h2>Parquet<\/h2>\n<p>[\/et_pb_text][et_pb_text _builder_version=\u00a0\u00bb3.19.9&Prime;]<\/p>\n<p>L&rsquo;utilisation du parquet dans la cuisine est de plus en plus r\u00e9pandue et il existe diff\u00e9rents types de mat\u00e9riaux et de finitions parmi lesquels nous pouvons vous conseiller et vous aider \u00e0 choisir.<\/p>\n<p>[\/et_pb_text][\/et_pb_column][\/et_pb_row][\/et_pb_section]<\/p>\n","protected":false},"excerpt":{"rendered":"<p>R\u00e9formesStudio Gatto offre un service de r\u00e9forme int\u00e9grale ou partielle de votre maison. Apr\u00e8s une premi\u00e8re visite, notre \u00e9quipe technique et l&rsquo;\u00e9quipe de designers \u00e9tudieront la redistribution de l&rsquo; espace \u00e0 r\u00e9am\u00e9nager et structureront votre projet \u00e9tape par \u00e9tape afin d&rsquo;\u00e9tablir une proposition personnalis\u00e9e. Nous vous fournirons une premi\u00e8re \u00e9tude gratuite avec un devis d\u00e9taill\u00e9 [&hellip;]<\/p>\n","protected":false},"author":1,"featured_media":0,"parent":0,"menu_order":0,"comment_status":"closed","ping_status":"closed","template":"","meta":{"_et_pb_use_builder":"on","_et_pb_old_content":"","_et_gb_content_width":"","footnotes":""},"class_list":["post-45820","page","type-page","status-publish","hentry"],"yoast_head":"<!-- This site is optimized with the Yoast SEO plugin v27.5 - https:\/\/yoast.com\/product\/yoast-seo-wordpress\/ -->\n<title>R\u00e9formes -integral, 3D project, 360\u00ba, interior design - design Studio Gatto - Reformas, Cocinas, Ba\u00f1os%.<\/title>\n<meta name=\"description\" content=\"Tout d&#039;un seul fournisseur fiable : ma\u00e7onnerie, plomberie, plomberie, aluminium, peinture, parquet, menuiserie, portes, armoires, paravents, cabines de douche.\" \/>\n<meta name=\"robots\" content=\"index, follow, max-snippet:-1, max-image-preview:large, max-video-preview:-1\" \/>\n<link rel=\"canonical\" href=\"https:\/\/www.studiogatto.es\/fr\/reformes\/\" \/>\n<meta property=\"og:locale\" content=\"fr_FR\" \/>\n<meta property=\"og:type\" content=\"article\" \/>\n<meta property=\"og:title\" content=\"R\u00e9formes -integral, 3D project, 360\u00ba, interior design - design Studio Gatto - Reformas, Cocinas, Ba\u00f1os%.\" \/>\n<meta property=\"og:description\" content=\"Tout d&#039;un seul fournisseur fiable : ma\u00e7onnerie, plomberie, plomberie, aluminium, peinture, parquet, menuiserie, portes, armoires, paravents, cabines de douche.\" \/>\n<meta property=\"og:url\" content=\"https:\/\/www.studiogatto.es\/fr\/reformes\/\" \/>\n<meta property=\"og:site_name\" content=\"Studio Gatto - Reformas, Cocinas, Ba\u00f1os\" \/>\n<meta property=\"article:publisher\" content=\"https:\/\/www.facebook.com\/studiogattocucine\" \/>\n<meta property=\"article:modified_time\" content=\"2023-08-30T07:35:23+00:00\" \/>\n<meta name=\"twitter:card\" content=\"summary_large_image\" \/>\n<meta name=\"twitter:site\" content=\"@studiogattosl\" \/>\n<meta name=\"twitter:label1\" content=\"Dur\u00e9e de lecture estim\u00e9e\" \/>\n\t<meta name=\"twitter:data1\" content=\"7 minutes\" \/>\n<script type=\"application\/ld+json\" class=\"yoast-schema-graph\">{\"@context\":\"https:\\\/\\\/schema.org\",\"@graph\":[{\"@type\":\"WebPage\",\"@id\":\"https:\\\/\\\/www.studiogatto.es\\\/fr\\\/reformes\\\/\",\"url\":\"https:\\\/\\\/www.studiogatto.es\\\/fr\\\/reformes\\\/\",\"name\":\"R\u00e9formes -integral, 3D project, 360\u00ba, interior design - design Studio Gatto - Reformas, Cocinas, Ba\u00f1os%.\",\"isPartOf\":{\"@id\":\"https:\\\/\\\/www.studiogatto.es\\\/fr\\\/#website\"},\"datePublished\":\"2023-08-30T07:35:13+00:00\",\"dateModified\":\"2023-08-30T07:35:23+00:00\",\"description\":\"Tout d'un seul fournisseur fiable : ma\u00e7onnerie, plomberie, plomberie, aluminium, peinture, parquet, menuiserie, portes, armoires, paravents, cabines de douche.\",\"breadcrumb\":{\"@id\":\"https:\\\/\\\/www.studiogatto.es\\\/fr\\\/reformes\\\/#breadcrumb\"},\"inLanguage\":\"fr-FR\",\"potentialAction\":[{\"@type\":\"ReadAction\",\"target\":[\"https:\\\/\\\/www.studiogatto.es\\\/fr\\\/reformes\\\/\"]}]},{\"@type\":\"BreadcrumbList\",\"@id\":\"https:\\\/\\\/www.studiogatto.es\\\/fr\\\/reformes\\\/#breadcrumb\",\"itemListElement\":[{\"@type\":\"ListItem\",\"position\":1,\"name\":\"Portada\",\"item\":\"https:\\\/\\\/www.studiogatto.es\\\/fr\\\/\"},{\"@type\":\"ListItem\",\"position\":2,\"name\":\"R\u00e9formes\"}]},{\"@type\":\"WebSite\",\"@id\":\"https:\\\/\\\/www.studiogatto.es\\\/fr\\\/#website\",\"url\":\"https:\\\/\\\/www.studiogatto.es\\\/fr\\\/\",\"name\":\"Studio Gatto - Reformas, Cocinas, Ba\u00f1os\",\"description\":\"Reformas integrales de Cocinas y ba\u00f1os. Interiorismo. Dise\u00f1o.\",\"publisher\":{\"@id\":\"https:\\\/\\\/www.studiogatto.es\\\/fr\\\/#organization\"},\"potentialAction\":[{\"@type\":\"SearchAction\",\"target\":{\"@type\":\"EntryPoint\",\"urlTemplate\":\"https:\\\/\\\/www.studiogatto.es\\\/fr\\\/?s={search_term_string}\"},\"query-input\":{\"@type\":\"PropertyValueSpecification\",\"valueRequired\":true,\"valueName\":\"search_term_string\"}}],\"inLanguage\":\"fr-FR\"},{\"@type\":\"Organization\",\"@id\":\"https:\\\/\\\/www.studiogatto.es\\\/fr\\\/#organization\",\"name\":\"Studio Gatto\",\"url\":\"https:\\\/\\\/www.studiogatto.es\\\/fr\\\/\",\"logo\":{\"@type\":\"ImageObject\",\"inLanguage\":\"fr-FR\",\"@id\":\"https:\\\/\\\/www.studiogatto.es\\\/fr\\\/#\\\/schema\\\/logo\\\/image\\\/\",\"url\":\"https:\\\/\\\/www.studiogatto.es\\\/wp-content\\\/uploads\\\/Nuevo-logotipo.jpg\",\"contentUrl\":\"https:\\\/\\\/www.studiogatto.es\\\/wp-content\\\/uploads\\\/Nuevo-logotipo.jpg\",\"width\":300,\"height\":167,\"caption\":\"Studio Gatto\"},\"image\":{\"@id\":\"https:\\\/\\\/www.studiogatto.es\\\/fr\\\/#\\\/schema\\\/logo\\\/image\\\/\"},\"sameAs\":[\"https:\\\/\\\/www.facebook.com\\\/studiogattocucine\",\"https:\\\/\\\/x.com\\\/studiogattosl\"]}]}<\/script>\n<!-- \/ Yoast SEO plugin. -->","yoast_head_json":{"title":"R\u00e9formes -integral, 3D project, 360\u00ba, interior design - design Studio Gatto - Reformas, Cocinas, Ba\u00f1os%.","description":"Tout d'un seul fournisseur fiable : ma\u00e7onnerie, plomberie, plomberie, aluminium, peinture, parquet, menuiserie, portes, armoires, paravents, cabines de douche.","robots":{"index":"index","follow":"follow","max-snippet":"max-snippet:-1","max-image-preview":"max-image-preview:large","max-video-preview":"max-video-preview:-1"},"canonical":"https:\/\/www.studiogatto.es\/fr\/reformes\/","og_locale":"fr_FR","og_type":"article","og_title":"R\u00e9formes -integral, 3D project, 360\u00ba, interior design - design Studio Gatto - Reformas, Cocinas, Ba\u00f1os%.","og_description":"Tout d'un seul fournisseur fiable : ma\u00e7onnerie, plomberie, plomberie, aluminium, peinture, parquet, menuiserie, portes, armoires, paravents, cabines de douche.","og_url":"https:\/\/www.studiogatto.es\/fr\/reformes\/","og_site_name":"Studio Gatto - Reformas, Cocinas, Ba\u00f1os","article_publisher":"https:\/\/www.facebook.com\/studiogattocucine","article_modified_time":"2023-08-30T07:35:23+00:00","twitter_card":"summary_large_image","twitter_site":"@studiogattosl","twitter_misc":{"Dur\u00e9e de lecture estim\u00e9e":"7 minutes"},"schema":{"@context":"https:\/\/schema.org","@graph":[{"@type":"WebPage","@id":"https:\/\/www.studiogatto.es\/fr\/reformes\/","url":"https:\/\/www.studiogatto.es\/fr\/reformes\/","name":"R\u00e9formes -integral, 3D project, 360\u00ba, interior design - design Studio Gatto - Reformas, Cocinas, Ba\u00f1os%.","isPartOf":{"@id":"https:\/\/www.studiogatto.es\/fr\/#website"},"datePublished":"2023-08-30T07:35:13+00:00","dateModified":"2023-08-30T07:35:23+00:00","description":"Tout d'un seul fournisseur fiable : ma\u00e7onnerie, plomberie, plomberie, aluminium, peinture, parquet, menuiserie, portes, armoires, paravents, cabines de douche.","breadcrumb":{"@id":"https:\/\/www.studiogatto.es\/fr\/reformes\/#breadcrumb"},"inLanguage":"fr-FR","potentialAction":[{"@type":"ReadAction","target":["https:\/\/www.studiogatto.es\/fr\/reformes\/"]}]},{"@type":"BreadcrumbList","@id":"https:\/\/www.studiogatto.es\/fr\/reformes\/#breadcrumb","itemListElement":[{"@type":"ListItem","position":1,"name":"Portada","item":"https:\/\/www.studiogatto.es\/fr\/"},{"@type":"ListItem","position":2,"name":"R\u00e9formes"}]},{"@type":"WebSite","@id":"https:\/\/www.studiogatto.es\/fr\/#website","url":"https:\/\/www.studiogatto.es\/fr\/","name":"Studio Gatto - Reformas, Cocinas, Ba\u00f1os","description":"Reformas integrales de Cocinas y ba\u00f1os. Interiorismo. Dise\u00f1o.","publisher":{"@id":"https:\/\/www.studiogatto.es\/fr\/#organization"},"potentialAction":[{"@type":"SearchAction","target":{"@type":"EntryPoint","urlTemplate":"https:\/\/www.studiogatto.es\/fr\/?s={search_term_string}"},"query-input":{"@type":"PropertyValueSpecification","valueRequired":true,"valueName":"search_term_string"}}],"inLanguage":"fr-FR"},{"@type":"Organization","@id":"https:\/\/www.studiogatto.es\/fr\/#organization","name":"Studio Gatto","url":"https:\/\/www.studiogatto.es\/fr\/","logo":{"@type":"ImageObject","inLanguage":"fr-FR","@id":"https:\/\/www.studiogatto.es\/fr\/#\/schema\/logo\/image\/","url":"https:\/\/www.studiogatto.es\/wp-content\/uploads\/Nuevo-logotipo.jpg","contentUrl":"https:\/\/www.studiogatto.es\/wp-content\/uploads\/Nuevo-logotipo.jpg","width":300,"height":167,"caption":"Studio Gatto"},"image":{"@id":"https:\/\/www.studiogatto.es\/fr\/#\/schema\/logo\/image\/"},"sameAs":["https:\/\/www.facebook.com\/studiogattocucine","https:\/\/x.com\/studiogattosl"]}]}},"_links":{"self":[{"href":"https:\/\/www.studiogatto.es\/fr\/wp-json\/wp\/v2\/pages\/45820","targetHints":{"allow":["GET"]}}],"collection":[{"href":"https:\/\/www.studiogatto.es\/fr\/wp-json\/wp\/v2\/pages"}],"about":[{"href":"https:\/\/www.studiogatto.es\/fr\/wp-json\/wp\/v2\/types\/page"}],"author":[{"embeddable":true,"href":"https:\/\/www.studiogatto.es\/fr\/wp-json\/wp\/v2\/users\/1"}],"replies":[{"embeddable":true,"href":"https:\/\/www.studiogatto.es\/fr\/wp-json\/wp\/v2\/comments?post=45820"}],"version-history":[{"count":0,"href":"https:\/\/www.studiogatto.es\/fr\/wp-json\/wp\/v2\/pages\/45820\/revisions"}],"wp:attachment":[{"href":"https:\/\/www.studiogatto.es\/fr\/wp-json\/wp\/v2\/media?parent=45820"}],"curies":[{"name":"wp","href":"https:\/\/api.w.org\/{rel}","templated":true}]}}