{"id":45763,"date":"2023-08-30T09:35:10","date_gmt":"2023-08-30T07:35:10","guid":{"rendered":"https:\/\/www.studiogatto.es\/renovations-a-vilanova-i-la-geltru\/"},"modified":"2023-08-30T09:35:17","modified_gmt":"2023-08-30T07:35:17","slug":"renovations-a-vilanova-i-la-geltru","status":"publish","type":"page","link":"https:\/\/www.studiogatto.es\/fr\/renovations-a-vilanova-i-la-geltru\/","title":{"rendered":"r\u00e9novations \u00e0 Vilanova i la Geltr\u00fa"},"content":{"rendered":"\n<div class=\"wp-block-image\"><figure class=\"aligncenter\"><img loading=\"lazy\" decoding=\"async\" width=\"800\" height=\"534\" src=\"https:\/\/www.studiogatto.es\/wp-content\/uploads\/ESPECIES-1-1.png\" alt=\"R&#xE9;formes Vilanova i la Geltr&#xFA; - Studio Gatto\" class=\"wp-image-10896\" srcset=\"https:\/\/www.studiogatto.es\/wp-content\/uploads\/ESPECIES-1-1.png 800w, https:\/\/www.studiogatto.es\/wp-content\/uploads\/ESPECIES-1-1-300x200.png 300w, https:\/\/www.studiogatto.es\/wp-content\/uploads\/ESPECIES-1-1-768x513.png 768w\" sizes=\"(max-width: 800px) 100vw, 800px\" \/><\/figure><\/div>\n\n<h2 class=\"has-text-align-center wp-block-heading\">R\u00e9formes des entreprises \u00e0 Vilanova i la Geltr\u00fa<\/h2>\n\n<p><strong>\n  <a href=\"https:\/\/www.studiogatto.es\/fr\/\">Le Studio Gatto<\/a>\n<\/strong> travaille depuis plus de 25 ans dans le <strong>secteur de la r\u00e9novation \u00e0<\/strong> <strong>Vilanova i la Geltr\u00fa<\/strong>, dans la r\u00e9gion du Garraf, \u00e0 Barcelone.<\/p>\n\n<p>Nous sommes sp\u00e9cialis\u00e9s dans les <strong>r\u00e9novations \u00e0 Vilanova i la Geltr\u00fa<\/strong> et le mobilier. Nous offrons et centralisons un service complet pour la r\u00e9novation de votre maison \u00e0 <strong>\n  <a href=\"https:\/\/www.vilanova.cat\/\" target=\"_blank\" rel=\"noreferrer noopener\" aria-label=\" (abre en una nueva pesta&#xF1;a)\">Vilanova i la Geltr\u00fa<\/a>\n<\/strong><a href=\"https:\/\/www.vilanova.cat\/\" target=\"_blank\" rel=\"noreferrer noopener\" aria-label=\" (abre en una nueva pesta&#xF1;a)\">.<\/a><\/p>\n\n<p>Toujours avec un service personnalis\u00e9, nous vous guidons dans l&rsquo;am\u00e9lioration de la distribution, des mat\u00e9riaux et des \u00e9quipements de premi\u00e8re classe.<\/p>\n\n<p><strong>Exposition \u00e9tendue. Rendez-nous visite dans nos bureaux  <br\/><\/strong>Zona Valenti &#8211; D\u00e9cathlon. Zone industrielle de Vilanoveta<\/p>\n\n<p>Nous r\u00e9alisons un projet en fonction des besoins de chaque client et nous fournissons un budget d\u00e9taill\u00e9 pour votre <strong>r\u00e9novation \u00e0 Vilanova i la Geltr\u00fa<\/strong>, sans obligation et gratuitement.<\/p>\n\n<p>Nous disposons d&rsquo;une \u00e9quipe de designers et d&rsquo;une \u00e9quipe technique toujours coordonn\u00e9e pour vous aider \u00e0 distribuer l&rsquo;espace et \u00e0 structurer le projet \u00e9tape par \u00e9tape.<\/p>\n\n<p>Suite \u00e0 la croissance de 2008, Studio Gatto a ouvert un nouveau point de vente \u00e0 El Vendrell dans la r\u00e9gion du Baix Pened\u00e9s, un grand espace de 300m2 pour offrir ses produits et services \u00e0 plus de clients.<\/p>\n\n<p>Cette \u00e9volution est toujours bas\u00e9e sur les valeurs qui d\u00e9finissent notre philosophie : proximit\u00e9, confiance, engagement.<\/p>\n\n<p>Dans notre portefeuille de<strong> r\u00e9formes \u00e0 Vilanova i la Geltr\u00fa<\/strong>, nous pr\u00e9sentons des conceptions personnalis\u00e9es et modernes.<\/p>\n\n<p>Nous disposons d&rsquo;une importante \u00e9quipe logistique qui nous permet d&rsquo;agir rapidement pour faciliter<strong> la<\/strong> remise en \u00e9tat.<\/p>\n\n<p>Nous mettons \u00e0 votre disposition notre cr\u00e9ativit\u00e9 et notre exp\u00e9rience afin de cr\u00e9er des espaces pratiques, solides et esth\u00e9tiques pour les meilleures <strong>r\u00e9novations de <\/strong> <strong>Vilanova i la Geltr\u00fa<\/strong>.  <\/p>\n\n<p>Nous pr\u00e9sentons un rendu 3D pour visualiser le r\u00e9sultat final.<\/p>\n\n<p>Pour offrir notre service complet de r\u00e9novation, nous disposons des meilleurs sp\u00e9cialistes, tels que  <\/p>\n\n<p><\/p>\n\n<p><\/p>\n\n<p>Pour la r\u00e9novation de votre maison \u00e0 Vilanova i la Geltr\u00fa, vous disposerez d&rsquo;une \u00e9quipe d&rsquo;industriels qualifi\u00e9s coordonn\u00e9s et supervis\u00e9s par le chef de projet tout au long du processus. Cela nous permet de respecter les d\u00e9lais et de gagner du temps<strong>.<\/strong><\/p>\n\n<p>Notre objectif est de donner la priorit\u00e9 \u00e0 vos besoins afin de vous offrir le meilleur confort et de profiter de la meilleure <strong>r\u00e9novation \u00e0<\/strong> <strong>Vilanova i la Geltr\u00fa<\/strong>. <\/p>\n\n<p><\/p>\n\n<p><\/p>\n\n<p>Contact <strong><a href=\"https:\/\/www.studiogatto.es\/fr\/contact\/\">ICI<\/a> <\/strong>pour plus d&rsquo;informations sans engagement.  <\/p>\n\n<h5 class=\"has-text-align-right wp-block-heading\"><\/h5>\n","protected":false},"excerpt":{"rendered":"<p>R\u00e9formes \u00e0 Vilanova i la Geltr\u00fa. R\u00e9formes int\u00e9grales de la cuisine et de la salle de bains. Architecture d&rsquo;int\u00e9rieur &#8211; Studio Gatto<\/p>\n","protected":false},"author":2,"featured_media":0,"parent":0,"menu_order":0,"comment_status":"closed","ping_status":"closed","template":"","meta":{"_et_pb_use_builder":"off","_et_pb_old_content":"","_et_gb_content_width":"","footnotes":""},"class_list":["post-45763","page","type-page","status-publish","hentry"],"yoast_head":"<!-- This site is optimized with the Yoast SEO plugin v27.5 - https:\/\/yoast.com\/product\/yoast-seo-wordpress\/ -->\n<title>R\u00e9formes \u00e0 Vilanova i la Geltr\u00fa. R\u00e9formes int\u00e9grales - Studio Gatto<\/title>\n<meta name=\"description\" content=\"R\u00e9novations \u00e0 Vilanova i la Geltr\u00fa . R\u00e9formes int\u00e9grales. Chez Studio Gatto, nous sommes des professionnels de la cuisine, de la salle de bains et de la d\u00e9coration d&#039;int\u00e9rieur \u00e0 Vilanova i la Geltr\u00fa.\" \/>\n<meta name=\"robots\" content=\"index, follow, max-snippet:-1, max-image-preview:large, max-video-preview:-1\" \/>\n<link rel=\"canonical\" href=\"https:\/\/www.studiogatto.es\/fr\/renovations-a-vilanova-i-la-geltru\/\" \/>\n<meta property=\"og:locale\" content=\"fr_FR\" \/>\n<meta property=\"og:type\" content=\"article\" \/>\n<meta property=\"og:title\" content=\"R\u00e9formes \u00e0 Vilanova i la Geltr\u00fa. R\u00e9formes int\u00e9grales - Studio Gatto\" \/>\n<meta property=\"og:description\" content=\"R\u00e9novations \u00e0 Vilanova i la Geltr\u00fa . R\u00e9formes int\u00e9grales. Chez Studio Gatto, nous sommes des professionnels de la cuisine, de la salle de bains et de la d\u00e9coration d&#039;int\u00e9rieur \u00e0 Vilanova i la Geltr\u00fa.\" \/>\n<meta property=\"og:url\" content=\"https:\/\/www.studiogatto.es\/fr\/renovations-a-vilanova-i-la-geltru\/\" \/>\n<meta property=\"og:site_name\" content=\"Studio Gatto - Reformas, Cocinas, Ba\u00f1os\" \/>\n<meta property=\"article:publisher\" content=\"https:\/\/www.facebook.com\/studiogattocucine\" \/>\n<meta property=\"article:modified_time\" content=\"2023-08-30T07:35:17+00:00\" \/>\n<meta property=\"og:image\" content=\"https:\/\/www.studiogatto.es\/wp-content\/uploads\/ESPECIES-1-1.png\" \/>\n<meta name=\"twitter:card\" content=\"summary_large_image\" \/>\n<meta name=\"twitter:site\" content=\"@studiogattosl\" \/>\n<meta name=\"twitter:label1\" content=\"Dur\u00e9e de lecture estim\u00e9e\" \/>\n\t<meta name=\"twitter:data1\" content=\"2 minutes\" \/>\n<script type=\"application\/ld+json\" class=\"yoast-schema-graph\">{\"@context\":\"https:\\\/\\\/schema.org\",\"@graph\":[{\"@type\":\"WebPage\",\"@id\":\"https:\\\/\\\/www.studiogatto.es\\\/fr\\\/renovations-a-vilanova-i-la-geltru\\\/\",\"url\":\"https:\\\/\\\/www.studiogatto.es\\\/fr\\\/renovations-a-vilanova-i-la-geltru\\\/\",\"name\":\"R\u00e9formes \u00e0 Vilanova i la Geltr\u00fa. R\u00e9formes int\u00e9grales - Studio Gatto\",\"isPartOf\":{\"@id\":\"https:\\\/\\\/www.studiogatto.es\\\/fr\\\/#website\"},\"primaryImageOfPage\":{\"@id\":\"https:\\\/\\\/www.studiogatto.es\\\/fr\\\/renovations-a-vilanova-i-la-geltru\\\/#primaryimage\"},\"image\":{\"@id\":\"https:\\\/\\\/www.studiogatto.es\\\/fr\\\/renovations-a-vilanova-i-la-geltru\\\/#primaryimage\"},\"thumbnailUrl\":\"https:\\\/\\\/www.studiogatto.es\\\/wp-content\\\/uploads\\\/ESPECIES-1-1.png\",\"datePublished\":\"2023-08-30T07:35:10+00:00\",\"dateModified\":\"2023-08-30T07:35:17+00:00\",\"description\":\"R\u00e9novations \u00e0 Vilanova i la Geltr\u00fa . R\u00e9formes int\u00e9grales. Chez Studio Gatto, nous sommes des professionnels de la cuisine, de la salle de bains et de la d\u00e9coration d'int\u00e9rieur \u00e0 Vilanova i la Geltr\u00fa.\",\"breadcrumb\":{\"@id\":\"https:\\\/\\\/www.studiogatto.es\\\/fr\\\/renovations-a-vilanova-i-la-geltru\\\/#breadcrumb\"},\"inLanguage\":\"fr-FR\",\"potentialAction\":[{\"@type\":\"ReadAction\",\"target\":[\"https:\\\/\\\/www.studiogatto.es\\\/fr\\\/renovations-a-vilanova-i-la-geltru\\\/\"]}]},{\"@type\":\"ImageObject\",\"inLanguage\":\"fr-FR\",\"@id\":\"https:\\\/\\\/www.studiogatto.es\\\/fr\\\/renovations-a-vilanova-i-la-geltru\\\/#primaryimage\",\"url\":\"https:\\\/\\\/www.studiogatto.es\\\/wp-content\\\/uploads\\\/ESPECIES-1-1.png\",\"contentUrl\":\"https:\\\/\\\/www.studiogatto.es\\\/wp-content\\\/uploads\\\/ESPECIES-1-1.png\"},{\"@type\":\"BreadcrumbList\",\"@id\":\"https:\\\/\\\/www.studiogatto.es\\\/fr\\\/renovations-a-vilanova-i-la-geltru\\\/#breadcrumb\",\"itemListElement\":[{\"@type\":\"ListItem\",\"position\":1,\"name\":\"Portada\",\"item\":\"https:\\\/\\\/www.studiogatto.es\\\/fr\\\/\"},{\"@type\":\"ListItem\",\"position\":2,\"name\":\"r\u00e9novations \u00e0 Vilanova i la Geltr\u00fa\"}]},{\"@type\":\"WebSite\",\"@id\":\"https:\\\/\\\/www.studiogatto.es\\\/fr\\\/#website\",\"url\":\"https:\\\/\\\/www.studiogatto.es\\\/fr\\\/\",\"name\":\"Studio Gatto - Reformas, Cocinas, Ba\u00f1os\",\"description\":\"Reformas integrales de Cocinas y ba\u00f1os. Interiorismo. Dise\u00f1o.\",\"publisher\":{\"@id\":\"https:\\\/\\\/www.studiogatto.es\\\/fr\\\/#organization\"},\"potentialAction\":[{\"@type\":\"SearchAction\",\"target\":{\"@type\":\"EntryPoint\",\"urlTemplate\":\"https:\\\/\\\/www.studiogatto.es\\\/fr\\\/?s={search_term_string}\"},\"query-input\":{\"@type\":\"PropertyValueSpecification\",\"valueRequired\":true,\"valueName\":\"search_term_string\"}}],\"inLanguage\":\"fr-FR\"},{\"@type\":\"Organization\",\"@id\":\"https:\\\/\\\/www.studiogatto.es\\\/fr\\\/#organization\",\"name\":\"Studio Gatto\",\"url\":\"https:\\\/\\\/www.studiogatto.es\\\/fr\\\/\",\"logo\":{\"@type\":\"ImageObject\",\"inLanguage\":\"fr-FR\",\"@id\":\"https:\\\/\\\/www.studiogatto.es\\\/fr\\\/#\\\/schema\\\/logo\\\/image\\\/\",\"url\":\"https:\\\/\\\/www.studiogatto.es\\\/wp-content\\\/uploads\\\/Nuevo-logotipo.jpg\",\"contentUrl\":\"https:\\\/\\\/www.studiogatto.es\\\/wp-content\\\/uploads\\\/Nuevo-logotipo.jpg\",\"width\":300,\"height\":167,\"caption\":\"Studio Gatto\"},\"image\":{\"@id\":\"https:\\\/\\\/www.studiogatto.es\\\/fr\\\/#\\\/schema\\\/logo\\\/image\\\/\"},\"sameAs\":[\"https:\\\/\\\/www.facebook.com\\\/studiogattocucine\",\"https:\\\/\\\/x.com\\\/studiogattosl\"]}]}<\/script>\n<!-- \/ Yoast SEO plugin. -->","yoast_head_json":{"title":"R\u00e9formes \u00e0 Vilanova i la Geltr\u00fa. R\u00e9formes int\u00e9grales - Studio Gatto","description":"R\u00e9novations \u00e0 Vilanova i la Geltr\u00fa . R\u00e9formes int\u00e9grales. Chez Studio Gatto, nous sommes des professionnels de la cuisine, de la salle de bains et de la d\u00e9coration d'int\u00e9rieur \u00e0 Vilanova i la Geltr\u00fa.","robots":{"index":"index","follow":"follow","max-snippet":"max-snippet:-1","max-image-preview":"max-image-preview:large","max-video-preview":"max-video-preview:-1"},"canonical":"https:\/\/www.studiogatto.es\/fr\/renovations-a-vilanova-i-la-geltru\/","og_locale":"fr_FR","og_type":"article","og_title":"R\u00e9formes \u00e0 Vilanova i la Geltr\u00fa. R\u00e9formes int\u00e9grales - Studio Gatto","og_description":"R\u00e9novations \u00e0 Vilanova i la Geltr\u00fa . R\u00e9formes int\u00e9grales. Chez Studio Gatto, nous sommes des professionnels de la cuisine, de la salle de bains et de la d\u00e9coration d'int\u00e9rieur \u00e0 Vilanova i la Geltr\u00fa.","og_url":"https:\/\/www.studiogatto.es\/fr\/renovations-a-vilanova-i-la-geltru\/","og_site_name":"Studio Gatto - Reformas, Cocinas, Ba\u00f1os","article_publisher":"https:\/\/www.facebook.com\/studiogattocucine","article_modified_time":"2023-08-30T07:35:17+00:00","og_image":[{"url":"https:\/\/www.studiogatto.es\/wp-content\/uploads\/ESPECIES-1-1.png","type":"","width":"","height":""}],"twitter_card":"summary_large_image","twitter_site":"@studiogattosl","twitter_misc":{"Dur\u00e9e de lecture estim\u00e9e":"2 minutes"},"schema":{"@context":"https:\/\/schema.org","@graph":[{"@type":"WebPage","@id":"https:\/\/www.studiogatto.es\/fr\/renovations-a-vilanova-i-la-geltru\/","url":"https:\/\/www.studiogatto.es\/fr\/renovations-a-vilanova-i-la-geltru\/","name":"R\u00e9formes \u00e0 Vilanova i la Geltr\u00fa. R\u00e9formes int\u00e9grales - Studio Gatto","isPartOf":{"@id":"https:\/\/www.studiogatto.es\/fr\/#website"},"primaryImageOfPage":{"@id":"https:\/\/www.studiogatto.es\/fr\/renovations-a-vilanova-i-la-geltru\/#primaryimage"},"image":{"@id":"https:\/\/www.studiogatto.es\/fr\/renovations-a-vilanova-i-la-geltru\/#primaryimage"},"thumbnailUrl":"https:\/\/www.studiogatto.es\/wp-content\/uploads\/ESPECIES-1-1.png","datePublished":"2023-08-30T07:35:10+00:00","dateModified":"2023-08-30T07:35:17+00:00","description":"R\u00e9novations \u00e0 Vilanova i la Geltr\u00fa . R\u00e9formes int\u00e9grales. Chez Studio Gatto, nous sommes des professionnels de la cuisine, de la salle de bains et de la d\u00e9coration d'int\u00e9rieur \u00e0 Vilanova i la Geltr\u00fa.","breadcrumb":{"@id":"https:\/\/www.studiogatto.es\/fr\/renovations-a-vilanova-i-la-geltru\/#breadcrumb"},"inLanguage":"fr-FR","potentialAction":[{"@type":"ReadAction","target":["https:\/\/www.studiogatto.es\/fr\/renovations-a-vilanova-i-la-geltru\/"]}]},{"@type":"ImageObject","inLanguage":"fr-FR","@id":"https:\/\/www.studiogatto.es\/fr\/renovations-a-vilanova-i-la-geltru\/#primaryimage","url":"https:\/\/www.studiogatto.es\/wp-content\/uploads\/ESPECIES-1-1.png","contentUrl":"https:\/\/www.studiogatto.es\/wp-content\/uploads\/ESPECIES-1-1.png"},{"@type":"BreadcrumbList","@id":"https:\/\/www.studiogatto.es\/fr\/renovations-a-vilanova-i-la-geltru\/#breadcrumb","itemListElement":[{"@type":"ListItem","position":1,"name":"Portada","item":"https:\/\/www.studiogatto.es\/fr\/"},{"@type":"ListItem","position":2,"name":"r\u00e9novations \u00e0 Vilanova i la Geltr\u00fa"}]},{"@type":"WebSite","@id":"https:\/\/www.studiogatto.es\/fr\/#website","url":"https:\/\/www.studiogatto.es\/fr\/","name":"Studio Gatto - Reformas, Cocinas, Ba\u00f1os","description":"Reformas integrales de Cocinas y ba\u00f1os. Interiorismo. Dise\u00f1o.","publisher":{"@id":"https:\/\/www.studiogatto.es\/fr\/#organization"},"potentialAction":[{"@type":"SearchAction","target":{"@type":"EntryPoint","urlTemplate":"https:\/\/www.studiogatto.es\/fr\/?s={search_term_string}"},"query-input":{"@type":"PropertyValueSpecification","valueRequired":true,"valueName":"search_term_string"}}],"inLanguage":"fr-FR"},{"@type":"Organization","@id":"https:\/\/www.studiogatto.es\/fr\/#organization","name":"Studio Gatto","url":"https:\/\/www.studiogatto.es\/fr\/","logo":{"@type":"ImageObject","inLanguage":"fr-FR","@id":"https:\/\/www.studiogatto.es\/fr\/#\/schema\/logo\/image\/","url":"https:\/\/www.studiogatto.es\/wp-content\/uploads\/Nuevo-logotipo.jpg","contentUrl":"https:\/\/www.studiogatto.es\/wp-content\/uploads\/Nuevo-logotipo.jpg","width":300,"height":167,"caption":"Studio Gatto"},"image":{"@id":"https:\/\/www.studiogatto.es\/fr\/#\/schema\/logo\/image\/"},"sameAs":["https:\/\/www.facebook.com\/studiogattocucine","https:\/\/x.com\/studiogattosl"]}]}},"_links":{"self":[{"href":"https:\/\/www.studiogatto.es\/fr\/wp-json\/wp\/v2\/pages\/45763","targetHints":{"allow":["GET"]}}],"collection":[{"href":"https:\/\/www.studiogatto.es\/fr\/wp-json\/wp\/v2\/pages"}],"about":[{"href":"https:\/\/www.studiogatto.es\/fr\/wp-json\/wp\/v2\/types\/page"}],"author":[{"embeddable":true,"href":"https:\/\/www.studiogatto.es\/fr\/wp-json\/wp\/v2\/users\/2"}],"replies":[{"embeddable":true,"href":"https:\/\/www.studiogatto.es\/fr\/wp-json\/wp\/v2\/comments?post=45763"}],"version-history":[{"count":0,"href":"https:\/\/www.studiogatto.es\/fr\/wp-json\/wp\/v2\/pages\/45763\/revisions"}],"wp:attachment":[{"href":"https:\/\/www.studiogatto.es\/fr\/wp-json\/wp\/v2\/media?parent=45763"}],"curies":[{"name":"wp","href":"https:\/\/api.w.org\/{rel}","templated":true}]}}