{"id":45753,"date":"2023-08-30T09:35:10","date_gmt":"2023-08-30T07:35:10","guid":{"rendered":"https:\/\/www.studiogatto.es\/politique-en-matiere-de-cookies\/"},"modified":"2023-08-30T09:35:17","modified_gmt":"2023-08-30T07:35:17","slug":"politique-en-matiere-de-cookies","status":"publish","type":"page","link":"https:\/\/www.studiogatto.es\/fr\/politique-en-matiere-de-cookies\/","title":{"rendered":"Politique en mati\u00e8re de cookies"},"content":{"rendered":"<p>[et_pb_section fb_built=\u00a0\u00bb1&Prime; _builder_version=\u00a0\u00bb3.22.3&Prime; custom_padding=\u00a0\u00bb54px|0px|0|0px|false|false\u00a0\u00bb da_disable_devices=\u00a0\u00bboff|off|off\u00a0\u00bb global_colors_info=\u00a0\u00bb{}\u00a0\u00bb da_is_popup=\u00a0\u00bboff\u00a0\u00bb da_exit_intent=\u00a0\u00bboff\u00a0\u00bb da_has_close=\u00a0\u00bbon\u00a0\u00bb da_alt_close=\u00a0\u00bboff\u00a0\u00bb da_dark_close=\u00a0\u00bboff\u00a0\u00bb da_not_modal=\u00a0\u00bbon\u00a0\u00bb da_is_singular=\u00a0\u00bboff\u00a0\u00bb da_with_loader=\u00a0\u00bboff\u00a0\u00bb da_has_shadow=\u00a0\u00bbon\u00a0\u00bb][et_pb_row _builder_version=\u00a0\u00bb3.25&Prime; global_colors_info=\u00a0\u00bb{}\u00a0\u00bb][et_pb_column type=\u00a0\u00bb4_4&Prime; _builder_version=\u00a0\u00bb3.25&Prime; custom_padding=\u00a0\u00bb|||\u00a0\u00bb global_colors_info=\u00a0\u00bb{}\u00a0\u00bb custom_padding__hover=\u00a0\u00bb|||\u00a0\u00bb][et_pb_text _builder_version=\u00a0\u00bb4.13.0&Prime; text_font=\u00a0\u00bb|700|||||||\u00a0\u00bb text_font_size=\u00a0\u00bb18px\u00a0\u00bb text_orientation=\u00a0\u00bbcenter\u00a0\u00bb header_font_size_tablet=\u00a0\u00bb\u00a0\u00bb header_font_size_phone=\u00a0\u00bb35px\u00a0\u00bb header_font_size_last_edited=\u00a0\u00bbon|phone\u00a0\u00bb global_colors_info=\u00a0\u00bb{}\u00a0\u00bb]<\/p>\n<h2>Politique en mati\u00e8re de cookies<\/h2>\n<p style=\"text-align: left;\">Conform\u00e9ment \u00e0 l&rsquo;obligation d&rsquo;information pr\u00e9vue \u00e0 la section 2 de l&rsquo;article 22 de la loi 34\/2002, du 11 juillet, sur les services de la soci\u00e9t\u00e9 de l&rsquo;information et le commerce \u00e9lectronique, cette politique de cookies a pour but de vous informer de mani\u00e8re claire et pr\u00e9cise sur les cookies utilis\u00e9s sur le site Web de STUDIO GATTO S.L..<\/p>\n<p style=\"text-align: left;\"><strong>Que sont les cookies ?<\/strong><br \/>Un cookie est un petit fichier que les sites web envoient \u00e0 votre navigateur et t\u00e9l\u00e9chargent sur votre ordinateur. Les cookies permettent au site web de stocker et de r\u00e9cup\u00e9rer des informations sur votre visite, telles que votre langue pr\u00e9f\u00e9r\u00e9e et d&rsquo;autres options, afin d&rsquo;am\u00e9liorer les services offerts et de contribuer \u00e0 une meilleure exp\u00e9rience de navigation pour l&rsquo;utilisateur.<\/p>\n<p style=\"text-align: left;\"><strong>Autorisation pour l&rsquo;utilisation de cookies<\/strong><br \/>Conform\u00e9ment \u00e0 l&rsquo;avis relatif aux cookies qui appara\u00eet sur le site web, l&rsquo;utilisateur accepte qu&rsquo;en naviguant sur le site web, il consente express\u00e9ment \u00e0 l&rsquo;utilisation de cookies telle que d\u00e9crite ci-dessous, sans pr\u00e9judice de la possibilit\u00e9 pour l&rsquo;utilisateur de modifier la configuration de son navigateur pour refuser l&rsquo;utilisation de cookies.<\/p>\n<p style=\"text-align: left;\"><strong>Types de cookies<\/strong><br \/>Selon la personne qui g\u00e8re le domaine \u00e0 partir duquel les cookies sont envoy\u00e9s et les donn\u00e9es sont trait\u00e9es, on distingue les cookies de premi\u00e8re partie et les cookies de tierce partie.<\/p>\n<p style=\"text-align: left;\">Les cookies peuvent \u00e9galement \u00eatre class\u00e9s en fonction de la dur\u00e9e pendant laquelle ils restent stock\u00e9s dans le navigateur de l&rsquo;utilisateur, en distinguant les cookies de session et les cookies persistants.<\/p>\n<p style=\"text-align: left;\">Enfin, en fonction de la finalit\u00e9 du traitement des informations collect\u00e9es, les cookies peuvent \u00eatre class\u00e9s dans les cat\u00e9gories suivantes :<\/p>\n<p style=\"text-align: left;\">&#8211; Les cookies techniques : ils permettent \u00e0 l&rsquo;utilisateur de naviguer sur un site web et d&rsquo;utiliser certains des services offerts par celui-ci (comme, par exemple, ceux utilis\u00e9s pour m\u00e9moriser les articles d&rsquo;un panier d&rsquo;achat).<br \/>&#8211; Cookies de personnalisation : ils permettent \u00e0 l&rsquo;utilisateur d&rsquo;acc\u00e9der au site web avec certaines caract\u00e9ristiques, telles que la langue.<br \/>&#8211; Cookies de s\u00e9curit\u00e9 : ils sont utilis\u00e9s pour pr\u00e9venir ou emp\u00eacher les attaques contre le site web.<br \/>&#8211; Les cookies de plug-in pour le partage de contenu social : les \u00ab\u00a0plug-ins\u00a0\u00bb, qui permettent de partager le contenu sur les r\u00e9seaux sociaux.<br \/>&#8211; Cookies d&rsquo;analyse : ils permettent au responsable de surveiller le comportement de l&rsquo;utilisateur.<br \/>&#8211; Cookies publicitaires : ils permettent de g\u00e9rer les espaces publicitaires sur le site web.<br \/>&#8211; Cookies de publicit\u00e9 comportementale : comme les pr\u00e9c\u00e9dents, ils sont utilis\u00e9s pour g\u00e9rer les espaces publicitaires du site web en fonction des informations recueillies sur le comportement et les habitudes de l&rsquo;utilisateur, en adaptant la publicit\u00e9 au profil de l&rsquo;utilisateur.<br \/>&#8211; Cookies de g\u00e9olocalisation : utilis\u00e9s pour d\u00e9terminer le pays o\u00f9 se trouve l&rsquo;utilisateur.<\/p>\n<p style=\"text-align: left;\"><strong>Comment modifier la configuration des cookies<br \/><\/strong>Vous pouvez restreindre, bloquer ou supprimer les cookies de STUDIO GATTO S.L. ou de tout autre site web en utilisant votre navigateur. Dans chaque navigateur, l&rsquo;op\u00e9ration est diff\u00e9rente, vous pouvez trouver la marche \u00e0 suivre dans le menu d&rsquo;aide de votre navigateur o\u00f9 la proc\u00e9dure de suppression est \u00e9tablie. Pour plus d&rsquo;informations :<\/p>\n<p style=\"text-align: left;\"><strong>Google Chrome :<br \/><\/strong>https:\/\/support.google.com\/chrome\/answer\/95647?co=GENIE.Platform%3DDesktop&amp;hl=es<\/p>\n<p style=\"text-align: left;\"> <strong> Mozilla Firefox :<br \/><\/strong>https:\/\/support.mozilla.org\/es\/kb\/habilitar-y-deshabilitar-cookies-sitios-web-rastrear-preferencias<\/p>\n<p style=\"text-align: left;\"><strong>Safari :<\/strong><br \/>https:\/\/support.apple.com\/es-es\/guide\/safari\/sfri11471\/mac<\/p>\n<p style=\"text-align: left;\"><strong>Internet Explorer :<br \/><\/strong>https:\/\/support.microsoft.com\/es-es\/help\/278835\/how-to-delete-cookie-files-in-internet-explorer<\/p>\n<p style=\"text-align: left;\">La d\u00e9sactivation des cookies peut emp\u00eacher le site web de fonctionner correctement ou vous emp\u00eacher d&rsquo;acc\u00e9der \u00e0 certaines fonctions du site web.<\/p>\n<p style=\"text-align: left;\"><strong>Cookies utilis\u00e9s sur le site web<\/strong><br \/>Diff\u00e9rents types de cookies sont utilis\u00e9s sur le site web \u00e0 des fins diff\u00e9rentes, les cookies utilis\u00e9s sont \u00e9num\u00e9r\u00e9s ci-dessous :<\/p>\n<ul>\n<li style=\"text-align: left;\">Techniques<br \/><span style=\"font-family: inherit; font-weight: normal;\">Ce type de cookie fournit des informations sur la mani\u00e8re dont l&rsquo;utilisateur utilise le site web, par exemple les pages qu&rsquo;il a visit\u00e9es ou les probl\u00e8mes techniques d&rsquo;acc\u00e8s. Ces cookies ne permettent pas de vous identifier, car les informations qu&rsquo;ils collectent sont anonymes et ne seront utilis\u00e9es que pour am\u00e9liorer la conception du site et la navigation, les statistiques d&rsquo;utilisation, etc. Ils permettent au site web de fonctionner de mani\u00e8re plus agile et de s&rsquo;adapter aux pr\u00e9f\u00e9rences des utilisateurs.<\/span><\/li>\n<li style=\"text-align: left;\"><strong><span style=\"font-family: inherit;\">Inscription<\/span><\/strong><br \/><span style=\"font-family: inherit; font-weight: normal;\">Ils sont cr\u00e9\u00e9s lorsque vous vous inscrivez ou lorsque vous vous connectez en tant qu&rsquo;utilisateur web.<\/span><\/li>\n<li style=\"text-align: left;\"><span style=\"font-family: inherit; font-weight: normal;\">Personnalisation<\/span><br \/><span style=\"font-family: inherit; font-weight: normal;\">Ils permettent de personnaliser les fonctions ou le contenu du site web en fonction des donn\u00e9es obtenues du navigateur.<\/span><\/li>\n<li style=\"text-align: left;\"><strong><span style=\"font-family: inherit;\">Statut de la session<\/span><\/strong><br \/><span style=\"font-family: inherit; font-weight: normal;\">Ces cookies stockent les informations n\u00e9cessaires pendant la session et les changements li\u00e9s \u00e0 la session, et d\u00e9terminent \u00e9galement si vous \u00eates connect\u00e9 ou non au site.<\/span><\/li>\n<li style=\"text-align: left;\"><strong><span style=\"font-family: inherit;\">Processus<\/span><\/strong><br \/><span style=\"font-family: inherit; font-weight: normal;\">Les cookies de traitement permettent au site web de fonctionner et de fournir les services attendus par l&rsquo;utilisateur acc\u00e9dant au site web, tels que la navigation sur les pages web ou l&rsquo;acc\u00e8s aux zones s\u00e9curis\u00e9es du site web.<\/span><\/li>\n<\/ul>\n<p>&nbsp;<\/p>\n<ul>\n<li>Cookies techniques<\/li>\n<\/ul>\n<table>\n<tbody>\n<tr>\n<th>Cookie<\/th>\n<th>Dur\u00e9e de l&rsquo;accord<\/th>\n<th>Description<\/th>\n<\/tr>\n<tr>\n<td>ASPSessionId<\/td>\n<td>Cookie de session<\/td>\n<td>Utilis\u00e9 pour d\u00e9finir l&rsquo;\u00e9tat de la session et enregistrer la session du visiteur, il est non intrusif et ne garde pas de trace entre les visites ou entre les sites web. Utilis\u00e9 pour g\u00e9rer les zones de connexion et sert \u00e9galement pour les paniers d&rsquo;achat. Il est int\u00e9gr\u00e9 \u00e0 notre syst\u00e8me de gestion de contenu. Rester constant pendant la session.<\/td>\n<\/tr>\n<tr>\n<td>polCookId<\/td>\n<td>10 ans<\/td>\n<td>Permet de v\u00e9rifier si le visiteur a d\u00e9j\u00e0 \u00e9t\u00e9 inform\u00e9 de la politique du site en mati\u00e8re de cookies.<\/td>\n<\/tr>\n<\/tbody>\n<\/table>\n<p style=\"text-align: left;\"><strong><\/strong><\/p>\n<p style=\"text-align: left;\"><strong><\/strong><\/p>\n<p style=\"text-align: left;\"><strong>Modification des conditions<br \/><\/strong> STUDIO GATTO S.L. se r\u00e9serve express\u00e9ment le droit de modifier unilat\u00e9ralement, totalement ou partiellement, sans pr\u00e9avis, la pr\u00e9sente Politique de Cookies. Vous reconnaissez et acceptez qu&rsquo;il est de votre responsabilit\u00e9 de consulter la pr\u00e9sente politique en mati\u00e8re de cookies.<\/p>\n<p style=\"text-align: left;\">\n<p style=\"text-align: left;\">\n<p>[\/et_pb_text][\/et_pb_column][\/et_pb_row][\/et_pb_section]<\/p>\n","protected":false},"excerpt":{"rendered":"<p>Politique en mati\u00e8re de cookies Conform\u00e9ment \u00e0 l&rsquo;obligation d&rsquo;information pr\u00e9vue \u00e0 la section 2 de l&rsquo;article 22 de la loi 34\/2002, du 11 juillet, sur les services de la soci\u00e9t\u00e9 de l&rsquo;information et le commerce \u00e9lectronique, cette politique de cookies a pour but de vous informer de mani\u00e8re claire et pr\u00e9cise sur les cookies utilis\u00e9s [&hellip;]<\/p>\n","protected":false},"author":2,"featured_media":0,"parent":0,"menu_order":0,"comment_status":"closed","ping_status":"closed","template":"","meta":{"_et_pb_use_builder":"on","_et_pb_old_content":"","_et_gb_content_width":"","footnotes":""},"class_list":["post-45753","page","type-page","status-publish","hentry"],"yoast_head":"<!-- This site is optimized with the Yoast SEO plugin v27.5 - https:\/\/yoast.com\/product\/yoast-seo-wordpress\/ -->\n<title>Politique en mati\u00e8re de cookies -integral, 3D project, 360\u00ba, interior design - design Studio Gatto - Reformas, Cocinas, Ba\u00f1os%.<\/title>\n<meta name=\"description\" content=\"Tout d&#039;un seul fournisseur fiable : ma\u00e7onnerie, plomberie, plomberie, aluminium, peinture, parquet, menuiserie, portes, armoires, paravents, cabines de douche.\" \/>\n<meta name=\"robots\" content=\"noindex, nofollow\" \/>\n<meta property=\"og:locale\" content=\"fr_FR\" \/>\n<meta property=\"og:type\" content=\"article\" \/>\n<meta property=\"og:title\" content=\"Politique en mati\u00e8re de cookies -integral, 3D project, 360\u00ba, interior design - design Studio Gatto - Reformas, Cocinas, Ba\u00f1os%.\" \/>\n<meta property=\"og:description\" content=\"Tout d&#039;un seul fournisseur fiable : ma\u00e7onnerie, plomberie, plomberie, aluminium, peinture, parquet, menuiserie, portes, armoires, paravents, cabines de douche.\" \/>\n<meta property=\"og:url\" content=\"https:\/\/www.studiogatto.es\/fr\/politique-en-matiere-de-cookies\/\" \/>\n<meta property=\"og:site_name\" content=\"Studio Gatto - Reformas, Cocinas, Ba\u00f1os\" \/>\n<meta property=\"article:publisher\" content=\"https:\/\/www.facebook.com\/studiogattocucine\" \/>\n<meta property=\"article:modified_time\" content=\"2023-08-30T07:35:17+00:00\" \/>\n<meta name=\"twitter:card\" content=\"summary_large_image\" \/>\n<meta name=\"twitter:site\" content=\"@studiogattosl\" \/>\n<meta name=\"twitter:label1\" content=\"Dur\u00e9e de lecture estim\u00e9e\" \/>\n\t<meta name=\"twitter:data1\" content=\"6 minutes\" \/>\n<script type=\"application\/ld+json\" class=\"yoast-schema-graph\">{\"@context\":\"https:\\\/\\\/schema.org\",\"@graph\":[{\"@type\":\"WebPage\",\"@id\":\"https:\\\/\\\/www.studiogatto.es\\\/fr\\\/politique-en-matiere-de-cookies\\\/\",\"url\":\"https:\\\/\\\/www.studiogatto.es\\\/fr\\\/politique-en-matiere-de-cookies\\\/\",\"name\":\"Politique en mati\u00e8re de cookies -integral, 3D project, 360\u00ba, interior design - design Studio Gatto - Reformas, Cocinas, Ba\u00f1os%.\",\"isPartOf\":{\"@id\":\"https:\\\/\\\/www.studiogatto.es\\\/fr\\\/#website\"},\"datePublished\":\"2023-08-30T07:35:10+00:00\",\"dateModified\":\"2023-08-30T07:35:17+00:00\",\"description\":\"Tout d'un seul fournisseur fiable : ma\u00e7onnerie, plomberie, plomberie, aluminium, peinture, parquet, menuiserie, portes, armoires, paravents, cabines de douche.\",\"breadcrumb\":{\"@id\":\"https:\\\/\\\/www.studiogatto.es\\\/fr\\\/politique-en-matiere-de-cookies\\\/#breadcrumb\"},\"inLanguage\":\"fr-FR\",\"potentialAction\":[{\"@type\":\"ReadAction\",\"target\":[\"https:\\\/\\\/www.studiogatto.es\\\/fr\\\/politique-en-matiere-de-cookies\\\/\"]}]},{\"@type\":\"BreadcrumbList\",\"@id\":\"https:\\\/\\\/www.studiogatto.es\\\/fr\\\/politique-en-matiere-de-cookies\\\/#breadcrumb\",\"itemListElement\":[{\"@type\":\"ListItem\",\"position\":1,\"name\":\"Portada\",\"item\":\"https:\\\/\\\/www.studiogatto.es\\\/fr\\\/\"},{\"@type\":\"ListItem\",\"position\":2,\"name\":\"Politique en mati\u00e8re de cookies\"}]},{\"@type\":\"WebSite\",\"@id\":\"https:\\\/\\\/www.studiogatto.es\\\/fr\\\/#website\",\"url\":\"https:\\\/\\\/www.studiogatto.es\\\/fr\\\/\",\"name\":\"Studio Gatto - Reformas, Cocinas, Ba\u00f1os\",\"description\":\"Reformas integrales de Cocinas y ba\u00f1os. Interiorismo. Dise\u00f1o.\",\"publisher\":{\"@id\":\"https:\\\/\\\/www.studiogatto.es\\\/fr\\\/#organization\"},\"potentialAction\":[{\"@type\":\"SearchAction\",\"target\":{\"@type\":\"EntryPoint\",\"urlTemplate\":\"https:\\\/\\\/www.studiogatto.es\\\/fr\\\/?s={search_term_string}\"},\"query-input\":{\"@type\":\"PropertyValueSpecification\",\"valueRequired\":true,\"valueName\":\"search_term_string\"}}],\"inLanguage\":\"fr-FR\"},{\"@type\":\"Organization\",\"@id\":\"https:\\\/\\\/www.studiogatto.es\\\/fr\\\/#organization\",\"name\":\"Studio Gatto\",\"url\":\"https:\\\/\\\/www.studiogatto.es\\\/fr\\\/\",\"logo\":{\"@type\":\"ImageObject\",\"inLanguage\":\"fr-FR\",\"@id\":\"https:\\\/\\\/www.studiogatto.es\\\/fr\\\/#\\\/schema\\\/logo\\\/image\\\/\",\"url\":\"https:\\\/\\\/www.studiogatto.es\\\/wp-content\\\/uploads\\\/Nuevo-logotipo.jpg\",\"contentUrl\":\"https:\\\/\\\/www.studiogatto.es\\\/wp-content\\\/uploads\\\/Nuevo-logotipo.jpg\",\"width\":300,\"height\":167,\"caption\":\"Studio Gatto\"},\"image\":{\"@id\":\"https:\\\/\\\/www.studiogatto.es\\\/fr\\\/#\\\/schema\\\/logo\\\/image\\\/\"},\"sameAs\":[\"https:\\\/\\\/www.facebook.com\\\/studiogattocucine\",\"https:\\\/\\\/x.com\\\/studiogattosl\"]}]}<\/script>\n<!-- \/ Yoast SEO plugin. -->","yoast_head_json":{"title":"Politique en mati\u00e8re de cookies -integral, 3D project, 360\u00ba, interior design - design Studio Gatto - Reformas, Cocinas, Ba\u00f1os%.","description":"Tout d'un seul fournisseur fiable : ma\u00e7onnerie, plomberie, plomberie, aluminium, peinture, parquet, menuiserie, portes, armoires, paravents, cabines de douche.","robots":{"index":"noindex","follow":"nofollow"},"og_locale":"fr_FR","og_type":"article","og_title":"Politique en mati\u00e8re de cookies -integral, 3D project, 360\u00ba, interior design - design Studio Gatto - Reformas, Cocinas, Ba\u00f1os%.","og_description":"Tout d'un seul fournisseur fiable : ma\u00e7onnerie, plomberie, plomberie, aluminium, peinture, parquet, menuiserie, portes, armoires, paravents, cabines de douche.","og_url":"https:\/\/www.studiogatto.es\/fr\/politique-en-matiere-de-cookies\/","og_site_name":"Studio Gatto - Reformas, Cocinas, Ba\u00f1os","article_publisher":"https:\/\/www.facebook.com\/studiogattocucine","article_modified_time":"2023-08-30T07:35:17+00:00","twitter_card":"summary_large_image","twitter_site":"@studiogattosl","twitter_misc":{"Dur\u00e9e de lecture estim\u00e9e":"6 minutes"},"schema":{"@context":"https:\/\/schema.org","@graph":[{"@type":"WebPage","@id":"https:\/\/www.studiogatto.es\/fr\/politique-en-matiere-de-cookies\/","url":"https:\/\/www.studiogatto.es\/fr\/politique-en-matiere-de-cookies\/","name":"Politique en mati\u00e8re de cookies -integral, 3D project, 360\u00ba, interior design - design Studio Gatto - Reformas, Cocinas, Ba\u00f1os%.","isPartOf":{"@id":"https:\/\/www.studiogatto.es\/fr\/#website"},"datePublished":"2023-08-30T07:35:10+00:00","dateModified":"2023-08-30T07:35:17+00:00","description":"Tout d'un seul fournisseur fiable : ma\u00e7onnerie, plomberie, plomberie, aluminium, peinture, parquet, menuiserie, portes, armoires, paravents, cabines de douche.","breadcrumb":{"@id":"https:\/\/www.studiogatto.es\/fr\/politique-en-matiere-de-cookies\/#breadcrumb"},"inLanguage":"fr-FR","potentialAction":[{"@type":"ReadAction","target":["https:\/\/www.studiogatto.es\/fr\/politique-en-matiere-de-cookies\/"]}]},{"@type":"BreadcrumbList","@id":"https:\/\/www.studiogatto.es\/fr\/politique-en-matiere-de-cookies\/#breadcrumb","itemListElement":[{"@type":"ListItem","position":1,"name":"Portada","item":"https:\/\/www.studiogatto.es\/fr\/"},{"@type":"ListItem","position":2,"name":"Politique en mati\u00e8re de cookies"}]},{"@type":"WebSite","@id":"https:\/\/www.studiogatto.es\/fr\/#website","url":"https:\/\/www.studiogatto.es\/fr\/","name":"Studio Gatto - Reformas, Cocinas, Ba\u00f1os","description":"Reformas integrales de Cocinas y ba\u00f1os. Interiorismo. Dise\u00f1o.","publisher":{"@id":"https:\/\/www.studiogatto.es\/fr\/#organization"},"potentialAction":[{"@type":"SearchAction","target":{"@type":"EntryPoint","urlTemplate":"https:\/\/www.studiogatto.es\/fr\/?s={search_term_string}"},"query-input":{"@type":"PropertyValueSpecification","valueRequired":true,"valueName":"search_term_string"}}],"inLanguage":"fr-FR"},{"@type":"Organization","@id":"https:\/\/www.studiogatto.es\/fr\/#organization","name":"Studio Gatto","url":"https:\/\/www.studiogatto.es\/fr\/","logo":{"@type":"ImageObject","inLanguage":"fr-FR","@id":"https:\/\/www.studiogatto.es\/fr\/#\/schema\/logo\/image\/","url":"https:\/\/www.studiogatto.es\/wp-content\/uploads\/Nuevo-logotipo.jpg","contentUrl":"https:\/\/www.studiogatto.es\/wp-content\/uploads\/Nuevo-logotipo.jpg","width":300,"height":167,"caption":"Studio Gatto"},"image":{"@id":"https:\/\/www.studiogatto.es\/fr\/#\/schema\/logo\/image\/"},"sameAs":["https:\/\/www.facebook.com\/studiogattocucine","https:\/\/x.com\/studiogattosl"]}]}},"_links":{"self":[{"href":"https:\/\/www.studiogatto.es\/fr\/wp-json\/wp\/v2\/pages\/45753","targetHints":{"allow":["GET"]}}],"collection":[{"href":"https:\/\/www.studiogatto.es\/fr\/wp-json\/wp\/v2\/pages"}],"about":[{"href":"https:\/\/www.studiogatto.es\/fr\/wp-json\/wp\/v2\/types\/page"}],"author":[{"embeddable":true,"href":"https:\/\/www.studiogatto.es\/fr\/wp-json\/wp\/v2\/users\/2"}],"replies":[{"embeddable":true,"href":"https:\/\/www.studiogatto.es\/fr\/wp-json\/wp\/v2\/comments?post=45753"}],"version-history":[{"count":0,"href":"https:\/\/www.studiogatto.es\/fr\/wp-json\/wp\/v2\/pages\/45753\/revisions"}],"wp:attachment":[{"href":"https:\/\/www.studiogatto.es\/fr\/wp-json\/wp\/v2\/media?parent=45753"}],"curies":[{"name":"wp","href":"https:\/\/api.w.org\/{rel}","templated":true}]}}