{"id":45702,"date":"2023-08-30T09:35:09","date_gmt":"2023-08-30T07:35:09","guid":{"rendered":"https:\/\/www.studiogatto.es\/avis-juridique\/"},"modified":"2023-08-30T09:35:17","modified_gmt":"2023-08-30T07:35:17","slug":"avis-juridique","status":"publish","type":"page","link":"https:\/\/www.studiogatto.es\/fr\/avis-juridique\/","title":{"rendered":"Avis juridique"},"content":{"rendered":"<p>[et_pb_section fb_built=\u00a0\u00bb1&Prime; _builder_version=\u00a0\u00bb3.22.3&Prime; global_colors_info=\u00a0\u00bb{}\u00a0\u00bb da_is_popup=\u00a0\u00bboff\u00a0\u00bb da_exit_intent=\u00a0\u00bboff\u00a0\u00bb da_has_close=\u00a0\u00bbon\u00a0\u00bb da_alt_close=\u00a0\u00bboff\u00a0\u00bb da_dark_close=\u00a0\u00bboff\u00a0\u00bb da_not_modal=\u00a0\u00bbon\u00a0\u00bb da_is_singular=\u00a0\u00bboff\u00a0\u00bb da_with_loader=\u00a0\u00bboff\u00a0\u00bb da_has_shadow=\u00a0\u00bbon\u00a0\u00bb da_disable_devices=\u00a0\u00bboff|off|off\u00a0\u00bb][et_pb_row _builder_version=\u00a0\u00bb3.25&Prime; global_colors_info=\u00a0\u00bb{}\u00a0\u00bb][et_pb_column type=\u00a0\u00bb4_4&Prime; _builder_version=\u00a0\u00bb3.25&Prime; custom_padding=\u00a0\u00bb|||\u00a0\u00bb global_colors_info=\u00a0\u00bb{}\u00a0\u00bb custom_padding__hover=\u00a0\u00bb|||\u00a0\u00bb][et_pb_text _builder_version=\u00a0\u00bb3.27.4&Prime; header_text_color_tablet=\u00a0\u00bb\u00a0\u00bb header_text_color_phone=\u00a0\u00bb\u00a0\u00bb header_text_color_last_edited=\u00a0\u00bbon|desktop\u00a0\u00bb header_font_size_tablet=\u00a0\u00bb\u00a0\u00bb header_font_size_phone=\u00a0\u00bb35px\u00a0\u00bb header_font_size_last_edited=\u00a0\u00bbon|phone\u00a0\u00bb global_colors_info=\u00a0\u00bb{}\u00a0\u00bb]<\/p>\n<h1>Avis juridique<\/h1>\n<p>[\/et_pb_text][\/et_pb_column][\/et_pb_row][et_pb_row _builder_version=\u00a0\u00bb3.25&Prime; global_colors_info=\u00a0\u00bb{}\u00a0\u00bb][et_pb_column type=\u00a0\u00bb4_4&Prime; _builder_version=\u00a0\u00bb3.25&Prime; custom_padding=\u00a0\u00bb|||\u00a0\u00bb global_colors_info=\u00a0\u00bb{}\u00a0\u00bb custom_padding__hover=\u00a0\u00bb|||\u00a0\u00bb][et_pb_text _builder_version=\u00a0\u00bb3.27.4&Prime; global_colors_info=\u00a0\u00bb{}\u00a0\u00bb]<\/p>\n<ol>\n<li>\n              <strong> <\/strong><br \/>\n              <strong><br \/>\n                <u>INFORMATIONS SUR LES ENTREPRISES<\/u><br \/>\n              <\/strong>\n            <\/li>\n<\/ol>\n<p>Conform\u00e9ment \u00e0 la loi 34\/2002, du 11 juillet, sur les services de la soci\u00e9t\u00e9 de l&rsquo;information et le commerce \u00e9lectronique,  <strong>STUDIO GATTO SL<\/strong> vous informe qu&rsquo;il est le propri\u00e9taire des sites web :  <strong>www.studiogatto.es, <\/strong> conform\u00e9ment \u00e0 l&rsquo;article 10 de la loi susmentionn\u00e9e,  <strong>STUDIO G <\/strong>ATTO SL, notifie les donn\u00e9es suivantes : le propri\u00e9taire de ce site web est <strong>STUDIO GATTO SL<\/strong> avec NIF\/CIF : <strong>B43497502 <\/strong>. Registre du commerce de <strong>BARCELONE, <\/strong>Volume : <strong>39037<\/strong>. Folio : <strong>16<\/strong>. Sheet : <strong>B335893<\/strong>, et si\u00e8ge social :  <strong>POL. IND. VILANOVETA 49, AVINGUDA ROQUETES, 48,<\/strong>  Code postal : <strong>08810<\/strong>. Lieu : <strong>SANT PERE DE RIBES<\/strong>. Province : <strong>BARCELONE<\/strong>. L&rsquo;adresse \u00e9lectronique pour contacter l&rsquo;entreprise est la suivante : <u>sonia@studiogatto.es <\/u> <\/p>\n<p>\n            <strong> <\/strong>\n          <\/p>\n<ol start=\"2\">\n<li>\n              <strong> <\/strong><br \/>\n              <strong><br \/>\n                <u>UTILISATEUR ET R\u00c9GIME DE RESPONSABILIT\u00c9<\/u><br \/>\n              <\/strong>\n            <\/li>\n<\/ol>\n<p>Naviguer en acc\u00e9dant ou en utilisant le site web et tous les sous-domaines et r\u00e9pertoires qu&rsquo;il contient, ainsi que les services ou contenus qui peuvent \u00eatre obtenus par son interm\u00e9diaire et tous les portails du domaine propre appartenant \u00e0  <strong>STUDIO GATTO SL<\/strong>accorde le statut de  <strong>Utilisateur<\/strong>Les \u00e9l\u00e9ments suivants sont accept\u00e9s lors de la navigation sur le site  <strong>STUDIO GATTO SL<\/strong>L&rsquo;utilisation de ce site web est soumise aux conditions d&rsquo;utilisation \u00e9nonc\u00e9es ici, sans pr\u00e9judice de l&rsquo;application des r\u00e9glementations l\u00e9gales contraignantes correspondantes, le cas \u00e9ch\u00e9ant.<\/p>\n<p>Par cons\u00e9quent, si vous n&rsquo;\u00eates pas d&rsquo;accord avec les consid\u00e9rations d\u00e9taill\u00e9es dans le pr\u00e9sent avis juridique, veuillez ne pas utiliser le portail, car toute utilisation que vous faites de celui-ci ou des services et contenus qui y sont inclus impliquera votre acceptation des conditions juridiques \u00e9nonc\u00e9es dans ce texte.<\/p>\n<p>Le site web de <strong>STUDIO GATTO SL<\/strong> fournit un large \u00e9ventail d&rsquo;informations, de services et de donn\u00e9es. L&rsquo;utilisateur est responsable de l&rsquo;utilisation correcte des sites web. Cette responsabilit\u00e9 s&rsquo;\u00e9tend \u00e0 : La v\u00e9racit\u00e9 et la l\u00e9galit\u00e9 des informations fournies par l&rsquo;utilisateur dans les formulaires \u00e9mis par <strong>STUDIO GATTO SL<\/strong> pour acc\u00e9der \u00e0 certains contenus ou services offerts par le site web.<\/p>\n<p>L&rsquo;utilisation des informations, des services et des donn\u00e9es offerts par  <strong>STUDIO GATTO SL<\/strong>  ne contreviennent pas aux dispositions des pr\u00e9sentes conditions, \u00e0 la loi, \u00e0 la morale, aux bonnes m\u0153urs ou \u00e0 l&rsquo;ordre public ou qui, dans tout autre cas, peuvent \u00eatre pr\u00e9judiciables aux droits de tiers ou au fonctionnement des sites web. \u00c0 cet effet, l&rsquo;utilisateur s&rsquo;abstiendra d&rsquo;utiliser les contenus \u00e0 des fins illicites ou \u00e0 des fins interdites par le pr\u00e9sent texte, pr\u00e9judiciables aux droits et aux int\u00e9r\u00eats des tiers, ou susceptibles d&rsquo;endommager, de rendre inutilisable, de surcharger, de d\u00e9t\u00e9riorer ou d&#8217;emp\u00eacher l&rsquo;utilisation normale des contenus, des autres utilisateurs ou de tout utilisateur d&rsquo;Internet (mat\u00e9riel et logiciel).<\/p>\n<p>Les utilisateurs sont responsables des dommages de toute nature que l&rsquo;entreprise propri\u00e9taire du site web pourrait subir, directement ou indirectement, en raison du non-respect de l&rsquo;une des obligations d\u00e9coulant de l&rsquo;utilisation du site web et de la pr\u00e9sente politique de protection de la vie priv\u00e9e.<\/p>\n<p>En particulier, \u00e0 titre d&rsquo;exemple et sans limitation, l&rsquo;utilisateur s&rsquo;engage \u00e0 ne pas transmettre, diffuser ou mettre \u00e0 la disposition de tiers des informations, donn\u00e9es, contenus, messages, graphiques, dessins, fichiers sons et\/ou images, photographies provenant du site web.<\/p>\n<p>[\/et_pb_text][\/et_pb_column][\/et_pb_row][\/et_pb_section]<\/p>\n","protected":false},"excerpt":{"rendered":"<p>Avis juridique INFORMATIONS SUR LES ENTREPRISES Conform\u00e9ment \u00e0 la loi 34\/2002, du 11 juillet, sur les services de la soci\u00e9t\u00e9 de l&rsquo;information et le commerce \u00e9lectronique, STUDIO GATTO SL vous informe qu&rsquo;il est le propri\u00e9taire des sites web : www.studiogatto.es, conform\u00e9ment \u00e0 l&rsquo;article 10 de la loi susmentionn\u00e9e, STUDIO G ATTO SL, notifie les donn\u00e9es [&hellip;]<\/p>\n","protected":false},"author":1,"featured_media":0,"parent":0,"menu_order":0,"comment_status":"closed","ping_status":"closed","template":"","meta":{"_et_pb_use_builder":"on","_et_pb_old_content":"","_et_gb_content_width":"","footnotes":""},"class_list":["post-45702","page","type-page","status-publish","hentry"],"yoast_head":"<!-- This site is optimized with the Yoast SEO plugin v27.4 - https:\/\/yoast.com\/product\/yoast-seo-wordpress\/ -->\n<title>Avis juridique<\/title>\n<meta name=\"robots\" content=\"noindex, follow\" \/>\n<meta property=\"og:locale\" content=\"fr_FR\" \/>\n<meta property=\"og:type\" content=\"article\" \/>\n<meta property=\"og:title\" content=\"Avis juridique\" \/>\n<meta property=\"og:description\" content=\"Avis juridique INFORMATIONS SUR LES ENTREPRISES Conform\u00e9ment \u00e0 la loi 34\/2002, du 11 juillet, sur les services de la soci\u00e9t\u00e9 de l&#039;information et le commerce \u00e9lectronique, STUDIO GATTO SL vous informe qu&#039;il est le propri\u00e9taire des sites web : www.studiogatto.es, conform\u00e9ment \u00e0 l&#039;article 10 de la loi susmentionn\u00e9e, STUDIO G ATTO SL, notifie les donn\u00e9es [&hellip;]\" \/>\n<meta property=\"og:url\" content=\"https:\/\/www.studiogatto.es\/fr\/avis-juridique\/\" \/>\n<meta property=\"og:site_name\" content=\"Studio Gatto - Reformas, Cocinas, Ba\u00f1os\" \/>\n<meta property=\"article:publisher\" content=\"https:\/\/www.facebook.com\/studiogattocucine\" \/>\n<meta property=\"article:modified_time\" content=\"2023-08-30T07:35:17+00:00\" \/>\n<meta name=\"twitter:card\" content=\"summary_large_image\" \/>\n<meta name=\"twitter:site\" content=\"@studiogattosl\" \/>\n<meta name=\"twitter:label1\" content=\"Dur\u00e9e de lecture estim\u00e9e\" \/>\n\t<meta name=\"twitter:data1\" content=\"3 minutes\" \/>\n<script type=\"application\/ld+json\" class=\"yoast-schema-graph\">{\"@context\":\"https:\\\/\\\/schema.org\",\"@graph\":[{\"@type\":\"WebPage\",\"@id\":\"https:\\\/\\\/www.studiogatto.es\\\/fr\\\/avis-juridique\\\/\",\"url\":\"https:\\\/\\\/www.studiogatto.es\\\/fr\\\/avis-juridique\\\/\",\"name\":\"Avis juridique\",\"isPartOf\":{\"@id\":\"https:\\\/\\\/www.studiogatto.es\\\/fr\\\/#website\"},\"datePublished\":\"2023-08-30T07:35:09+00:00\",\"dateModified\":\"2023-08-30T07:35:17+00:00\",\"breadcrumb\":{\"@id\":\"https:\\\/\\\/www.studiogatto.es\\\/fr\\\/avis-juridique\\\/#breadcrumb\"},\"inLanguage\":\"fr-FR\",\"potentialAction\":[{\"@type\":\"ReadAction\",\"target\":[\"https:\\\/\\\/www.studiogatto.es\\\/fr\\\/avis-juridique\\\/\"]}]},{\"@type\":\"BreadcrumbList\",\"@id\":\"https:\\\/\\\/www.studiogatto.es\\\/fr\\\/avis-juridique\\\/#breadcrumb\",\"itemListElement\":[{\"@type\":\"ListItem\",\"position\":1,\"name\":\"Portada\",\"item\":\"https:\\\/\\\/www.studiogatto.es\\\/fr\\\/\"},{\"@type\":\"ListItem\",\"position\":2,\"name\":\"Avis juridique\"}]},{\"@type\":\"WebSite\",\"@id\":\"https:\\\/\\\/www.studiogatto.es\\\/fr\\\/#website\",\"url\":\"https:\\\/\\\/www.studiogatto.es\\\/fr\\\/\",\"name\":\"Studio Gatto - Reformas, Cocinas, Ba\u00f1os\",\"description\":\"Reformas integrales de Cocinas y ba\u00f1os. Interiorismo. Dise\u00f1o.\",\"publisher\":{\"@id\":\"https:\\\/\\\/www.studiogatto.es\\\/fr\\\/#organization\"},\"potentialAction\":[{\"@type\":\"SearchAction\",\"target\":{\"@type\":\"EntryPoint\",\"urlTemplate\":\"https:\\\/\\\/www.studiogatto.es\\\/fr\\\/?s={search_term_string}\"},\"query-input\":{\"@type\":\"PropertyValueSpecification\",\"valueRequired\":true,\"valueName\":\"search_term_string\"}}],\"inLanguage\":\"fr-FR\"},{\"@type\":\"Organization\",\"@id\":\"https:\\\/\\\/www.studiogatto.es\\\/fr\\\/#organization\",\"name\":\"Studio Gatto\",\"url\":\"https:\\\/\\\/www.studiogatto.es\\\/fr\\\/\",\"logo\":{\"@type\":\"ImageObject\",\"inLanguage\":\"fr-FR\",\"@id\":\"https:\\\/\\\/www.studiogatto.es\\\/fr\\\/#\\\/schema\\\/logo\\\/image\\\/\",\"url\":\"https:\\\/\\\/www.studiogatto.es\\\/wp-content\\\/uploads\\\/Nuevo-logotipo.jpg\",\"contentUrl\":\"https:\\\/\\\/www.studiogatto.es\\\/wp-content\\\/uploads\\\/Nuevo-logotipo.jpg\",\"width\":300,\"height\":167,\"caption\":\"Studio Gatto\"},\"image\":{\"@id\":\"https:\\\/\\\/www.studiogatto.es\\\/fr\\\/#\\\/schema\\\/logo\\\/image\\\/\"},\"sameAs\":[\"https:\\\/\\\/www.facebook.com\\\/studiogattocucine\",\"https:\\\/\\\/x.com\\\/studiogattosl\"]}]}<\/script>\n<!-- \/ Yoast SEO plugin. -->","yoast_head_json":{"title":"Avis juridique","robots":{"index":"noindex","follow":"follow"},"og_locale":"fr_FR","og_type":"article","og_title":"Avis juridique","og_description":"Avis juridique INFORMATIONS SUR LES ENTREPRISES Conform\u00e9ment \u00e0 la loi 34\/2002, du 11 juillet, sur les services de la soci\u00e9t\u00e9 de l'information et le commerce \u00e9lectronique, STUDIO GATTO SL vous informe qu'il est le propri\u00e9taire des sites web : www.studiogatto.es, conform\u00e9ment \u00e0 l'article 10 de la loi susmentionn\u00e9e, STUDIO G ATTO SL, notifie les donn\u00e9es [&hellip;]","og_url":"https:\/\/www.studiogatto.es\/fr\/avis-juridique\/","og_site_name":"Studio Gatto - Reformas, Cocinas, Ba\u00f1os","article_publisher":"https:\/\/www.facebook.com\/studiogattocucine","article_modified_time":"2023-08-30T07:35:17+00:00","twitter_card":"summary_large_image","twitter_site":"@studiogattosl","twitter_misc":{"Dur\u00e9e de lecture estim\u00e9e":"3 minutes"},"schema":{"@context":"https:\/\/schema.org","@graph":[{"@type":"WebPage","@id":"https:\/\/www.studiogatto.es\/fr\/avis-juridique\/","url":"https:\/\/www.studiogatto.es\/fr\/avis-juridique\/","name":"Avis juridique","isPartOf":{"@id":"https:\/\/www.studiogatto.es\/fr\/#website"},"datePublished":"2023-08-30T07:35:09+00:00","dateModified":"2023-08-30T07:35:17+00:00","breadcrumb":{"@id":"https:\/\/www.studiogatto.es\/fr\/avis-juridique\/#breadcrumb"},"inLanguage":"fr-FR","potentialAction":[{"@type":"ReadAction","target":["https:\/\/www.studiogatto.es\/fr\/avis-juridique\/"]}]},{"@type":"BreadcrumbList","@id":"https:\/\/www.studiogatto.es\/fr\/avis-juridique\/#breadcrumb","itemListElement":[{"@type":"ListItem","position":1,"name":"Portada","item":"https:\/\/www.studiogatto.es\/fr\/"},{"@type":"ListItem","position":2,"name":"Avis juridique"}]},{"@type":"WebSite","@id":"https:\/\/www.studiogatto.es\/fr\/#website","url":"https:\/\/www.studiogatto.es\/fr\/","name":"Studio Gatto - Reformas, Cocinas, Ba\u00f1os","description":"Reformas integrales de Cocinas y ba\u00f1os. Interiorismo. Dise\u00f1o.","publisher":{"@id":"https:\/\/www.studiogatto.es\/fr\/#organization"},"potentialAction":[{"@type":"SearchAction","target":{"@type":"EntryPoint","urlTemplate":"https:\/\/www.studiogatto.es\/fr\/?s={search_term_string}"},"query-input":{"@type":"PropertyValueSpecification","valueRequired":true,"valueName":"search_term_string"}}],"inLanguage":"fr-FR"},{"@type":"Organization","@id":"https:\/\/www.studiogatto.es\/fr\/#organization","name":"Studio Gatto","url":"https:\/\/www.studiogatto.es\/fr\/","logo":{"@type":"ImageObject","inLanguage":"fr-FR","@id":"https:\/\/www.studiogatto.es\/fr\/#\/schema\/logo\/image\/","url":"https:\/\/www.studiogatto.es\/wp-content\/uploads\/Nuevo-logotipo.jpg","contentUrl":"https:\/\/www.studiogatto.es\/wp-content\/uploads\/Nuevo-logotipo.jpg","width":300,"height":167,"caption":"Studio Gatto"},"image":{"@id":"https:\/\/www.studiogatto.es\/fr\/#\/schema\/logo\/image\/"},"sameAs":["https:\/\/www.facebook.com\/studiogattocucine","https:\/\/x.com\/studiogattosl"]}]}},"_links":{"self":[{"href":"https:\/\/www.studiogatto.es\/fr\/wp-json\/wp\/v2\/pages\/45702","targetHints":{"allow":["GET"]}}],"collection":[{"href":"https:\/\/www.studiogatto.es\/fr\/wp-json\/wp\/v2\/pages"}],"about":[{"href":"https:\/\/www.studiogatto.es\/fr\/wp-json\/wp\/v2\/types\/page"}],"author":[{"embeddable":true,"href":"https:\/\/www.studiogatto.es\/fr\/wp-json\/wp\/v2\/users\/1"}],"replies":[{"embeddable":true,"href":"https:\/\/www.studiogatto.es\/fr\/wp-json\/wp\/v2\/comments?post=45702"}],"version-history":[{"count":0,"href":"https:\/\/www.studiogatto.es\/fr\/wp-json\/wp\/v2\/pages\/45702\/revisions"}],"wp:attachment":[{"href":"https:\/\/www.studiogatto.es\/fr\/wp-json\/wp\/v2\/media?parent=45702"}],"curies":[{"name":"wp","href":"https:\/\/api.w.org\/{rel}","templated":true}]}}