{"id":45700,"date":"2023-08-30T09:35:08","date_gmt":"2023-08-30T07:35:08","guid":{"rendered":"https:\/\/www.studiogatto.es\/naturamia\/"},"modified":"2023-08-30T09:35:18","modified_gmt":"2023-08-30T07:35:18","slug":"naturamia","status":"publish","type":"page","link":"https:\/\/www.studiogatto.es\/fr\/naturamia\/","title":{"rendered":"Naturamia"},"content":{"rendered":"<p>[et_pb_section fb_built=\u00a0\u00bb1&Prime; _builder_version=\u00a0\u00bb3.22.3&Prime; custom_padding=\u00a0\u00bb54px|0px|0|0px|false|false\u00a0\u00bb][et_pb_row _builder_version=\u00a0\u00bb3.25&Prime; custom_padding=\u00a0\u00bb27px|0px|0|0px|false|false\u00a0\u00bb][et_pb_column type=\u00a0\u00bb4_4&Prime; _builder_version=\u00a0\u00bb3.25&Prime; custom_padding=\u00a0\u00bb|||\u00a0\u00bb custom_padding__hover=\u00a0\u00bb|||\u00a0\u00bb][et_pb_text _builder_version=\u00a0\u00bb3.27.4&Prime; text_font=\u00a0\u00bb||||||||\u00a0\u00bb text_orientation=\u00a0\u00bbcenter\u00a0\u00bb custom_margin=\u00a0\u00bb||-1px|||\u00a0\u00bb header_font_size_tablet=\u00a0\u00bb\u00a0\u00bb header_font_size_phone=\u00a0\u00bb35px\u00a0\u00bb header_font_size_last_edited=\u00a0\u00bbon|phone\u00a0\u00bb]<\/p>\n<h1><span style=\"vertical-align: inherit;\"><span style=\"vertical-align: inherit;\"><span style=\"vertical-align: inherit;\"><span style=\"vertical-align: inherit;\"><span style=\"vertical-align: inherit;\"><span style=\"vertical-align: inherit;\"><span>NATURAMIE<\/span><\/span><\/span><\/span><\/span><\/span><\/span><\/h1>\n<p>&nbsp;<\/p>\n<p>[\/et_pb_text][et_pb_image src=\u00a0\u00bbhttps:\/\/www.studiogatto.es\/wp-content\/uploads\/levantina.jpg\u00a0\u00bb title_text=\u00a0\u00bbLevantine\u00a0\u00bb align=\u00a0\u00bbcenter\u00a0\u00bb _builder_version=\u00a0\u00bb4.4.4&Prime;][\/et_pb_image][\/et_pb_column][\/et_pb_row][\/et_pb_section][et_pb_section fb_built=\u00a0\u00bb1&Prime; _builder_version=\u00a0\u00bb3.22.3&Prime; custom_padding=\u00a0\u00bb50px|0|54px|0px|false|false\u00a0\u00bb][et_pb_row _builder_version=\u00a0\u00bb4.4.4&Prime; custom_margin=\u00a0\u00bb||0px||false|false\u00a0\u00bb custom_padding=\u00a0\u00bb0|0px|0px|0px|false|false\u00a0\u00bb][et_pb_column type=\u00a0\u00bb4_4&Prime; _builder_version=\u00a0\u00bb3.25&Prime; custom_padding=\u00a0\u00bb|||\u00a0\u00bb custom_padding__hover=\u00a0\u00bb|||\u00a0\u00bb][\/et_pb_column][\/et_pb_row][et_pb_row column_structure=\u00a0\u00bb1_2,1_2&Prime; _builder_version=\u00a0\u00bb3.25&Prime; custom_padding=\u00a0\u00bb27px|0px|0|0px|false|false\u00a0\u00bb][et_pb_column type=\u00a0\u00bb1_2&Prime; _builder_version=\u00a0\u00bb3.25&Prime; custom_padding=\u00a0\u00bb|||\u00a0\u00bb custom_padding__hover=\u00a0\u00bb|||\u00a0\u00bb][et_pb_text _builder_version=\u00a0\u00bb4.4.4&Prime; text_font=\u00a0\u00bb||||||||\u00a0\u00bb min_height=\u00a0\u00bb78px\u00a0\u00bb]<\/p>\n<p>La pr\u00e9sence de la pierre naturelle dans sa myriade de vari\u00e9t\u00e9s rehausse la qualit\u00e9 vibrante de tout int\u00e9rieur. Naturamia\u00ae atteint le niveau le plus \u00e9lev\u00e9.<\/p>\n<div class=\"style02 module_content\">\n<div class=\"col10-bd col11-ld col11 col12-sd col8-lt col8-st col4-lm col4-sm single_col module_content_block\">\n<div class=\"module_description text09\"><\/div>\n<div class=\"module_description text09\"><\/div>\n<\/div>\n<\/div>\n<p>[\/et_pb_text][\/et_pb_column][et_pb_column type=\u00a0\u00bb1_2&Prime; _builder_version=\u00a0\u00bb3.25&Prime; custom_padding=\u00a0\u00bb|||\u00a0\u00bb custom_padding__hover=\u00a0\u00bb|||\u00a0\u00bb][et_pb_text _builder_version=\u00a0\u00bb4.4.4&Prime; text_font=\u00a0\u00bb||||||||\u00a0\u00bb min_height=\u00a0\u00bb78px\u00a0\u00bb]<\/p>\n<p><span>des \u00e9l\u00e9ments de granit et d&rsquo;autres pierres qui vont au-del\u00e0 des classiques, g\u00e9n\u00e9rant des surfaces innovantes avec une force d\u00e9corative difficile \u00e0 battre. Sa pr\u00e9sence transforme les espaces en atmosph\u00e8res exclusives et diff\u00e9renci\u00e9es.<\/span><\/p>\n<div class=\"style02 module_content\">\n<div class=\"col10-bd col11-ld col11 col12-sd col8-lt col8-st col4-lm col4-sm single_col module_content_block\">\n<div class=\"module_description text09\"><\/div>\n<div class=\"module_description text09\"><\/div>\n<\/div>\n<\/div>\n<p>[\/et_pb_text][\/et_pb_column][\/et_pb_row][et_pb_row _builder_version=\u00a0\u00bb4.4.4&Prime; custom_margin=\u00a0\u00bb-233px|auto||auto||\u00a0\u00bb][et_pb_column type=\u00a0\u00bb4_4&Prime; _builder_version=\u00a0\u00bb4.4.4&Prime;][\/et_pb_column][\/et_pb_row][\/et_pb_section][et_pb_section fb_built=\u00a0\u00bb1&Prime; _builder_version=\u00a0\u00bb4.4.4&Prime; background_color=\u00a0\u00bb#f7f6f3&Prime; background_enable_image=\u00a0\u00bboff\u00a0\u00bb background_blend=\u00a0\u00bbscreen\u00a0\u00bb min_height=\u00a0\u00bb228px\u00a0\u00bb][et_pb_row _builder_version=\u00a0\u00bb3.25&Prime; max_width=\u00a0\u00bb1200px\u00a0\u00bb custom_padding=\u00a0\u00bb22px|||||\u00a0\u00bb][et_pb_column type=\u00a0\u00bb4_4&Prime; _builder_version=\u00a0\u00bb3.25&Prime; custom_padding=\u00a0\u00bb|||\u00a0\u00bb custom_padding__hover=\u00a0\u00bb|||\u00a0\u00bb][et_pb_text _builder_version=\u00a0\u00bb4.4.4&Prime;]\n\t\t<style type=\"text\/css\">\n\t\t\t#gallery-1 {\n\t\t\t\tmargin: auto;\n\t\t\t}\n\t\t\t#gallery-1 .gallery-item {\n\t\t\t\tfloat: left;\n\t\t\t\tmargin-top: 10px;\n\t\t\t\ttext-align: center;\n\t\t\t\twidth: 33%;\n\t\t\t}\n\t\t\t#gallery-1 img {\n\t\t\t\tborder: 2px solid #cfcfcf;\n\t\t\t}\n\t\t\t#gallery-1 .gallery-caption {\n\t\t\t\tmargin-left: 0;\n\t\t\t}\n\t\t\t\/* see gallery_shortcode() in wp-includes\/media.php *\/\n\t\t<\/style>\n\t\t<div id='gallery-1' class='gallery galleryid-45700 gallery-columns-3 gallery-size-large'><dl class='gallery-item'>\n\t\t\t<dt class='gallery-icon landscape'>\n\t\t\t\t<a href='https:\/\/www.studiogatto.es\/fr\/lara-cocina-integracion-mue\/'><img loading=\"lazy\" decoding=\"async\" width=\"1024\" height=\"518\" src=\"https:\/\/www.studiogatto.es\/wp-content\/uploads\/LARA-cocina-INTEGRACION-Mue-1024x518.jpg\" class=\"attachment-large size-large\" alt=\"\" srcset=\"https:\/\/www.studiogatto.es\/wp-content\/uploads\/LARA-cocina-INTEGRACION-Mue-980x496.jpg 980w, https:\/\/www.studiogatto.es\/wp-content\/uploads\/LARA-cocina-INTEGRACION-Mue-480x243.jpg 480w\" sizes=\"(min-width: 0px) and (max-width: 480px) 480px, (min-width: 481px) and (max-width: 980px) 980px, (min-width: 981px) 1024px, 100vw\" \/><\/a>\n\t\t\t<\/dt><\/dl><dl class='gallery-item'>\n\t\t\t<dt class='gallery-icon landscape'>\n\t\t\t\t<a href='https:\/\/www.studiogatto.es\/fr\/inspiracion_isladecocina_destacada\/'><img loading=\"lazy\" decoding=\"async\" width=\"1024\" height=\"518\" src=\"https:\/\/www.studiogatto.es\/wp-content\/uploads\/inspiracion_isladecocina_destacada-1024x518.jpg\" class=\"attachment-large size-large\" alt=\"\" srcset=\"https:\/\/www.studiogatto.es\/wp-content\/uploads\/inspiracion_isladecocina_destacada-980x496.jpg 980w, https:\/\/www.studiogatto.es\/wp-content\/uploads\/inspiracion_isladecocina_destacada-480x243.jpg 480w\" sizes=\"(min-width: 0px) and (max-width: 480px) 480px, (min-width: 481px) and (max-width: 980px) 980px, (min-width: 981px) 1024px, 100vw\" \/><\/a>\n\t\t\t<\/dt><\/dl><dl class='gallery-item'>\n\t\t\t<dt class='gallery-icon landscape'>\n\t\t\t\t<a href='https:\/\/www.studiogatto.es\/fr\/inspiracion_encimeradegranitogris_destacada\/'><img loading=\"lazy\" decoding=\"async\" width=\"1024\" height=\"518\" src=\"https:\/\/www.studiogatto.es\/wp-content\/uploads\/inspiracion_encimeradegranitogris_destacada-1024x518.jpg\" class=\"attachment-large size-large\" alt=\"\" srcset=\"https:\/\/www.studiogatto.es\/wp-content\/uploads\/inspiracion_encimeradegranitogris_destacada-980x496.jpg 980w, https:\/\/www.studiogatto.es\/wp-content\/uploads\/inspiracion_encimeradegranitogris_destacada-480x243.jpg 480w\" sizes=\"(min-width: 0px) and (max-width: 480px) 480px, (min-width: 481px) and (max-width: 980px) 980px, (min-width: 981px) 1024px, 100vw\" \/><\/a>\n\t\t\t<\/dt><\/dl><br style=\"clear: both\" \/><dl class='gallery-item'>\n\t\t\t<dt class='gallery-icon landscape'>\n\t\t\t\t<a href='https:\/\/www.studiogatto.es\/fr\/inspiracion_encimeradegranitoblanco_destacada\/'><img loading=\"lazy\" decoding=\"async\" width=\"1024\" height=\"518\" src=\"https:\/\/www.studiogatto.es\/wp-content\/uploads\/inspiracion_encimeradegranitoblanco_destacada-1024x518.jpg\" class=\"attachment-large size-large\" alt=\"\" srcset=\"https:\/\/www.studiogatto.es\/wp-content\/uploads\/inspiracion_encimeradegranitoblanco_destacada-980x496.jpg 980w, https:\/\/www.studiogatto.es\/wp-content\/uploads\/inspiracion_encimeradegranitoblanco_destacada-480x243.jpg 480w\" sizes=\"(min-width: 0px) and (max-width: 480px) 480px, (min-width: 481px) and (max-width: 980px) 980px, (min-width: 981px) 1024px, 100vw\" \/><\/a>\n\t\t\t<\/dt><\/dl><dl class='gallery-item'>\n\t\t\t<dt class='gallery-icon landscape'>\n\t\t\t\t<a href='https:\/\/www.studiogatto.es\/fr\/inspiracion_cocinaminimalista_destacada\/'><img loading=\"lazy\" decoding=\"async\" width=\"1024\" height=\"518\" src=\"https:\/\/www.studiogatto.es\/wp-content\/uploads\/inspiracion_cocinaminimalista_destacada-1024x518.jpg\" class=\"attachment-large size-large\" alt=\"\" srcset=\"https:\/\/www.studiogatto.es\/wp-content\/uploads\/inspiracion_cocinaminimalista_destacada-980x496.jpg 980w, https:\/\/www.studiogatto.es\/wp-content\/uploads\/inspiracion_cocinaminimalista_destacada-480x243.jpg 480w\" sizes=\"(min-width: 0px) and (max-width: 480px) 480px, (min-width: 481px) and (max-width: 980px) 980px, (min-width: 981px) 1024px, 100vw\" \/><\/a>\n\t\t\t<\/dt><\/dl><dl class='gallery-item'>\n\t\t\t<dt class='gallery-icon landscape'>\n\t\t\t\t<a href='https:\/\/www.studiogatto.es\/fr\/encimeras-de-granito_5\/'><img loading=\"lazy\" decoding=\"async\" width=\"1024\" height=\"518\" src=\"https:\/\/www.studiogatto.es\/wp-content\/uploads\/encimeras-de-granito_5-1024x518.jpg\" class=\"attachment-large size-large\" alt=\"\" srcset=\"https:\/\/www.studiogatto.es\/wp-content\/uploads\/encimeras-de-granito_5-980x496.jpg 980w, https:\/\/www.studiogatto.es\/wp-content\/uploads\/encimeras-de-granito_5-480x243.jpg 480w\" sizes=\"(min-width: 0px) and (max-width: 480px) 480px, (min-width: 481px) and (max-width: 980px) 980px, (min-width: 981px) 1024px, 100vw\" \/><\/a>\n\t\t\t<\/dt><\/dl><br style=\"clear: both\" \/><dl class='gallery-item'>\n\t\t\t<dt class='gallery-icon landscape'>\n\t\t\t\t<a href='https:\/\/www.studiogatto.es\/fr\/encimeras-de-cocina_nuevo\/'><img loading=\"lazy\" decoding=\"async\" width=\"1024\" height=\"518\" src=\"https:\/\/www.studiogatto.es\/wp-content\/uploads\/encimeras-de-cocina_nuevo-1024x518.jpg\" class=\"attachment-large size-large\" alt=\"\" srcset=\"https:\/\/www.studiogatto.es\/wp-content\/uploads\/encimeras-de-cocina_nuevo-980x496.jpg 980w, https:\/\/www.studiogatto.es\/wp-content\/uploads\/encimeras-de-cocina_nuevo-480x243.jpg 480w\" sizes=\"(min-width: 0px) and (max-width: 480px) 480px, (min-width: 481px) and (max-width: 980px) 980px, (min-width: 981px) 1024px, 100vw\" \/><\/a>\n\t\t\t<\/dt><\/dl><dl class='gallery-item'>\n\t\t\t<dt class='gallery-icon landscape'>\n\t\t\t\t<a href='https:\/\/www.studiogatto.es\/fr\/encimera-de-granito-y-porcelanico\/'><img loading=\"lazy\" decoding=\"async\" width=\"1024\" height=\"518\" src=\"https:\/\/www.studiogatto.es\/wp-content\/uploads\/encimera-de-granito-y-porcelanico-1024x518.jpg\" class=\"attachment-large size-large\" alt=\"\" srcset=\"https:\/\/www.studiogatto.es\/wp-content\/uploads\/encimera-de-granito-y-porcelanico-980x496.jpg 980w, https:\/\/www.studiogatto.es\/wp-content\/uploads\/encimera-de-granito-y-porcelanico-480x243.jpg 480w\" sizes=\"(min-width: 0px) and (max-width: 480px) 480px, (min-width: 481px) and (max-width: 980px) 980px, (min-width: 981px) 1024px, 100vw\" \/><\/a>\n\t\t\t<\/dt><\/dl><dl class='gallery-item'>\n\t\t\t<dt class='gallery-icon landscape'>\n\t\t\t\t<a href='https:\/\/www.studiogatto.es\/fr\/cocina-moderna\/'><img loading=\"lazy\" decoding=\"async\" width=\"1024\" height=\"518\" src=\"https:\/\/www.studiogatto.es\/wp-content\/uploads\/cocina-moderna-1024x518.jpg\" class=\"attachment-large size-large\" alt=\"\" srcset=\"https:\/\/www.studiogatto.es\/wp-content\/uploads\/cocina-moderna-980x496.jpg 980w, https:\/\/www.studiogatto.es\/wp-content\/uploads\/cocina-moderna-480x243.jpg 480w\" sizes=\"(min-width: 0px) and (max-width: 480px) 480px, (min-width: 481px) and (max-width: 980px) 980px, (min-width: 981px) 1024px, 100vw\" \/><\/a>\n\t\t\t<\/dt><\/dl><br style=\"clear: both\" \/>\n\t\t<\/div>\n[\/et_pb_text][\/et_pb_column][\/et_pb_row][et_pb_row _builder_version=\u00a0\u00bb4.4.4&Prime;][et_pb_column _builder_version=\u00a0\u00bb4.4.4&Prime; type=\u00a0\u00bb4_4&Prime;][et_pb_text _builder_version=\u00a0\u00bb4.4.4&Prime; link_option_url=\u00a0\u00bbhttps:\/\/www.levantina.com\/es\/producto\/naturamia-collection\/\u00a0\u00bb hover_enabled=\u00a0\u00bb0&Prime;]<\/p>\n<p style=\"text-align: center;\">+info<\/p>\n<p>[\/et_pb_text][\/et_pb_column][\/et_pb_row][\/et_pb_section]<\/p>\n","protected":false},"excerpt":{"rendered":"<p>NATURAMIE &nbsp;La pr\u00e9sence de la pierre naturelle dans sa myriade de vari\u00e9t\u00e9s rehausse la qualit\u00e9 vibrante de tout int\u00e9rieur. Naturamia\u00ae atteint le niveau le plus \u00e9lev\u00e9. des \u00e9l\u00e9ments de granit et d&rsquo;autres pierres qui vont au-del\u00e0 des classiques, g\u00e9n\u00e9rant des surfaces innovantes avec une force d\u00e9corative difficile \u00e0 battre. Sa pr\u00e9sence transforme les espaces en [&hellip;]<\/p>\n","protected":false},"author":2,"featured_media":0,"parent":0,"menu_order":0,"comment_status":"closed","ping_status":"closed","template":"","meta":{"_et_pb_use_builder":"on","_et_pb_old_content":"","_et_gb_content_width":"","footnotes":""},"class_list":["post-45700","page","type-page","status-publish","hentry"],"yoast_head":"<!-- This site is optimized with the Yoast SEO plugin v27.4 - https:\/\/yoast.com\/product\/yoast-seo-wordpress\/ -->\n<title>Plans de travail Naturamia Plans de travail chez Studio Gatto Cocinas<\/title>\n<meta name=\"description\" content=\"Les nuances de la pierre naturelle Naturamia se fondent harmonieusement dans les mod\u00e8les Naturamia, cr\u00e9ant des cartes aux contrastes saisissants.\" \/>\n<meta name=\"robots\" content=\"index, follow, max-snippet:-1, max-image-preview:large, max-video-preview:-1\" \/>\n<link rel=\"canonical\" href=\"https:\/\/www.studiogatto.es\/fr\/naturamia\/\" \/>\n<meta property=\"og:locale\" content=\"fr_FR\" \/>\n<meta property=\"og:type\" content=\"article\" \/>\n<meta property=\"og:title\" content=\"Plans de travail Naturamia Plans de travail chez Studio Gatto Cocinas\" \/>\n<meta property=\"og:description\" content=\"Les nuances de la pierre naturelle Naturamia se fondent harmonieusement dans les mod\u00e8les Naturamia, cr\u00e9ant des cartes aux contrastes saisissants.\" \/>\n<meta property=\"og:url\" content=\"https:\/\/www.studiogatto.es\/fr\/naturamia\/\" \/>\n<meta property=\"og:site_name\" content=\"Studio Gatto - Reformas, Cocinas, Ba\u00f1os\" \/>\n<meta property=\"article:publisher\" content=\"https:\/\/www.facebook.com\/studiogattocucine\" \/>\n<meta property=\"article:modified_time\" content=\"2023-08-30T07:35:18+00:00\" \/>\n<meta property=\"og:image\" content=\"https:\/\/www.studiogatto.es\/wp-content\/uploads\/LARA-cocina-INTEGRACION-Mue-1024x518.jpg\" \/>\n<meta name=\"twitter:card\" content=\"summary_large_image\" \/>\n<meta name=\"twitter:site\" content=\"@studiogattosl\" \/>\n<meta name=\"twitter:label1\" content=\"Dur\u00e9e de lecture estim\u00e9e\" \/>\n\t<meta name=\"twitter:data1\" content=\"2 minutes\" \/>\n<script type=\"application\/ld+json\" class=\"yoast-schema-graph\">{\"@context\":\"https:\\\/\\\/schema.org\",\"@graph\":[{\"@type\":\"WebPage\",\"@id\":\"https:\\\/\\\/www.studiogatto.es\\\/fr\\\/naturamia\\\/\",\"url\":\"https:\\\/\\\/www.studiogatto.es\\\/fr\\\/naturamia\\\/\",\"name\":\"Plans de travail Naturamia Plans de travail chez Studio Gatto Cocinas\",\"isPartOf\":{\"@id\":\"https:\\\/\\\/www.studiogatto.es\\\/fr\\\/#website\"},\"datePublished\":\"2023-08-30T07:35:08+00:00\",\"dateModified\":\"2023-08-30T07:35:18+00:00\",\"description\":\"Les nuances de la pierre naturelle Naturamia se fondent harmonieusement dans les mod\u00e8les Naturamia, cr\u00e9ant des cartes aux contrastes saisissants.\",\"breadcrumb\":{\"@id\":\"https:\\\/\\\/www.studiogatto.es\\\/fr\\\/naturamia\\\/#breadcrumb\"},\"inLanguage\":\"fr-FR\",\"potentialAction\":[{\"@type\":\"ReadAction\",\"target\":[\"https:\\\/\\\/www.studiogatto.es\\\/fr\\\/naturamia\\\/\"]}]},{\"@type\":\"BreadcrumbList\",\"@id\":\"https:\\\/\\\/www.studiogatto.es\\\/fr\\\/naturamia\\\/#breadcrumb\",\"itemListElement\":[{\"@type\":\"ListItem\",\"position\":1,\"name\":\"Portada\",\"item\":\"https:\\\/\\\/www.studiogatto.es\\\/fr\\\/\"},{\"@type\":\"ListItem\",\"position\":2,\"name\":\"Naturamia\"}]},{\"@type\":\"WebSite\",\"@id\":\"https:\\\/\\\/www.studiogatto.es\\\/fr\\\/#website\",\"url\":\"https:\\\/\\\/www.studiogatto.es\\\/fr\\\/\",\"name\":\"Studio Gatto - Reformas, Cocinas, Ba\u00f1os\",\"description\":\"Reformas integrales de Cocinas y ba\u00f1os. Interiorismo. Dise\u00f1o.\",\"publisher\":{\"@id\":\"https:\\\/\\\/www.studiogatto.es\\\/fr\\\/#organization\"},\"potentialAction\":[{\"@type\":\"SearchAction\",\"target\":{\"@type\":\"EntryPoint\",\"urlTemplate\":\"https:\\\/\\\/www.studiogatto.es\\\/fr\\\/?s={search_term_string}\"},\"query-input\":{\"@type\":\"PropertyValueSpecification\",\"valueRequired\":true,\"valueName\":\"search_term_string\"}}],\"inLanguage\":\"fr-FR\"},{\"@type\":\"Organization\",\"@id\":\"https:\\\/\\\/www.studiogatto.es\\\/fr\\\/#organization\",\"name\":\"Studio Gatto\",\"url\":\"https:\\\/\\\/www.studiogatto.es\\\/fr\\\/\",\"logo\":{\"@type\":\"ImageObject\",\"inLanguage\":\"fr-FR\",\"@id\":\"https:\\\/\\\/www.studiogatto.es\\\/fr\\\/#\\\/schema\\\/logo\\\/image\\\/\",\"url\":\"https:\\\/\\\/www.studiogatto.es\\\/wp-content\\\/uploads\\\/Nuevo-logotipo.jpg\",\"contentUrl\":\"https:\\\/\\\/www.studiogatto.es\\\/wp-content\\\/uploads\\\/Nuevo-logotipo.jpg\",\"width\":300,\"height\":167,\"caption\":\"Studio Gatto\"},\"image\":{\"@id\":\"https:\\\/\\\/www.studiogatto.es\\\/fr\\\/#\\\/schema\\\/logo\\\/image\\\/\"},\"sameAs\":[\"https:\\\/\\\/www.facebook.com\\\/studiogattocucine\",\"https:\\\/\\\/x.com\\\/studiogattosl\"]}]}<\/script>\n<!-- \/ Yoast SEO plugin. -->","yoast_head_json":{"title":"Plans de travail Naturamia Plans de travail chez Studio Gatto Cocinas","description":"Les nuances de la pierre naturelle Naturamia se fondent harmonieusement dans les mod\u00e8les Naturamia, cr\u00e9ant des cartes aux contrastes saisissants.","robots":{"index":"index","follow":"follow","max-snippet":"max-snippet:-1","max-image-preview":"max-image-preview:large","max-video-preview":"max-video-preview:-1"},"canonical":"https:\/\/www.studiogatto.es\/fr\/naturamia\/","og_locale":"fr_FR","og_type":"article","og_title":"Plans de travail Naturamia Plans de travail chez Studio Gatto Cocinas","og_description":"Les nuances de la pierre naturelle Naturamia se fondent harmonieusement dans les mod\u00e8les Naturamia, cr\u00e9ant des cartes aux contrastes saisissants.","og_url":"https:\/\/www.studiogatto.es\/fr\/naturamia\/","og_site_name":"Studio Gatto - Reformas, Cocinas, Ba\u00f1os","article_publisher":"https:\/\/www.facebook.com\/studiogattocucine","article_modified_time":"2023-08-30T07:35:18+00:00","og_image":[{"url":"https:\/\/www.studiogatto.es\/wp-content\/uploads\/LARA-cocina-INTEGRACION-Mue-1024x518.jpg","type":"","width":"","height":""}],"twitter_card":"summary_large_image","twitter_site":"@studiogattosl","twitter_misc":{"Dur\u00e9e de lecture estim\u00e9e":"2 minutes"},"schema":{"@context":"https:\/\/schema.org","@graph":[{"@type":"WebPage","@id":"https:\/\/www.studiogatto.es\/fr\/naturamia\/","url":"https:\/\/www.studiogatto.es\/fr\/naturamia\/","name":"Plans de travail Naturamia Plans de travail chez Studio Gatto Cocinas","isPartOf":{"@id":"https:\/\/www.studiogatto.es\/fr\/#website"},"datePublished":"2023-08-30T07:35:08+00:00","dateModified":"2023-08-30T07:35:18+00:00","description":"Les nuances de la pierre naturelle Naturamia se fondent harmonieusement dans les mod\u00e8les Naturamia, cr\u00e9ant des cartes aux contrastes saisissants.","breadcrumb":{"@id":"https:\/\/www.studiogatto.es\/fr\/naturamia\/#breadcrumb"},"inLanguage":"fr-FR","potentialAction":[{"@type":"ReadAction","target":["https:\/\/www.studiogatto.es\/fr\/naturamia\/"]}]},{"@type":"BreadcrumbList","@id":"https:\/\/www.studiogatto.es\/fr\/naturamia\/#breadcrumb","itemListElement":[{"@type":"ListItem","position":1,"name":"Portada","item":"https:\/\/www.studiogatto.es\/fr\/"},{"@type":"ListItem","position":2,"name":"Naturamia"}]},{"@type":"WebSite","@id":"https:\/\/www.studiogatto.es\/fr\/#website","url":"https:\/\/www.studiogatto.es\/fr\/","name":"Studio Gatto - Reformas, Cocinas, Ba\u00f1os","description":"Reformas integrales de Cocinas y ba\u00f1os. Interiorismo. Dise\u00f1o.","publisher":{"@id":"https:\/\/www.studiogatto.es\/fr\/#organization"},"potentialAction":[{"@type":"SearchAction","target":{"@type":"EntryPoint","urlTemplate":"https:\/\/www.studiogatto.es\/fr\/?s={search_term_string}"},"query-input":{"@type":"PropertyValueSpecification","valueRequired":true,"valueName":"search_term_string"}}],"inLanguage":"fr-FR"},{"@type":"Organization","@id":"https:\/\/www.studiogatto.es\/fr\/#organization","name":"Studio Gatto","url":"https:\/\/www.studiogatto.es\/fr\/","logo":{"@type":"ImageObject","inLanguage":"fr-FR","@id":"https:\/\/www.studiogatto.es\/fr\/#\/schema\/logo\/image\/","url":"https:\/\/www.studiogatto.es\/wp-content\/uploads\/Nuevo-logotipo.jpg","contentUrl":"https:\/\/www.studiogatto.es\/wp-content\/uploads\/Nuevo-logotipo.jpg","width":300,"height":167,"caption":"Studio Gatto"},"image":{"@id":"https:\/\/www.studiogatto.es\/fr\/#\/schema\/logo\/image\/"},"sameAs":["https:\/\/www.facebook.com\/studiogattocucine","https:\/\/x.com\/studiogattosl"]}]}},"_links":{"self":[{"href":"https:\/\/www.studiogatto.es\/fr\/wp-json\/wp\/v2\/pages\/45700","targetHints":{"allow":["GET"]}}],"collection":[{"href":"https:\/\/www.studiogatto.es\/fr\/wp-json\/wp\/v2\/pages"}],"about":[{"href":"https:\/\/www.studiogatto.es\/fr\/wp-json\/wp\/v2\/types\/page"}],"author":[{"embeddable":true,"href":"https:\/\/www.studiogatto.es\/fr\/wp-json\/wp\/v2\/users\/2"}],"replies":[{"embeddable":true,"href":"https:\/\/www.studiogatto.es\/fr\/wp-json\/wp\/v2\/comments?post=45700"}],"version-history":[{"count":0,"href":"https:\/\/www.studiogatto.es\/fr\/wp-json\/wp\/v2\/pages\/45700\/revisions"}],"wp:attachment":[{"href":"https:\/\/www.studiogatto.es\/fr\/wp-json\/wp\/v2\/media?parent=45700"}],"curies":[{"name":"wp","href":"https:\/\/api.w.org\/{rel}","templated":true}]}}