{"id":45699,"date":"2023-08-30T09:35:08","date_gmt":"2023-08-30T07:35:08","guid":{"rendered":"https:\/\/www.studiogatto.es\/blaupunkt\/"},"modified":"2023-08-30T09:35:17","modified_gmt":"2023-08-30T07:35:17","slug":"blaupunkt","status":"publish","type":"page","link":"https:\/\/www.studiogatto.es\/fr\/blaupunkt\/","title":{"rendered":"Blaupunkt"},"content":{"rendered":"<p>[et_pb_section fb_built=\u00a0\u00bb1&Prime; _builder_version=\u00a0\u00bb4.4.4&Prime; da_disable_devices=\u00a0\u00bboff|off|off\u00a0\u00bb global_colors_info=\u00a0\u00bb{}\u00a0\u00bb da_is_popup=\u00a0\u00bboff\u00a0\u00bb da_exit_intent=\u00a0\u00bboff\u00a0\u00bb da_has_close=\u00a0\u00bbon\u00a0\u00bb da_alt_close=\u00a0\u00bboff\u00a0\u00bb da_dark_close=\u00a0\u00bboff\u00a0\u00bb da_not_modal=\u00a0\u00bbon\u00a0\u00bb da_is_singular=\u00a0\u00bboff\u00a0\u00bb da_with_loader=\u00a0\u00bboff\u00a0\u00bb da_has_shadow=\u00a0\u00bbon\u00a0\u00bb][et_pb_row _builder_version=\u00a0\u00bb4.4.4&Prime; global_colors_info=\u00a0\u00bb{}\u00a0\u00bb][et_pb_column type=\u00a0\u00bb4_4&Prime; _builder_version=\u00a0\u00bb4.4.4&Prime; global_colors_info=\u00a0\u00bb{}\u00a0\u00bb][et_pb_slider show_content_on_mobile=\u00a0\u00bboff\u00a0\u00bb show_cta_on_mobile=\u00a0\u00bboff\u00a0\u00bb disabled_on=\u00a0\u00bboff|off|off\u00a0\u00bb _builder_version=\u00a0\u00bb4.14.7&Prime; body_text_align=\u00a0\u00bbcenter\u00a0\u00bb min_height=\u00a0\u00bb437px\u00a0\u00bb height=\u00a0\u00bb425px\u00a0\u00bb custom_margin=\u00a0\u00bb0px||0px||false|false\u00a0\u00bb custom_padding=\u00a0\u00bb0px||160px||false|false\u00a0\u00bb auto=\u00a0\u00bbon\u00a0\u00bb hover_transition_duration=\u00a0\u00bb50ms\u00a0\u00bb background_last_edited=\u00a0\u00bbon|desktop\u00a0\u00bb db_height=\u00a0\u00bb556px\u00a0\u00bb locked=\u00a0\u00bboff\u00a0\u00bb global_colors_info=\u00a0\u00bb{}\u00a0\u00bb][et_pb_slide video_url=\u00a0\u00bbhttps:\/\/www.studiogatto.es\/wp-content\/uploads\/0c051f57a66c4fdb94f89d4fc554dbfb.mov\u00a0\u00bb _builder_version=\u00a0\u00bb4.14.7&Prime; background_enable_color=\u00a0\u00bboff\u00a0\u00bb background_image=\u00a0\u00bbhttps:\/\/www.studiogatto.es\/wp-content\/uploads\/BP_Web_Header_Kuehlgeraete.jpg\u00a0\u00bb background_enable_image=\u00a0\u00bbon\u00a0\u00bb locked=\u00a0\u00bboff\u00a0\u00bb global_colors_info=\u00a0\u00bb{}\u00a0\u00bb sticky_transition=\u00a0\u00bbon\u00a0\u00bb][\/et_pb_slide][et_pb_slide video_url=\u00a0\u00bbhttps:\/\/www.studiogatto.es\/wp-content\/uploads\/0c051f57a66c4fdb94f89d4fc554dbfb.mov\u00a0\u00bb _builder_version=\u00a0\u00bb4.14.7&Prime; background_enable_color=\u00a0\u00bboff\u00a0\u00bb background_image=\u00a0\u00bbhttps:\/\/www.studiogatto.es\/wp-content\/uploads\/BP_Web_Header_Spuelmaschine.jpg\u00a0\u00bb background_enable_image=\u00a0\u00bbon\u00a0\u00bb locked=\u00a0\u00bboff\u00a0\u00bb global_colors_info=\u00a0\u00bb{}\u00a0\u00bb sticky_transition=\u00a0\u00bbon\u00a0\u00bb][\/et_pb_slide][et_pb_slide video_url=\u00a0\u00bbhttps:\/\/www.studiogatto.es\/wp-content\/uploads\/0c051f57a66c4fdb94f89d4fc554dbfb.mov\u00a0\u00bb _builder_version=\u00a0\u00bb4.14.7&Prime; background_enable_color=\u00a0\u00bboff\u00a0\u00bb background_image=\u00a0\u00bbhttps:\/\/www.studiogatto.es\/wp-content\/uploads\/BP_Web_Header_Dunstabzug.jpg\u00a0\u00bb background_enable_image=\u00a0\u00bbon\u00a0\u00bb locked=\u00a0\u00bboff\u00a0\u00bb global_colors_info=\u00a0\u00bb{}\u00a0\u00bb sticky_transition=\u00a0\u00bbon\u00a0\u00bb][\/et_pb_slide][et_pb_slide video_url=\u00a0\u00bbhttps:\/\/www.studiogatto.es\/wp-content\/uploads\/0c051f57a66c4fdb94f89d4fc554dbfb.mov\u00a0\u00bb _builder_version=\u00a0\u00bb4.14.7&Prime; background_enable_color=\u00a0\u00bboff\u00a0\u00bb background_image=\u00a0\u00bbhttps:\/\/www.studiogatto.es\/wp-content\/uploads\/BP_Web_Header_Kochfelder.jpg\u00a0\u00bb background_enable_image=\u00a0\u00bbon\u00a0\u00bb locked=\u00a0\u00bboff\u00a0\u00bb global_colors_info=\u00a0\u00bb{}\u00a0\u00bb sticky_transition=\u00a0\u00bbon\u00a0\u00bb][\/et_pb_slide][et_pb_slide video_url=\u00a0\u00bbhttps:\/\/www.studiogatto.es\/wp-content\/uploads\/0c051f57a66c4fdb94f89d4fc554dbfb.mov\u00a0\u00bb _builder_version=\u00a0\u00bb4.14.7&Prime; background_enable_color=\u00a0\u00bboff\u00a0\u00bb background_image=\u00a0\u00bbhttps:\/\/www.studiogatto.es\/wp-content\/uploads\/BP_Web_Header_Backoefen_01.jpg\u00a0\u00bb background_enable_image=\u00a0\u00bbon\u00a0\u00bb locked=\u00a0\u00bboff\u00a0\u00bb global_colors_info=\u00a0\u00bb{}\u00a0\u00bb sticky_transition=\u00a0\u00bbon\u00a0\u00bb][\/et_pb_slide][\/et_pb_slider][et_pb_image src=\u00a0\u00bbhttps:\/\/www.studiogatto.es\/wp-content\/uploads\/download.png\u00a0\u00bb title_text=\u00a0\u00bbt\u00e9l\u00e9charger\u00a0\u00bb align=\u00a0\u00bbcenter\u00a0\u00bb _builder_version=\u00a0\u00bb4.14.7&Prime; width=\u00a0\u00bb350px\u00a0\u00bb custom_padding=\u00a0\u00bb30px||30px|0px|false|false\u00a0\u00bb global_colors_info=\u00a0\u00bb{}\u00a0\u00bb][\/et_pb_image][et_pb_text _builder_version=\u00a0\u00bb4.14.7&Prime; text_orientation=\u00a0\u00bbcenter\u00a0\u00bb custom_padding=\u00a0\u00bb0px||||false|false\u00a0\u00bb locked=\u00a0\u00bboff\u00a0\u00bb global_colors_info=\u00a0\u00bb{}\u00a0\u00bb]<\/p>\n<h2>Blaupunkt &#8211; Des appareils de cuisine parfaitement int\u00e9gr\u00e9s<\/h2>\n<h4>Ceux qui optent aujourd&rsquo;hui pour une nouvelle cuisine moderne b\u00e9n\u00e9ficieront non seulement d&rsquo;appareils ultramodernes, mais aussi d&rsquo;une image d&rsquo;ensemble harmonieuse dans laquelle la technologie et le design se conjuguent \u00e0 la perfection. C&rsquo;est ce qu&rsquo;offrent nos produits Blaupunkt.<\/h4>\n<p>&nbsp;<\/p>\n<p>Studio Gatto distribue les appareils encastrables Blaupunkt. Des produits bien pens\u00e9s, bien con\u00e7us, \u00e9l\u00e9gants, d&rsquo;un haut niveau de fonctionnalit\u00e9 et d&rsquo;un excellent rapport qualit\u00e9-prix.  <\/p>\n<p>&nbsp;<\/p>\n<p>[\/et_pb_text][\/et_pb_column][\/et_pb_row][et_pb_row column_structure=\u00a0\u00bb1_2,1_2&Prime; _builder_version=\u00a0\u00bb4.4.4&Prime; global_colors_info=\u00a0\u00bb{}\u00a0\u00bb][et_pb_column type=\u00a0\u00bb1_2&Prime; _builder_version=\u00a0\u00bb4.4.4&Prime; global_colors_info=\u00a0\u00bb{}\u00a0\u00bb][et_pb_image src=\u00a0\u00bbhttps:\/\/www.studiogatto.es\/wp-content\/uploads\/BP_Web_Header_Backoefen.jpg\u00a0\u00bb title_text=\u00a0\u00bbBP_Web_Header_Backoefen\u00a0\u00bb _builder_version=\u00a0\u00bb4.14.7&Prime; min_height=\u00a0\u00bb334px\u00a0\u00bb custom_margin=\u00a0\u00bb0px||0px||true|false\u00a0\u00bb custom_padding=\u00a0\u00bb0px|||||\u00a0\u00bb global_colors_info=\u00a0\u00bb{}\u00a0\u00bb][\/et_pb_image][\/et_pb_column][et_pb_column type=\u00a0\u00bb1_2&Prime; _builder_version=\u00a0\u00bb4.4.4&Prime; global_colors_info=\u00a0\u00bb{}\u00a0\u00bb][et_pb_text _builder_version=\u00a0\u00bb4.14.7&Prime; custom_padding=\u00a0\u00bb100px||||false|false\u00a0\u00bb global_colors_info=\u00a0\u00bb{}\u00a0\u00bb]<\/p>\n<h3>Fours<\/h3>\n<h4>Les fours Blaupunkt &#8211; le c\u0153ur chaud de votre cuisine<\/h4>\n<p>Des concepts d&rsquo;utilisation intuitifs et des affichages transparents vous permettent d&rsquo;obtenir des r\u00e9sultats parfaits avec votre four. Et lorsqu&rsquo;elles se salissent, ces aides culinaires pratiques se nettoient d&rsquo;elles-m\u00eames.<\/p>\n<p>[\/et_pb_text][\/et_pb_column][\/et_pb_row][et_pb_row column_structure=\u00a0\u00bb1_2,1_2&Prime; _builder_version=\u00a0\u00bb4.14.7&Prime; global_colors_info=\u00a0\u00bb{}\u00a0\u00bb][et_pb_column type=\u00a0\u00bb1_2&Prime; _builder_version=\u00a0\u00bb4.4.4&Prime; global_colors_info=\u00a0\u00bb{}\u00a0\u00bb][et_pb_text _builder_version=\u00a0\u00bb4.14.7&Prime; custom_padding=\u00a0\u00bb50px||||false|false\u00a0\u00bb global_colors_info=\u00a0\u00bb{}\u00a0\u00bb]<\/p>\n<h3 style=\"text-align: left;\">Dispositifs compacts<\/h3>\n<h4 style=\"text-align: left;\">Appareils \u00e9lectrom\u00e9nagers compacts Blaupunkt &#8211; un large \u00e9ventail de fonctions dans un encombrement tr\u00e8s r\u00e9duit<\/h4>\n<p>Cuisiner, frire, mijoter &#8211; non seulement dans les grandes cuisines, mais aussi dans les tr\u00e8s petits espaces, les appareils compacts Blaupunkt offrent une fonctionnalit\u00e9 compl\u00e8te, laissant de la place pour hacher, assaisonner, dresser. Nos appareils compacts multit\u00e2ches sont totalement polyvalents et constituent un compl\u00e9ment intelligent id\u00e9al pour l&rsquo;espace inutilis\u00e9 des grandes cuisines.<\/p>\n<p>&nbsp;<\/p>\n<p>[\/et_pb_text][\/et_pb_column][et_pb_column type=\u00a0\u00bb1_2&Prime; _builder_version=\u00a0\u00bb4.4.4&Prime; global_colors_info=\u00a0\u00bb{}\u00a0\u00bb][et_pb_image src=\u00a0\u00bbhttps:\/\/www.studiogatto.es\/wp-content\/uploads\/imgn2.jpg\u00a0\u00bb title_text=\u00a0\u00bbimgn2&Prime; _builder_version=\u00a0\u00bb4.14.7&Prime; global_colors_info=\u00a0\u00bb{}\u00a0\u00bb][\/et_pb_image][\/et_pb_column][\/et_pb_row][et_pb_row column_structure=\u00a0\u00bb1_2,1_2&Prime; _builder_version=\u00a0\u00bb4.4.4&Prime; locked=\u00a0\u00bboff\u00a0\u00bb global_colors_info=\u00a0\u00bb{}\u00a0\u00bb][et_pb_column type=\u00a0\u00bb1_2&Prime; _builder_version=\u00a0\u00bb4.4.4&Prime; global_colors_info=\u00a0\u00bb{}\u00a0\u00bb][et_pb_image src=\u00a0\u00bbhttps:\/\/www.studiogatto.es\/wp-content\/uploads\/imgg4.jpg\u00a0\u00bb title_text=\u00a0\u00bbimgg4&Prime; _builder_version=\u00a0\u00bb4.14.7&Prime; min_height=\u00a0\u00bb334px\u00a0\u00bb custom_margin=\u00a0\u00bb0px||0px||true|false\u00a0\u00bb custom_padding=\u00a0\u00bb0px|||||\u00a0\u00bb global_colors_info=\u00a0\u00bb{}\u00a0\u00bb][\/et_pb_image][\/et_pb_column][et_pb_column type=\u00a0\u00bb1_2&Prime; _builder_version=\u00a0\u00bb4.4.4&Prime; global_colors_info=\u00a0\u00bb{}\u00a0\u00bb][et_pb_text _builder_version=\u00a0\u00bb4.14.7&Prime; custom_padding=\u00a0\u00bb100px||||false|false\u00a0\u00bb global_colors_info=\u00a0\u00bb{}\u00a0\u00bb]<\/p>\n<h3>  Plaques de cuisson en vitroc\u00e9ramique<\/h3>\n<h4>Plaques de cuisson Blaupunkt &#8211; la bonne quantit\u00e9 de chaleur<\/h4>\n<p>Tous les types de chaleur ne sont pas identiques. Parfois, la temp\u00e9rature doit augmenter rapidement &#8211; une chaleur courte pour un saut\u00e9 parfait. D&rsquo;autres fois, il faut du temps &#8211; une chaleur uniforme pour une cuisson douce.[\/et_pb_text][\/et_pb_column][\/et_pb_row][et_pb_row column_structure=\u00a0\u00bb1_2,1_2&Prime; _builder_version=\u00a0\u00bb4.4.4&Prime; locked=\u00a0\u00bboff\u00a0\u00bb global_colors_info=\u00a0\u00bb{}\u00a0\u00bb][et_pb_column type=\u00a0\u00bb1_2&Prime; _builder_version=\u00a0\u00bb4.4.4&Prime; global_colors_info=\u00a0\u00bb{}\u00a0\u00bb][et_pb_text _builder_version=\u00a0\u00bb4.14.7&Prime; custom_padding=\u00a0\u00bb50px||||false|false\u00a0\u00bb global_colors_info=\u00a0\u00bb{}\u00a0\u00bb]<\/p>\n<h3 style=\"text-align: left;\">Hottes aspirantes<\/h3>\n<h4 style=\"text-align: left;\">Hottes aspirantes &#8211; avec Blaupunkt, l&rsquo;air est toujours frais<\/h4>\n<p>Friture \u00e0 feu vif ou cuisson lente \u00e0 la vapeur, chaque mode de cuisson laisse des odeurs dans la cuisine. Les hottes Blaupunkt permettent de respirer de l&rsquo;air frais apr\u00e8s avoir travaill\u00e9 dans la cuisine.[\/et_pb_text][\/et_pb_column][et_pb_column type=\u00a0\u00bb1_2&Prime; _builder_version=\u00a0\u00bb4.4.4&Prime; global_colors_info=\u00a0\u00bb{}\u00a0\u00bb][et_pb_image src=\u00a0\u00bbhttps:\/\/www.studiogatto.es\/wp-content\/uploads\/imgg2.jpg\u00a0\u00bb title_text=\u00a0\u00bbimgg2&Prime; _builder_version=\u00a0\u00bb4.14.7&Prime; global_colors_info=\u00a0\u00bb{}\u00a0\u00bb][\/et_pb_image][\/et_pb_column][\/et_pb_row][et_pb_row column_structure=\u00a0\u00bb1_2,1_2&Prime; _builder_version=\u00a0\u00bb4.4.4&Prime; locked=\u00a0\u00bboff\u00a0\u00bb global_colors_info=\u00a0\u00bb{}\u00a0\u00bb][et_pb_column type=\u00a0\u00bb1_2&Prime; _builder_version=\u00a0\u00bb4.4.4&Prime; global_colors_info=\u00a0\u00bb{}\u00a0\u00bb][et_pb_image src=\u00a0\u00bbhttps:\/\/www.studiogatto.es\/wp-content\/uploads\/pimgg.jpg\u00a0\u00bb title_text=\u00a0\u00bbpimgg\u00a0\u00bb _builder_version=\u00a0\u00bb4.14.7&Prime; min_height=\u00a0\u00bb334px\u00a0\u00bb custom_margin=\u00a0\u00bb0px||0px||true|false\u00a0\u00bb custom_padding=\u00a0\u00bb0px|||||\u00a0\u00bb global_colors_info=\u00a0\u00bb{}\u00a0\u00bb][\/et_pb_image][\/et_pb_column][et_pb_column type=\u00a0\u00bb1_2&Prime; _builder_version=\u00a0\u00bb4.4.4&Prime; global_colors_info=\u00a0\u00bb{}\u00a0\u00bb][et_pb_text _builder_version=\u00a0\u00bb4.14.7&Prime; custom_padding=\u00a0\u00bb100px||||false|false\u00a0\u00bb global_colors_info=\u00a0\u00bb{}\u00a0\u00bb]<\/p>\n<h3>Lave-vaisselle<\/h3>\n<h4>Lave-vaisselle Blaupunkt &#8211; vous allez adorer faire la vaisselle.<\/h4>\n<p>D&rsquo;abord le plaisir, ensuite le travail ? Les lave-vaisselle Blaupunkt font le travail, pour que vous puissiez continuer \u00e0 vous amuser m\u00eame apr\u00e8s le repas de f\u00eate. Diff\u00e9rentes hauteurs et largeurs d&rsquo;encastrement et des espaces de rangement variables &#8211; dans la gamme d&rsquo;appareils Blaupunkt, vous trouverez l&rsquo;assistant id\u00e9al pour r\u00e9pondre \u00e0 vos besoins sp\u00e9cifiques en mati\u00e8re d&rsquo;espace.[\/et_pb_text][\/et_pb_column][\/et_pb_row][et_pb_row column_structure=\u00a0\u00bb1_2,1_2&Prime; _builder_version=\u00a0\u00bb4.4.4&Prime; locked=\u00a0\u00bboff\u00a0\u00bb global_colors_info=\u00a0\u00bb{}\u00a0\u00bb][et_pb_column type=\u00a0\u00bb1_2&Prime; _builder_version=\u00a0\u00bb4.4.4&Prime; global_colors_info=\u00a0\u00bb{}\u00a0\u00bb][et_pb_text _builder_version=\u00a0\u00bb4.14.7&Prime; custom_padding=\u00a0\u00bb50px||||false|false\u00a0\u00bb global_colors_info=\u00a0\u00bb{}\u00a0\u00bb]<\/p>\n<h3 style=\"text-align: left;\">R\u00e9frig\u00e9rateurs<\/h3>\n<h4 style=\"text-align: left;\">Les r\u00e9frig\u00e9rateurs Blaupunkt sont de v\u00e9ritables multitalents<\/h4>\n<p>Les diff\u00e9rentes zones de refroidissement des r\u00e9frig\u00e9rateurs et cong\u00e9lateurs Blaupunkt permettent d&rsquo;obtenir la bonne temp\u00e9rature pour chaque aliment. Les aliments parfaitement conserv\u00e9s restent frais longtemps gr\u00e2ce aux diff\u00e9rentes zones de temp\u00e9rature et \u00e0 la commande \u00e9lectronique.[\/et_pb_text][\/et_pb_column][et_pb_column type=\u00a0\u00bb1_2&Prime; _builder_version=\u00a0\u00bb4.4.4&Prime; global_colors_info=\u00a0\u00bb{}\u00a0\u00bb][et_pb_image src=\u00a0\u00bbhttps:\/\/www.studiogatto.es\/wp-content\/uploads\/pimmn.jpg\u00a0\u00bb title_text=\u00a0\u00bbpimmn\u00a0\u00bb _builder_version=\u00a0\u00bb4.14.7&Prime; global_colors_info=\u00a0\u00bb{}\u00a0\u00bb][\/et_pb_image][\/et_pb_column][\/et_pb_row][et_pb_row column_structure=\u00a0\u00bb1_2,1_2&Prime; _builder_version=\u00a0\u00bb4.4.4&Prime; locked=\u00a0\u00bboff\u00a0\u00bb global_colors_info=\u00a0\u00bb{}\u00a0\u00bb][et_pb_column type=\u00a0\u00bb1_2&Prime; _builder_version=\u00a0\u00bb4.4.4&Prime; global_colors_info=\u00a0\u00bb{}\u00a0\u00bb][et_pb_image src=\u00a0\u00bbhttps:\/\/www.studiogatto.es\/wp-content\/uploads\/innnnn.jpg\u00a0\u00bb title_text=\u00a0\u00bbinnnn\u00a0\u00bb _builder_version=\u00a0\u00bb4.14.7&Prime; min_height=\u00a0\u00bb334px\u00a0\u00bb custom_margin=\u00a0\u00bb0px||0px||true|false\u00a0\u00bb custom_padding=\u00a0\u00bb0px|||||\u00a0\u00bb global_colors_info=\u00a0\u00bb{}\u00a0\u00bb][\/et_pb_image][\/et_pb_column][et_pb_column type=\u00a0\u00bb1_2&Prime; _builder_version=\u00a0\u00bb4.4.4&Prime; global_colors_info=\u00a0\u00bb{}\u00a0\u00bb][et_pb_text _builder_version=\u00a0\u00bb4.14.7&Prime; custom_padding=\u00a0\u00bb100px||||false|false\u00a0\u00bb global_colors_info=\u00a0\u00bb{}\u00a0\u00bb]<\/p>\n<h3>Refroidisseurs de vin int\u00e9gr\u00e9s<\/h3>\n<h4>Le climat id\u00e9al pour les grands vins<\/h4>\n<p>Fa\u00e7ade en verre noir<br \/>\nOuverture sans poign\u00e9e par Push &amp; Pull<br \/>\nContr\u00f4le tactile<br \/>\nEclairage LED blanc<br \/>\nContr\u00f4le \u00e9lectronique de la temp\u00e9rature<br \/>\n3 \u00e9tag\u00e8res en bois de c\u00e8dre<br \/>\nSyst\u00e8me anti-vibration[\/et_pb_text][\/et_pb_column][\/et_pb_row][et_pb_row _builder_version=\u00a0\u00bb4.4.4&Prime; global_colors_info=\u00a0\u00bb{}\u00a0\u00bb][et_pb_column type=\u00a0\u00bb4_4&Prime; _builder_version=\u00a0\u00bb4.4.4&Prime; global_colors_info=\u00a0\u00bb{}\u00a0\u00bb][et_pb_button button_url=\u00a0\u00bb@ET-DC@eyJkeW5hbWljIjp0cnVlLCJjb250ZW50IjoicG9zdF9saW5rX3VybF9wYWdlIiwic2V0dGluZ3MiOnsicG9zdF9pZCI6IjQwIn19@\u00a0\u00bb button_text=\u00a0\u00bbClics\u00a0\u00bb _builder_version=\u00a0\u00bb4.14.7&Prime; _dynamic_attributes=\u00a0\u00bbbutton_url\u00a0\u00bb _module_preset=\u00a0\u00bbdefault\u00a0\u00bb global_colors_info=\u00a0\u00bb{}\u00a0\u00bb][\/et_pb_button][\/et_pb_column][\/et_pb_row][\/et_pb_section]<\/p>\n","protected":false},"excerpt":{"rendered":"<p>Blaupunkt &#8211; Des appareils de cuisine parfaitement int\u00e9gr\u00e9s Ceux qui optent aujourd&rsquo;hui pour une nouvelle cuisine moderne b\u00e9n\u00e9ficieront non seulement d&rsquo;appareils ultramodernes, mais aussi d&rsquo;une image d&rsquo;ensemble harmonieuse dans laquelle la technologie et le design se conjuguent \u00e0 la perfection. C&rsquo;est ce qu&rsquo;offrent nos produits Blaupunkt. &nbsp; Studio Gatto distribue les appareils encastrables Blaupunkt. Des [&hellip;]<\/p>\n","protected":false},"author":2,"featured_media":0,"parent":0,"menu_order":0,"comment_status":"closed","ping_status":"closed","template":"","meta":{"_et_pb_use_builder":"on","_et_pb_old_content":"","_et_gb_content_width":"","footnotes":""},"class_list":["post-45699","page","type-page","status-publish","hentry"],"yoast_head":"<!-- This site is optimized with the Yoast SEO plugin v27.5 - https:\/\/yoast.com\/product\/yoast-seo-wordpress\/ -->\n<title>Appareils int\u00e9gr\u00e9s Blaupunkt<\/title>\n<meta name=\"description\" content=\"D\u00e9couvrez la gamme d&#039;appareils \u00e9lectrom\u00e9nagers design Blaupunkt. R\u00e9frig\u00e9rateurs, fours, cuisini\u00e8res, micro-ondes et m\u00eame refroidisseurs de vin.\" \/>\n<meta name=\"robots\" content=\"index, follow, max-snippet:-1, max-image-preview:large, max-video-preview:-1\" \/>\n<link rel=\"canonical\" href=\"https:\/\/www.studiogatto.es\/fr\/blaupunkt\/\" \/>\n<meta property=\"og:locale\" content=\"fr_FR\" \/>\n<meta property=\"og:type\" content=\"article\" \/>\n<meta property=\"og:title\" content=\"Appareils int\u00e9gr\u00e9s Blaupunkt\" \/>\n<meta property=\"og:description\" content=\"D\u00e9couvrez la gamme d&#039;appareils \u00e9lectrom\u00e9nagers design Blaupunkt. R\u00e9frig\u00e9rateurs, fours, cuisini\u00e8res, micro-ondes et m\u00eame refroidisseurs de vin.\" \/>\n<meta property=\"og:url\" content=\"https:\/\/www.studiogatto.es\/fr\/blaupunkt\/\" \/>\n<meta property=\"og:site_name\" content=\"Studio Gatto - Reformas, Cocinas, Ba\u00f1os\" \/>\n<meta property=\"article:publisher\" content=\"https:\/\/www.facebook.com\/studiogattocucine\" \/>\n<meta property=\"article:modified_time\" content=\"2023-08-30T07:35:17+00:00\" \/>\n<meta name=\"twitter:card\" content=\"summary_large_image\" \/>\n<meta name=\"twitter:site\" content=\"@studiogattosl\" \/>\n<meta name=\"twitter:label1\" content=\"Dur\u00e9e de lecture estim\u00e9e\" \/>\n\t<meta name=\"twitter:data1\" content=\"8 minutes\" \/>\n<script type=\"application\/ld+json\" class=\"yoast-schema-graph\">{\"@context\":\"https:\\\/\\\/schema.org\",\"@graph\":[{\"@type\":\"WebPage\",\"@id\":\"https:\\\/\\\/www.studiogatto.es\\\/fr\\\/blaupunkt\\\/\",\"url\":\"https:\\\/\\\/www.studiogatto.es\\\/fr\\\/blaupunkt\\\/\",\"name\":\"Appareils int\u00e9gr\u00e9s Blaupunkt\",\"isPartOf\":{\"@id\":\"https:\\\/\\\/www.studiogatto.es\\\/fr\\\/#website\"},\"datePublished\":\"2023-08-30T07:35:08+00:00\",\"dateModified\":\"2023-08-30T07:35:17+00:00\",\"description\":\"D\u00e9couvrez la gamme d'appareils \u00e9lectrom\u00e9nagers design Blaupunkt. R\u00e9frig\u00e9rateurs, fours, cuisini\u00e8res, micro-ondes et m\u00eame refroidisseurs de vin.\",\"breadcrumb\":{\"@id\":\"https:\\\/\\\/www.studiogatto.es\\\/fr\\\/blaupunkt\\\/#breadcrumb\"},\"inLanguage\":\"fr-FR\",\"potentialAction\":[{\"@type\":\"ReadAction\",\"target\":[\"https:\\\/\\\/www.studiogatto.es\\\/fr\\\/blaupunkt\\\/\"]}]},{\"@type\":\"BreadcrumbList\",\"@id\":\"https:\\\/\\\/www.studiogatto.es\\\/fr\\\/blaupunkt\\\/#breadcrumb\",\"itemListElement\":[{\"@type\":\"ListItem\",\"position\":1,\"name\":\"Portada\",\"item\":\"https:\\\/\\\/www.studiogatto.es\\\/fr\\\/\"},{\"@type\":\"ListItem\",\"position\":2,\"name\":\"Blaupunkt\"}]},{\"@type\":\"WebSite\",\"@id\":\"https:\\\/\\\/www.studiogatto.es\\\/fr\\\/#website\",\"url\":\"https:\\\/\\\/www.studiogatto.es\\\/fr\\\/\",\"name\":\"Studio Gatto - Reformas, Cocinas, Ba\u00f1os\",\"description\":\"Reformas integrales de Cocinas y ba\u00f1os. Interiorismo. Dise\u00f1o.\",\"publisher\":{\"@id\":\"https:\\\/\\\/www.studiogatto.es\\\/fr\\\/#organization\"},\"potentialAction\":[{\"@type\":\"SearchAction\",\"target\":{\"@type\":\"EntryPoint\",\"urlTemplate\":\"https:\\\/\\\/www.studiogatto.es\\\/fr\\\/?s={search_term_string}\"},\"query-input\":{\"@type\":\"PropertyValueSpecification\",\"valueRequired\":true,\"valueName\":\"search_term_string\"}}],\"inLanguage\":\"fr-FR\"},{\"@type\":\"Organization\",\"@id\":\"https:\\\/\\\/www.studiogatto.es\\\/fr\\\/#organization\",\"name\":\"Studio Gatto\",\"url\":\"https:\\\/\\\/www.studiogatto.es\\\/fr\\\/\",\"logo\":{\"@type\":\"ImageObject\",\"inLanguage\":\"fr-FR\",\"@id\":\"https:\\\/\\\/www.studiogatto.es\\\/fr\\\/#\\\/schema\\\/logo\\\/image\\\/\",\"url\":\"https:\\\/\\\/www.studiogatto.es\\\/wp-content\\\/uploads\\\/Nuevo-logotipo.jpg\",\"contentUrl\":\"https:\\\/\\\/www.studiogatto.es\\\/wp-content\\\/uploads\\\/Nuevo-logotipo.jpg\",\"width\":300,\"height\":167,\"caption\":\"Studio Gatto\"},\"image\":{\"@id\":\"https:\\\/\\\/www.studiogatto.es\\\/fr\\\/#\\\/schema\\\/logo\\\/image\\\/\"},\"sameAs\":[\"https:\\\/\\\/www.facebook.com\\\/studiogattocucine\",\"https:\\\/\\\/x.com\\\/studiogattosl\"]}]}<\/script>\n<!-- \/ Yoast SEO plugin. -->","yoast_head_json":{"title":"Appareils int\u00e9gr\u00e9s Blaupunkt","description":"D\u00e9couvrez la gamme d'appareils \u00e9lectrom\u00e9nagers design Blaupunkt. R\u00e9frig\u00e9rateurs, fours, cuisini\u00e8res, micro-ondes et m\u00eame refroidisseurs de vin.","robots":{"index":"index","follow":"follow","max-snippet":"max-snippet:-1","max-image-preview":"max-image-preview:large","max-video-preview":"max-video-preview:-1"},"canonical":"https:\/\/www.studiogatto.es\/fr\/blaupunkt\/","og_locale":"fr_FR","og_type":"article","og_title":"Appareils int\u00e9gr\u00e9s Blaupunkt","og_description":"D\u00e9couvrez la gamme d'appareils \u00e9lectrom\u00e9nagers design Blaupunkt. R\u00e9frig\u00e9rateurs, fours, cuisini\u00e8res, micro-ondes et m\u00eame refroidisseurs de vin.","og_url":"https:\/\/www.studiogatto.es\/fr\/blaupunkt\/","og_site_name":"Studio Gatto - Reformas, Cocinas, Ba\u00f1os","article_publisher":"https:\/\/www.facebook.com\/studiogattocucine","article_modified_time":"2023-08-30T07:35:17+00:00","twitter_card":"summary_large_image","twitter_site":"@studiogattosl","twitter_misc":{"Dur\u00e9e de lecture estim\u00e9e":"8 minutes"},"schema":{"@context":"https:\/\/schema.org","@graph":[{"@type":"WebPage","@id":"https:\/\/www.studiogatto.es\/fr\/blaupunkt\/","url":"https:\/\/www.studiogatto.es\/fr\/blaupunkt\/","name":"Appareils int\u00e9gr\u00e9s Blaupunkt","isPartOf":{"@id":"https:\/\/www.studiogatto.es\/fr\/#website"},"datePublished":"2023-08-30T07:35:08+00:00","dateModified":"2023-08-30T07:35:17+00:00","description":"D\u00e9couvrez la gamme d'appareils \u00e9lectrom\u00e9nagers design Blaupunkt. R\u00e9frig\u00e9rateurs, fours, cuisini\u00e8res, micro-ondes et m\u00eame refroidisseurs de vin.","breadcrumb":{"@id":"https:\/\/www.studiogatto.es\/fr\/blaupunkt\/#breadcrumb"},"inLanguage":"fr-FR","potentialAction":[{"@type":"ReadAction","target":["https:\/\/www.studiogatto.es\/fr\/blaupunkt\/"]}]},{"@type":"BreadcrumbList","@id":"https:\/\/www.studiogatto.es\/fr\/blaupunkt\/#breadcrumb","itemListElement":[{"@type":"ListItem","position":1,"name":"Portada","item":"https:\/\/www.studiogatto.es\/fr\/"},{"@type":"ListItem","position":2,"name":"Blaupunkt"}]},{"@type":"WebSite","@id":"https:\/\/www.studiogatto.es\/fr\/#website","url":"https:\/\/www.studiogatto.es\/fr\/","name":"Studio Gatto - Reformas, Cocinas, Ba\u00f1os","description":"Reformas integrales de Cocinas y ba\u00f1os. Interiorismo. Dise\u00f1o.","publisher":{"@id":"https:\/\/www.studiogatto.es\/fr\/#organization"},"potentialAction":[{"@type":"SearchAction","target":{"@type":"EntryPoint","urlTemplate":"https:\/\/www.studiogatto.es\/fr\/?s={search_term_string}"},"query-input":{"@type":"PropertyValueSpecification","valueRequired":true,"valueName":"search_term_string"}}],"inLanguage":"fr-FR"},{"@type":"Organization","@id":"https:\/\/www.studiogatto.es\/fr\/#organization","name":"Studio Gatto","url":"https:\/\/www.studiogatto.es\/fr\/","logo":{"@type":"ImageObject","inLanguage":"fr-FR","@id":"https:\/\/www.studiogatto.es\/fr\/#\/schema\/logo\/image\/","url":"https:\/\/www.studiogatto.es\/wp-content\/uploads\/Nuevo-logotipo.jpg","contentUrl":"https:\/\/www.studiogatto.es\/wp-content\/uploads\/Nuevo-logotipo.jpg","width":300,"height":167,"caption":"Studio Gatto"},"image":{"@id":"https:\/\/www.studiogatto.es\/fr\/#\/schema\/logo\/image\/"},"sameAs":["https:\/\/www.facebook.com\/studiogattocucine","https:\/\/x.com\/studiogattosl"]}]}},"_links":{"self":[{"href":"https:\/\/www.studiogatto.es\/fr\/wp-json\/wp\/v2\/pages\/45699","targetHints":{"allow":["GET"]}}],"collection":[{"href":"https:\/\/www.studiogatto.es\/fr\/wp-json\/wp\/v2\/pages"}],"about":[{"href":"https:\/\/www.studiogatto.es\/fr\/wp-json\/wp\/v2\/types\/page"}],"author":[{"embeddable":true,"href":"https:\/\/www.studiogatto.es\/fr\/wp-json\/wp\/v2\/users\/2"}],"replies":[{"embeddable":true,"href":"https:\/\/www.studiogatto.es\/fr\/wp-json\/wp\/v2\/comments?post=45699"}],"version-history":[{"count":0,"href":"https:\/\/www.studiogatto.es\/fr\/wp-json\/wp\/v2\/pages\/45699\/revisions"}],"wp:attachment":[{"href":"https:\/\/www.studiogatto.es\/fr\/wp-json\/wp\/v2\/media?parent=45699"}],"curies":[{"name":"wp","href":"https:\/\/api.w.org\/{rel}","templated":true}]}}