{"id":45695,"date":"2023-08-30T09:35:08","date_gmt":"2023-08-30T07:35:08","guid":{"rendered":"https:\/\/www.studiogatto.es\/quooker\/"},"modified":"2023-08-30T09:35:18","modified_gmt":"2023-08-30T07:35:18","slug":"quooker","status":"publish","type":"page","link":"https:\/\/www.studiogatto.es\/fr\/quooker\/","title":{"rendered":"Quooker"},"content":{"rendered":"<p>[et_pb_section fb_built=\u00a0\u00bb1&Prime; _builder_version=\u00a0\u00bb4.21.0&Prime; width=\u00a0\u00bb100%\u00a0\u00bb max_width=\u00a0\u00bb100%\u00a0\u00bb custom_margin=\u00a0\u00bb0px|0px|0px|0px|false|false\u00a0\u00bb global_colors_info=\u00a0\u00bb{}\u00a0\u00bb][et_pb_row use_custom_gutter=\u00a0\u00bbon\u00a0\u00bb gutter_width=\u00a0\u00bb1&Prime; _builder_version=\u00a0\u00bb4.21.0&Prime; width=\u00a0\u00bb100%\u00a0\u00bb max_width=\u00a0\u00bb3000px\u00a0\u00bb custom_margin=\u00a0\u00bb0px|0px|0px|0px|false|false\u00a0\u00bb global_colors_info=\u00a0\u00bb{}\u00a0\u00bb][et_pb_column type=\u00a0\u00bb4_4&Prime; _builder_version=\u00a0\u00bb4.16&Prime; global_colors_info=\u00a0\u00bb{}\u00a0\u00bb][et_pb_slider show_content_on_mobile=\u00a0\u00bboff\u00a0\u00bb show_cta_on_mobile=\u00a0\u00bboff\u00a0\u00bb disabled_on=\u00a0\u00bboff|off|off\u00a0\u00bb _builder_version=\u00a0\u00bb4.21.0&Prime; body_text_align=\u00a0\u00bbcenter\u00a0\u00bb min_height=\u00a0\u00bb437px\u00a0\u00bb height=\u00a0\u00bb425px\u00a0\u00bb custom_margin=\u00a0\u00bb0px||0px||false|false\u00a0\u00bb custom_padding=\u00a0\u00bb0px||160px||false|false\u00a0\u00bb auto=\u00a0\u00bbon\u00a0\u00bb hover_transition_duration=\u00a0\u00bb50ms\u00a0\u00bb background_last_edited=\u00a0\u00bbon|desktop\u00a0\u00bb db_height=\u00a0\u00bb556px\u00a0\u00bb locked=\u00a0\u00bboff\u00a0\u00bb global_colors_info=\u00a0\u00bb{}\u00a0\u00bb][et_pb_slide video_url=\u00a0\u00bbhttps:\/\/www.studiogatto.es\/wp-content\/uploads\/0c051f57a66c4fdb94f89d4fc554dbfb.mov\u00a0\u00bb _builder_version=\u00a0\u00bb4.21.0&Prime; background_enable_color=\u00a0\u00bboff\u00a0\u00bb background_image=\u00a0\u00bbhttps:\/\/www.studiogatto.es\/wp-content\/uploads\/quooker-6.webp\u00a0\u00bb background_enable_image=\u00a0\u00bbon\u00a0\u00bb locked=\u00a0\u00bboff\u00a0\u00bb global_colors_info=\u00a0\u00bb{}\u00a0\u00bb sticky_transition=\u00a0\u00bbon\u00a0\u00bb][\/et_pb_slide][\/et_pb_slider][\/et_pb_column][\/et_pb_row][et_pb_row _builder_version=\u00a0\u00bb4.16&Prime; global_colors_info=\u00a0\u00bb{}\u00a0\u00bb][et_pb_column type=\u00a0\u00bb4_4&Prime; _builder_version=\u00a0\u00bb4.16&Prime; global_colors_info=\u00a0\u00bb{}\u00a0\u00bb][et_pb_image src=\u00a0\u00bbhttps:\/\/www.studiogatto.es\/wp-content\/uploads\/quooker-logo.webp\u00a0\u00bb title_text=\u00a0\u00bbquooker-logo\u00a0\u00bb align=\u00a0\u00bbcenter\u00a0\u00bb _builder_version=\u00a0\u00bb4.21.0&Prime; _module_preset=\u00a0\u00bbdefault\u00a0\u00bb custom_padding=\u00a0\u00bb50px||50px||false|false\u00a0\u00bb global_colors_info=\u00a0\u00bb{}\u00a0\u00bb][\/et_pb_image][et_pb_text _builder_version=\u00a0\u00bb4.21.0&Prime; custom_margin=\u00a0\u00bb-30px||||false|false\u00a0\u00bb custom_padding=\u00a0\u00bb0px||50px||false|false\u00a0\u00bb global_colors_info=\u00a0\u00bb{}\u00a0\u00bb]<\/p>\n<h3 style=\"text-align: center;\">Le robinet qui fait tout<\/h3>\n<p style=\"text-align: center;\">Studio Gatto pr\u00e9sente un Quooker. Le robinet multit\u00e2che qui vous rendra la vie plus facile et plus amusante. Cette innovation fait grand bruit en Europe et peut vous aider !<\/p>\n<p>[\/et_pb_text][et_pb_text _builder_version=\u00a0\u00bb4.21.0&Prime; custom_margin=\u00a0\u00bb-30px||||false|false\u00a0\u00bb custom_padding=\u00a0\u00bb0px||||false|false\u00a0\u00bb global_colors_info=\u00a0\u00bb{}\u00a0\u00bb]<\/p>\n<h3 style=\"text-align: center;\">Comment cela fonctionne-t-il ?<\/h3>\n<p style=\"text-align: center;\">Un Quooker se compose d&rsquo;un robinet de cuisine sur le plan de travail et d&rsquo;un r\u00e9servoir dans le placard de la cuisine. Plusieurs options sont possibles. Pour plus de commodit\u00e9, choisissez un robinet 3 en 1 ou un robinet d&rsquo;eau bouillante s\u00e9par\u00e9. Choisissez le robinet qui vous convient le mieux.<\/p>\n<p style=\"text-align: center;\">Le robinet Quooker Fusion est le robinet qui fait tout, fournissant de l&rsquo;eau bouillante, chaude, filtr\u00e9e, r\u00e9frig\u00e9r\u00e9e et p\u00e9tillante en un seul appareil. Le robinet Quooker utilise une technologie brevet\u00e9e qui int\u00e8gre un r\u00e9servoir sous vide permettant de maintenir l&rsquo;eau \u00e0 110 degr\u00e9s sous pression. Il s&rsquo;agit essentiellement d&rsquo;une bouteille thermos, qui garde l&rsquo;eau chaude sans n\u00e9cessiter beaucoup d&rsquo;\u00e9nergie, et ne la fait bouillir que lorsqu&rsquo;elle sort du robinet. Le robinet est \u00e9quip\u00e9 de deux filtres, ce qui rend l&rsquo;eau aussi pure que l&rsquo;eau en bouteille, et une cartouche de CO2 est \u00e9galement fix\u00e9e, ce qui permet de produire 60 litres d&rsquo;eau gazeuse. Les filtres, qui peuvent \u00eatre command\u00e9s sur le site Internet de Quooker, ont une dur\u00e9e de vie d&rsquo;environ un an et le robinet \u00e9met un signal sonore lorsqu&rsquo;ils doivent \u00eatre remplac\u00e9s. Les bouteilles de CO2 de remplacement peuvent \u00e9galement \u00eatre command\u00e9es sur le site web et les bouteilles vides peuvent \u00eatre renvoy\u00e9es gratuitement.<\/p>\n<p style=\"text-align: center;\"><iframe loading=\"lazy\" width=\"560\" height=\"315\" src=\"https:\/\/www.youtube.com\/embed\/dkXOPAToNBA\" title=\"Lecteur vid\u00e9o YouTube\" frameborder=\"0\" allow=\"accelerometer; autoplay; clipboard-write; encrypted-media; gyroscope; picture-in-picture; web-share\" allowfullscreen=\"\"><\/iframe><\/p>\n<p>[\/et_pb_text][\/et_pb_column][\/et_pb_row][et_pb_row column_structure=\u00a0\u00bb1_2,1_2&Prime; _builder_version=\u00a0\u00bb4.16&Prime; global_colors_info=\u00a0\u00bb{}\u00a0\u00bb][et_pb_column type=\u00a0\u00bb1_2&Prime; _builder_version=\u00a0\u00bb4.16&Prime; global_colors_info=\u00a0\u00bb{}\u00a0\u00bb][et_pb_text _builder_version=\u00a0\u00bb4.21.0&Prime; custom_padding=\u00a0\u00bb100px||||false|false\u00a0\u00bb global_colors_info=\u00a0\u00bb{}\u00a0\u00bb]<\/p>\n<h3>Le robinet qui fait tout<\/h3>\n<p>Avec un Quooker dans votre cuisine, vous aurez toujours de l&rsquo;eau bouillante \u00e0 100\u00b0C ainsi que de l&rsquo;eau chaude et froide. Ajoutez un Quooker CUBE et vous aurez \u00e9galement de l&rsquo;eau filtr\u00e9e, r\u00e9frig\u00e9r\u00e9e et p\u00e9tillante, le tout \u00e0 partir du m\u00eame robinet.[\/et_pb_text][\/et_pb_column][et_pb_column type=\u00a0\u00bb1_2&Prime; _builder_version=\u00a0\u00bb4.16&Prime; global_colors_info=\u00a0\u00bb{}\u00a0\u00bb][et_pb_image src=\u00a0\u00bbhttps:\/\/www.studiogatto.es\/wp-content\/uploads\/quooker-3.webp\u00a0\u00bb title_text=\u00a0\u00bbquooker-3&Prime; _builder_version=\u00a0\u00bb4.21.0&Prime; min_height=\u00a0\u00bb334px\u00a0\u00bb custom_margin=\u00a0\u00bb0px||0px||true|false\u00a0\u00bb custom_padding=\u00a0\u00bb0px|||||\u00a0\u00bb global_colors_info=\u00a0\u00bb{}\u00a0\u00bb][\/et_pb_image][\/et_pb_column][\/et_pb_row][et_pb_row column_structure=\u00a0\u00bb1_2,1_2&Prime; _builder_version=\u00a0\u00bb4.16&Prime; global_colors_info=\u00a0\u00bb{}\u00a0\u00bb][et_pb_column type=\u00a0\u00bb1_2&Prime; _builder_version=\u00a0\u00bb4.16&Prime; global_colors_info=\u00a0\u00bb{}\u00a0\u00bb][et_pb_image src=\u00a0\u00bbhttps:\/\/www.studiogatto.es\/wp-content\/uploads\/quooker-5.webp\u00a0\u00bb title_text=\u00a0\u00bbquooker-5&Prime; _builder_version=\u00a0\u00bb4.21.0&Prime; min_height=\u00a0\u00bb334px\u00a0\u00bb custom_margin=\u00a0\u00bb0px||0px||true|false\u00a0\u00bb custom_padding=\u00a0\u00bb0px|||||\u00a0\u00bb global_colors_info=\u00a0\u00bb{}\u00a0\u00bb][\/et_pb_image][\/et_pb_column][et_pb_column type=\u00a0\u00bb1_2&Prime; _builder_version=\u00a0\u00bb4.16&Prime; global_colors_info=\u00a0\u00bb{}\u00a0\u00bb][et_pb_text _builder_version=\u00a0\u00bb4.21.0&Prime; custom_padding=\u00a0\u00bb100px||||false|false\u00a0\u00bb global_colors_info=\u00a0\u00bb{}\u00a0\u00bb]<\/p>\n<h3>Plus besoin d&rsquo;attendre que la bouilloire se mette \u00e0 bouillir<\/h3>\n<p>En moyenne, une personne passe quatre mois de sa vie \u00e0 attendre que la bouilloire se mette \u00e0 bouillir &#8211; mais avec Quooker, vous ne devrez plus jamais attendre que votre bouilloire se mette \u00e0 bouillir ! Une fois install\u00e9, Quooker deviendra sans aucun doute votre appareil le plus utilis\u00e9 dans la cuisine.[\/et_pb_text][\/et_pb_column][\/et_pb_row][et_pb_row column_structure=\u00a0\u00bb1_2,1_2&Prime; _builder_version=\u00a0\u00bb4.16&Prime; global_colors_info=\u00a0\u00bb{}\u00a0\u00bb][et_pb_column type=\u00a0\u00bb1_2&Prime; _builder_version=\u00a0\u00bb4.16&Prime; global_colors_info=\u00a0\u00bb{}\u00a0\u00bb][et_pb_text _builder_version=\u00a0\u00bb4.21.0&Prime; custom_padding=\u00a0\u00bb100px||||false|false\u00a0\u00bb global_colors_info=\u00a0\u00bb{}\u00a0\u00bb]<\/p>\n<h3>Eau gazeuse froide<\/h3>\n<p>Avec le CUBE, vous pouvez d\u00e9guster un verre d&rsquo;eau p\u00e9tillante fra\u00eeche ou pr\u00e9parer les limonades et les cocktails les plus d\u00e9licieux en un clin d&rsquo;\u0153il. Vous avez donc tout en un seul robinet : de l&rsquo;eau bouillante, chaude, froide, r\u00e9frig\u00e9r\u00e9e et gazeuse.[\/et_pb_text][\/et_pb_column][et_pb_column type=\u00a0\u00bb1_2&Prime; _builder_version=\u00a0\u00bb4.16&Prime; global_colors_info=\u00a0\u00bb{}\u00a0\u00bb][et_pb_image src=\u00a0\u00bbhttps:\/\/www.studiogatto.es\/wp-content\/uploads\/quooker-4.webp\u00a0\u00bb title_text=\u00a0\u00bbquooker-4&Prime; _builder_version=\u00a0\u00bb4.21.0&Prime; min_height=\u00a0\u00bb334px\u00a0\u00bb custom_margin=\u00a0\u00bb0px||0px||true|false\u00a0\u00bb custom_padding=\u00a0\u00bb0px|||||\u00a0\u00bb global_colors_info=\u00a0\u00bb{}\u00a0\u00bb][\/et_pb_image][\/et_pb_column][\/et_pb_row][et_pb_row _builder_version=\u00a0\u00bb4.16&Prime; global_colors_info=\u00a0\u00bb{}\u00a0\u00bb][et_pb_column type=\u00a0\u00bb4_4&Prime; _builder_version=\u00a0\u00bb4.16&Prime; global_colors_info=\u00a0\u00bb{}\u00a0\u00bb][et_pb_text _builder_version=\u00a0\u00bb4.21.0&Prime; custom_padding=\u00a0\u00bb0px||||false|false\u00a0\u00bb global_colors_info=\u00a0\u00bb{}\u00a0\u00bb]<\/p>\n<h3 style=\"text-align: center;\">Quel Quooker vous convient le mieux ?<\/h3>\n<p>[\/et_pb_text][\/et_pb_column][\/et_pb_row][et_pb_row column_structure=\u00a0\u00bb1_3,1_3,1_3&Prime; _builder_version=\u00a0\u00bb4.16&Prime; global_colors_info=\u00a0\u00bb{}\u00a0\u00bb][et_pb_column type=\u00a0\u00bb1_3&Prime; _builder_version=\u00a0\u00bb4.16&Prime; global_colors_info=\u00a0\u00bb{}\u00a0\u00bb][et_pb_image src=\u00a0\u00bbhttps:\/\/www.studiogatto.es\/wp-content\/uploads\/quooker-1.webp\u00a0\u00bb title_text=\u00a0\u00bbquooker-1&Prime; _builder_version=\u00a0\u00bb4.21.0&Prime; min_height=\u00a0\u00bb334px\u00a0\u00bb custom_margin=\u00a0\u00bb0px||0px||true|false\u00a0\u00bb custom_padding=\u00a0\u00bb0px|||||\u00a0\u00bb global_colors_info=\u00a0\u00bb{}\u00a0\u00bb][\/et_pb_image][et_pb_text _builder_version=\u00a0\u00bb4.21.0&Prime; custom_padding=\u00a0\u00bb30px||||false|false\u00a0\u00bb global_colors_info=\u00a0\u00bb{}\u00a0\u00bb]<\/p>\n<h3>Flex<\/h3>\n<ul>\n<li>Eau froide, chaude et bouillante \u00e0 partir d&rsquo;un seul robinet, avec tuyau flexible amovible pour une plus grande accessibilit\u00e9 \u00e0 l&rsquo;\u00e9vier<\/li>\n<li>Egalement de l&rsquo;eau gazeuse fra\u00eeche lorsque vous combinez votre Quooker avec un CUBE.<\/li>\n<li>Disponible en 3 finitions<\/li>\n<\/ul>\n<p>[\/et_pb_text][\/et_pb_column][et_pb_column type=\u00a0\u00bb1_3&Prime; _builder_version=\u00a0\u00bb4.16&Prime; global_colors_info=\u00a0\u00bb{}\u00a0\u00bb][et_pb_image src=\u00a0\u00bbhttps:\/\/www.studiogatto.es\/wp-content\/uploads\/quooker-3.webp\u00a0\u00bb title_text=\u00a0\u00bbquooker-3&Prime; _builder_version=\u00a0\u00bb4.21.0&Prime; min_height=\u00a0\u00bb334px\u00a0\u00bb custom_margin=\u00a0\u00bb0px||0px||true|false\u00a0\u00bb custom_padding=\u00a0\u00bb0px|||||\u00a0\u00bb global_colors_info=\u00a0\u00bb{}\u00a0\u00bb][\/et_pb_image][et_pb_text _builder_version=\u00a0\u00bb4.21.0&Prime; custom_padding=\u00a0\u00bb30px||||false|false\u00a0\u00bb global_colors_info=\u00a0\u00bb{}\u00a0\u00bb]<\/p>\n<h3>Fusion<\/h3>\n<ul>\n<li>Eau froide, chaude et bouillante \u00e0 partir d&rsquo;un seul robinet<\/li>\n<li>Egalement de l&rsquo;eau gazeuse fra\u00eeche lorsque vous combinez votre Quooker avec un CUBE.<\/li>\n<li>Disponible en bec rond et carr\u00e9, en 5 finitions<\/li>\n<\/ul>\n<p>[\/et_pb_text][\/et_pb_column][et_pb_column type=\u00a0\u00bb1_3&Prime; _builder_version=\u00a0\u00bb4.16&Prime; global_colors_info=\u00a0\u00bb{}\u00a0\u00bb][et_pb_image src=\u00a0\u00bbhttps:\/\/www.studiogatto.es\/wp-content\/uploads\/quooker-7.webp\u00a0\u00bb title_text=\u00a0\u00bbquooker-7&Prime; _builder_version=\u00a0\u00bb4.21.0&Prime; min_height=\u00a0\u00bb334px\u00a0\u00bb custom_margin=\u00a0\u00bb0px||0px||true|false\u00a0\u00bb custom_padding=\u00a0\u00bb0px|||||\u00a0\u00bb global_colors_info=\u00a0\u00bb{}\u00a0\u00bb][\/et_pb_image][et_pb_text _builder_version=\u00a0\u00bb4.21.0&Prime; custom_padding=\u00a0\u00bb30px||||false|false\u00a0\u00bb global_colors_info=\u00a0\u00bb{}\u00a0\u00bb]<\/p>\n<h3>Nordique<\/h3>\n<ul>\n<li>Mitigeur tout-en-un et robinet Quooker en un seul design<\/li>\n<li>Le robinet Quooker est \u00e9galement disponible s\u00e9par\u00e9ment &#8211; \u00e0 combiner avec votre propre mitigeur.<\/li>\n<li>Disponible en bec rond et carr\u00e9, en 2 finitions<\/li>\n<\/ul>\n<p>[\/et_pb_text][\/et_pb_column][\/et_pb_row][\/et_pb_section]<\/p>\n","protected":false},"excerpt":{"rendered":"<p>Le robinet qui fait tout Studio Gatto pr\u00e9sente un Quooker. Le robinet multit\u00e2che qui vous rendra la vie plus facile et plus amusante. Cette innovation fait grand bruit en Europe et peut vous aider !Comment cela fonctionne-t-il ? Un Quooker se compose d&rsquo;un robinet de cuisine sur le plan de travail et d&rsquo;un r\u00e9servoir dans [&hellip;]<\/p>\n","protected":false},"author":2,"featured_media":0,"parent":0,"menu_order":0,"comment_status":"closed","ping_status":"closed","template":"","meta":{"_et_pb_use_builder":"on","_et_pb_old_content":"","_et_gb_content_width":"","footnotes":""},"class_list":["post-45695","page","type-page","status-publish","hentry"],"yoast_head":"<!-- This site is optimized with the Yoast SEO plugin v27.5 - https:\/\/yoast.com\/product\/yoast-seo-wordpress\/ -->\n<title>Quooker. Le robinet multiple<\/title>\n<meta name=\"description\" content=\"Quooker propose de l&#039;eau bouillante \u00e0 100\u00b0C, r\u00e9frig\u00e9r\u00e9e avec ou sans gaz, directement \u00e0 partir d&#039;un simple robinet.\" \/>\n<meta name=\"robots\" content=\"index, follow, max-snippet:-1, max-image-preview:large, max-video-preview:-1\" \/>\n<link rel=\"canonical\" href=\"https:\/\/www.studiogatto.es\/fr\/quooker\/\" \/>\n<meta property=\"og:locale\" content=\"fr_FR\" \/>\n<meta property=\"og:type\" content=\"article\" \/>\n<meta property=\"og:title\" content=\"Quooker. Le robinet multiple\" \/>\n<meta property=\"og:description\" content=\"Quooker propose de l&#039;eau bouillante \u00e0 100\u00b0C, r\u00e9frig\u00e9r\u00e9e avec ou sans gaz, directement \u00e0 partir d&#039;un simple robinet.\" \/>\n<meta property=\"og:url\" content=\"https:\/\/www.studiogatto.es\/fr\/quooker\/\" \/>\n<meta property=\"og:site_name\" content=\"Studio Gatto - Reformas, Cocinas, Ba\u00f1os\" \/>\n<meta property=\"article:publisher\" content=\"https:\/\/www.facebook.com\/studiogattocucine\" \/>\n<meta property=\"article:modified_time\" content=\"2023-08-30T07:35:18+00:00\" \/>\n<meta name=\"twitter:card\" content=\"summary_large_image\" \/>\n<meta name=\"twitter:site\" content=\"@studiogattosl\" \/>\n<meta name=\"twitter:label1\" content=\"Dur\u00e9e de lecture estim\u00e9e\" \/>\n\t<meta name=\"twitter:data1\" content=\"7 minutes\" \/>\n<script type=\"application\/ld+json\" class=\"yoast-schema-graph\">{\"@context\":\"https:\\\/\\\/schema.org\",\"@graph\":[{\"@type\":\"WebPage\",\"@id\":\"https:\\\/\\\/www.studiogatto.es\\\/fr\\\/quooker\\\/\",\"url\":\"https:\\\/\\\/www.studiogatto.es\\\/fr\\\/quooker\\\/\",\"name\":\"Quooker. Le robinet multiple\",\"isPartOf\":{\"@id\":\"https:\\\/\\\/www.studiogatto.es\\\/fr\\\/#website\"},\"datePublished\":\"2023-08-30T07:35:08+00:00\",\"dateModified\":\"2023-08-30T07:35:18+00:00\",\"description\":\"Quooker propose de l'eau bouillante \u00e0 100\u00b0C, r\u00e9frig\u00e9r\u00e9e avec ou sans gaz, directement \u00e0 partir d'un simple robinet.\",\"breadcrumb\":{\"@id\":\"https:\\\/\\\/www.studiogatto.es\\\/fr\\\/quooker\\\/#breadcrumb\"},\"inLanguage\":\"fr-FR\",\"potentialAction\":[{\"@type\":\"ReadAction\",\"target\":[\"https:\\\/\\\/www.studiogatto.es\\\/fr\\\/quooker\\\/\"]}]},{\"@type\":\"BreadcrumbList\",\"@id\":\"https:\\\/\\\/www.studiogatto.es\\\/fr\\\/quooker\\\/#breadcrumb\",\"itemListElement\":[{\"@type\":\"ListItem\",\"position\":1,\"name\":\"Portada\",\"item\":\"https:\\\/\\\/www.studiogatto.es\\\/fr\\\/\"},{\"@type\":\"ListItem\",\"position\":2,\"name\":\"Quooker\"}]},{\"@type\":\"WebSite\",\"@id\":\"https:\\\/\\\/www.studiogatto.es\\\/fr\\\/#website\",\"url\":\"https:\\\/\\\/www.studiogatto.es\\\/fr\\\/\",\"name\":\"Studio Gatto - Reformas, Cocinas, Ba\u00f1os\",\"description\":\"Reformas integrales de Cocinas y ba\u00f1os. Interiorismo. Dise\u00f1o.\",\"publisher\":{\"@id\":\"https:\\\/\\\/www.studiogatto.es\\\/fr\\\/#organization\"},\"potentialAction\":[{\"@type\":\"SearchAction\",\"target\":{\"@type\":\"EntryPoint\",\"urlTemplate\":\"https:\\\/\\\/www.studiogatto.es\\\/fr\\\/?s={search_term_string}\"},\"query-input\":{\"@type\":\"PropertyValueSpecification\",\"valueRequired\":true,\"valueName\":\"search_term_string\"}}],\"inLanguage\":\"fr-FR\"},{\"@type\":\"Organization\",\"@id\":\"https:\\\/\\\/www.studiogatto.es\\\/fr\\\/#organization\",\"name\":\"Studio Gatto\",\"url\":\"https:\\\/\\\/www.studiogatto.es\\\/fr\\\/\",\"logo\":{\"@type\":\"ImageObject\",\"inLanguage\":\"fr-FR\",\"@id\":\"https:\\\/\\\/www.studiogatto.es\\\/fr\\\/#\\\/schema\\\/logo\\\/image\\\/\",\"url\":\"https:\\\/\\\/www.studiogatto.es\\\/wp-content\\\/uploads\\\/Nuevo-logotipo.jpg\",\"contentUrl\":\"https:\\\/\\\/www.studiogatto.es\\\/wp-content\\\/uploads\\\/Nuevo-logotipo.jpg\",\"width\":300,\"height\":167,\"caption\":\"Studio Gatto\"},\"image\":{\"@id\":\"https:\\\/\\\/www.studiogatto.es\\\/fr\\\/#\\\/schema\\\/logo\\\/image\\\/\"},\"sameAs\":[\"https:\\\/\\\/www.facebook.com\\\/studiogattocucine\",\"https:\\\/\\\/x.com\\\/studiogattosl\"]}]}<\/script>\n<!-- \/ Yoast SEO plugin. -->","yoast_head_json":{"title":"Quooker. Le robinet multiple","description":"Quooker propose de l'eau bouillante \u00e0 100\u00b0C, r\u00e9frig\u00e9r\u00e9e avec ou sans gaz, directement \u00e0 partir d'un simple robinet.","robots":{"index":"index","follow":"follow","max-snippet":"max-snippet:-1","max-image-preview":"max-image-preview:large","max-video-preview":"max-video-preview:-1"},"canonical":"https:\/\/www.studiogatto.es\/fr\/quooker\/","og_locale":"fr_FR","og_type":"article","og_title":"Quooker. Le robinet multiple","og_description":"Quooker propose de l'eau bouillante \u00e0 100\u00b0C, r\u00e9frig\u00e9r\u00e9e avec ou sans gaz, directement \u00e0 partir d'un simple robinet.","og_url":"https:\/\/www.studiogatto.es\/fr\/quooker\/","og_site_name":"Studio Gatto - Reformas, Cocinas, Ba\u00f1os","article_publisher":"https:\/\/www.facebook.com\/studiogattocucine","article_modified_time":"2023-08-30T07:35:18+00:00","twitter_card":"summary_large_image","twitter_site":"@studiogattosl","twitter_misc":{"Dur\u00e9e de lecture estim\u00e9e":"7 minutes"},"schema":{"@context":"https:\/\/schema.org","@graph":[{"@type":"WebPage","@id":"https:\/\/www.studiogatto.es\/fr\/quooker\/","url":"https:\/\/www.studiogatto.es\/fr\/quooker\/","name":"Quooker. Le robinet multiple","isPartOf":{"@id":"https:\/\/www.studiogatto.es\/fr\/#website"},"datePublished":"2023-08-30T07:35:08+00:00","dateModified":"2023-08-30T07:35:18+00:00","description":"Quooker propose de l'eau bouillante \u00e0 100\u00b0C, r\u00e9frig\u00e9r\u00e9e avec ou sans gaz, directement \u00e0 partir d'un simple robinet.","breadcrumb":{"@id":"https:\/\/www.studiogatto.es\/fr\/quooker\/#breadcrumb"},"inLanguage":"fr-FR","potentialAction":[{"@type":"ReadAction","target":["https:\/\/www.studiogatto.es\/fr\/quooker\/"]}]},{"@type":"BreadcrumbList","@id":"https:\/\/www.studiogatto.es\/fr\/quooker\/#breadcrumb","itemListElement":[{"@type":"ListItem","position":1,"name":"Portada","item":"https:\/\/www.studiogatto.es\/fr\/"},{"@type":"ListItem","position":2,"name":"Quooker"}]},{"@type":"WebSite","@id":"https:\/\/www.studiogatto.es\/fr\/#website","url":"https:\/\/www.studiogatto.es\/fr\/","name":"Studio Gatto - Reformas, Cocinas, Ba\u00f1os","description":"Reformas integrales de Cocinas y ba\u00f1os. Interiorismo. Dise\u00f1o.","publisher":{"@id":"https:\/\/www.studiogatto.es\/fr\/#organization"},"potentialAction":[{"@type":"SearchAction","target":{"@type":"EntryPoint","urlTemplate":"https:\/\/www.studiogatto.es\/fr\/?s={search_term_string}"},"query-input":{"@type":"PropertyValueSpecification","valueRequired":true,"valueName":"search_term_string"}}],"inLanguage":"fr-FR"},{"@type":"Organization","@id":"https:\/\/www.studiogatto.es\/fr\/#organization","name":"Studio Gatto","url":"https:\/\/www.studiogatto.es\/fr\/","logo":{"@type":"ImageObject","inLanguage":"fr-FR","@id":"https:\/\/www.studiogatto.es\/fr\/#\/schema\/logo\/image\/","url":"https:\/\/www.studiogatto.es\/wp-content\/uploads\/Nuevo-logotipo.jpg","contentUrl":"https:\/\/www.studiogatto.es\/wp-content\/uploads\/Nuevo-logotipo.jpg","width":300,"height":167,"caption":"Studio Gatto"},"image":{"@id":"https:\/\/www.studiogatto.es\/fr\/#\/schema\/logo\/image\/"},"sameAs":["https:\/\/www.facebook.com\/studiogattocucine","https:\/\/x.com\/studiogattosl"]}]}},"_links":{"self":[{"href":"https:\/\/www.studiogatto.es\/fr\/wp-json\/wp\/v2\/pages\/45695","targetHints":{"allow":["GET"]}}],"collection":[{"href":"https:\/\/www.studiogatto.es\/fr\/wp-json\/wp\/v2\/pages"}],"about":[{"href":"https:\/\/www.studiogatto.es\/fr\/wp-json\/wp\/v2\/types\/page"}],"author":[{"embeddable":true,"href":"https:\/\/www.studiogatto.es\/fr\/wp-json\/wp\/v2\/users\/2"}],"replies":[{"embeddable":true,"href":"https:\/\/www.studiogatto.es\/fr\/wp-json\/wp\/v2\/comments?post=45695"}],"version-history":[{"count":0,"href":"https:\/\/www.studiogatto.es\/fr\/wp-json\/wp\/v2\/pages\/45695\/revisions"}],"wp:attachment":[{"href":"https:\/\/www.studiogatto.es\/fr\/wp-json\/wp\/v2\/media?parent=45695"}],"curies":[{"name":"wp","href":"https:\/\/api.w.org\/{rel}","templated":true}]}}