{"id":9911,"date":"2019-04-05T15:33:58","date_gmt":"2019-04-05T15:33:58","guid":{"rendered":"http:\/\/studiogatto.es\/proteccion-de-datos\/"},"modified":"2024-04-06T18:40:32","modified_gmt":"2024-04-06T16:40:32","slug":"proteccio-de-dades","status":"publish","type":"page","link":"https:\/\/www.studiogatto.es\/ca\/proteccio-de-dades\/","title":{"rendered":"Pol\u00edtica privadesa"},"content":{"rendered":"<p>[et_pb_section fb_built=&#8221;1&#8243; _builder_version=&#8221;3.22.3&#8243; global_colors_info=&#8221;{}&#8221; da_is_popup=&#8221;off&#8221; da_exit_intent=&#8221;off&#8221; da_has_close=&#8221;on&#8221; da_alt_close=&#8221;off&#8221; da_dark_close=&#8221;off&#8221; da_not_modal=&#8221;on&#8221; da_is_singular=&#8221;off&#8221; da_with_loader=&#8221;off&#8221; da_has_shadow=&#8221;on&#8221; da_disable_devices=&#8221;off|off|off&#8221;][et_pb_row _builder_version=&#8221;3.25&#8243; global_colors_info=&#8221;{}&#8221;][et_pb_column type=&#8221;4_4&#8243; _builder_version=&#8221;3.25&#8243; custom_padding=&#8221;|||&#8221; global_colors_info=&#8221;{}&#8221; custom_padding__hover=&#8221;|||&#8221;][et_pb_text _builder_version=&#8221;3.27.4&#8243; header_font_size_tablet=&#8221;&#8221; header_font_size_phone=&#8221;35px&#8221; header_font_size_last_edited=&#8221;on|phone&#8221; global_colors_info=&#8221;{}&#8221;]<\/p>\n<h1>Protecci\u00f3 de dades<\/h1>\n<p>[\/et_pb_text][\/et_pb_column][\/et_pb_row][et_pb_row _builder_version=&#8221;3.25&#8243; global_colors_info=&#8221;{}&#8221;][et_pb_column type=&#8221;4_4&#8243; _builder_version=&#8221;3.25&#8243; custom_padding=&#8221;|||&#8221; global_colors_info=&#8221;{}&#8221; custom_padding__hover=&#8221;|||&#8221;][et_pb_text _builder_version=&#8221;3.27.4&#8243; global_colors_info=&#8221;{}&#8221;]<\/p>\n<p style=\"padding-left: 30px;\">\n            <strong>1. <u>POL\u00cdTICA D&#8217;ENLLA\u00c7OS I EXEMPCIONS DE RESPONSABILITAT<\/u><\/strong>\n          <\/p>\n<ol>\n<li style=\"list-style-type: none;\">\n<ol><\/ol>\n<p><strong>STUDIO GATTO SL<\/strong>  no es fa responsable del contingut de les p\u00e0gines web a qu\u00e8 pugui accedir l&#8217;usuari a trav\u00e9s dels enlla\u00e7os establerts als seus llocs web i declara que en cap cas examinar\u00e0 ni exercitar\u00e0 cap mena de control sobre el contingut d&#8217;altres p\u00e0gines de la xarxa.<\/p>\n<p>Aix\u00ed mateix, tampoc garanteix la disponibilitat t\u00e8cnica, exactitud, veracitat, validesa o legalitat de p\u00e0gines alienes a la seva propietat a qu\u00e8 es pugui accedir a trav\u00e9s dels enlla\u00e7os.<\/p>\n<p><strong>STUDIO GATTO SL<\/strong> declara que ha adoptat totes les mesures necess\u00e0ries per evitar qualsevol dany que es pugui derivar de la navegaci\u00f3 per les seves p\u00e0gines web. En conseq\u00fc\u00e8ncia, <strong>STUDIO GATTO SL<\/strong> no es fa responsable, en cap cas, dels danys eventuals que pugui patir l&#8217;usuari a causa de la navegaci\u00f3 per Internet.<\/p>\n<p><strong>STUDIO GATTO SL<\/strong>  no es responsabilitza dels danys o perjudicis de qualsevol tipus produ\u00efts a l&#8217;Usuari que portin causa de fallades o desconnexions a les xarxes de telecomunicacions que produeixin la suspensi\u00f3, cancel\u00b7laci\u00f3, instal\u00b7laci\u00f3 o interrupci\u00f3 del servei del web durant la prestaci\u00f3 del mateix o amb car\u00e0cter previ.<\/p>\n<p>L&#8217;acc\u00e9s a la web: <strong>www.studiogatto.es<\/strong> no implica l&#8217;obligaci\u00f3 per part de l&#8217;empresa de controlar l&#8217;abs\u00e8ncia de virus o qualsevol altre element inform\u00e0tic nociu. Correspon a l&#8217;Usuari, en tot cas, la disponibilitat d&#8217;eines adequades per a la detecci\u00f3 i la desinfecci\u00f3 de programes inform\u00e0tics perjudicials.<\/p>\n<p><strong>STUDIO GATTO SL<\/strong> no es responsabilitza dels danys produ\u00efts als equips inform\u00e0tics, documents i\/o fitxers dels Usuaris o de tercers durant la prestaci\u00f3 del servei al Portal.<\/p>\n<ol start=\"2\">\n<li>\n                  <strong> <\/strong><br \/>\n                  <strong><br \/>\n                    <u>PUBLICITAT<\/u><br \/>\n                  <\/strong>\n                <\/li>\n<\/ol>\n<p>La web: <strong>www.studiogatto.es<\/strong> podr\u00e0 allotjar continguts publicitaris o patrocinats. Els anunciants o patrocinadors s\u00f3n els \u00fanics responsables d&#8217;assegurar-se que el material rem\u00e8s per a la seva inclusi\u00f3 a la web compleix les lleis que en cada cas puguin ser aplicables.<\/p>\n<p><strong>STUDIO GATTO SL<\/strong> no ser\u00e0 responsable de qualsevol error, inexactitud o irregularitat que puguin contenir els continguts publicitaris o dels patrocinadors.<\/p>\n<ol start=\"3\">\n<li>\n                  <strong><br \/>\n                    <u>MODIFICACIONS<\/u><br \/>\n                  <\/strong>\n                <\/li>\n<\/ol>\n<p><strong>STUDIO GATTO SL<\/strong> es reserva el dret a realitzar les modificacions que consideri oportunes, sense av\u00eds previ, en el contingut dels seus llocs web, tant pel que fa als continguts dels llocs web com per les condicions d&#8217;\u00fas o per les condicions generals de contractaci\u00f3 . Aquestes modificacions podran realitzar-se, a trav\u00e9s dels seus llocs web, de qualsevol forma admissible en dret i seran de compliment obligat durant el temps que estiguin publicades a la web i fins que no siguin modificades per altres posteriors.<\/p>\n<\/p>\n<ol start=\"4\">\n<li>\n                  <strong> <\/strong><br \/>\n                  <strong><br \/>\n                    <u>RESERVA DE COOKIES<\/u><br \/>\n                  <\/strong>\n                <\/li>\n<\/ol>\n<p><strong>STUDIO GATTO SL<\/strong> es reserva el dret d&#8217;utilitzar cookies en la navegaci\u00f3 de l&#8217;usuari pels seus llocs web per facilitar la personalitzaci\u00f3 i la comoditat de la navegaci\u00f3. Seguint la pol\u00edtica de protecci\u00f3 de dades de l&#8217;empresa, <strong>STUDIO GATTO SL<\/strong> informa que les cookies s&#8217;associen a l&#8217;usuari an\u00f2nim i al vostre ordinador i no proporcionen per si mateixes ni el nom ni els cognoms de l&#8217;usuari.<\/p>\n<p>L&#8217;usuari t\u00e9 la possibilitat de configurar el vostre navegador de manera que sigui informat de la recepci\u00f3 de cookies, podent, si aix\u00ed ho desitja, impedir que s&#8217;instal\u00b7lin al vostre disc dur. Tot i aix\u00f2, per accedir als llocs web de <strong>STUDIO GATTO SL<\/strong> no \u00e9s preceptiva la instal\u00b7laci\u00f3 de cookies.<\/p>\n<p>L&#8217;usuari es compromet a abstenir-se de reproduir, copiar, distribuir, posar a disposici\u00f3 o de qualsevol altra manera comunicar p\u00fablicament, transformar o modificar els continguts, llevat que es compti amb l&#8217;autoritzaci\u00f3 del titular dels drets corresponents o aix\u00f2 resulti legalment perm\u00e8s.<\/p>\n<\/p>\n<ol start=\"5\">\n<li>\n                  <strong> <\/strong><br \/>\n                  <strong><br \/>\n                    <u>PROTECCI\u00d3 DE DADES PERSONAL<\/u><br \/>\n                  <\/strong>\n                <\/li>\n<\/ol>\n<p>De conformitat amb el que estableix el Reial decret llei 5\/2018, per a l&#8217;adaptaci\u00f3 del dret espanyol a la normativa de la Uni\u00f3 Europea, per a l&#8217;aplicaci\u00f3 del Reglament General-UE-2016\/679 del Parlament i Consell d&#8217;Europa de Protecci\u00f3 de Dades de Car\u00e0cter Personal, aprovat el 27 d&#8217;abril del 2016<strong>,<\/strong> i la LOPD 3\/2018, de garantia dels drets digitals,<strong>  STUDIO GATTO SL<\/strong>  informa als usuaris dels seus llocs web que estem obligats a guardar secret professional sobre les dades personals demanades per l&#8217;empresa mitjan\u00e7ant els formularis situats a les seves p\u00e0gines, aquesta obligaci\u00f3 continuar\u00e0 fins i tot despr\u00e9s d&#8217;haver finalitzat la nostra relaci\u00f3 comercial o contractual, i en cap cas podrem fer p\u00fabliques les dades personals dels visitants i clients a la web sense el vostre consentiment.  <strong>Els menors de 14 anys no poden prestar el seu consentiment perqu\u00e8 un comer\u00e7 reculli i tracti les seves dades personals<\/strong> ; nom\u00e9s els seus representants legals (pares o tutors) s\u00f3n els que poden fer-ho en nom seu. Aquells comer\u00e7os que necessitin tractar dades de menors de 14 anys, han de disposar dels mitjans per obtenir el consentiment dels pares o tutors, per exemple, mitjan\u00e7ant un missatge de correu electr\u00f2nic dirigit a algun d&#8217;ells que contingui un enlla\u00e7 a un formulari electr\u00f2nic. No es poden demanar als menors de 14 anys dades sobre l&#8217;\u00e0mbit familiar, l&#8217;\u00fanica excepci\u00f3 \u00e9s les dades d&#8217;identificaci\u00f3 i contacte dels pares o tutors.<\/p>\n<p>Aquestes dades seran introdu\u00efdes en un fitxer automatitzat sota la responsabilitat de l&#8217;administrador del web de <strong>STUDIO GATTO SL<\/strong> amb la finalitat de poder facilitar, agilitzar i complir els compromisos establerts entre ambdues parts. Aix\u00ed mateix,  <strong>STUDIO GATTO SL<\/strong> informa de la possibilitat d&#8217;exercir els drets de  <strong>acc\u00e9s<\/strong> , que permet a l&#8217;usuari web, con\u00e8ixer quines dades personals t\u00e9 l&#8217;administrador d&#8217;aquesta p\u00e0gina i en aquest cas contestar\u00e0 en un termini de 30 dies, sempre que conservi les dades,  <strong>rectificaci\u00f3<\/strong> , que permet corregir errors, modificar les dades que siguin inexactes o incompletes i garantir la certesa de la informaci\u00f3,  <strong>oposici\u00f3<\/strong> que podr\u00e0 sol\u00b7licitar i aconseguir que no dugui a terme el tractament de dades,  <strong>supressi\u00f3<\/strong> que permet que se suprimeixin les dades inadequades o excessives,  <strong>limitaci\u00f3,<\/strong> pel qual podeu sol\u00b7licitar que es limiti el tractament de les vostres dades quan h\u00e0giu exercit el vostre dret a la rectificaci\u00f3 de les vostres dades personals, i  <strong>portabilitat<\/strong> , perqu\u00e8 l&#8217;usuari pugui obtenir una c\u00f2pia de les dades personals que hagi facilitat a la web per tal de poder transmetre&#8217;ls a altres serveis, aquests drets es podran exercir per qualsevol mitj\u00e0 que deixi const\u00e0ncia del seu enviament i de la recepci\u00f3 a l&#8217;adre\u00e7a :<strong>  POL. IND. VILANOVETA 49, AVENIDA ROQUETS, 48.  <\/strong>Codi Postal: <strong>08810<\/strong> . Localitat: <strong>SANT PERE DE RIBES<\/strong> . Prov\u00edncia: <strong>BARCELONA<\/strong> . Correu electr\u00f2nic: <u>sonia@studiogatto.es<\/u> <strong>, aportant<\/strong> fotoc\u00f2pia del DNI o documentaci\u00f3 alternativa que acrediti la seva identitat.<\/p>\n<p>Mentre no ens comuniqueu el contrari, entendrem que les vostres dades no han estat modificades, que vost\u00e8 es compromet a notificar-nos qualsevol variaci\u00f3 i que tenim el consentiment per utilitzar-les per tal de poder fidelitzar la relaci\u00f3 entre les parts.<\/p>\n<p>L&#8217;enviament de les vostres dades mitjan\u00e7ant el\/s formularis de la nostra web estar\u00e0 supeditat obligat\u00f2riament a que hagi llegit\/acceptat la Pol\u00edtica de Privadesa, mitjan\u00e7ant un check box obligatori al peu del formulari.<\/p>\n<p>D&#8217;acord amb el que estableix la Llei 34\/2002, de Serveis de la Societat de la Informaci\u00f3 i el Comer\u00e7 Electr\u00f2nic a l&#8217;article 21, demanem el vostre consentiment per poder realitzar comunicacions publicit\u00e0ries que considerem que puguin ser del vostre inter\u00e8s, per correu electr\u00f2nic o per qualsevol altre mitj\u00e0 de comunicaci\u00f3 electr\u00f2nica equivalent, aquest consentiment ho acceptar\u00e0 o negar\u00e0 amb un check box obligatori al peu del formulari.<\/p>\n<\/p>\n<ol start=\"6\">\n<li>\n                  <strong> <\/strong><br \/>\n                  <strong><br \/>\n                    <u>PROPIETAT INTEL\u00b7LECTUAL<\/u><br \/>\n                  <\/strong>\n                <\/li>\n<\/ol>\n<p>Els drets de propietat intel\u00b7lectual i industrial derivats de tots els textos, imatges, aix\u00ed com dels mitjans i formes de presentaci\u00f3 i muntatge de les seves p\u00e0gines pertanyen, per si mateixos o com a cession\u00e0ria, a<strong>  STUDIO GATTO SL.  <\/strong>Seran, per tant, obres protegides amb propietat intel\u00b7lectual per l&#8217;ordenament jur\u00eddic espanyol i se&#8217;ls podr\u00e0 aplicar tant la normativa espanyola i comunit\u00e0ria en aquest camp, com els tractats internacionals relatius a la mat\u00e8ria i subscrits per Espanya, Reial Decret Legislatiu 1\/1996.<\/p>\n<p>Tots els drets reservats. En compliment de la Llei de la Propietat Intel\u00b7lectual es prohibeix expressament la reproducci\u00f3, distribuci\u00f3, comunicaci\u00f3 p\u00fablica i utilitzaci\u00f3 de la totalitat o part dels continguts de les p\u00e0gines web sense el consentiment expl\u00edcit de <strong>STUDIO GATTO SL.<\/strong><\/p>\n<p>Aix\u00ed mateix, <strong>STUDIO GATTO SL<\/strong> es reserva la facultat de presentar les accions civils o penals que consideri oportunes per la utilitzaci\u00f3 indeguda de les p\u00e0gines web i continguts o per l&#8217;incompliment d&#8217;aquestes condicions.<\/p>\n<\/p>\n<ol start=\"7\">\n<li>\n                  <strong> <\/strong><br \/>\n                  <strong><br \/>\n                    <u>SEGELLS DE CONFIAN\u00c7A<\/u><br \/>\n                  <\/strong>\n                <\/li>\n<\/ol>\n<p>Els segells de confian\u00e7a s\u00f3n distintius que es proporcionen a les botigues en l\u00ednia per demostrar la seva qualitat i seguretat en la venda en l\u00ednia.<\/p>\n<p>Per aconseguir el segell, aquestes s\u00f3n auditades o avaluades per comprovar que compleixen els criteris de seguretat en la compra i compliment legal en mat\u00e8ria de privadesa i protecci\u00f3 de dades dels consumidors.<\/p>\n<p>Les botigues que tenen un segell de confian\u00e7a estan adherides a un codi de conducta i solen oferir als consumidors procediments alternatius de resoluci\u00f3 de conflictes senzills, r\u00e0pids i c\u00f2modes.<\/p>\n<\/p>\n<ol start=\"8\">\n<li>\n                  <strong> <\/strong><br \/>\n                  <strong><br \/>\n                    <u>CERTIFICATS DE COMPLIMENT LSSI-CE I PROTECCI\u00d3 DE DADES<\/u><br \/>\n                  <\/strong>\n                <\/li>\n<\/ol>\n<p><strong>www.studiogatto.es<\/strong> compleix amb la normativa de Protecci\u00f3 de Dades vigent i amb la <strong>LSSI-CE<\/strong> , i ha estat assessorada en aquestes normatives per <span><a href=\"https:\/\/www.grupoqualia.net\/es\/inicio\"><strong>GRUP QUALIA<\/strong><\/a><\/span> <strong>,<\/strong> per la qual cosa se li atorguen sengles certificats en format d&#8217;imatge digital perqu\u00e8 pugui exposar-los a seu lloc web.<\/p>\n<\/p>\n<ol start=\"9\">\n<li>\n                  <strong> <\/strong><br \/>\n                  <strong><br \/>\n                    <u>ACCIONS LEGAL, LEGISLACI\u00d3 APLICABLE I JURISDICCI\u00d3<\/u><br \/>\n                  <\/strong>\n                <\/li>\n<\/ol>\n<p>La relaci\u00f3 entre l\u201fusuari i <strong>STUDIO GATTO SL<\/strong> es regir\u00e0 per la normativa espanyola vigent i seran competents per decidir sobre qualsevol controv\u00e8rsia que pugui sorgir entre l\u201fusuari i <strong>STUDIO GATTO SL,<\/strong> els jutjats o tribunals de la localitat de <strong>VILANOVA I LA GELTR\u00da.<\/strong><\/p>\n<\/li>\n<\/ol>\n<p>        [\/et_pb_text][\/et_pb_column][\/et_pb_row][\/et_pb_section]<\/p>\n","protected":false},"excerpt":{"rendered":"<p>Protecci\u00f3 de dades 1. POL\u00cdTICA D&#8217;ENLLA\u00c7OS I EXEMPCIONS DE RESPONSABILITAT STUDIO GATTO SL no es fa responsable del contingut de les p\u00e0gines web a qu\u00e8 pugui accedir l&#8217;usuari a trav\u00e9s dels enlla\u00e7os establerts als seus llocs web i declara que en cap cas examinar\u00e0 ni exercitar\u00e0 cap mena de control sobre el contingut d&#8217;altres p\u00e0gines [&hellip;]<\/p>\n","protected":false},"author":1,"featured_media":0,"parent":0,"menu_order":0,"comment_status":"closed","ping_status":"closed","template":"","meta":{"_et_pb_use_builder":"on","_et_pb_old_content":"","_et_gb_content_width":"","footnotes":""},"class_list":["post-9911","page","type-page","status-publish","hentry"],"yoast_head":"<!-- This site is optimized with the Yoast SEO plugin v27.4 - https:\/\/yoast.com\/product\/yoast-seo-wordpress\/ -->\n<title>Pol\u00edtica privadesa<\/title>\n<meta name=\"robots\" content=\"noindex, follow\" \/>\n<meta property=\"og:locale\" content=\"ca_ES\" \/>\n<meta property=\"og:type\" content=\"article\" \/>\n<meta property=\"og:title\" content=\"Pol\u00edtica privadesa\" \/>\n<meta property=\"og:description\" content=\"Protecci\u00f3 de dades 1. POL\u00cdTICA D&#039;ENLLA\u00c7OS I EXEMPCIONS DE RESPONSABILITAT STUDIO GATTO SL no es fa responsable del contingut de les p\u00e0gines web a qu\u00e8 pugui accedir l&#039;usuari a trav\u00e9s dels enlla\u00e7os establerts als seus llocs web i declara que en cap cas examinar\u00e0 ni exercitar\u00e0 cap mena de control sobre el contingut d&#039;altres p\u00e0gines [&hellip;]\" \/>\n<meta property=\"og:url\" content=\"https:\/\/www.studiogatto.es\/ca\/proteccio-de-dades\/\" \/>\n<meta property=\"og:site_name\" content=\"Studio Gatto - Cuines i Banys\" \/>\n<meta property=\"article:publisher\" content=\"https:\/\/www.facebook.com\/studiogattocucine\" \/>\n<meta property=\"article:modified_time\" content=\"2024-04-06T16:40:32+00:00\" \/>\n<meta name=\"twitter:card\" content=\"summary_large_image\" \/>\n<meta name=\"twitter:site\" content=\"@studiogattosl\" \/>\n<meta name=\"twitter:label1\" content=\"Temps estimat de lectura\" \/>\n\t<meta name=\"twitter:data1\" content=\"9 minuts\" \/>\n<script type=\"application\/ld+json\" class=\"yoast-schema-graph\">{\"@context\":\"https:\\\/\\\/schema.org\",\"@graph\":[{\"@type\":\"WebPage\",\"@id\":\"https:\\\/\\\/www.studiogatto.es\\\/ca\\\/proteccio-de-dades\\\/\",\"url\":\"https:\\\/\\\/www.studiogatto.es\\\/ca\\\/proteccio-de-dades\\\/\",\"name\":\"Pol\u00edtica privadesa\",\"isPartOf\":{\"@id\":\"https:\\\/\\\/www.studiogatto.es\\\/ca\\\/#website\"},\"datePublished\":\"2019-04-05T15:33:58+00:00\",\"dateModified\":\"2024-04-06T16:40:32+00:00\",\"breadcrumb\":{\"@id\":\"https:\\\/\\\/www.studiogatto.es\\\/ca\\\/proteccio-de-dades\\\/#breadcrumb\"},\"inLanguage\":\"ca\",\"potentialAction\":[{\"@type\":\"ReadAction\",\"target\":[\"https:\\\/\\\/www.studiogatto.es\\\/ca\\\/proteccio-de-dades\\\/\"]}]},{\"@type\":\"BreadcrumbList\",\"@id\":\"https:\\\/\\\/www.studiogatto.es\\\/ca\\\/proteccio-de-dades\\\/#breadcrumb\",\"itemListElement\":[{\"@type\":\"ListItem\",\"position\":1,\"name\":\"Portada\",\"item\":\"https:\\\/\\\/www.studiogatto.es\\\/ca\\\/\"},{\"@type\":\"ListItem\",\"position\":2,\"name\":\"Pol\u00edtica privadesa\"}]},{\"@type\":\"WebSite\",\"@id\":\"https:\\\/\\\/www.studiogatto.es\\\/ca\\\/#website\",\"url\":\"https:\\\/\\\/www.studiogatto.es\\\/ca\\\/\",\"name\":\"Studio Gatto - Cuines i Banys\",\"description\":\"Reformas integrales de Cocinas y ba\u00f1os. Interiorismo. Dise\u00f1o.\",\"publisher\":{\"@id\":\"https:\\\/\\\/www.studiogatto.es\\\/ca\\\/#organization\"},\"potentialAction\":[{\"@type\":\"SearchAction\",\"target\":{\"@type\":\"EntryPoint\",\"urlTemplate\":\"https:\\\/\\\/www.studiogatto.es\\\/ca\\\/?s={search_term_string}\"},\"query-input\":{\"@type\":\"PropertyValueSpecification\",\"valueRequired\":true,\"valueName\":\"search_term_string\"}}],\"inLanguage\":\"ca\"},{\"@type\":\"Organization\",\"@id\":\"https:\\\/\\\/www.studiogatto.es\\\/ca\\\/#organization\",\"name\":\"Studio Gatto\",\"url\":\"https:\\\/\\\/www.studiogatto.es\\\/ca\\\/\",\"logo\":{\"@type\":\"ImageObject\",\"inLanguage\":\"ca\",\"@id\":\"https:\\\/\\\/www.studiogatto.es\\\/ca\\\/#\\\/schema\\\/logo\\\/image\\\/\",\"url\":\"https:\\\/\\\/www.studiogatto.es\\\/wp-content\\\/uploads\\\/Nuevo-logotipo.jpg\",\"contentUrl\":\"https:\\\/\\\/www.studiogatto.es\\\/wp-content\\\/uploads\\\/Nuevo-logotipo.jpg\",\"width\":300,\"height\":167,\"caption\":\"Studio Gatto\"},\"image\":{\"@id\":\"https:\\\/\\\/www.studiogatto.es\\\/ca\\\/#\\\/schema\\\/logo\\\/image\\\/\"},\"sameAs\":[\"https:\\\/\\\/www.facebook.com\\\/studiogattocucine\",\"https:\\\/\\\/x.com\\\/studiogattosl\"]}]}<\/script>\n<!-- \/ Yoast SEO plugin. -->","yoast_head_json":{"title":"Pol\u00edtica privadesa","robots":{"index":"noindex","follow":"follow"},"og_locale":"ca_ES","og_type":"article","og_title":"Pol\u00edtica privadesa","og_description":"Protecci\u00f3 de dades 1. POL\u00cdTICA D'ENLLA\u00c7OS I EXEMPCIONS DE RESPONSABILITAT STUDIO GATTO SL no es fa responsable del contingut de les p\u00e0gines web a qu\u00e8 pugui accedir l'usuari a trav\u00e9s dels enlla\u00e7os establerts als seus llocs web i declara que en cap cas examinar\u00e0 ni exercitar\u00e0 cap mena de control sobre el contingut d'altres p\u00e0gines [&hellip;]","og_url":"https:\/\/www.studiogatto.es\/ca\/proteccio-de-dades\/","og_site_name":"Studio Gatto - Cuines i Banys","article_publisher":"https:\/\/www.facebook.com\/studiogattocucine","article_modified_time":"2024-04-06T16:40:32+00:00","twitter_card":"summary_large_image","twitter_site":"@studiogattosl","twitter_misc":{"Temps estimat de lectura":"9 minuts"},"schema":{"@context":"https:\/\/schema.org","@graph":[{"@type":"WebPage","@id":"https:\/\/www.studiogatto.es\/ca\/proteccio-de-dades\/","url":"https:\/\/www.studiogatto.es\/ca\/proteccio-de-dades\/","name":"Pol\u00edtica privadesa","isPartOf":{"@id":"https:\/\/www.studiogatto.es\/ca\/#website"},"datePublished":"2019-04-05T15:33:58+00:00","dateModified":"2024-04-06T16:40:32+00:00","breadcrumb":{"@id":"https:\/\/www.studiogatto.es\/ca\/proteccio-de-dades\/#breadcrumb"},"inLanguage":"ca","potentialAction":[{"@type":"ReadAction","target":["https:\/\/www.studiogatto.es\/ca\/proteccio-de-dades\/"]}]},{"@type":"BreadcrumbList","@id":"https:\/\/www.studiogatto.es\/ca\/proteccio-de-dades\/#breadcrumb","itemListElement":[{"@type":"ListItem","position":1,"name":"Portada","item":"https:\/\/www.studiogatto.es\/ca\/"},{"@type":"ListItem","position":2,"name":"Pol\u00edtica privadesa"}]},{"@type":"WebSite","@id":"https:\/\/www.studiogatto.es\/ca\/#website","url":"https:\/\/www.studiogatto.es\/ca\/","name":"Studio Gatto - Cuines i Banys","description":"Reformas integrales de Cocinas y ba\u00f1os. Interiorismo. Dise\u00f1o.","publisher":{"@id":"https:\/\/www.studiogatto.es\/ca\/#organization"},"potentialAction":[{"@type":"SearchAction","target":{"@type":"EntryPoint","urlTemplate":"https:\/\/www.studiogatto.es\/ca\/?s={search_term_string}"},"query-input":{"@type":"PropertyValueSpecification","valueRequired":true,"valueName":"search_term_string"}}],"inLanguage":"ca"},{"@type":"Organization","@id":"https:\/\/www.studiogatto.es\/ca\/#organization","name":"Studio Gatto","url":"https:\/\/www.studiogatto.es\/ca\/","logo":{"@type":"ImageObject","inLanguage":"ca","@id":"https:\/\/www.studiogatto.es\/ca\/#\/schema\/logo\/image\/","url":"https:\/\/www.studiogatto.es\/wp-content\/uploads\/Nuevo-logotipo.jpg","contentUrl":"https:\/\/www.studiogatto.es\/wp-content\/uploads\/Nuevo-logotipo.jpg","width":300,"height":167,"caption":"Studio Gatto"},"image":{"@id":"https:\/\/www.studiogatto.es\/ca\/#\/schema\/logo\/image\/"},"sameAs":["https:\/\/www.facebook.com\/studiogattocucine","https:\/\/x.com\/studiogattosl"]}]}},"_links":{"self":[{"href":"https:\/\/www.studiogatto.es\/ca\/wp-json\/wp\/v2\/pages\/9911","targetHints":{"allow":["GET"]}}],"collection":[{"href":"https:\/\/www.studiogatto.es\/ca\/wp-json\/wp\/v2\/pages"}],"about":[{"href":"https:\/\/www.studiogatto.es\/ca\/wp-json\/wp\/v2\/types\/page"}],"author":[{"embeddable":true,"href":"https:\/\/www.studiogatto.es\/ca\/wp-json\/wp\/v2\/users\/1"}],"replies":[{"embeddable":true,"href":"https:\/\/www.studiogatto.es\/ca\/wp-json\/wp\/v2\/comments?post=9911"}],"version-history":[{"count":2,"href":"https:\/\/www.studiogatto.es\/ca\/wp-json\/wp\/v2\/pages\/9911\/revisions"}],"predecessor-version":[{"id":56622,"href":"https:\/\/www.studiogatto.es\/ca\/wp-json\/wp\/v2\/pages\/9911\/revisions\/56622"}],"wp:attachment":[{"href":"https:\/\/www.studiogatto.es\/ca\/wp-json\/wp\/v2\/media?parent=9911"}],"curies":[{"name":"wp","href":"https:\/\/api.w.org\/{rel}","templated":true}]}}