{"id":9751,"date":"2019-06-20T08:29:46","date_gmt":"2019-06-20T08:29:46","guid":{"rendered":"http:\/\/studiogatto.es\/?page_id=9751"},"modified":"2020-07-30T15:51:24","modified_gmt":"2020-07-30T15:51:24","slug":"reformes","status":"publish","type":"page","link":"https:\/\/www.studiogatto.es\/ca\/reformes\/","title":{"rendered":"Reformes"},"content":{"rendered":"\n[et_pb_section fb_built=&#8221;1&#8243; _builder_version=&#8221;3.22.3&#8243; custom_padding=&#8221;54px|0px|0|0px|false|false&#8221;][et_pb_row _builder_version=&#8221;3.25&#8243;][et_pb_column type=&#8221;4_4&#8243; _builder_version=&#8221;3.25&#8243; custom_padding=&#8221;|||&#8221; custom_padding__hover=&#8221;|||&#8221;][et_pb_text _builder_version=&#8221;3.26.3&#8243; text_font=&#8221;|700|||||||&#8221; text_font_size=&#8221;60px&#8221; text_orientation=&#8221;center&#8221; hover_enabled=&#8221;0&#8243; header_font_size_last_edited=&#8221;on|phone&#8221; header_font_size_phone=&#8221;35px&#8221;]<p>Reformes<\/p>[\/et_pb_text][\/et_pb_column][\/et_pb_row][\/et_pb_section][et_pb_section fb_built=&#8221;1&#8243; _builder_version=&#8221;3.22.3&#8243; custom_padding=&#8221;0|0px|54px|0px|false|false&#8221;][et_pb_row custom_padding=&#8221;40px|0px|8px|0|false|false&#8221; _builder_version=&#8221;3.25&#8243;][et_pb_column type=&#8221;4_4&#8243; _builder_version=&#8221;3.25&#8243; custom_padding=&#8221;|||&#8221; custom_padding__hover=&#8221;|||&#8221;][et_pb_text _builder_version=&#8221;3.24.1&#8243; text_font=&#8221;||||||||&#8221; text_orientation=&#8221;center&#8221;]<p>Studio Gatto ofereix un servei de reforma integral o parcial del teu habitatge.<\/p>\n<p>Despr\u00e9s d&#8217;una primera visita, el nostre equip t\u00e8cnic i l&#8217;equip de dissenyadors estudiar\u00e0 la redistribuci\u00f3 de l&#8217;espai a reformar i s&#8217;estructurar\u00e0 pas a pas el teu projecte per tal de realitzar una proposta personalitzada.<\/p>\n<p>Et presentem de forma gratu\u00efta un primer estudi amb un pressupost detallat i sense comprom\u00eds que s&#8217;adapti a les teves prefer\u00e8ncies i necessitats.<\/p>\n<p>Donarem forma al teu projecte al costat d&#8217;un equip d&#8217;industrials competent i professional que treballar\u00e0 sota les indicacions i supervisi\u00f3 constant del nostre cap d&#8217;obra.<\/p>\n<p>El nostre objectiu \u00e9s maximitzar l&#8217;espai \u00fatil, solucionar les necessitats t\u00e8cniques i est\u00e8tiques prioritzant el confort.<\/p>\n<p>En resum, creiem que d&#8217;una bona planificaci\u00f3 dep\u00e8n en gran part l&#8217;\u00e8xit de la reforma.<\/p>[\/et_pb_text][\/et_pb_column][\/et_pb_row][\/et_pb_section][et_pb_section fb_built=&#8221;1&#8243; _builder_version=&#8221;3.24&#8243; use_background_color_gradient=&#8221;on&#8221; background_color_gradient_start=&#8221;rgba(212,216,216,0.11)&#8221; background_color_gradient_end=&#8221;rgba(224,224,224,0.8)&#8221; background_color_gradient_direction=&#8221;27deg&#8221; background_color_gradient_start_position=&#8221;16%&#8221; background_color_gradient_end_position=&#8221;69%&#8221; background_color_gradient_overlays_image=&#8221;on&#8221; background_image=&#8221;https:\/\/www.studiogatto.es\/wp-content\/uploads\/Dollarphotoclub_58908266.jpg&#8221; height=&#8221;380px&#8221; custom_padding=&#8221;30px|0|65px|0px|false|false&#8221;][et_pb_row use_custom_gutter=&#8221;on&#8221; gutter_width=&#8221;4&#8243; custom_padding=&#8221;60px|||||&#8221; _builder_version=&#8221;3.25&#8243; column_structure=&#8221;1_2,1_2&#8243;][et_pb_column type=&#8221;1_2&#8243; _builder_version=&#8221;3.25&#8243; custom_padding=&#8221;|||&#8221; custom_padding__hover=&#8221;|||&#8221;][\/et_pb_column][et_pb_column type=&#8221;1_2&#8243; _builder_version=&#8221;3.25&#8243; custom_padding=&#8221;|||&#8221; custom_padding__hover=&#8221;|||&#8221;][et_pb_text _builder_version=&#8221;3.24.1&#8243; text_font=&#8221;|700|||||||&#8221; text_font_size=&#8221;40px&#8221; header_font=&#8221;||||||||&#8221; header_2_font=&#8221;||||||||&#8221; custom_margin=&#8221;|||||&#8221; custom_padding=&#8221;|||||&#8221;]<h2>Paleta<\/h2>[\/et_pb_text][et_pb_text _builder_version=&#8221;3.24.1&#8243; text_font=&#8221;||||||||&#8221;]<p>Li indiquem al paleta les indicacions necess\u00e0ries per transformar els espais de forma efica\u00e7 i neta. El seu treball anir\u00e0 sincronitzat amb el lampista i altres industrials.<\/p>[\/et_pb_text][\/et_pb_column][\/et_pb_row][\/et_pb_section][et_pb_section fb_built=&#8221;1&#8243; _builder_version=&#8221;3.24&#8243; use_background_color_gradient=&#8221;on&#8221; background_color_gradient_start=&#8221;rgba(216,216,216,0)&#8221; background_color_gradient_end=&#8221;rgba(196,196,196,0.8)&#8221; background_color_gradient_direction=&#8221;234deg&#8221; background_color_gradient_start_position=&#8221;42%&#8221; background_color_gradient_end_position=&#8221;77%&#8221; background_color_gradient_overlays_image=&#8221;on&#8221; background_image=&#8221;https:\/\/www.studiogatto.es\/wp-content\/uploads\/fontaneria-reformas-1024&#215;373.jpg&#8221; min_height=&#8221;380px&#8221; custom_padding=&#8221;30px|0px|65px|0px|false|false&#8221;][et_pb_row use_custom_gutter=&#8221;on&#8221; gutter_width=&#8221;4&#8243; custom_padding=&#8221;60px||||false|false&#8221; _builder_version=&#8221;3.25&#8243; column_structure=&#8221;1_2,1_2&#8243;][et_pb_column type=&#8221;1_2&#8243; _builder_version=&#8221;3.25&#8243; custom_padding=&#8221;|||&#8221; custom_padding__hover=&#8221;|||&#8221;][et_pb_text _builder_version=&#8221;3.24.1&#8243; text_font=&#8221;|600|||||||&#8221; text_font_size=&#8221;40px&#8221; custom_margin_last_edited=&#8221;on|phone&#8221;]<h2>Lampisteria<\/h2>[\/et_pb_text][et_pb_text _builder_version=&#8221;3.24.1&#8243;]<p>El lampista s&#8217;encarrega de tota la instal\u00b7laci\u00f3 el\u00e8ctrica, aigua i gas complint amb les normatives vigents i segons les nostres indicacions.<\/p>[\/et_pb_text][\/et_pb_column][et_pb_column type=&#8221;1_2&#8243; _builder_version=&#8221;3.25&#8243; custom_padding=&#8221;|||&#8221; custom_padding__hover=&#8221;|||&#8221;][\/et_pb_column][\/et_pb_row][\/et_pb_section][et_pb_section fb_built=&#8221;1&#8243; _builder_version=&#8221;3.24&#8243; use_background_color_gradient=&#8221;on&#8221; background_color_gradient_start=&#8221;rgba(216,216,216,0)&#8221; background_color_gradient_end=&#8221;rgba(196,196,196,0.8)&#8221; background_color_gradient_direction=&#8221;131deg&#8221; background_color_gradient_start_position=&#8221;19%&#8221; background_color_gradient_end_position=&#8221;58%&#8221; background_color_gradient_overlays_image=&#8221;on&#8221; background_image=&#8221;https:\/\/www.studiogatto.es\/wp-content\/uploads\/Dollarphotoclub_23037538.jpg&#8221; min_height=&#8221;380px&#8221; custom_padding=&#8221;30px|0px|65px|0px|false|false&#8221;][et_pb_row use_custom_gutter=&#8221;on&#8221; gutter_width=&#8221;4&#8243; custom_padding=&#8221;60px||||false|false&#8221; custom_margin=&#8221;|||||&#8221; _builder_version=&#8221;3.25&#8243; column_structure=&#8221;1_2,1_2&#8243;][et_pb_column type=&#8221;1_2&#8243; _builder_version=&#8221;3.25&#8243; custom_padding=&#8221;|||&#8221; custom_padding__hover=&#8221;|||&#8221;][\/et_pb_column][et_pb_column type=&#8221;1_2&#8243; _builder_version=&#8221;3.25&#8243; custom_padding=&#8221;|||&#8221; custom_padding__hover=&#8221;|||&#8221;][et_pb_text _builder_version=&#8221;3.24.1&#8243; text_font=&#8221;|600|||||||&#8221; text_font_size=&#8221;40px&#8221; header_font=&#8221;|600|||||||&#8221; header_text_align=&#8221;center&#8221; custom_margin=&#8221;||&#8221;]<h2>Alumini<\/h2>[\/et_pb_text][et_pb_text _builder_version=&#8221;3.24.1&#8243;]<p>En m\u00e9s d&#8217;una ocasi\u00f3 aconsellem l&#8217;\u00fas d&#8217;aquest material ja que \u00e9s f\u00e0cil d&#8217;instal\u00b7lar, de poc manteniment i econ\u00f2mic.<\/p>[\/et_pb_text][\/et_pb_column][\/et_pb_row][\/et_pb_section][et_pb_section fb_built=&#8221;1&#8243; _builder_version=&#8221;3.24&#8243; use_background_color_gradient=&#8221;on&#8221; background_color_gradient_start=&#8221;rgba(255,255,255,0)&#8221; background_color_gradient_end=&#8221;rgba(255,255,255,0.8)&#8221; background_color_gradient_direction=&#8221;315deg&#8221; background_color_gradient_end_position=&#8221;87%&#8221; background_color_gradient_overlays_image=&#8221;on&#8221; background_image=&#8221;https:\/\/www.studiogatto.es\/wp-content\/uploads\/armarios-vestidores-reformas-1024&#215;373.jpg&#8221; min_height=&#8221;380px&#8221; custom_padding=&#8221;35px|0px|65px|0px|false|false&#8221;][et_pb_row use_custom_gutter=&#8221;on&#8221; gutter_width=&#8221;4&#8243; custom_padding=&#8221;60px||||false|false&#8221; _builder_version=&#8221;3.25&#8243; column_structure=&#8221;1_2,1_2&#8243;][et_pb_column type=&#8221;1_2&#8243; _builder_version=&#8221;3.25&#8243; custom_padding=&#8221;|||&#8221; custom_padding__hover=&#8221;|||&#8221;][et_pb_text _builder_version=&#8221;3.24.1&#8243; text_font=&#8221;|600|||||||&#8221; text_font_size=&#8221;37px&#8221; text_letter_spacing=&#8221;1px&#8221;]<h2>Armaris encastats<\/h2>[\/et_pb_text][et_pb_text _builder_version=&#8221;3.24.1&#8243;]<p>Dissenyem en Render 3D la distribuci\u00f3 a mida del teu armari. T&#8217;aconsellem sobre materials i millors solucions.<\/p>[\/et_pb_text][\/et_pb_column][et_pb_column type=&#8221;1_2&#8243; _builder_version=&#8221;3.25&#8243; custom_padding=&#8221;|||&#8221; custom_padding__hover=&#8221;|||&#8221;][\/et_pb_column][\/et_pb_row][\/et_pb_section][et_pb_section fb_built=&#8221;1&#8243; _builder_version=&#8221;3.24&#8243; use_background_color_gradient=&#8221;on&#8221; background_color_gradient_start=&#8221;rgba(216,216,216,0)&#8221; background_color_gradient_end=&#8221;rgba(252,252,252,0.8)&#8221; background_color_gradient_direction=&#8221;131deg&#8221; background_color_gradient_start_position=&#8221;12%&#8221; background_color_gradient_end_position=&#8221;85%&#8221; background_color_gradient_overlays_image=&#8221;on&#8221; background_image=&#8221;https:\/\/www.studiogatto.es\/wp-content\/uploads\/pintar-reformas-1024&#215;373.jpg&#8221; min_height=&#8221;380px&#8221; custom_padding=&#8221;30px|0|64px|0px|false|false&#8221;][et_pb_row use_custom_gutter=&#8221;on&#8221; gutter_width=&#8221;4&#8243; custom_padding=&#8221;60px||||false|false&#8221; _builder_version=&#8221;3.25&#8243; column_structure=&#8221;1_2,1_2&#8243;][et_pb_column type=&#8221;1_2&#8243; _builder_version=&#8221;3.25&#8243; custom_padding=&#8221;|||&#8221; custom_padding__hover=&#8221;|||&#8221;][\/et_pb_column][et_pb_column type=&#8221;1_2&#8243; _builder_version=&#8221;3.25&#8243; custom_padding=&#8221;|||&#8221; custom_padding__hover=&#8221;|||&#8221;][et_pb_text _builder_version=&#8221;3.24.1&#8243; text_font=&#8221;|600|||||||&#8221; text_font_size=&#8221;40px&#8221;]<h2>Pintura<\/h2>[\/et_pb_text][et_pb_text _builder_version=&#8221;3.24.1&#8243; min_height=&#8221;50px&#8221; custom_padding=&#8221;0px|||||&#8221;]<p>Et guiarem gr\u00e0cies a la nostra experi\u00e8ncia en\u00a0<span style=\"font-size: 16px;\">decoraci\u00f3 i interiorisme.<\/span><\/p>[\/et_pb_text][\/et_pb_column][\/et_pb_row][\/et_pb_section][et_pb_section fb_built=&#8221;1&#8243; _builder_version=&#8221;3.24&#8243; use_background_color_gradient=&#8221;on&#8221; background_color_gradient_start=&#8221;rgba(48,47,47,0)&#8221; background_color_gradient_end=&#8221;rgba(224,224,224,0.8)&#8221; background_color_gradient_direction=&#8221;225deg&#8221; background_color_gradient_start_position=&#8221;36%&#8221; background_color_gradient_end_position=&#8221;72%&#8221; background_color_gradient_overlays_image=&#8221;on&#8221; background_image=&#8221;https:\/\/www.studiogatto.es\/wp-content\/uploads\/carpinteria-reformas-1024&#215;373.jpg&#8221; min_height=&#8221;380px&#8221; custom_padding=&#8221;30px|0px|65px|0px|false|false&#8221;][et_pb_row custom_padding=&#8221;60px||||false|false&#8221; _builder_version=&#8221;3.25&#8243; column_structure=&#8221;1_2,1_2&#8243;][et_pb_column type=&#8221;1_2&#8243; _builder_version=&#8221;3.25&#8243; custom_padding=&#8221;|||&#8221; custom_padding__hover=&#8221;|||&#8221;][et_pb_text _builder_version=&#8221;3.24.1&#8243; text_font=&#8221;|600|||||||&#8221; text_font_size=&#8221;40px&#8221;]<h2>Portes de pas<\/h2>[\/et_pb_text][et_pb_text _builder_version=&#8221;3.24.1&#8243;]<p>Les portes separen ambients per\u00f2 tamb\u00e9 decoren. T&#8217;ajudem a triar les portes que m\u00e9s s&#8217;adaptin a les teves necessitats.<\/p>[\/et_pb_text][\/et_pb_column][et_pb_column type=&#8221;1_2&#8243; _builder_version=&#8221;3.25&#8243; custom_padding=&#8221;|||&#8221; custom_padding__hover=&#8221;|||&#8221;][\/et_pb_column][\/et_pb_row][\/et_pb_section][et_pb_section fb_built=&#8221;1&#8243; _builder_version=&#8221;3.24&#8243; use_background_color_gradient=&#8221;on&#8221; background_color_gradient_start=&#8221;rgba(38,38,37,0)&#8221; background_color_gradient_end=&#8221;rgba(234,234,234,0.8)&#8221; background_color_gradient_direction=&#8221;105deg&#8221; background_color_gradient_start_position=&#8221;50%&#8221; background_color_gradient_end_position=&#8221;77%&#8221; background_color_gradient_overlays_image=&#8221;on&#8221; background_image=&#8221;https:\/\/www.studiogatto.es\/wp-content\/uploads\/parquet-reformas-1024&#215;373.jpg&#8221; min_height=&#8221;380px&#8221; custom_padding=&#8221;30px|0px|65px|0px|false|false&#8221;][et_pb_row use_custom_gutter=&#8221;on&#8221; gutter_width=&#8221;4&#8243; custom_padding=&#8221;60px||||false|false&#8221; _builder_version=&#8221;3.25&#8243; column_structure=&#8221;1_2,1_2&#8243;][et_pb_column type=&#8221;1_2&#8243; _builder_version=&#8221;3.25&#8243; custom_padding=&#8221;|||&#8221; custom_padding__hover=&#8221;|||&#8221;][\/et_pb_column][et_pb_column type=&#8221;1_2&#8243; _builder_version=&#8221;3.25&#8243; custom_padding=&#8221;|||&#8221; custom_padding__hover=&#8221;|||&#8221;][et_pb_text _builder_version=&#8221;3.19.9&#8243; text_font=&#8221;|600|||||||&#8221; text_font_size=&#8221;40px&#8221;]<h2>Parquet<\/h2>[\/et_pb_text][et_pb_text _builder_version=&#8221;3.24.1&#8243;]<p>L&#8217;\u00fas del Parquet a la cuina \u00e9s cada vegada m\u00e9s est\u00e8s. Hi ha diversos tipus de materials i acabats. T&#8217;aconsellem i ajudem a triar.<\/p>[\/et_pb_text][\/et_pb_column][\/et_pb_row][\/et_pb_section]\n","protected":false},"excerpt":{"rendered":"<p>ReformesStudio Gatto ofereix un servei de reforma integral o parcial del teu habitatge. Despr\u00e9s d&#8217;una primera visita, el nostre equip t\u00e8cnic i l&#8217;equip de dissenyadors estudiar\u00e0 la redistribuci\u00f3 de l&#8217;espai a reformar i s&#8217;estructurar\u00e0 pas a pas el teu projecte per tal de realitzar una proposta personalitzada. Et presentem de forma gratu\u00efta un primer estudi [&hellip;]<\/p>\n","protected":false},"author":1,"featured_media":0,"parent":0,"menu_order":0,"comment_status":"closed","ping_status":"closed","template":"","meta":{"_et_pb_use_builder":"on","_et_pb_old_content":"","_et_gb_content_width":"","footnotes":""},"class_list":["post-9751","page","type-page","status-publish","hentry"],"yoast_head":"<!-- This site is optimized with the Yoast SEO plugin v27.5 - https:\/\/yoast.com\/product\/yoast-seo-wordpress\/ -->\n<title>Empresa de reformes i interiorisme integrals, projecte 3D, interiorisme<\/title>\n<meta name=\"description\" content=\"Tot en un sol prove\u00efdor de confian\u00e7a: obra, lampisteria, fontaneria, alumini, pintura, parquet, fusteria, portes, armaris, mampares, dutxes.\" \/>\n<meta name=\"robots\" content=\"index, follow, max-snippet:-1, max-image-preview:large, max-video-preview:-1\" \/>\n<link rel=\"canonical\" href=\"https:\/\/www.studiogatto.es\/ca\/reformes\/\" \/>\n<meta property=\"og:locale\" content=\"ca_ES\" \/>\n<meta property=\"og:type\" content=\"article\" \/>\n<meta property=\"og:title\" content=\"Empresa de reformes i interiorisme integrals, projecte 3D, interiorisme\" \/>\n<meta property=\"og:description\" content=\"Tot en un sol prove\u00efdor de confian\u00e7a: obra, lampisteria, fontaneria, alumini, pintura, parquet, fusteria, portes, armaris, mampares, dutxes.\" \/>\n<meta property=\"og:url\" content=\"https:\/\/www.studiogatto.es\/ca\/reformes\/\" \/>\n<meta property=\"og:site_name\" content=\"Studio Gatto - Cuines i Banys\" \/>\n<meta property=\"article:publisher\" content=\"https:\/\/www.facebook.com\/studiogattocucine\" \/>\n<meta property=\"article:modified_time\" content=\"2020-07-30T15:51:24+00:00\" \/>\n<meta name=\"twitter:card\" content=\"summary_large_image\" \/>\n<meta name=\"twitter:site\" content=\"@studiogattosl\" \/>\n<meta name=\"twitter:label1\" content=\"Temps estimat de lectura\" \/>\n\t<meta name=\"twitter:data1\" content=\"7 minuts\" \/>\n<script type=\"application\/ld+json\" class=\"yoast-schema-graph\">{\"@context\":\"https:\\\/\\\/schema.org\",\"@graph\":[{\"@type\":\"WebPage\",\"@id\":\"https:\\\/\\\/www.studiogatto.es\\\/ca\\\/reformes\\\/\",\"url\":\"https:\\\/\\\/www.studiogatto.es\\\/ca\\\/reformes\\\/\",\"name\":\"Empresa de reformes i interiorisme integrals, projecte 3D, interiorisme\",\"isPartOf\":{\"@id\":\"https:\\\/\\\/www.studiogatto.es\\\/ca\\\/#website\"},\"datePublished\":\"2019-06-20T08:29:46+00:00\",\"dateModified\":\"2020-07-30T15:51:24+00:00\",\"description\":\"Tot en un sol prove\u00efdor de confian\u00e7a: obra, lampisteria, fontaneria, alumini, pintura, parquet, fusteria, portes, armaris, mampares, dutxes.\",\"breadcrumb\":{\"@id\":\"https:\\\/\\\/www.studiogatto.es\\\/ca\\\/reformes\\\/#breadcrumb\"},\"inLanguage\":\"ca\",\"potentialAction\":[{\"@type\":\"ReadAction\",\"target\":[\"https:\\\/\\\/www.studiogatto.es\\\/ca\\\/reformes\\\/\"]}]},{\"@type\":\"BreadcrumbList\",\"@id\":\"https:\\\/\\\/www.studiogatto.es\\\/ca\\\/reformes\\\/#breadcrumb\",\"itemListElement\":[{\"@type\":\"ListItem\",\"position\":1,\"name\":\"Portada\",\"item\":\"https:\\\/\\\/www.studiogatto.es\\\/ca\\\/\"},{\"@type\":\"ListItem\",\"position\":2,\"name\":\"Reformes\"}]},{\"@type\":\"WebSite\",\"@id\":\"https:\\\/\\\/www.studiogatto.es\\\/ca\\\/#website\",\"url\":\"https:\\\/\\\/www.studiogatto.es\\\/ca\\\/\",\"name\":\"Studio Gatto - Cuines i Banys\",\"description\":\"Reformas integrales de Cocinas y ba\u00f1os. Interiorismo. Dise\u00f1o.\",\"publisher\":{\"@id\":\"https:\\\/\\\/www.studiogatto.es\\\/ca\\\/#organization\"},\"potentialAction\":[{\"@type\":\"SearchAction\",\"target\":{\"@type\":\"EntryPoint\",\"urlTemplate\":\"https:\\\/\\\/www.studiogatto.es\\\/ca\\\/?s={search_term_string}\"},\"query-input\":{\"@type\":\"PropertyValueSpecification\",\"valueRequired\":true,\"valueName\":\"search_term_string\"}}],\"inLanguage\":\"ca\"},{\"@type\":\"Organization\",\"@id\":\"https:\\\/\\\/www.studiogatto.es\\\/ca\\\/#organization\",\"name\":\"Studio Gatto\",\"url\":\"https:\\\/\\\/www.studiogatto.es\\\/ca\\\/\",\"logo\":{\"@type\":\"ImageObject\",\"inLanguage\":\"ca\",\"@id\":\"https:\\\/\\\/www.studiogatto.es\\\/ca\\\/#\\\/schema\\\/logo\\\/image\\\/\",\"url\":\"https:\\\/\\\/www.studiogatto.es\\\/wp-content\\\/uploads\\\/Nuevo-logotipo.jpg\",\"contentUrl\":\"https:\\\/\\\/www.studiogatto.es\\\/wp-content\\\/uploads\\\/Nuevo-logotipo.jpg\",\"width\":300,\"height\":167,\"caption\":\"Studio Gatto\"},\"image\":{\"@id\":\"https:\\\/\\\/www.studiogatto.es\\\/ca\\\/#\\\/schema\\\/logo\\\/image\\\/\"},\"sameAs\":[\"https:\\\/\\\/www.facebook.com\\\/studiogattocucine\",\"https:\\\/\\\/x.com\\\/studiogattosl\"]}]}<\/script>\n<!-- \/ Yoast SEO plugin. -->","yoast_head_json":{"title":"Empresa de reformes i interiorisme integrals, projecte 3D, interiorisme","description":"Tot en un sol prove\u00efdor de confian\u00e7a: obra, lampisteria, fontaneria, alumini, pintura, parquet, fusteria, portes, armaris, mampares, dutxes.","robots":{"index":"index","follow":"follow","max-snippet":"max-snippet:-1","max-image-preview":"max-image-preview:large","max-video-preview":"max-video-preview:-1"},"canonical":"https:\/\/www.studiogatto.es\/ca\/reformes\/","og_locale":"ca_ES","og_type":"article","og_title":"Empresa de reformes i interiorisme integrals, projecte 3D, interiorisme","og_description":"Tot en un sol prove\u00efdor de confian\u00e7a: obra, lampisteria, fontaneria, alumini, pintura, parquet, fusteria, portes, armaris, mampares, dutxes.","og_url":"https:\/\/www.studiogatto.es\/ca\/reformes\/","og_site_name":"Studio Gatto - Cuines i Banys","article_publisher":"https:\/\/www.facebook.com\/studiogattocucine","article_modified_time":"2020-07-30T15:51:24+00:00","twitter_card":"summary_large_image","twitter_site":"@studiogattosl","twitter_misc":{"Temps estimat de lectura":"7 minuts"},"schema":{"@context":"https:\/\/schema.org","@graph":[{"@type":"WebPage","@id":"https:\/\/www.studiogatto.es\/ca\/reformes\/","url":"https:\/\/www.studiogatto.es\/ca\/reformes\/","name":"Empresa de reformes i interiorisme integrals, projecte 3D, interiorisme","isPartOf":{"@id":"https:\/\/www.studiogatto.es\/ca\/#website"},"datePublished":"2019-06-20T08:29:46+00:00","dateModified":"2020-07-30T15:51:24+00:00","description":"Tot en un sol prove\u00efdor de confian\u00e7a: obra, lampisteria, fontaneria, alumini, pintura, parquet, fusteria, portes, armaris, mampares, dutxes.","breadcrumb":{"@id":"https:\/\/www.studiogatto.es\/ca\/reformes\/#breadcrumb"},"inLanguage":"ca","potentialAction":[{"@type":"ReadAction","target":["https:\/\/www.studiogatto.es\/ca\/reformes\/"]}]},{"@type":"BreadcrumbList","@id":"https:\/\/www.studiogatto.es\/ca\/reformes\/#breadcrumb","itemListElement":[{"@type":"ListItem","position":1,"name":"Portada","item":"https:\/\/www.studiogatto.es\/ca\/"},{"@type":"ListItem","position":2,"name":"Reformes"}]},{"@type":"WebSite","@id":"https:\/\/www.studiogatto.es\/ca\/#website","url":"https:\/\/www.studiogatto.es\/ca\/","name":"Studio Gatto - Cuines i Banys","description":"Reformas integrales de Cocinas y ba\u00f1os. Interiorismo. Dise\u00f1o.","publisher":{"@id":"https:\/\/www.studiogatto.es\/ca\/#organization"},"potentialAction":[{"@type":"SearchAction","target":{"@type":"EntryPoint","urlTemplate":"https:\/\/www.studiogatto.es\/ca\/?s={search_term_string}"},"query-input":{"@type":"PropertyValueSpecification","valueRequired":true,"valueName":"search_term_string"}}],"inLanguage":"ca"},{"@type":"Organization","@id":"https:\/\/www.studiogatto.es\/ca\/#organization","name":"Studio Gatto","url":"https:\/\/www.studiogatto.es\/ca\/","logo":{"@type":"ImageObject","inLanguage":"ca","@id":"https:\/\/www.studiogatto.es\/ca\/#\/schema\/logo\/image\/","url":"https:\/\/www.studiogatto.es\/wp-content\/uploads\/Nuevo-logotipo.jpg","contentUrl":"https:\/\/www.studiogatto.es\/wp-content\/uploads\/Nuevo-logotipo.jpg","width":300,"height":167,"caption":"Studio Gatto"},"image":{"@id":"https:\/\/www.studiogatto.es\/ca\/#\/schema\/logo\/image\/"},"sameAs":["https:\/\/www.facebook.com\/studiogattocucine","https:\/\/x.com\/studiogattosl"]}]}},"_links":{"self":[{"href":"https:\/\/www.studiogatto.es\/ca\/wp-json\/wp\/v2\/pages\/9751","targetHints":{"allow":["GET"]}}],"collection":[{"href":"https:\/\/www.studiogatto.es\/ca\/wp-json\/wp\/v2\/pages"}],"about":[{"href":"https:\/\/www.studiogatto.es\/ca\/wp-json\/wp\/v2\/types\/page"}],"author":[{"embeddable":true,"href":"https:\/\/www.studiogatto.es\/ca\/wp-json\/wp\/v2\/users\/1"}],"replies":[{"embeddable":true,"href":"https:\/\/www.studiogatto.es\/ca\/wp-json\/wp\/v2\/comments?post=9751"}],"version-history":[{"count":0,"href":"https:\/\/www.studiogatto.es\/ca\/wp-json\/wp\/v2\/pages\/9751\/revisions"}],"wp:attachment":[{"href":"https:\/\/www.studiogatto.es\/ca\/wp-json\/wp\/v2\/media?parent=9751"}],"curies":[{"name":"wp","href":"https:\/\/api.w.org\/{rel}","templated":true}]}}