{"id":9715,"date":"2019-06-20T08:04:10","date_gmt":"2019-06-20T08:04:10","guid":{"rendered":"http:\/\/studiogatto.es\/?page_id=9715"},"modified":"2024-04-06T18:40:14","modified_gmt":"2024-04-06T16:40:14","slug":"aigueres-aixetes","status":"publish","type":"page","link":"https:\/\/www.studiogatto.es\/ca\/aigueres-aixetes\/","title":{"rendered":"Aig\u00fceres i aixetes"},"content":{"rendered":"<p>[et_pb_section fb_built=&#8221;1&#8243; _builder_version=&#8221;3.22.3&#8243; custom_padding=&#8221;54px|0px|0|0px|false|false&#8221; da_disable_devices=&#8221;off|off|off&#8221; global_colors_info=&#8221;{}&#8221; da_is_popup=&#8221;off&#8221; da_exit_intent=&#8221;off&#8221; da_has_close=&#8221;on&#8221; da_alt_close=&#8221;off&#8221; da_dark_close=&#8221;off&#8221; da_not_modal=&#8221;on&#8221; da_is_singular=&#8221;off&#8221; da_with_loader=&#8221;off&#8221; da_has_shadow=&#8221;on&#8221;][et_pb_row _builder_version=&#8221;3.25&#8243; global_colors_info=&#8221;{}&#8221;][et_pb_column type=&#8221;4_4&#8243; _builder_version=&#8221;3.25&#8243; custom_padding=&#8221;|||&#8221; global_colors_info=&#8221;{}&#8221; custom_padding__hover=&#8221;|||&#8221;][et_pb_text _builder_version=&#8221;3.27.4&#8243; text_font=&#8221;||||||||&#8221; text_orientation=&#8221;center&#8221; header_font_size_tablet=&#8221;&#8221; header_font_size_phone=&#8221;35px&#8221; header_font_size_last_edited=&#8221;on|phone&#8221; global_colors_info=&#8221;{}&#8221;]<\/p>\n<h1>Aig\u00fceres i aixetes<\/h1>\n<p>[\/et_pb_text][\/et_pb_column][\/et_pb_row][\/et_pb_section][et_pb_section fb_built=&#8221;1&#8243; _builder_version=&#8221;3.22.3&#8243; custom_padding=&#8221;0|0px|0|0px|false|false&#8221; da_disable_devices=&#8221;off|off|off&#8221; global_colors_info=&#8221;{}&#8221; da_is_popup=&#8221;off&#8221; da_exit_intent=&#8221;off&#8221; da_has_close=&#8221;on&#8221; da_alt_close=&#8221;off&#8221; da_dark_close=&#8221;off&#8221; da_not_modal=&#8221;on&#8221; da_is_singular=&#8221;off&#8221; da_with_loader=&#8221;off&#8221; da_has_shadow=&#8221;on&#8221;][et_pb_row _builder_version=&#8221;3.25&#8243; custom_padding=&#8221;0px|||||&#8221; global_colors_info=&#8221;{}&#8221;][et_pb_column type=&#8221;4_4&#8243; _builder_version=&#8221;3.25&#8243; custom_padding=&#8221;|||&#8221; global_colors_info=&#8221;{}&#8221; custom_padding__hover=&#8221;|||&#8221;][et_pb_text _builder_version=&#8221;4.13.1&#8243; text_font=&#8221;||||||||&#8221; text_orientation=&#8221;center&#8221; global_colors_info=&#8221;{}&#8221;]<\/p>\n<p>T&#8217;orientem a l&#8217;hora d&#8217;escollir model d&#8217;aig\u00fcera, lavabo i aixeta que millor s&#8217;integri a la teva cuina o bany.<\/p>\n<p>[\/et_pb_text][\/et_pb_column][\/et_pb_row][\/et_pb_section][et_pb_section fb_built=&#8221;1&#8243; _builder_version=&#8221;3.22.3&#8243; custom_padding=&#8221;0|0px|0|0px|false|false&#8221; da_disable_devices=&#8221;off|off|off&#8221; global_colors_info=&#8221;{}&#8221; da_is_popup=&#8221;off&#8221; da_exit_intent=&#8221;off&#8221; da_has_close=&#8221;on&#8221; da_alt_close=&#8221;off&#8221; da_dark_close=&#8221;off&#8221; da_not_modal=&#8221;on&#8221; da_is_singular=&#8221;off&#8221; da_with_loader=&#8221;off&#8221; da_has_shadow=&#8221;on&#8221;][et_pb_row column_structure=&#8221;1_2,1_2&#8243; _builder_version=&#8221;3.25&#8243; custom_padding=&#8221;0px|||||&#8221; global_colors_info=&#8221;{}&#8221;][et_pb_column type=&#8221;1_2&#8243; _builder_version=&#8221;3.25&#8243; custom_padding=&#8221;|||&#8221; global_colors_info=&#8221;{}&#8221; custom_padding__hover=&#8221;|||&#8221;][et_pb_image src=&#8221;https:\/\/www.studiogatto.es\/wp-content\/uploads\/fregadero-grifo-1.jpg&#8221; title_text=&#8221;aig\u00fcera-aixeta-1&#8243; _builder_version=&#8221;4.13.1&#8243; _module_preset=&#8221;default&#8221; global_colors_info=&#8221;{}&#8221;][\/et_pb_image][\/et_pb_column][et_pb_column type=&#8221;1_2&#8243; _builder_version=&#8221;3.25&#8243; custom_padding=&#8221;|||&#8221; global_colors_info=&#8221;{}&#8221; custom_padding__hover=&#8221;|||&#8221;][et_pb_image src=&#8221;https:\/\/www.studiogatto.es\/wp-content\/uploads\/fregadero-grifo-2.jpg&#8221; title_text=&#8221;aig\u00fcera-aixeta-2&#8243; _builder_version=&#8221;4.13.1&#8243; _module_preset=&#8221;default&#8221; global_colors_info=&#8221;{}&#8221;][\/et_pb_image][\/et_pb_column][\/et_pb_row][et_pb_row column_structure=&#8221;1_2,1_2&#8243; _builder_version=&#8221;3.25&#8243; custom_padding=&#8221;0px|||||&#8221; global_colors_info=&#8221;{}&#8221;][et_pb_column type=&#8221;1_2&#8243; _builder_version=&#8221;3.25&#8243; custom_padding=&#8221;|||&#8221; global_colors_info=&#8221;{}&#8221; custom_padding__hover=&#8221;|||&#8221;][et_pb_image src=&#8221;https:\/\/www.studiogatto.es\/wp-content\/uploads\/fregadero-grifo-3.jpg&#8221; title_text=&#8221;aig\u00fcera-aixeta-3&#8243; _builder_version=&#8221;4.13.1&#8243; _module_preset=&#8221;default&#8221; global_colors_info=&#8221;{}&#8221;][\/et_pb_image][\/et_pb_column][et_pb_column type=&#8221;1_2&#8243; _builder_version=&#8221;3.25&#8243; custom_padding=&#8221;|||&#8221; global_colors_info=&#8221;{}&#8221; custom_padding__hover=&#8221;|||&#8221;][et_pb_image src=&#8221;https:\/\/www.studiogatto.es\/wp-content\/uploads\/fregadero-grifo-4.jpg&#8221; title_text=&#8221;aig\u00fcera-aixeta-4&#8243; _builder_version=&#8221;4.13.1&#8243; _module_preset=&#8221;default&#8221; global_colors_info=&#8221;{}&#8221;][\/et_pb_image][\/et_pb_column][\/et_pb_row][et_pb_row column_structure=&#8221;1_2,1_2&#8243; _builder_version=&#8221;3.25&#8243; custom_padding=&#8221;0px|||||&#8221; global_colors_info=&#8221;{}&#8221;][et_pb_column type=&#8221;1_2&#8243; _builder_version=&#8221;3.25&#8243; custom_padding=&#8221;|||&#8221; global_colors_info=&#8221;{}&#8221; custom_padding__hover=&#8221;|||&#8221;][et_pb_image src=&#8221;https:\/\/www.studiogatto.es\/wp-content\/uploads\/fregadero-grifo-7.jpg&#8221; title_text=&#8221;aig\u00fcera-aixeta-7&#8243; _builder_version=&#8221;4.13.1&#8243; _module_preset=&#8221;default&#8221; global_colors_info=&#8221;{}&#8221;][\/et_pb_image][\/et_pb_column][et_pb_column type=&#8221;1_2&#8243; _builder_version=&#8221;3.25&#8243; custom_padding=&#8221;|||&#8221; global_colors_info=&#8221;{}&#8221; custom_padding__hover=&#8221;|||&#8221;][et_pb_image src=&#8221;https:\/\/www.studiogatto.es\/wp-content\/uploads\/fregadero-grifo-9.jpg&#8221; title_text=&#8221;aig\u00fcera-aixeta-9&#8243; _builder_version=&#8221;4.13.1&#8243; _module_preset=&#8221;default&#8221; global_colors_info=&#8221;{}&#8221;][\/et_pb_image][\/et_pb_column][\/et_pb_row][et_pb_row column_structure=&#8221;1_2,1_2&#8243; _builder_version=&#8221;3.25&#8243; custom_padding=&#8221;0px|||||&#8221; global_colors_info=&#8221;{}&#8221;][et_pb_column type=&#8221;1_2&#8243; _builder_version=&#8221;3.25&#8243; custom_padding=&#8221;|||&#8221; global_colors_info=&#8221;{}&#8221; custom_padding__hover=&#8221;|||&#8221;][et_pb_image src=&#8221;https:\/\/www.studiogatto.es\/wp-content\/uploads\/fregadero-grifo-6.jpg&#8221; title_text=&#8221;aig\u00fcera-aixeta-6&#8243; _builder_version=&#8221;4.13.1&#8243; _module_preset=&#8221;default&#8221; global_colors_info=&#8221;{}&#8221;][\/et_pb_image][\/et_pb_column][et_pb_column type=&#8221;1_2&#8243; _builder_version=&#8221;3.25&#8243; custom_padding=&#8221;|||&#8221; global_colors_info=&#8221;{}&#8221; custom_padding__hover=&#8221;|||&#8221;][et_pb_image src=&#8221;https:\/\/www.studiogatto.es\/wp-content\/uploads\/fregadero-grifo-10.jpg&#8221; title_text=&#8221;aig\u00fcera-aixeta-10&#8243; _builder_version=&#8221;4.13.1&#8243; _module_preset=&#8221;default&#8221; global_colors_info=&#8221;{}&#8221; width=&#8221;95%&#8221;][\/et_pb_image][et_pb_image src=&#8221;https:\/\/www.studiogatto.es\/wp-content\/uploads\/fregadero-grifo-11.jpg&#8221; title_text=&#8221;aig\u00fcera-aixeta-11&#8243; _builder_version=&#8221;4.13.1&#8243; _module_preset=&#8221;default&#8221; global_colors_info=&#8221;{}&#8221;][\/et_pb_image][\/et_pb_column][\/et_pb_row][et_pb_row column_structure=&#8221;1_2,1_2&#8243; _builder_version=&#8221;3.25&#8243; custom_padding=&#8221;0px|||||&#8221; global_colors_info=&#8221;{}&#8221;][et_pb_column type=&#8221;1_2&#8243; _builder_version=&#8221;3.25&#8243; custom_padding=&#8221;|||&#8221; global_colors_info=&#8221;{}&#8221; custom_padding__hover=&#8221;|||&#8221;][et_pb_image src=&#8221;https:\/\/www.studiogatto.es\/wp-content\/uploads\/fregadero-grifo-12.jpg&#8221; title_text=&#8221;aig\u00fcera-aixeta-12&#8243; _builder_version=&#8221;4.13.1&#8243; _module_preset=&#8221;default&#8221; global_colors_info=&#8221;{}&#8221;][\/et_pb_image][\/et_pb_column][et_pb_column type=&#8221;1_2&#8243; _builder_version=&#8221;3.25&#8243; custom_padding=&#8221;|||&#8221; global_colors_info=&#8221;{}&#8221; custom_padding__hover=&#8221;|||&#8221;][et_pb_image src=&#8221;https:\/\/www.studiogatto.es\/wp-content\/uploads\/fregadero-grifo-13.jpg&#8221; title_text=&#8221;aig\u00fcera-aixeta-13&#8243; _builder_version=&#8221;4.13.1&#8243; _module_preset=&#8221;default&#8221; global_colors_info=&#8221;{}&#8221;][\/et_pb_image][\/et_pb_column][\/et_pb_row][et_pb_row column_structure=&#8221;1_2,1_2&#8243; _builder_version=&#8221;3.25&#8243; custom_padding=&#8221;0px|||||&#8221; global_colors_info=&#8221;{}&#8221;][et_pb_column type=&#8221;1_2&#8243; _builder_version=&#8221;3.25&#8243; custom_padding=&#8221;|||&#8221; global_colors_info=&#8221;{}&#8221; custom_padding__hover=&#8221;|||&#8221;][et_pb_image src=&#8221;https:\/\/www.studiogatto.es\/wp-content\/uploads\/fregadero-grifo-20.jpg&#8221; title_text=&#8221;aig\u00fcera-aixeta-20&#8243; _builder_version=&#8221;4.13.1&#8243; _module_preset=&#8221;default&#8221; global_colors_info=&#8221;{}&#8221;][\/et_pb_image][\/et_pb_column][et_pb_column type=&#8221;1_2&#8243; _builder_version=&#8221;3.25&#8243; custom_padding=&#8221;|||&#8221; global_colors_info=&#8221;{}&#8221; custom_padding__hover=&#8221;|||&#8221;][et_pb_image src=&#8221;https:\/\/www.studiogatto.es\/wp-content\/uploads\/fregadero-grifo-21.jpg&#8221; title_text=&#8221;aig\u00fcera-aixeta-21&#8243; _builder_version=&#8221;4.13.1&#8243; _module_preset=&#8221;default&#8221; global_colors_info=&#8221;{}&#8221;][\/et_pb_image][\/et_pb_column][\/et_pb_row][et_pb_row column_structure=&#8221;1_2,1_2&#8243; _builder_version=&#8221;3.25&#8243; custom_padding=&#8221;0px|||||&#8221; global_colors_info=&#8221;{}&#8221;][et_pb_column type=&#8221;1_2&#8243; _builder_version=&#8221;3.25&#8243; custom_padding=&#8221;|||&#8221; global_colors_info=&#8221;{}&#8221; custom_padding__hover=&#8221;|||&#8221;][et_pb_image src=&#8221;https:\/\/www.studiogatto.es\/wp-content\/uploads\/fregadero-grifo-22.jpg&#8221; title_text=&#8221;aig\u00fcera-aixeta-22&#8243; _builder_version=&#8221;4.13.1&#8243; _module_preset=&#8221;default&#8221; global_colors_info=&#8221;{}&#8221;][\/et_pb_image][\/et_pb_column][et_pb_column type=&#8221;1_2&#8243; _builder_version=&#8221;3.25&#8243; custom_padding=&#8221;|||&#8221; global_colors_info=&#8221;{}&#8221; custom_padding__hover=&#8221;|||&#8221;][et_pb_image src=&#8221;https:\/\/www.studiogatto.es\/wp-content\/uploads\/fregadero-grifo-23.jpg&#8221; title_text=&#8221;aig\u00fcera-aixeta-23&#8243; _builder_version=&#8221;4.13.1&#8243; _module_preset=&#8221;default&#8221; global_colors_info=&#8221;{}&#8221;][\/et_pb_image][\/et_pb_column][\/et_pb_row][et_pb_row column_structure=&#8221;1_2,1_2&#8243; _builder_version=&#8221;3.25&#8243; custom_padding=&#8221;0px|||||&#8221; global_colors_info=&#8221;{}&#8221;][et_pb_column type=&#8221;1_2&#8243; _builder_version=&#8221;3.25&#8243; custom_padding=&#8221;|||&#8221; global_colors_info=&#8221;{}&#8221; custom_padding__hover=&#8221;|||&#8221;][et_pb_image src=&#8221;https:\/\/www.studiogatto.es\/wp-content\/uploads\/fregadero-grifo-24.jpg&#8221; title_text=&#8221;aig\u00fcera-aixeta-24&#8243; _builder_version=&#8221;4.13.1&#8243; _module_preset=&#8221;default&#8221; global_colors_info=&#8221;{}&#8221;][\/et_pb_image][\/et_pb_column][et_pb_column type=&#8221;1_2&#8243; _builder_version=&#8221;3.25&#8243; custom_padding=&#8221;|||&#8221; global_colors_info=&#8221;{}&#8221; custom_padding__hover=&#8221;|||&#8221;][et_pb_image src=&#8221;https:\/\/www.studiogatto.es\/wp-content\/uploads\/fregadero-grifo-25.jpg&#8221; title_text=&#8221;aig\u00fcera-aixeta-25&#8243; _builder_version=&#8221;4.13.1&#8243; _module_preset=&#8221;default&#8221; global_colors_info=&#8221;{}&#8221;][\/et_pb_image][\/et_pb_column][\/et_pb_row][et_pb_row column_structure=&#8221;1_2,1_2&#8243; _builder_version=&#8221;3.25&#8243; custom_padding=&#8221;0px|||||&#8221; global_colors_info=&#8221;{}&#8221;][et_pb_column type=&#8221;1_2&#8243; _builder_version=&#8221;3.25&#8243; custom_padding=&#8221;|||&#8221; global_colors_info=&#8221;{}&#8221; custom_padding__hover=&#8221;|||&#8221;][et_pb_image src=&#8221;https:\/\/www.studiogatto.es\/wp-content\/uploads\/fregadero-grifo-26.jpg&#8221; title_text=&#8221;aig\u00fcera-aixeta-26&#8243; _builder_version=&#8221;4.13.1&#8243; _module_preset=&#8221;default&#8221; global_colors_info=&#8221;{}&#8221;][\/et_pb_image][\/et_pb_column][et_pb_column type=&#8221;1_2&#8243; _builder_version=&#8221;3.25&#8243; custom_padding=&#8221;|||&#8221; global_colors_info=&#8221;{}&#8221; custom_padding__hover=&#8221;|||&#8221;][et_pb_image src=&#8221;https:\/\/www.studiogatto.es\/wp-content\/uploads\/fregadero-grifo-27.jpg&#8221; title_text=&#8221;aig\u00fcera-aixeta-27&#8243; _builder_version=&#8221;4.13.1&#8243; _module_preset=&#8221;default&#8221; global_colors_info=&#8221;{}&#8221;][\/et_pb_image][\/et_pb_column][\/et_pb_row][et_pb_row column_structure=&#8221;1_2,1_2&#8243; _builder_version=&#8221;3.25&#8243; custom_padding=&#8221;0px|||||&#8221; global_colors_info=&#8221;{}&#8221;][et_pb_column type=&#8221;1_2&#8243; _builder_version=&#8221;3.25&#8243; custom_padding=&#8221;|||&#8221; global_colors_info=&#8221;{}&#8221; custom_padding__hover=&#8221;|||&#8221;][et_pb_image src=&#8221;https:\/\/www.studiogatto.es\/wp-content\/uploads\/fregadero-grifo-28.jpg&#8221; title_text=&#8221;aig\u00fcera-aixeta-28&#8243; _builder_version=&#8221;4.13.1&#8243; _module_preset=&#8221;default&#8221; global_colors_info=&#8221;{}&#8221;][\/et_pb_image][\/et_pb_column][et_pb_column type=&#8221;1_2&#8243; _builder_version=&#8221;3.25&#8243; custom_padding=&#8221;|||&#8221; global_colors_info=&#8221;{}&#8221; custom_padding__hover=&#8221;|||&#8221;][et_pb_image src=&#8221;https:\/\/www.studiogatto.es\/wp-content\/uploads\/fregadero-grifo-30.jpg&#8221; title_text=&#8221;aig\u00fcera-aixeta-30&#8243; _builder_version=&#8221;4.13.1&#8243; _module_preset=&#8221;default&#8221; global_colors_info=&#8221;{}&#8221;][\/et_pb_image][\/et_pb_column][\/et_pb_row][et_pb_row column_structure=&#8221;1_2,1_2&#8243; _builder_version=&#8221;3.25&#8243; custom_padding=&#8221;0px|||||&#8221; global_colors_info=&#8221;{}&#8221;][et_pb_column type=&#8221;1_2&#8243; _builder_version=&#8221;3.25&#8243; custom_padding=&#8221;|||&#8221; global_colors_info=&#8221;{}&#8221; custom_padding__hover=&#8221;|||&#8221;][et_pb_image src=&#8221;https:\/\/www.studiogatto.es\/wp-content\/uploads\/fregadero-grifo-32.jpg&#8221; title_text=&#8221;aig\u00fcera-aixeta-32&#8243; _builder_version=&#8221;4.13.1&#8243; _module_preset=&#8221;default&#8221; global_colors_info=&#8221;{}&#8221;][\/et_pb_image][\/et_pb_column][et_pb_column type=&#8221;1_2&#8243; _builder_version=&#8221;3.25&#8243; custom_padding=&#8221;|||&#8221; global_colors_info=&#8221;{}&#8221; custom_padding__hover=&#8221;|||&#8221;][et_pb_image src=&#8221;https:\/\/www.studiogatto.es\/wp-content\/uploads\/fregadero-grifo-33.jpg&#8221; title_text=&#8221;aig\u00fcera-aixeta-33&#8243; _builder_version=&#8221;4.13.1&#8243; _module_preset=&#8221;default&#8221; global_colors_info=&#8221;{}&#8221;][\/et_pb_image][\/et_pb_column][\/et_pb_row][\/et_pb_section]<\/p>\n","protected":false},"excerpt":{"rendered":"<p>Aig\u00fceres i aixetesT&#8217;orientem a l&#8217;hora d&#8217;escollir model d&#8217;aig\u00fcera, lavabo i aixeta que millor s&#8217;integri a la teva cuina o bany.<\/p>\n","protected":false},"author":1,"featured_media":0,"parent":0,"menu_order":0,"comment_status":"closed","ping_status":"closed","template":"","meta":{"_et_pb_use_builder":"on","_et_pb_old_content":"","_et_gb_content_width":"","footnotes":""},"class_list":["post-9715","page","type-page","status-publish","hentry"],"yoast_head":"<!-- This site is optimized with the Yoast SEO plugin v27.4 - https:\/\/yoast.com\/product\/yoast-seo-wordpress\/ -->\n<title>Aig\u00fceres i aixetes - Una pe\u00e7a clau de la teva cuina - Studio Gatto - Cuines i Banys<\/title>\n<meta name=\"description\" content=\"Tria la millor opci\u00f3 en aig\u00fceres i aixetes i fes de la teva cuina un lloc pr\u00e0ctic i bonic. T&#039;oferim una \u00e0mplia gamma d&#039;aig\u00fceres i aixetes a triar.\" \/>\n<meta name=\"robots\" content=\"index, follow, max-snippet:-1, max-image-preview:large, max-video-preview:-1\" \/>\n<link rel=\"canonical\" href=\"https:\/\/www.studiogatto.es\/ca\/aigueres-aixetes\/\" \/>\n<meta property=\"og:locale\" content=\"ca_ES\" \/>\n<meta property=\"og:type\" content=\"article\" \/>\n<meta property=\"og:title\" content=\"Aig\u00fceres i aixetes - Una pe\u00e7a clau de la teva cuina - Studio Gatto - Cuines i Banys\" \/>\n<meta property=\"og:description\" content=\"Tria la millor opci\u00f3 en aig\u00fceres i aixetes i fes de la teva cuina un lloc pr\u00e0ctic i bonic. T&#039;oferim una \u00e0mplia gamma d&#039;aig\u00fceres i aixetes a triar.\" \/>\n<meta property=\"og:url\" content=\"https:\/\/www.studiogatto.es\/ca\/aigueres-aixetes\/\" \/>\n<meta property=\"og:site_name\" content=\"Studio Gatto - Cuines i Banys\" \/>\n<meta property=\"article:publisher\" content=\"https:\/\/www.facebook.com\/studiogattocucine\" \/>\n<meta property=\"article:modified_time\" content=\"2024-04-06T16:40:14+00:00\" \/>\n<meta name=\"twitter:card\" content=\"summary_large_image\" \/>\n<meta name=\"twitter:site\" content=\"@studiogattosl\" \/>\n<meta name=\"twitter:label1\" content=\"Temps estimat de lectura\" \/>\n\t<meta name=\"twitter:data1\" content=\"7 minuts\" \/>\n<script type=\"application\/ld+json\" class=\"yoast-schema-graph\">{\"@context\":\"https:\\\/\\\/schema.org\",\"@graph\":[{\"@type\":\"WebPage\",\"@id\":\"https:\\\/\\\/www.studiogatto.es\\\/ca\\\/aigueres-aixetes\\\/\",\"url\":\"https:\\\/\\\/www.studiogatto.es\\\/ca\\\/aigueres-aixetes\\\/\",\"name\":\"Aig\u00fceres i aixetes - Una pe\u00e7a clau de la teva cuina - Studio Gatto - Cuines i Banys\",\"isPartOf\":{\"@id\":\"https:\\\/\\\/www.studiogatto.es\\\/ca\\\/#website\"},\"datePublished\":\"2019-06-20T08:04:10+00:00\",\"dateModified\":\"2024-04-06T16:40:14+00:00\",\"description\":\"Tria la millor opci\u00f3 en aig\u00fceres i aixetes i fes de la teva cuina un lloc pr\u00e0ctic i bonic. T'oferim una \u00e0mplia gamma d'aig\u00fceres i aixetes a triar.\",\"breadcrumb\":{\"@id\":\"https:\\\/\\\/www.studiogatto.es\\\/ca\\\/aigueres-aixetes\\\/#breadcrumb\"},\"inLanguage\":\"ca\",\"potentialAction\":[{\"@type\":\"ReadAction\",\"target\":[\"https:\\\/\\\/www.studiogatto.es\\\/ca\\\/aigueres-aixetes\\\/\"]}]},{\"@type\":\"BreadcrumbList\",\"@id\":\"https:\\\/\\\/www.studiogatto.es\\\/ca\\\/aigueres-aixetes\\\/#breadcrumb\",\"itemListElement\":[{\"@type\":\"ListItem\",\"position\":1,\"name\":\"Portada\",\"item\":\"https:\\\/\\\/www.studiogatto.es\\\/ca\\\/\"},{\"@type\":\"ListItem\",\"position\":2,\"name\":\"Aig\u00fceres i aixetes\"}]},{\"@type\":\"WebSite\",\"@id\":\"https:\\\/\\\/www.studiogatto.es\\\/ca\\\/#website\",\"url\":\"https:\\\/\\\/www.studiogatto.es\\\/ca\\\/\",\"name\":\"Studio Gatto - Cuines i Banys\",\"description\":\"Reformas integrales de Cocinas y ba\u00f1os. Interiorismo. Dise\u00f1o.\",\"publisher\":{\"@id\":\"https:\\\/\\\/www.studiogatto.es\\\/ca\\\/#organization\"},\"potentialAction\":[{\"@type\":\"SearchAction\",\"target\":{\"@type\":\"EntryPoint\",\"urlTemplate\":\"https:\\\/\\\/www.studiogatto.es\\\/ca\\\/?s={search_term_string}\"},\"query-input\":{\"@type\":\"PropertyValueSpecification\",\"valueRequired\":true,\"valueName\":\"search_term_string\"}}],\"inLanguage\":\"ca\"},{\"@type\":\"Organization\",\"@id\":\"https:\\\/\\\/www.studiogatto.es\\\/ca\\\/#organization\",\"name\":\"Studio Gatto\",\"url\":\"https:\\\/\\\/www.studiogatto.es\\\/ca\\\/\",\"logo\":{\"@type\":\"ImageObject\",\"inLanguage\":\"ca\",\"@id\":\"https:\\\/\\\/www.studiogatto.es\\\/ca\\\/#\\\/schema\\\/logo\\\/image\\\/\",\"url\":\"https:\\\/\\\/www.studiogatto.es\\\/wp-content\\\/uploads\\\/Nuevo-logotipo.jpg\",\"contentUrl\":\"https:\\\/\\\/www.studiogatto.es\\\/wp-content\\\/uploads\\\/Nuevo-logotipo.jpg\",\"width\":300,\"height\":167,\"caption\":\"Studio Gatto\"},\"image\":{\"@id\":\"https:\\\/\\\/www.studiogatto.es\\\/ca\\\/#\\\/schema\\\/logo\\\/image\\\/\"},\"sameAs\":[\"https:\\\/\\\/www.facebook.com\\\/studiogattocucine\",\"https:\\\/\\\/x.com\\\/studiogattosl\"]}]}<\/script>\n<!-- \/ Yoast SEO plugin. -->","yoast_head_json":{"title":"Aig\u00fceres i aixetes - Una pe\u00e7a clau de la teva cuina - Studio Gatto - Cuines i Banys","description":"Tria la millor opci\u00f3 en aig\u00fceres i aixetes i fes de la teva cuina un lloc pr\u00e0ctic i bonic. T'oferim una \u00e0mplia gamma d'aig\u00fceres i aixetes a triar.","robots":{"index":"index","follow":"follow","max-snippet":"max-snippet:-1","max-image-preview":"max-image-preview:large","max-video-preview":"max-video-preview:-1"},"canonical":"https:\/\/www.studiogatto.es\/ca\/aigueres-aixetes\/","og_locale":"ca_ES","og_type":"article","og_title":"Aig\u00fceres i aixetes - Una pe\u00e7a clau de la teva cuina - Studio Gatto - Cuines i Banys","og_description":"Tria la millor opci\u00f3 en aig\u00fceres i aixetes i fes de la teva cuina un lloc pr\u00e0ctic i bonic. T'oferim una \u00e0mplia gamma d'aig\u00fceres i aixetes a triar.","og_url":"https:\/\/www.studiogatto.es\/ca\/aigueres-aixetes\/","og_site_name":"Studio Gatto - Cuines i Banys","article_publisher":"https:\/\/www.facebook.com\/studiogattocucine","article_modified_time":"2024-04-06T16:40:14+00:00","twitter_card":"summary_large_image","twitter_site":"@studiogattosl","twitter_misc":{"Temps estimat de lectura":"7 minuts"},"schema":{"@context":"https:\/\/schema.org","@graph":[{"@type":"WebPage","@id":"https:\/\/www.studiogatto.es\/ca\/aigueres-aixetes\/","url":"https:\/\/www.studiogatto.es\/ca\/aigueres-aixetes\/","name":"Aig\u00fceres i aixetes - Una pe\u00e7a clau de la teva cuina - Studio Gatto - Cuines i Banys","isPartOf":{"@id":"https:\/\/www.studiogatto.es\/ca\/#website"},"datePublished":"2019-06-20T08:04:10+00:00","dateModified":"2024-04-06T16:40:14+00:00","description":"Tria la millor opci\u00f3 en aig\u00fceres i aixetes i fes de la teva cuina un lloc pr\u00e0ctic i bonic. T'oferim una \u00e0mplia gamma d'aig\u00fceres i aixetes a triar.","breadcrumb":{"@id":"https:\/\/www.studiogatto.es\/ca\/aigueres-aixetes\/#breadcrumb"},"inLanguage":"ca","potentialAction":[{"@type":"ReadAction","target":["https:\/\/www.studiogatto.es\/ca\/aigueres-aixetes\/"]}]},{"@type":"BreadcrumbList","@id":"https:\/\/www.studiogatto.es\/ca\/aigueres-aixetes\/#breadcrumb","itemListElement":[{"@type":"ListItem","position":1,"name":"Portada","item":"https:\/\/www.studiogatto.es\/ca\/"},{"@type":"ListItem","position":2,"name":"Aig\u00fceres i aixetes"}]},{"@type":"WebSite","@id":"https:\/\/www.studiogatto.es\/ca\/#website","url":"https:\/\/www.studiogatto.es\/ca\/","name":"Studio Gatto - Cuines i Banys","description":"Reformas integrales de Cocinas y ba\u00f1os. Interiorismo. Dise\u00f1o.","publisher":{"@id":"https:\/\/www.studiogatto.es\/ca\/#organization"},"potentialAction":[{"@type":"SearchAction","target":{"@type":"EntryPoint","urlTemplate":"https:\/\/www.studiogatto.es\/ca\/?s={search_term_string}"},"query-input":{"@type":"PropertyValueSpecification","valueRequired":true,"valueName":"search_term_string"}}],"inLanguage":"ca"},{"@type":"Organization","@id":"https:\/\/www.studiogatto.es\/ca\/#organization","name":"Studio Gatto","url":"https:\/\/www.studiogatto.es\/ca\/","logo":{"@type":"ImageObject","inLanguage":"ca","@id":"https:\/\/www.studiogatto.es\/ca\/#\/schema\/logo\/image\/","url":"https:\/\/www.studiogatto.es\/wp-content\/uploads\/Nuevo-logotipo.jpg","contentUrl":"https:\/\/www.studiogatto.es\/wp-content\/uploads\/Nuevo-logotipo.jpg","width":300,"height":167,"caption":"Studio Gatto"},"image":{"@id":"https:\/\/www.studiogatto.es\/ca\/#\/schema\/logo\/image\/"},"sameAs":["https:\/\/www.facebook.com\/studiogattocucine","https:\/\/x.com\/studiogattosl"]}]}},"_links":{"self":[{"href":"https:\/\/www.studiogatto.es\/ca\/wp-json\/wp\/v2\/pages\/9715","targetHints":{"allow":["GET"]}}],"collection":[{"href":"https:\/\/www.studiogatto.es\/ca\/wp-json\/wp\/v2\/pages"}],"about":[{"href":"https:\/\/www.studiogatto.es\/ca\/wp-json\/wp\/v2\/types\/page"}],"author":[{"embeddable":true,"href":"https:\/\/www.studiogatto.es\/ca\/wp-json\/wp\/v2\/users\/1"}],"replies":[{"embeddable":true,"href":"https:\/\/www.studiogatto.es\/ca\/wp-json\/wp\/v2\/comments?post=9715"}],"version-history":[{"count":11,"href":"https:\/\/www.studiogatto.es\/ca\/wp-json\/wp\/v2\/pages\/9715\/revisions"}],"predecessor-version":[{"id":56512,"href":"https:\/\/www.studiogatto.es\/ca\/wp-json\/wp\/v2\/pages\/9715\/revisions\/56512"}],"wp:attachment":[{"href":"https:\/\/www.studiogatto.es\/ca\/wp-json\/wp\/v2\/media?parent=9715"}],"curies":[{"name":"wp","href":"https:\/\/api.w.org\/{rel}","templated":true}]}}