{"id":9705,"date":"2019-06-20T07:44:48","date_gmt":"2019-06-20T07:44:48","guid":{"rendered":"http:\/\/studiogatto.es\/?page_id=9705"},"modified":"2024-04-06T18:40:32","modified_gmt":"2024-04-06T16:40:32","slug":"faq","status":"publish","type":"page","link":"https:\/\/www.studiogatto.es\/ca\/faq\/","title":{"rendered":"Faq"},"content":{"rendered":"<p>[et_pb_section fb_built=&#8221;1&#8243; _builder_version=&#8221;3.22.3&#8243; custom_padding=&#8221;54px|0px|0|0px|false|false&#8221;][et_pb_row _builder_version=&#8221;3.25&#8243;][et_pb_column type=&#8221;4_4&#8243; _builder_version=&#8221;3.25&#8243; custom_padding=&#8221;|||&#8221; custom_padding__hover=&#8221;|||&#8221;][et_pb_text _builder_version=&#8221;3.27.4&#8243; header_font_size_tablet=&#8221;&#8221; header_font_size_phone=&#8221;35px&#8221; header_font_size_last_edited=&#8221;on|phone&#8221;]<\/p>\n<h1 style=\"text-align: center;\">Preguntes Freq\u00fcents<\/h1>\n<p>[\/et_pb_text][et_pb_text _builder_version=&#8221;4.4.4&#8243; header_line_height=&#8221;1.3em&#8221; header_2_font_size=&#8221;94px&#8221; header_3_font_size=&#8221;10px&#8221; header_3_line_height=&#8221;2.1em&#8221; animation_style=&#8221;slide&#8221; animation_direction=&#8221;top&#8221;]<\/p>\n<h3 style=\"text-align: center;\"><span style=\"font-size: xx-large;\">Volem ajudar-te!<\/span><\/h3>\n<p>[\/et_pb_text][\/et_pb_column][\/et_pb_row][\/et_pb_section][et_pb_section fb_built=&#8221;1&#8243; _builder_version=&#8221;3.22.3&#8243;][et_pb_row _builder_version=&#8221;4.4.2&#8243; custom_padding=&#8221;0|0px|27px|0px|false|false&#8221;][et_pb_column type=&#8221;4_4&#8243; _builder_version=&#8221;3.25&#8243; custom_padding=&#8221;|||&#8221; custom_padding__hover=&#8221;|||&#8221;][et_pb_accordion open_toggle_text_color=&#8221;#000000&#8243; open_toggle_background_color=&#8221;#f7f7f7&#8243; closed_toggle_text_color=&#8221;#000000&#8243; closed_toggle_background_color=&#8221;#ffffff&#8221; icon_color=&#8221;#000000&#8243; use_icon_font_size=&#8221;on&#8221; icon_font_size=&#8221;20px&#8221; _builder_version=&#8221;4.4.4&#8243; toggle_text_color=&#8221;#000000&#8243; toggle_font=&#8221;|600|||||||&#8221; toggle_font_size=&#8221;20px&#8221; closed_toggle_font=&#8221;||||||||&#8221; closed_toggle_font_size=&#8221;20px&#8221; body_font=&#8221;||||||||&#8221; body_text_color=&#8221;#000000&#8243; text_orientation=&#8221;left&#8221; custom_margin=&#8221;0px||0px&#8221; border_width_all=&#8221;0px&#8221; border_width_bottom=&#8221;4px&#8221; border_color_bottom=&#8221;#000000&#8243; icon_color__hover_enabled=&#8221;on&#8221;][et_pb_accordion_item title=&#8221;  Vig\u00e8ncia del pressupost?&#8221; open=&#8221;on&#8221; open_toggle_text_color=&#8221;#000000&#8243; open_toggle_background_color=&#8221;#f7f7f7&#8243; closed_toggle_text_color=&#8221;#000000&#8243; closed_toggle_background_color=&#8221;#ffffff&#8221; icon_color=&#8221;#000000&#8243; use_icon_font_size=&#8221;on&#8221; icon_font_size=&#8221;21px&#8221; _builder_version=&#8221;4.4.4&#8243; body_font=&#8221;||||||||&#8221; body_text_color=&#8221;#000000&#8243; text_orientation=&#8221;left&#8221; border_width_all=&#8221;0px&#8221; border_width_bottom=&#8221;4px&#8221; border_color_bottom=&#8221;#000000&#8243; toggle_text_color=&#8221;#000000&#8243; toggle_level=&#8221;h5&#8243; toggle_font=&#8221;|600|||||||&#8221; toggle_font_size=&#8221;20px&#8221; toggle_line_height=&#8221;1.2em&#8221; closed_toggle_font=&#8221;||||||||&#8221; closed_toggle_font_size=&#8221;20px&#8221; closed_toggle_line_height=&#8221;1.3em&#8221;]<\/p>\n<p>L&#8217;estudi de la teva cuina es far\u00e0 sense comprom\u00eds de compra. El termini de validesa \u00e9s de 60 dies. Per a m\u00e9s claredat, el pressupost es lliurar\u00e0 per escrit i amb cada partida desglossada (mobiliari de cuina, superf\u00edcies, reforma, complements, electrodom\u00e8stics).<\/p>\n<p><span style=\"text-decoration: underline; color: #ff0000;\">Mesures especials Covid-19:<\/span> <span style=\"color: #ff0000;\">La nostra empresa est\u00e0 implementant millores en la comunicaci\u00f3 mitjan\u00e7ant aplicacions que faciliten la presentaci\u00f3 del pressupost de manera on-line per minimitzar el nombre de visites als nostres establiments per als clients que ho requereixin. T&#8217;assessorarem i resoldrem els teus dubtes de manera on-line.<\/span><\/p>\n<p>[\/et_pb_accordion_item][et_pb_accordion_item title=&#8221;  Venen a prendre mesures?&#8221; open_toggle_text_color_tablet=&#8221;&#8221; open_toggle_text_color_phone=&#8221;&#8221; open_toggle_text_color_last_edited=&#8221;on|phone&#8221; _builder_version=&#8221;4.4.4&#8243; custom_margin=&#8221;0px||&#8221; custom_padding=&#8221;||&#8221; closed_toggle_font_tablet=&#8221;&#8221; closed_toggle_font_phone=&#8221;&#8221; closed_toggle_font_last_edited=&#8221;on|phone&#8221; open=&#8221;off&#8221;]<\/p>\n<p>Treballem tant amb pl\u00e0nols acotats com amb les mesures preses a casa del client. \u00c9s un servei sense comprom\u00eds i sempre \u00e9s preferible <span>.<\/span><\/p>\n<p><span><span style=\"text-decoration: underline;\"><span style=\"color: #ff0000; text-decoration: underline;\">Mesures especials Covid-19<\/span> :<\/span> <span style=\"color: #ff0000;\">La nostra empresa est\u00e0 implantant totes les mesures de seguretat sanit\u00e0ria necess\u00e0ries seguint les instruccions de les autoritats. El nostre equip estar\u00e0 preparat per garantir la vostra seguretat tant a l&#8217;hora de prendre mesures a domicili com per a la fase de muntatge del mobiliari o realitzaci\u00f3 de la reforma.<\/span><\/span><\/p>\n<p>[\/et_pb_accordion_item][et_pb_accordion_item title=&#8221;  Quins s\u00f3n els passos que cal seguir?&#8221; _builder_version=&#8221;4.4.4&#8243; open=&#8221;off&#8221;]<\/p>\n<p><span style=\"text-decoration: underline; color: #ff0000;\">Mesures especials Covid-19:<\/span><\/p>\n<p><span style=\"color: #ff0000;\">-Els clients podran visitar les nostres botigues amb total seguretat ja que per garantir la seguretat sanit\u00e0ria tindran a la vostra disposici\u00f3 productes de desinfecci\u00f3 abans d&#8217;entrar als nostres establiments (mascareta, gel hidroalcoh\u00f2lic i guants).<\/span><\/p>\n<p><span style=\"color: #ff0000;\">-Com a petit negoci podem garantir la <span style=\"text-decoration: underline;\">no massificaci\u00f3<\/span> a les nostres botigues i mitjan\u00e7ant cites pr\u00e8vies el client podr\u00e0 tenir un tracte individualitzat.<\/span><\/p>\n<p><span style=\"color: #ff0000;\">-Tamb\u00e9 es garanteix el distanciament de seguretat ja que estarem preparats amb mampares protectores per atendre els nostres clients.<\/span><\/p>\n<p><span style=\"color: #ff0000;\">-Si el client ho prefereix i vol minimitzar les visites a les nostres botigues hem millorat la comunicaci\u00f3 on-line per resoldre els dubtes o presentar els pressupostos.<\/span><\/p>\n<p><span style=\"color: #ff0000;\">-Estem implantant una visita virtual 360 \u00ba de les nostres exposicions per veure les nostres cuines sense despla\u00e7ar-se de casa.<\/span><\/p>\n<p><span>Definir idees i materials: Selecci\u00f3 dels materials i models per fer pressupost i definici\u00f3 de les idees per fer el projecte.<br \/>  Presa de mesures a casa: Proporciona al client un pressupost m\u00e9s exacte i ajustat a la realitat per evitar les temibles \u201csorpreses\u201d.  <span style=\"color: #ff0000;\">El t\u00e8cnic vindr\u00e0 a casa teva amb l&#8217;equip de seguretat Covid-19 estipulat per les autoritats sanit\u00e0ries.<\/span><br \/>  Projecte dibuixat amb programa<\/span><span class=\"googie_link\"><span> <\/span>3<\/span><span>D i<\/span><span class=\"googie_link\"><span> <\/span>renderitzeu<\/span><span>o: Fem un pla preliminar a escala que us donar\u00e0 una idea fiable de la distribuci\u00f3 m\u00e9s adequada i de les zones de circulaci\u00f3 a respectar perqu\u00e8 l&#8217;estada sigui c\u00f2mode i funcional.<br \/>  Acceptaci\u00f3 del pressupost: s&#8217;acorda el sistema de pagament i es determina el termini de lliurament<\/span><span class=\"googie_link\">.Procedi<\/span><span>a la marcaci\u00f3 de la cuina ia la seva comanda.<br \/>  Muntatge de la cuina: Quan els mobles arriben al magatzem es procedeix al muntatge de la cuina i electrodom\u00e8stics (comprats al nostre establiment) <span style=\"color: #ff0000;\">El muntador vindr\u00e0 a casa teva amb l&#8217;equip de seguretat Covid-19 estipulat per les autoritats sanit\u00e0ries<\/span><\/span><\/p>\n<p>[\/et_pb_accordion_item][et_pb_accordion_item title=&#8221;Temps de lliurament dels mobles?&#8221; _builder_version=&#8221;4.4.2&#8243; open=&#8221;off&#8221;]<\/p>\n<p><span>El termini de lliurament dels mobles dep\u00e8n del fabricant i varia segons els materials i els acabats de les portes. Els acabats lacats brillant  <\/span><span class=\"googie_link\">o rexapat<\/span> <span>de fusta solen ser els m\u00e9s llargs de produir.<\/span><\/p>\n<p><span style=\"color: #ff0000;\"><span style=\"text-decoration: underline;\">Covid-19<\/span> : A causa del Covid-19, els temps de lliurament dels nostres prove\u00efdors poden variar respecte dels temps habituals.<\/span> <\/p>\n<p>[\/et_pb_accordion_item][et_pb_accordion_item title=&#8221;Qui instal\u00b7lar\u00e0 els meus mobles?&#8221; _builder_version=&#8221;4.4.2&#8243; open=&#8221;off&#8221;]<\/p>\n<p>El muntatge dels mobles el realitzar\u00e0 personal qualificat treballador de l&#8217;empresa.<\/p>\n<p><span style=\"text-decoration: underline;\"><span style=\"color: #ff0000; text-decoration: underline;\">Mesures especials Covid-19:<\/span><\/span> <span style=\"color: #ff0000;\">El muntador especialitzat tindr\u00e0 l&#8217;equip reglamentari de seguretat sanit\u00e0ria Covid-19 establert per les autoritats sanit\u00e0ries per tal de garantir la seguretat de tothom.<\/span><\/p>\n<p>[\/et_pb_accordion_item][et_pb_accordion_item title=&#8221;  Quant de temps triga un muntatge?&#8221; _builder_version=&#8221;4.4.2&#8243; open=&#8221;off&#8221;]<\/p>\n<p>El temps de muntatge varia segons la mida i la complexitat de la cuina<\/p>\n<p>[\/et_pb_accordion_item][et_pb_accordion_item title=&#8221;Quant de temps estar\u00e9 sense cuina?&#8221; _builder_version=&#8221;4.4.2&#8243; open=&#8221;off&#8221;]<\/p>\n<p>En un proc\u00e9s de reforma integral de la teva cuina, en general estar\u00e0s unes 4 setmanes sense cuina. Cal tenir en compte que han d&#8217;intervenir diversos industrials a qui ens encarreguem de coordinar.<\/p>\n<p>[\/et_pb_accordion_item][et_pb_accordion_item title=&#8221;Servei postvenda?&#8221; _builder_version=&#8221;3.24&#8243; open=&#8221;off&#8221;]<\/p>\n<p>Tots els nostres productes tenen la garantia de f\u00e0brica. La garantia varia segons el producte i el fabricant. En el cas dels electrodom\u00e8stics sol ser de 2 anys i pel nostre mobiliari de cuina \u00e9s de 5 anys<\/p>\n<p>[\/et_pb_accordion_item][et_pb_accordion_item title=&#8221;  Sistema de pagament?&#8221; _builder_version=&#8221;3.24&#8243; open=&#8221;off&#8221;]<\/p>\n<p>El sistema de pagament es realitzar\u00e0 en 3 etapes: Es far\u00e0 un primer pagament per l&#8217;acceptaci\u00f3 del pressupost per poder passar la comanda dels mobles. Es realitzar\u00e0 un segon pagament un cop arribin els mobles, electrodom\u00e8stics i complements al magatzem. Es far\u00e0 un tercer pagament un cop finalitzat el muntatge. No obstant aix\u00f2, som flexibles i acceptem canvis un cop estudiat cada cas en particular.<\/p>\n<p>[\/et_pb_accordion_item][et_pb_accordion_item title=&#8221;Es pot finan\u00e7ar?&#8221; _builder_version=&#8221;4.4.2&#8243; open=&#8221;off&#8221;]<\/p>\n<p><span>Segons la teva situaci\u00f3, es pot estudiar un finan\u00e7ament personalitzat i per quotes.<\/span><\/p>\n<p><span style=\"color: #ff0000;\">Finan\u00e7ament disponible BBVA 2 anys sense interessos<\/span><\/p>\n<p>[\/et_pb_accordion_item][\/et_pb_accordion][\/et_pb_column][\/et_pb_row][\/et_pb_section]<\/p>\n","protected":false},"excerpt":{"rendered":"<p>Preguntes Freq\u00fcentsVolem ajudar-te!L&#8217;estudi de la teva cuina es far\u00e0 sense comprom\u00eds de compra. El termini de validesa \u00e9s de 60 dies. Per a m\u00e9s claredat, el pressupost es lliurar\u00e0 per escrit i amb cada partida desglossada (mobiliari de cuina, superf\u00edcies, reforma, complements, electrodom\u00e8stics). Mesures especials Covid-19: La nostra empresa est\u00e0 implementant millores en la comunicaci\u00f3 [&hellip;]<\/p>\n","protected":false},"author":1,"featured_media":0,"parent":0,"menu_order":0,"comment_status":"closed","ping_status":"closed","template":"","meta":{"_et_pb_use_builder":"on","_et_pb_old_content":"","_et_gb_content_width":"","footnotes":""},"class_list":["post-9705","page","type-page","status-publish","hentry"],"yoast_head":"<!-- This site is optimized with the Yoast SEO plugin v27.4 - https:\/\/yoast.com\/product\/yoast-seo-wordpress\/ -->\n<title>Responem els teus dubtes sobre Reformes<\/title>\n<meta name=\"description\" content=\"Deixa&#039;ns aconsellar-te en la reforma de casa teva. Si tens qualsevol dubte t&#039;ho aclarirem. Si no trobes aqu\u00ed la teva resposta, contacta amb Studio Gatto.\" \/>\n<meta name=\"robots\" content=\"index, follow, max-snippet:-1, max-image-preview:large, max-video-preview:-1\" \/>\n<link rel=\"canonical\" href=\"https:\/\/www.studiogatto.es\/ca\/faq\/\" \/>\n<meta property=\"og:locale\" content=\"ca_ES\" \/>\n<meta property=\"og:type\" content=\"article\" \/>\n<meta property=\"og:title\" content=\"Responem els teus dubtes sobre Reformes\" \/>\n<meta property=\"og:description\" content=\"Deixa&#039;ns aconsellar-te en la reforma de casa teva. Si tens qualsevol dubte t&#039;ho aclarirem. Si no trobes aqu\u00ed la teva resposta, contacta amb Studio Gatto.\" \/>\n<meta property=\"og:url\" content=\"https:\/\/www.studiogatto.es\/ca\/faq\/\" \/>\n<meta property=\"og:site_name\" content=\"Studio Gatto - Cuines i Banys\" \/>\n<meta property=\"article:publisher\" content=\"https:\/\/www.facebook.com\/studiogattocucine\" \/>\n<meta property=\"article:modified_time\" content=\"2024-04-06T16:40:32+00:00\" \/>\n<meta name=\"twitter:card\" content=\"summary_large_image\" \/>\n<meta name=\"twitter:site\" content=\"@studiogattosl\" \/>\n<meta name=\"twitter:label1\" content=\"Temps estimat de lectura\" \/>\n\t<meta name=\"twitter:data1\" content=\"6 minuts\" \/>\n<script type=\"application\/ld+json\" class=\"yoast-schema-graph\">{\"@context\":\"https:\\\/\\\/schema.org\",\"@graph\":[{\"@type\":\"WebPage\",\"@id\":\"https:\\\/\\\/www.studiogatto.es\\\/ca\\\/faq\\\/\",\"url\":\"https:\\\/\\\/www.studiogatto.es\\\/ca\\\/faq\\\/\",\"name\":\"Responem els teus dubtes sobre Reformes\",\"isPartOf\":{\"@id\":\"https:\\\/\\\/www.studiogatto.es\\\/ca\\\/#website\"},\"datePublished\":\"2019-06-20T07:44:48+00:00\",\"dateModified\":\"2024-04-06T16:40:32+00:00\",\"description\":\"Deixa'ns aconsellar-te en la reforma de casa teva. Si tens qualsevol dubte t'ho aclarirem. Si no trobes aqu\u00ed la teva resposta, contacta amb Studio Gatto.\",\"breadcrumb\":{\"@id\":\"https:\\\/\\\/www.studiogatto.es\\\/ca\\\/faq\\\/#breadcrumb\"},\"inLanguage\":\"ca\",\"potentialAction\":[{\"@type\":\"ReadAction\",\"target\":[\"https:\\\/\\\/www.studiogatto.es\\\/ca\\\/faq\\\/\"]}]},{\"@type\":\"BreadcrumbList\",\"@id\":\"https:\\\/\\\/www.studiogatto.es\\\/ca\\\/faq\\\/#breadcrumb\",\"itemListElement\":[{\"@type\":\"ListItem\",\"position\":1,\"name\":\"Portada\",\"item\":\"https:\\\/\\\/www.studiogatto.es\\\/ca\\\/\"},{\"@type\":\"ListItem\",\"position\":2,\"name\":\"Faq\"}]},{\"@type\":\"WebSite\",\"@id\":\"https:\\\/\\\/www.studiogatto.es\\\/ca\\\/#website\",\"url\":\"https:\\\/\\\/www.studiogatto.es\\\/ca\\\/\",\"name\":\"Studio Gatto - Cuines i Banys\",\"description\":\"Reformas integrales de Cocinas y ba\u00f1os. Interiorismo. Dise\u00f1o.\",\"publisher\":{\"@id\":\"https:\\\/\\\/www.studiogatto.es\\\/ca\\\/#organization\"},\"potentialAction\":[{\"@type\":\"SearchAction\",\"target\":{\"@type\":\"EntryPoint\",\"urlTemplate\":\"https:\\\/\\\/www.studiogatto.es\\\/ca\\\/?s={search_term_string}\"},\"query-input\":{\"@type\":\"PropertyValueSpecification\",\"valueRequired\":true,\"valueName\":\"search_term_string\"}}],\"inLanguage\":\"ca\"},{\"@type\":\"Organization\",\"@id\":\"https:\\\/\\\/www.studiogatto.es\\\/ca\\\/#organization\",\"name\":\"Studio Gatto\",\"url\":\"https:\\\/\\\/www.studiogatto.es\\\/ca\\\/\",\"logo\":{\"@type\":\"ImageObject\",\"inLanguage\":\"ca\",\"@id\":\"https:\\\/\\\/www.studiogatto.es\\\/ca\\\/#\\\/schema\\\/logo\\\/image\\\/\",\"url\":\"https:\\\/\\\/www.studiogatto.es\\\/wp-content\\\/uploads\\\/Nuevo-logotipo.jpg\",\"contentUrl\":\"https:\\\/\\\/www.studiogatto.es\\\/wp-content\\\/uploads\\\/Nuevo-logotipo.jpg\",\"width\":300,\"height\":167,\"caption\":\"Studio Gatto\"},\"image\":{\"@id\":\"https:\\\/\\\/www.studiogatto.es\\\/ca\\\/#\\\/schema\\\/logo\\\/image\\\/\"},\"sameAs\":[\"https:\\\/\\\/www.facebook.com\\\/studiogattocucine\",\"https:\\\/\\\/x.com\\\/studiogattosl\"]}]}<\/script>\n<!-- \/ Yoast SEO plugin. -->","yoast_head_json":{"title":"Responem els teus dubtes sobre Reformes","description":"Deixa'ns aconsellar-te en la reforma de casa teva. Si tens qualsevol dubte t'ho aclarirem. Si no trobes aqu\u00ed la teva resposta, contacta amb Studio Gatto.","robots":{"index":"index","follow":"follow","max-snippet":"max-snippet:-1","max-image-preview":"max-image-preview:large","max-video-preview":"max-video-preview:-1"},"canonical":"https:\/\/www.studiogatto.es\/ca\/faq\/","og_locale":"ca_ES","og_type":"article","og_title":"Responem els teus dubtes sobre Reformes","og_description":"Deixa'ns aconsellar-te en la reforma de casa teva. Si tens qualsevol dubte t'ho aclarirem. Si no trobes aqu\u00ed la teva resposta, contacta amb Studio Gatto.","og_url":"https:\/\/www.studiogatto.es\/ca\/faq\/","og_site_name":"Studio Gatto - Cuines i Banys","article_publisher":"https:\/\/www.facebook.com\/studiogattocucine","article_modified_time":"2024-04-06T16:40:32+00:00","twitter_card":"summary_large_image","twitter_site":"@studiogattosl","twitter_misc":{"Temps estimat de lectura":"6 minuts"},"schema":{"@context":"https:\/\/schema.org","@graph":[{"@type":"WebPage","@id":"https:\/\/www.studiogatto.es\/ca\/faq\/","url":"https:\/\/www.studiogatto.es\/ca\/faq\/","name":"Responem els teus dubtes sobre Reformes","isPartOf":{"@id":"https:\/\/www.studiogatto.es\/ca\/#website"},"datePublished":"2019-06-20T07:44:48+00:00","dateModified":"2024-04-06T16:40:32+00:00","description":"Deixa'ns aconsellar-te en la reforma de casa teva. Si tens qualsevol dubte t'ho aclarirem. Si no trobes aqu\u00ed la teva resposta, contacta amb Studio Gatto.","breadcrumb":{"@id":"https:\/\/www.studiogatto.es\/ca\/faq\/#breadcrumb"},"inLanguage":"ca","potentialAction":[{"@type":"ReadAction","target":["https:\/\/www.studiogatto.es\/ca\/faq\/"]}]},{"@type":"BreadcrumbList","@id":"https:\/\/www.studiogatto.es\/ca\/faq\/#breadcrumb","itemListElement":[{"@type":"ListItem","position":1,"name":"Portada","item":"https:\/\/www.studiogatto.es\/ca\/"},{"@type":"ListItem","position":2,"name":"Faq"}]},{"@type":"WebSite","@id":"https:\/\/www.studiogatto.es\/ca\/#website","url":"https:\/\/www.studiogatto.es\/ca\/","name":"Studio Gatto - Cuines i Banys","description":"Reformas integrales de Cocinas y ba\u00f1os. Interiorismo. Dise\u00f1o.","publisher":{"@id":"https:\/\/www.studiogatto.es\/ca\/#organization"},"potentialAction":[{"@type":"SearchAction","target":{"@type":"EntryPoint","urlTemplate":"https:\/\/www.studiogatto.es\/ca\/?s={search_term_string}"},"query-input":{"@type":"PropertyValueSpecification","valueRequired":true,"valueName":"search_term_string"}}],"inLanguage":"ca"},{"@type":"Organization","@id":"https:\/\/www.studiogatto.es\/ca\/#organization","name":"Studio Gatto","url":"https:\/\/www.studiogatto.es\/ca\/","logo":{"@type":"ImageObject","inLanguage":"ca","@id":"https:\/\/www.studiogatto.es\/ca\/#\/schema\/logo\/image\/","url":"https:\/\/www.studiogatto.es\/wp-content\/uploads\/Nuevo-logotipo.jpg","contentUrl":"https:\/\/www.studiogatto.es\/wp-content\/uploads\/Nuevo-logotipo.jpg","width":300,"height":167,"caption":"Studio Gatto"},"image":{"@id":"https:\/\/www.studiogatto.es\/ca\/#\/schema\/logo\/image\/"},"sameAs":["https:\/\/www.facebook.com\/studiogattocucine","https:\/\/x.com\/studiogattosl"]}]}},"_links":{"self":[{"href":"https:\/\/www.studiogatto.es\/ca\/wp-json\/wp\/v2\/pages\/9705","targetHints":{"allow":["GET"]}}],"collection":[{"href":"https:\/\/www.studiogatto.es\/ca\/wp-json\/wp\/v2\/pages"}],"about":[{"href":"https:\/\/www.studiogatto.es\/ca\/wp-json\/wp\/v2\/types\/page"}],"author":[{"embeddable":true,"href":"https:\/\/www.studiogatto.es\/ca\/wp-json\/wp\/v2\/users\/1"}],"replies":[{"embeddable":true,"href":"https:\/\/www.studiogatto.es\/ca\/wp-json\/wp\/v2\/comments?post=9705"}],"version-history":[{"count":2,"href":"https:\/\/www.studiogatto.es\/ca\/wp-json\/wp\/v2\/pages\/9705\/revisions"}],"predecessor-version":[{"id":56595,"href":"https:\/\/www.studiogatto.es\/ca\/wp-json\/wp\/v2\/pages\/9705\/revisions\/56595"}],"wp:attachment":[{"href":"https:\/\/www.studiogatto.es\/ca\/wp-json\/wp\/v2\/media?parent=9705"}],"curies":[{"name":"wp","href":"https:\/\/api.w.org\/{rel}","templated":true}]}}