{"id":56478,"date":"2024-04-06T18:40:05","date_gmt":"2024-04-06T16:40:05","guid":{"rendered":"https:\/\/www.studiogatto.es\/blaupunkt\/"},"modified":"2024-04-06T18:40:08","modified_gmt":"2024-04-06T16:40:08","slug":"blaupunkt","status":"publish","type":"page","link":"https:\/\/www.studiogatto.es\/ca\/blaupunkt\/","title":{"rendered":"Blaupunkt"},"content":{"rendered":"<p>[et_pb_section fb_built=&#8221;1&#8243; _builder_version=&#8221;4.4.4&#8243; da_disable_devices=&#8221;off|off|off&#8221; global_colors_info=&#8221;{}&#8221; da_is_popup=&#8221;off&#8221; da_exit_intent=&#8221;off&#8221; da_has_close=&#8221;on&#8221; da_alt_close=&#8221;off&#8221; da_dark_close=&#8221;off&#8221; da_not_modal=&#8221;on&#8221; da_is_singular=&#8221;off&#8221; da_with_loader=&#8221;off&#8221; da_has_shadow=&#8221;on&#8221;][et_pb_row _builder_version=&#8221;4.4.4&#8243; global_colors_info=&#8221;{}&#8221;][et_pb_column type=&#8221;4_4&#8243; _builder_version=&#8221;4.4.4&#8243; global_colors_info=&#8221;{}&#8221;][et_pb_slider show_content_on_mobile=&#8221;off&#8221; show_cta_on_mobile=&#8221;off&#8221; disabled_on=&#8221;off|off|off&#8221; _builder_version=&#8221;4.14.7&#8243; body_text_align=&#8221;center&#8221; min_height=&#8221;437px&#8221; height=&#8221;425px&#8221; custom_margin=&#8221;0px||0px||false|false&#8221; custom_padding=&#8221;0px||160px||false|false&#8221; auto=&#8221;on&#8221; hover_transition_duration=&#8221;50ms&#8221; background_last_edited=&#8221;on|desktop&#8221; db_height=&#8221;556px&#8221; locked=&#8221;off&#8221; global_colors_info=&#8221;{}&#8221;][et_pb_slide video_url=&#8221;https:\/\/www.studiogatto.es\/wp-content\/uploads\/0c051f57a66c4fdb94f89d4fc554dbfb.mov&#8221; _builder_version=&#8221;4.14.7&#8243; background_enable_color=&#8221;off&#8221; background_image=&#8221;https:\/\/www.studiogatto.es\/wp-content\/uploads\/BP_Web_Header_Kuehlgeraete.jpg&#8221; background_enable_image=&#8221;on&#8221; locked=&#8221;off&#8221; global_colors_info=&#8221;{}&#8221; sticky_transition=&#8221;on&#8221;][\/et_pb_slide][et_pb_slide video_url=&#8221;https:\/\/www.studiogatto.es\/wp-content\/uploads\/0c051f57a66c4fdb94f89d4fc554dbfb.mov&#8221; _builder_version=&#8221;4.14.7&#8243; background_enable_color=&#8221;off&#8221; background_image=&#8221;https:\/\/www.studiogatto.es\/wp-content\/uploads\/BP_Web_Header_Spuelmaschine.jpg&#8221; background_enable_image=&#8221;on&#8221; locked=&#8221;off&#8221; global_colors_info=&#8221;{}&#8221; sticky_transition=&#8221;on&#8221;][\/et_pb_slide][et_pb_slide video_url=&#8221;https:\/\/www.studiogatto.es\/wp-content\/uploads\/0c051f57a66c4fdb94f89d4fc554dbfb.mov&#8221; _builder_version=&#8221;4.14.7&#8243; background_enable_color=&#8221;off&#8221; background_image=&#8221;https:\/\/www.studiogatto.es\/wp-content\/uploads\/BP_Web_Header_Dunstabzug.jpg&#8221; background_enable_image=&#8221;on&#8221; locked=&#8221;off&#8221; global_colors_info=&#8221;{}&#8221; sticky_transition=&#8221;on&#8221;][\/et_pb_slide][et_pb_slide video_url=&#8221;https:\/\/www.studiogatto.es\/wp-content\/uploads\/0c051f57a66c4fdb94f89d4fc554dbfb.mov&#8221; _builder_version=&#8221;4.14.7&#8243; background_enable_color=&#8221;off&#8221; background_image=&#8221;https:\/\/www.studiogatto.es\/wp-content\/uploads\/BP_Web_Header_Kochfelder.jpg&#8221; background_enable_image=&#8221;on&#8221; locked=&#8221;off&#8221; global_colors_info=&#8221;{}&#8221; sticky_transition=&#8221;on&#8221;][\/et_pb_slide][et_pb_slide video_url=&#8221;https:\/\/www.studiogatto.es\/wp-content\/uploads\/0c051f57a66c4fdb94f89d4fc554dbfb.mov&#8221; _builder_version=&#8221;4.14.7&#8243; background_enable_color=&#8221;off&#8221; background_image=&#8221;https:\/\/www.studiogatto.es\/wp-content\/uploads\/BP_Web_Header_Backoefen_01.jpg&#8221; background_enable_image=&#8221;on&#8221; locked=&#8221;off&#8221; global_colors_info=&#8221;{}&#8221; sticky_transition=&#8221;on&#8221;][\/et_pb_slide][\/et_pb_slider][et_pb_image src=&#8221;https:\/\/www.studiogatto.es\/wp-content\/uploads\/download.png&#8221; title_text=&#8221;download&#8221; align=&#8221;center&#8221; _builder_version=&#8221;4.14.7&#8243; width=&#8221;350px&#8221; custom_padding=&#8221;30px||30px|0px|false|false&#8221; global_colors_info=&#8221;{}&#8221;][\/et_pb_image][et_pb_text _builder_version=&#8221;4.14.7&#8243; text_orientation=&#8221;center&#8221; custom_padding=&#8221;0px||||false|false&#8221; locked=&#8221;off&#8221; global_colors_info=&#8221;{}&#8221;]<\/p>\n<h2>Blaupunkt &#8211; Electrodom\u00e8stics de cuina perfectament integrats<\/h2>\n<h4>Qui es decideix avui dia per una cuina nova i modernes gaudir\u00e0 no nom\u00e9s d&#8217;aparells de la tecnologia m\u00e9s avan\u00e7ada, sin\u00f3 d&#8217;una imatge global harmoniosa en qu\u00e8 tecnologia i disseny es combinen a la perfecci\u00f3. Aix\u00f2 \u00e9s el que ofereixen els nostres productes Blaupunkt.<\/h4>\n<p>&nbsp;<\/p>\n<p>Studio Gatto distribueix els electrodom\u00e8stics encastables Blaupunkt. Productes ben pensats, dissenyats, estilitzats amb un alt nivell de funcionalitat i una gran relaci\u00f3 qualitat-preu.  <\/p>\n<p>&nbsp;<\/p>\n<p>[\/et_pb_text][\/et_pb_column][\/et_pb_row][et_pb_row column_structure=&#8221;1_2,1_2&#8243; _builder_version=&#8221;4.4.4&#8243; global_colors_info=&#8221;{}&#8221;][et_pb_column type=&#8221;1_2&#8243; _builder_version=&#8221;4.4.4&#8243; global_colors_info=&#8221;{}&#8221;][et_pb_image src=&#8221;https:\/\/www.studiogatto.es\/wp-content\/uploads\/BP_Web_Header_Backoefen.jpg&#8221; title_text=&#8221;BP_Web_Header_Backoefen&#8221; _builder_version=&#8221;4.14.7&#8243; min_height=&#8221;334px&#8221; custom_margin=&#8221;0px||0px||true|false&#8221; custom_padding=&#8221;0px|||||&#8221; global_colors_info=&#8221;{}&#8221;][\/et_pb_image][\/et_pb_column][et_pb_column type=&#8221;1_2&#8243; _builder_version=&#8221;4.4.4&#8243; global_colors_info=&#8221;{}&#8221;][et_pb_text _builder_version=&#8221;4.14.7&#8243; custom_padding=&#8221;100px||||false|false&#8221; global_colors_info=&#8221;{}&#8221;]<\/p>\n<h3>Forns<\/h3>\n<h4>Forns Blaupunkt \u2013 el cor calent de la cuina<\/h4>\n<p>Conceptes de maneig intu\u00eftiu i indicadors transparents us permeten obtenir resultats perfectes amb el seu forn. I quan s&#8217;embruten, aquests pr\u00e0ctics assistents de cuina es netegen sols.<\/p>\n<p>[\/et_pb_text][\/et_pb_column][\/et_pb_row][et_pb_row column_structure=&#8221;1_2,1_2&#8243; _builder_version=&#8221;4.14.7&#8243; global_colors_info=&#8221;{}&#8221;][et_pb_column type=&#8221;1_2&#8243; _builder_version=&#8221;4.4.4&#8243; global_colors_info=&#8221;{}&#8221;][et_pb_text _builder_version=&#8221;4.14.7&#8243; custom_padding=&#8221;50px||||false|false&#8221; global_colors_info=&#8221;{}&#8221;]<\/p>\n<h3 style=\"text-align: left;\">Dispositius compactes<\/h3>\n<h4 style=\"text-align: left;\">Electrodom\u00e8stics compactes Blaupunkt \u2013 gran varietat de funcions amb una mida molt redu\u00efda<\/h4>\n<p>Coure, ofegar, estofar \u2013 no nom\u00e9s en grans cuines, sin\u00f3 tamb\u00e9 en espais molt redu\u00efts, els electrodom\u00e8stics compactes Blaupunkt ofereixen plena funcionalitat, deixant lloc per tallar, condimentar, amanir. Els nostres compactes aparells multitasca s\u00f3n totalment vers\u00e0tils i el complement intel\u00b7ligent ideal per a espais desaprofitats en grans cuines.<\/p>\n<p>&nbsp;<\/p>\n<p>[\/et_pb_text][\/et_pb_column][et_pb_column type=&#8221;1_2&#8243; _builder_version=&#8221;4.4.4&#8243; global_colors_info=&#8221;{}&#8221;][et_pb_image src=&#8221;https:\/\/www.studiogatto.es\/wp-content\/uploads\/imgn2.jpg&#8221; title_text=&#8221;imgn2&#8243; _builder_version=&#8221;4.14.7&#8243; global_colors_info=&#8221;{}&#8221;][\/et_pb_image][\/et_pb_column][\/et_pb_row][et_pb_row column_structure=&#8221;1_2,1_2&#8243; _builder_version=&#8221;4.4.4&#8243; locked=&#8221;off&#8221; global_colors_info=&#8221;{}&#8221;][et_pb_column type=&#8221;1_2&#8243; _builder_version=&#8221;4.4.4&#8243; global_colors_info=&#8221;{}&#8221;][et_pb_image src=&#8221;https:\/\/www.studiogatto.es\/wp-content\/uploads\/imgg4.jpg&#8221; title_text=&#8221;imgg4&#8243; _builder_version=&#8221;4.14.7&#8243; min_height=&#8221;334px&#8221; custom_margin=&#8221;0px||0px||true|false&#8221; custom_padding=&#8221;0px|||||&#8221; global_colors_info=&#8221;{}&#8221;][\/et_pb_image][\/et_pb_column][et_pb_column type=&#8221;1_2&#8243; _builder_version=&#8221;4.4.4&#8243; global_colors_info=&#8221;{}&#8221;][et_pb_text _builder_version=&#8221;4.14.7&#8243; custom_padding=&#8221;100px||||false|false&#8221; global_colors_info=&#8221;{}&#8221;]<\/p>\n<h3>  Plaques vitrocer\u00e0miques<\/h3>\n<h4>Plaques de cuina Blaupunkt \u2013 calor al punt exacte<\/h4>\n<p>No tots els tipus de calor s\u00f3n iguals. De vegades, la temperatura ha daugmentar r\u00e0pidament \u2013 \u200b\u200bcalor breu per a un ofegat perfecte. Altres vegades es necessita temps \u2013 calor homog\u00e8nia per a una cocci\u00f3 acurada.[\/et_pb_text][\/et_pb_column][\/et_pb_row][et_pb_row column_structure=&#8221;1_2,1_2&#8243; _builder_version=&#8221;4.4.4&#8243; locked=&#8221;off&#8221; global_colors_info=&#8221;{}&#8221;][et_pb_column type=&#8221;1_2&#8243; _builder_version=&#8221;4.4.4&#8243; global_colors_info=&#8221;{}&#8221;][et_pb_text _builder_version=&#8221;4.14.7&#8243; custom_padding=&#8221;50px||||false|false&#8221; global_colors_info=&#8221;{}&#8221;]<\/p>\n<h3 style=\"text-align: left;\">Campanes extractores<\/h3>\n<h4 style=\"text-align: left;\">Campanes extractores \u2013 amb Blaupunkt l&#8217;aire sempre \u00e9s fresc<\/h4>\n<p>Fregir a foc fort o cuinar lentament al vapor \u2013 cada forma de cuinar deixa olors a la cuina. Les campanes extractores Blaupunkt proporcionen aire fresc despr\u00e9s de treballar a la cuina.[\/et_pb_text][\/et_pb_column][et_pb_column type=&#8221;1_2&#8243; _builder_version=&#8221;4.4.4&#8243; global_colors_info=&#8221;{}&#8221;][et_pb_image src=&#8221;https:\/\/www.studiogatto.es\/wp-content\/uploads\/imgg2.jpg&#8221; title_text=&#8221;imgg2&#8243; _builder_version=&#8221;4.14.7&#8243; global_colors_info=&#8221;{}&#8221;][\/et_pb_image][\/et_pb_column][\/et_pb_row][et_pb_row column_structure=&#8221;1_2,1_2&#8243; _builder_version=&#8221;4.4.4&#8243; locked=&#8221;off&#8221; global_colors_info=&#8221;{}&#8221;][et_pb_column type=&#8221;1_2&#8243; _builder_version=&#8221;4.4.4&#8243; global_colors_info=&#8221;{}&#8221;][et_pb_image src=&#8221;https:\/\/www.studiogatto.es\/wp-content\/uploads\/pimgg.jpg&#8221; title_text=&#8221;pimgg&#8221; _builder_version=&#8221;4.14.7&#8243; min_height=&#8221;334px&#8221; custom_margin=&#8221;0px||0px||true|false&#8221; custom_padding=&#8221;0px|||||&#8221; global_colors_info=&#8221;{}&#8221;][\/et_pb_image][\/et_pb_column][et_pb_column type=&#8221;1_2&#8243; _builder_version=&#8221;4.4.4&#8243; global_colors_info=&#8221;{}&#8221;][et_pb_text _builder_version=&#8221;4.14.7&#8243; custom_padding=&#8221;100px||||false|false&#8221; global_colors_info=&#8221;{}&#8221;]<\/p>\n<h3>Rentaplats<\/h3>\n<h4>Rentaplats Blaupunkt \u2013 li encantar\u00e0 encarregar-se de fregar la vaixella<\/h4>\n<p>Primer, gaudir; despr\u00e9s, treballar? Perqu\u00e8 vost\u00e8 pugui continuar gaudint tamb\u00e9 despr\u00e9s del dinar festiu, els rentaplats de Blaupunkt s&#8217;encarreguen de la feina. Diferents al\u00e7ades i amplades d&#8217;encastat i espai d&#8217;emmagatzematge variable &#8211; al programa d&#8217;electrodom\u00e8stics Blaupunkt trobareu l&#8217;ajudant ideal per a les necessitats d&#8217;espai espec\u00edfiques.[\/et_pb_text][\/et_pb_column][\/et_pb_row][et_pb_row column_structure=&#8221;1_2,1_2&#8243; _builder_version=&#8221;4.4.4&#8243; locked=&#8221;off&#8221; global_colors_info=&#8221;{}&#8221;][et_pb_column type=&#8221;1_2&#8243; _builder_version=&#8221;4.4.4&#8243; global_colors_info=&#8221;{}&#8221;][et_pb_text _builder_version=&#8221;4.14.7&#8243; custom_padding=&#8221;50px||||false|false&#8221; global_colors_info=&#8221;{}&#8221;]<\/p>\n<h3 style=\"text-align: left;\">Frigor\u00edfics<\/h3>\n<h4 style=\"text-align: left;\">Els frigor\u00edfics Blaupunkt s\u00f3n aut\u00e8ntics multitalents<\/h4>\n<p>Les diferents zones de refrigeraci\u00f3 dels frigor\u00edfics i congeladors Blaupunkt proporcionen la temperatura adequada per a cada aliment. Els aliments perfectament emmagatzemats romanen frescos durant molt de temps gr\u00e0cies a les diferents zones de temperatura ia la regulaci\u00f3 electr\u00f2nica.[\/et_pb_text][\/et_pb_column][et_pb_column type=&#8221;1_2&#8243; _builder_version=&#8221;4.4.4&#8243; global_colors_info=&#8221;{}&#8221;][et_pb_image src=&#8221;https:\/\/www.studiogatto.es\/wp-content\/uploads\/pimmn.jpg&#8221; title_text=&#8221;pimmn&#8221; _builder_version=&#8221;4.14.7&#8243; global_colors_info=&#8221;{}&#8221;][\/et_pb_image][\/et_pb_column][\/et_pb_row][et_pb_row column_structure=&#8221;1_2,1_2&#8243; _builder_version=&#8221;4.4.4&#8243; locked=&#8221;off&#8221; global_colors_info=&#8221;{}&#8221;][et_pb_column type=&#8221;1_2&#8243; _builder_version=&#8221;4.4.4&#8243; global_colors_info=&#8221;{}&#8221;][et_pb_image src=&#8221;https:\/\/www.studiogatto.es\/wp-content\/uploads\/innnnn.jpg&#8221; title_text=&#8221;innnnn&#8221; _builder_version=&#8221;4.14.7&#8243; min_height=&#8221;334px&#8221; custom_margin=&#8221;0px||0px||true|false&#8221; custom_padding=&#8221;0px|||||&#8221; global_colors_info=&#8221;{}&#8221;][\/et_pb_image][\/et_pb_column][et_pb_column type=&#8221;1_2&#8243; _builder_version=&#8221;4.4.4&#8243; global_colors_info=&#8221;{}&#8221;][et_pb_text _builder_version=&#8221;4.14.7&#8243; custom_padding=&#8221;100px||||false|false&#8221; global_colors_info=&#8221;{}&#8221;]<\/p>\n<h3>Vinoteques Empotrables<\/h3>\n<h4>El clima perfecte per a vins selectes<\/h4>\n<p>Part frontal de vidre negre<br \/>\nObertura sense tirador mitjan\u00e7ant Push &amp; Pull (emp\u00e8nyer i llen\u00e7ar)<br \/>\nTouch Control<br \/>\nIl\u00b7luminaci\u00f3 LED blanca<br \/>\nRegulaci\u00f3 electr\u00f2nica de la temperatura<br \/>\n3 lleixes de fusta de cedre<br \/>\nSistema antivibraci\u00f3[\/et_pb_text][\/et_pb_column][\/et_pb_row][et_pb_row _builder_version=&#8221;4.4.4&#8243; global_colors_info=&#8221;{}&#8221;][et_pb_column type=&#8221;4_4&#8243; _builder_version=&#8221;4.4.4&#8243; global_colors_info=&#8221;{}&#8221;][et_pb_button button_url=&#8221;@ET-DC@eyJkeW5hbWljIjp0cnVlLCJjb250ZW50IjoicG9zdF9saW5rX3VybF9wYWdlIiwic2V0dGluZ3MiOnsicG9zdF9pZCI6IjQwIn19@&#8221; button_text=&#8221;Clics&#8221; _builder_version=&#8221;4.14.7&#8243; _dynamic_attributes=&#8221;button_url&#8221; _module_preset=&#8221;default&#8221; global_colors_info=&#8221;{}&#8221;][\/et_pb_button][\/et_pb_column][\/et_pb_row][\/et_pb_section]<\/p>\n","protected":false},"excerpt":{"rendered":"<p>Blaupunkt &#8211; Electrodom\u00e8stics de cuina perfectament integrats Qui es decideix avui dia per una cuina nova i modernes gaudir\u00e0 no nom\u00e9s d&#8217;aparells de la tecnologia m\u00e9s avan\u00e7ada, sin\u00f3 d&#8217;una imatge global harmoniosa en qu\u00e8 tecnologia i disseny es combinen a la perfecci\u00f3. Aix\u00f2 \u00e9s el que ofereixen els nostres productes Blaupunkt. &nbsp; Studio Gatto distribueix [&hellip;]<\/p>\n","protected":false},"author":2,"featured_media":0,"parent":0,"menu_order":0,"comment_status":"closed","ping_status":"closed","template":"","meta":{"_et_pb_use_builder":"on","_et_pb_old_content":"","_et_gb_content_width":"","footnotes":""},"class_list":["post-56478","page","type-page","status-publish","hentry"],"yoast_head":"<!-- This site is optimized with the Yoast SEO plugin v27.5 - https:\/\/yoast.com\/product\/yoast-seo-wordpress\/ -->\n<title>Electrodom\u00e8stics encastables Blaupunkt<\/title>\n<meta name=\"description\" content=\"Coneix la gamma de electrodom\u00e8stics de disseny Blaupunkt. Neveres, forns, cuines, microones i fins i tot vinoteques.\" \/>\n<meta name=\"robots\" content=\"index, follow, max-snippet:-1, max-image-preview:large, max-video-preview:-1\" \/>\n<link rel=\"canonical\" href=\"https:\/\/www.studiogatto.es\/ca\/blaupunkt\/\" \/>\n<meta property=\"og:locale\" content=\"ca_ES\" \/>\n<meta property=\"og:type\" content=\"article\" \/>\n<meta property=\"og:title\" content=\"Electrodom\u00e8stics encastables Blaupunkt\" \/>\n<meta property=\"og:description\" content=\"Coneix la gamma de electrodom\u00e8stics de disseny Blaupunkt. Neveres, forns, cuines, microones i fins i tot vinoteques.\" \/>\n<meta property=\"og:url\" content=\"https:\/\/www.studiogatto.es\/ca\/blaupunkt\/\" \/>\n<meta property=\"og:site_name\" content=\"Studio Gatto - Cuines i Banys\" \/>\n<meta property=\"article:publisher\" content=\"https:\/\/www.facebook.com\/studiogattocucine\" \/>\n<meta property=\"article:modified_time\" content=\"2024-04-06T16:40:08+00:00\" \/>\n<meta name=\"twitter:card\" content=\"summary_large_image\" \/>\n<meta name=\"twitter:site\" content=\"@studiogattosl\" \/>\n<meta name=\"twitter:label1\" content=\"Temps estimat de lectura\" \/>\n\t<meta name=\"twitter:data1\" content=\"8 minuts\" \/>\n<script type=\"application\/ld+json\" class=\"yoast-schema-graph\">{\"@context\":\"https:\\\/\\\/schema.org\",\"@graph\":[{\"@type\":\"WebPage\",\"@id\":\"https:\\\/\\\/www.studiogatto.es\\\/ca\\\/blaupunkt\\\/\",\"url\":\"https:\\\/\\\/www.studiogatto.es\\\/ca\\\/blaupunkt\\\/\",\"name\":\"Electrodom\u00e8stics encastables Blaupunkt\",\"isPartOf\":{\"@id\":\"https:\\\/\\\/www.studiogatto.es\\\/ca\\\/#website\"},\"datePublished\":\"2024-04-06T16:40:05+00:00\",\"dateModified\":\"2024-04-06T16:40:08+00:00\",\"description\":\"Coneix la gamma de electrodom\u00e8stics de disseny Blaupunkt. Neveres, forns, cuines, microones i fins i tot vinoteques.\",\"breadcrumb\":{\"@id\":\"https:\\\/\\\/www.studiogatto.es\\\/ca\\\/blaupunkt\\\/#breadcrumb\"},\"inLanguage\":\"ca\",\"potentialAction\":[{\"@type\":\"ReadAction\",\"target\":[\"https:\\\/\\\/www.studiogatto.es\\\/ca\\\/blaupunkt\\\/\"]}]},{\"@type\":\"BreadcrumbList\",\"@id\":\"https:\\\/\\\/www.studiogatto.es\\\/ca\\\/blaupunkt\\\/#breadcrumb\",\"itemListElement\":[{\"@type\":\"ListItem\",\"position\":1,\"name\":\"Portada\",\"item\":\"https:\\\/\\\/www.studiogatto.es\\\/ca\\\/\"},{\"@type\":\"ListItem\",\"position\":2,\"name\":\"Blaupunkt\"}]},{\"@type\":\"WebSite\",\"@id\":\"https:\\\/\\\/www.studiogatto.es\\\/ca\\\/#website\",\"url\":\"https:\\\/\\\/www.studiogatto.es\\\/ca\\\/\",\"name\":\"Studio Gatto - Cuines i Banys\",\"description\":\"Reformas integrales de Cocinas y ba\u00f1os. Interiorismo. Dise\u00f1o.\",\"publisher\":{\"@id\":\"https:\\\/\\\/www.studiogatto.es\\\/ca\\\/#organization\"},\"potentialAction\":[{\"@type\":\"SearchAction\",\"target\":{\"@type\":\"EntryPoint\",\"urlTemplate\":\"https:\\\/\\\/www.studiogatto.es\\\/ca\\\/?s={search_term_string}\"},\"query-input\":{\"@type\":\"PropertyValueSpecification\",\"valueRequired\":true,\"valueName\":\"search_term_string\"}}],\"inLanguage\":\"ca\"},{\"@type\":\"Organization\",\"@id\":\"https:\\\/\\\/www.studiogatto.es\\\/ca\\\/#organization\",\"name\":\"Studio Gatto\",\"url\":\"https:\\\/\\\/www.studiogatto.es\\\/ca\\\/\",\"logo\":{\"@type\":\"ImageObject\",\"inLanguage\":\"ca\",\"@id\":\"https:\\\/\\\/www.studiogatto.es\\\/ca\\\/#\\\/schema\\\/logo\\\/image\\\/\",\"url\":\"https:\\\/\\\/www.studiogatto.es\\\/wp-content\\\/uploads\\\/Nuevo-logotipo.jpg\",\"contentUrl\":\"https:\\\/\\\/www.studiogatto.es\\\/wp-content\\\/uploads\\\/Nuevo-logotipo.jpg\",\"width\":300,\"height\":167,\"caption\":\"Studio Gatto\"},\"image\":{\"@id\":\"https:\\\/\\\/www.studiogatto.es\\\/ca\\\/#\\\/schema\\\/logo\\\/image\\\/\"},\"sameAs\":[\"https:\\\/\\\/www.facebook.com\\\/studiogattocucine\",\"https:\\\/\\\/x.com\\\/studiogattosl\"]}]}<\/script>\n<!-- \/ Yoast SEO plugin. -->","yoast_head_json":{"title":"Electrodom\u00e8stics encastables Blaupunkt","description":"Coneix la gamma de electrodom\u00e8stics de disseny Blaupunkt. Neveres, forns, cuines, microones i fins i tot vinoteques.","robots":{"index":"index","follow":"follow","max-snippet":"max-snippet:-1","max-image-preview":"max-image-preview:large","max-video-preview":"max-video-preview:-1"},"canonical":"https:\/\/www.studiogatto.es\/ca\/blaupunkt\/","og_locale":"ca_ES","og_type":"article","og_title":"Electrodom\u00e8stics encastables Blaupunkt","og_description":"Coneix la gamma de electrodom\u00e8stics de disseny Blaupunkt. Neveres, forns, cuines, microones i fins i tot vinoteques.","og_url":"https:\/\/www.studiogatto.es\/ca\/blaupunkt\/","og_site_name":"Studio Gatto - Cuines i Banys","article_publisher":"https:\/\/www.facebook.com\/studiogattocucine","article_modified_time":"2024-04-06T16:40:08+00:00","twitter_card":"summary_large_image","twitter_site":"@studiogattosl","twitter_misc":{"Temps estimat de lectura":"8 minuts"},"schema":{"@context":"https:\/\/schema.org","@graph":[{"@type":"WebPage","@id":"https:\/\/www.studiogatto.es\/ca\/blaupunkt\/","url":"https:\/\/www.studiogatto.es\/ca\/blaupunkt\/","name":"Electrodom\u00e8stics encastables Blaupunkt","isPartOf":{"@id":"https:\/\/www.studiogatto.es\/ca\/#website"},"datePublished":"2024-04-06T16:40:05+00:00","dateModified":"2024-04-06T16:40:08+00:00","description":"Coneix la gamma de electrodom\u00e8stics de disseny Blaupunkt. Neveres, forns, cuines, microones i fins i tot vinoteques.","breadcrumb":{"@id":"https:\/\/www.studiogatto.es\/ca\/blaupunkt\/#breadcrumb"},"inLanguage":"ca","potentialAction":[{"@type":"ReadAction","target":["https:\/\/www.studiogatto.es\/ca\/blaupunkt\/"]}]},{"@type":"BreadcrumbList","@id":"https:\/\/www.studiogatto.es\/ca\/blaupunkt\/#breadcrumb","itemListElement":[{"@type":"ListItem","position":1,"name":"Portada","item":"https:\/\/www.studiogatto.es\/ca\/"},{"@type":"ListItem","position":2,"name":"Blaupunkt"}]},{"@type":"WebSite","@id":"https:\/\/www.studiogatto.es\/ca\/#website","url":"https:\/\/www.studiogatto.es\/ca\/","name":"Studio Gatto - Cuines i Banys","description":"Reformas integrales de Cocinas y ba\u00f1os. Interiorismo. Dise\u00f1o.","publisher":{"@id":"https:\/\/www.studiogatto.es\/ca\/#organization"},"potentialAction":[{"@type":"SearchAction","target":{"@type":"EntryPoint","urlTemplate":"https:\/\/www.studiogatto.es\/ca\/?s={search_term_string}"},"query-input":{"@type":"PropertyValueSpecification","valueRequired":true,"valueName":"search_term_string"}}],"inLanguage":"ca"},{"@type":"Organization","@id":"https:\/\/www.studiogatto.es\/ca\/#organization","name":"Studio Gatto","url":"https:\/\/www.studiogatto.es\/ca\/","logo":{"@type":"ImageObject","inLanguage":"ca","@id":"https:\/\/www.studiogatto.es\/ca\/#\/schema\/logo\/image\/","url":"https:\/\/www.studiogatto.es\/wp-content\/uploads\/Nuevo-logotipo.jpg","contentUrl":"https:\/\/www.studiogatto.es\/wp-content\/uploads\/Nuevo-logotipo.jpg","width":300,"height":167,"caption":"Studio Gatto"},"image":{"@id":"https:\/\/www.studiogatto.es\/ca\/#\/schema\/logo\/image\/"},"sameAs":["https:\/\/www.facebook.com\/studiogattocucine","https:\/\/x.com\/studiogattosl"]}]}},"_links":{"self":[{"href":"https:\/\/www.studiogatto.es\/ca\/wp-json\/wp\/v2\/pages\/56478","targetHints":{"allow":["GET"]}}],"collection":[{"href":"https:\/\/www.studiogatto.es\/ca\/wp-json\/wp\/v2\/pages"}],"about":[{"href":"https:\/\/www.studiogatto.es\/ca\/wp-json\/wp\/v2\/types\/page"}],"author":[{"embeddable":true,"href":"https:\/\/www.studiogatto.es\/ca\/wp-json\/wp\/v2\/users\/2"}],"replies":[{"embeddable":true,"href":"https:\/\/www.studiogatto.es\/ca\/wp-json\/wp\/v2\/comments?post=56478"}],"version-history":[{"count":1,"href":"https:\/\/www.studiogatto.es\/ca\/wp-json\/wp\/v2\/pages\/56478\/revisions"}],"predecessor-version":[{"id":56494,"href":"https:\/\/www.studiogatto.es\/ca\/wp-json\/wp\/v2\/pages\/56478\/revisions\/56494"}],"wp:attachment":[{"href":"https:\/\/www.studiogatto.es\/ca\/wp-json\/wp\/v2\/media?parent=56478"}],"curies":[{"name":"wp","href":"https:\/\/api.w.org\/{rel}","templated":true}]}}