{"id":56278,"date":"2024-04-06T17:54:39","date_gmt":"2024-04-06T15:54:39","guid":{"rendered":"https:\/\/www.studiogatto.es\/hacker\/"},"modified":"2024-04-06T17:54:41","modified_gmt":"2024-04-06T15:54:41","slug":"hacker","status":"publish","type":"page","link":"https:\/\/www.studiogatto.es\/ca\/hacker\/","title":{"rendered":"H\u00e4cker"},"content":{"rendered":"<p>[et_pb_section fb_built=&#8221;1&#8243; _builder_version=&#8221;4.16&#8243; global_colors_info=&#8221;{}&#8221;][et_pb_row _builder_version=&#8221;4.16&#8243; global_colors_info=&#8221;{}&#8221;][et_pb_column type=&#8221;4_4&#8243; _builder_version=&#8221;4.16&#8243; global_colors_info=&#8221;{}&#8221;][et_pb_slider show_content_on_mobile=&#8221;off&#8221; show_cta_on_mobile=&#8221;off&#8221; disabled_on=&#8221;off|off|off&#8221; _builder_version=&#8221;4.23.1&#8243; body_text_align=&#8221;center&#8221; min_height=&#8221;437px&#8221; min_height_tablet=&#8221;500px&#8221; min_height_phone=&#8221;500px&#8221; height=&#8221;425px&#8221; custom_margin=&#8221;0px||0px||false|false&#8221; custom_padding=&#8221;0px||160px||false|false&#8221; auto=&#8221;on&#8221; hover_transition_duration=&#8221;50ms&#8221; background_last_edited=&#8221;on|desktop&#8221; db_height=&#8221;migrated&#8221; locked=&#8221;off&#8221; global_colors_info=&#8221;{}&#8221;][et_pb_slide video_url=&#8221;https:\/\/www.studiogatto.es\/wp-content\/uploads\/0c051f57a66c4fdb94f89d4fc554dbfb.mov&#8221; _builder_version=&#8221;4.23.1&#8243; background_enable_color=&#8221;off&#8221; background_image=&#8221;https:\/\/www.studiogatto.es\/wp-content\/uploads\/hacker-1.webp&#8221; background_enable_image=&#8221;on&#8221; locked=&#8221;off&#8221; global_colors_info=&#8221;{}&#8221; sticky_transition=&#8221;on&#8221;][\/et_pb_slide][et_pb_slide video_url=&#8221;https:\/\/www.studiogatto.es\/wp-content\/uploads\/0c051f57a66c4fdb94f89d4fc554dbfb.mov&#8221; _builder_version=&#8221;4.23.1&#8243; background_enable_color=&#8221;off&#8221; background_image=&#8221;https:\/\/www.studiogatto.es\/wp-content\/uploads\/haecker-slider-3.jpg&#8221; background_enable_image=&#8221;on&#8221; locked=&#8221;off&#8221; global_colors_info=&#8221;{}&#8221; sticky_transition=&#8221;on&#8221;][\/et_pb_slide][et_pb_slide video_url=&#8221;https:\/\/www.studiogatto.es\/wp-content\/uploads\/0c051f57a66c4fdb94f89d4fc554dbfb.mov&#8221; _builder_version=&#8221;4.23.1&#8243; background_enable_color=&#8221;off&#8221; background_image=&#8221;https:\/\/www.studiogatto.es\/wp-content\/uploads\/haecker-slider-2.jpg&#8221; background_enable_image=&#8221;on&#8221; locked=&#8221;off&#8221; global_colors_info=&#8221;{}&#8221; sticky_transition=&#8221;on&#8221;][\/et_pb_slide][et_pb_slide video_url=&#8221;https:\/\/www.studiogatto.es\/wp-content\/uploads\/0c051f57a66c4fdb94f89d4fc554dbfb.mov&#8221; _builder_version=&#8221;4.23.1&#8243; background_enable_color=&#8221;off&#8221; background_image=&#8221;https:\/\/www.studiogatto.es\/wp-content\/uploads\/haecker-slider.jpg&#8221; background_enable_image=&#8221;on&#8221; locked=&#8221;off&#8221; global_colors_info=&#8221;{}&#8221; sticky_transition=&#8221;on&#8221;][\/et_pb_slide][\/et_pb_slider][\/et_pb_column][\/et_pb_row][et_pb_row _builder_version=&#8221;4.16&#8243; global_colors_info=&#8221;{}&#8221;][et_pb_column type=&#8221;4_4&#8243; _builder_version=&#8221;4.16&#8243; global_colors_info=&#8221;{}&#8221;][et_pb_text _builder_version=&#8221;4.23.1&#8243; global_colors_info=&#8221;{}&#8221;]<\/p>\n<p> <img decoding=\"async\" src=\"https:\/\/www.studiogatto.es\/wp-content\/uploads\/logohaecker.png\" width=\"250\" style=\"display: block; margin-left: auto; margin-right: auto;\"><\/p>\n<h3>Cuines H\u00e4cker<\/h3>\n<p>A Studio Gatto, estem orgullosos de ser el distribu\u00efdor de la marca alemanya H\u00e4cker, un dels principals prove\u00efdors de la nostra cartera de cuines. H\u00e4cker \u00e9s coneguda per produir cuines equipades d&#8217;alta qualitat amb un comprom\u00eds real per fusionar el disseny, la funci\u00f3, la qualitat i l&#8217;excel\u00b7l\u00e8ncia a cadascuna de les l\u00ednies de productes. H\u00e4cker no nom\u00e9s compta amb una gran varietat de cuines sin\u00f3 que tamb\u00e9 les complementa amb la marca d&#8217;electrodom\u00e8tics Blaukpunkt.  <\/p>\n<p>[\/et_pb_text][\/et_pb_column][\/et_pb_row][et_pb_row column_structure=&#8221;1_3,1_3,1_3&#8243; _builder_version=&#8221;4.16&#8243; global_colors_info=&#8221;{}&#8221;][et_pb_column type=&#8221;1_3&#8243; _builder_version=&#8221;4.16&#8243; global_colors_info=&#8221;{}&#8221;][et_pb_image src=&#8221;https:\/\/www.studiogatto.es\/wp-content\/uploads\/hacker-2.webp&#8221; title_text=&#8221;hacker-2&#8243; url=&#8221;https:\/\/www.studiogatto.es\/hacker-concept130\/&#8221; _builder_version=&#8221;4.23.1&#8243; custom_margin=&#8221;56px||||false|false&#8221; custom_padding=&#8221;0px|||||&#8221; global_colors_info=&#8221;{}&#8221;][\/et_pb_image][et_pb_text _builder_version=&#8221;4.23.1&#8243; custom_margin=&#8221;0px||||false|false&#8221; custom_padding=&#8221;0px||||false|false&#8221; global_colors_info=&#8221;{}&#8221;]<\/p>\n<h4 style=\"padding: 0px; margin: 0px;\" align=\"center\"><b><a href=\"https:\/\/www.studiogatto.es\/ca\/hacker-concept130\/\">Concept 130<\/a><\/b><\/h4>\n<p>[\/et_pb_text][\/et_pb_column][et_pb_column type=&#8221;1_3&#8243; _builder_version=&#8221;4.16&#8243; global_colors_info=&#8221;{}&#8221;][et_pb_image src=&#8221;https:\/\/www.studiogatto.es\/wp-content\/uploads\/hacker-3.webp&#8221; title_text=&#8221;hacker-3&#8243; url=&#8221;https:\/\/www.studiogatto.es\/systemat\/&#8221; _builder_version=&#8221;4.23.1&#8243; custom_margin=&#8221;56px||||false|false&#8221; custom_padding=&#8221;0px|||||&#8221; global_colors_info=&#8221;{}&#8221;][\/et_pb_image][et_pb_text _builder_version=&#8221;4.23.1&#8243; custom_margin=&#8221;0px||||false|false&#8221; custom_padding=&#8221;0px||||false|false&#8221; global_colors_info=&#8221;{}&#8221;]<\/p>\n<h4 style=\"padding: 0px; margin: 0px;\" align=\"center\"><b><a href=\"https:\/\/www.studiogatto.es\/ca\/systemat\/\">Systemat<\/a><\/b><\/h4>\n<p>[\/et_pb_text][\/et_pb_column][et_pb_column type=&#8221;1_3&#8243; _builder_version=&#8221;4.16&#8243; global_colors_info=&#8221;{}&#8221;][et_pb_image src=&#8221;https:\/\/www.studiogatto.es\/wp-content\/uploads\/haecker-5.jpg&#8221; title_text=&#8221;haecker-5&#8243; url=&#8221;https:\/\/www.studiogatto.es\/blaupunkt\/&#8221; _builder_version=&#8221;4.23.1&#8243; custom_margin=&#8221;56px||||false|false&#8221; custom_padding=&#8221;0px|||||&#8221; global_colors_info=&#8221;{}&#8221;][\/et_pb_image][et_pb_text _builder_version=&#8221;4.23.1&#8243; custom_margin=&#8221;0px||||false|false&#8221; custom_padding=&#8221;0px||||false|false&#8221; global_colors_info=&#8221;{}&#8221;]<\/p>\n<h4 style=\"padding: 0px; margin: 0px;\" align=\"center\"><b><a href=\"https:\/\/www.studiogatto.es\/ca\/blaupunkt\/\">Blaupunkt<\/a><\/b><\/h4>\n<p>[\/et_pb_text][\/et_pb_column][\/et_pb_row][et_pb_row column_structure=&#8221;1_2,1_2&#8243; _builder_version=&#8221;4.23.1&#8243; custom_padding=&#8221;50px||||false|false&#8221; global_colors_info=&#8221;{}&#8221;][et_pb_column type=&#8221;1_2&#8243; _builder_version=&#8221;4.16&#8243; global_colors_info=&#8221;{}&#8221;][et_pb_text _builder_version=&#8221;4.23.1&#8243; global_colors_info=&#8221;{}&#8221;]<\/p>\n<p style=\"text-align: center;\"><iframe loading=\"lazy\" src=\"https:\/\/player.vimeo.com\/video\/884754061?h=496527073c&amp;autoplay=1&amp;title=0&amp;byline=0&amp;portrait=0\" width=\"640\" height=\"360\" frameborder=\"0\" allow=\"autoplay; fullscreen; picture-in-picture\" allowfullscreen=\"\"><\/iframe><\/p>\n<p>[\/et_pb_text][\/et_pb_column][et_pb_column type=&#8221;1_2&#8243; _builder_version=&#8221;4.16&#8243; global_colors_info=&#8221;{}&#8221;][et_pb_text _builder_version=&#8221;4.23.1&#8243; custom_padding=&#8221;80px||||false|false&#8221; global_colors_info=&#8221;{}&#8221;]<\/p>\n<h4 style=\"text-align: left;\"><strong>Milers de combinacions s\u00f3n possibles!<\/strong><\/h4>\n<p style=\"text-align: left;\">Els dissenys de H\u00e4cker combinen una est\u00e8tica excepcional amb un \u00fas intel\u00b7ligent de lespai demmagatzematge i una tecnologia funcional dalta qualitat amb idees de cuina especials i caracter\u00edstiques addicionals. Experimenta l&#8217;estil, la qualitat i la funcionalitat en una combinaci\u00f3 perfecta.<\/p>\n<p>[\/et_pb_text][\/et_pb_column][\/et_pb_row][et_pb_row column_structure=&#8221;1_3,1_3,1_3&#8243; _builder_version=&#8221;4.16&#8243; global_colors_info=&#8221;{}&#8221;][et_pb_column type=&#8221;1_3&#8243; _builder_version=&#8221;4.16&#8243; global_colors_info=&#8221;{}&#8221;][et_pb_image src=&#8221;https:\/\/www.studiogatto.es\/wp-content\/uploads\/systemat-AV6000-NCS-terracotta-AV-2135.webp&#8221; title_text=&#8221;systemat-AV6000-NCS-terracotta-AV-2135&#8243; show_in_lightbox=&#8221;on&#8221; _builder_version=&#8221;4.23.1&#8243; custom_margin=&#8221;56px||||false|false&#8221; custom_padding=&#8221;0px|||||&#8221; global_colors_info=&#8221;{}&#8221;][\/et_pb_image][et_pb_text _builder_version=&#8221;4.23.1&#8243; custom_margin=&#8221;0px||||false|false&#8221; custom_padding=&#8221;0px||||false|false&#8221; global_colors_info=&#8221;{}&#8221;]<\/p>\n<h4 style=\"padding: 0px; margin: 0px;\" align=\"center\"><b>Systemat AV6000 NCS terracota AV 2135 blanc vidre: Espectacular posada en escena de l&#8217;actitud mediterr\u00e0nia davant la vida<\/b><\/h4>\n<p>[\/et_pb_text][\/et_pb_column][et_pb_column type=&#8221;1_3&#8243; _builder_version=&#8221;4.16&#8243; global_colors_info=&#8221;{}&#8221;][et_pb_image src=&#8221;https:\/\/www.studiogatto.es\/wp-content\/uploads\/systemat-AV-7030-black-star-av-6000.webp&#8221; title_text=&#8221;systemat-AV-7030-black-star-av-6000&#8243; show_in_lightbox=&#8221;on&#8221; _builder_version=&#8221;4.23.1&#8243; custom_margin=&#8221;56px||||false|false&#8221; custom_padding=&#8221;0px|||||&#8221; global_colors_info=&#8221;{}&#8221;][\/et_pb_image][et_pb_text _builder_version=&#8221;4.23.1&#8243; custom_margin=&#8221;0px||||false|false&#8221; custom_padding=&#8221;0px||||false|false&#8221; global_colors_info=&#8221;{}&#8221;]<\/p>\n<h4 style=\"padding: 0px; margin: 0px;\" align=\"center\"><b>Systemat AV 7030 black star AV 6000 NCS: Dos actors principals harmoniosament combinats<\/b><\/h4>\n<p>[\/et_pb_text][\/et_pb_column][et_pb_column type=&#8221;1_3&#8243; _builder_version=&#8221;4.16&#8243; global_colors_info=&#8221;{}&#8221;][et_pb_image src=&#8221;https:\/\/www.studiogatto.es\/wp-content\/uploads\/av-2042-greige-velvet-oak.webp&#8221; title_text=&#8221;av-2042-greige-velvet-oak&#8221; show_in_lightbox=&#8221;on&#8221; _builder_version=&#8221;4.23.1&#8243; custom_margin=&#8221;56px||||false|false&#8221; custom_padding=&#8221;0px|||||&#8221; global_colors_info=&#8221;{}&#8221;][\/et_pb_image][et_pb_text _builder_version=&#8221;4.23.1&#8243; custom_margin=&#8221;0px||||false|false&#8221; custom_padding=&#8221;0px||||false|false&#8221; global_colors_info=&#8221;{}&#8221;]<\/p>\n<h4 style=\"padding: 0px; margin: 0px;\" align=\"center\"><b>AV 2042 Roure Vellut Gris<\/b><\/h4>\n<p>[\/et_pb_text][\/et_pb_column][\/et_pb_row][et_pb_row column_structure=&#8221;1_3,1_3,1_3&#8243; _builder_version=&#8221;4.23.1&#8243; custom_margin=&#8221;0px||||false|false&#8221; custom_padding=&#8221;0px||||false|false&#8221; global_colors_info=&#8221;{}&#8221;][et_pb_column type=&#8221;1_3&#8243; _builder_version=&#8221;4.16&#8243; global_colors_info=&#8221;{}&#8221;][et_pb_image src=&#8221;https:\/\/www.studiogatto.es\/wp-content\/uploads\/concept130-calgary-gl-velvet-oak-greige-harmoniously-blended.webp&#8221; title_text=&#8221;concept130-calgary-gl-velvet-oak-greige-harmoniously-blended&#8221; show_in_lightbox=&#8221;on&#8221; _builder_version=&#8221;4.23.1&#8243; custom_margin=&#8221;56px||||false|false&#8221; custom_padding=&#8221;0px|||||&#8221; global_colors_info=&#8221;{}&#8221;][\/et_pb_image][et_pb_text _builder_version=&#8221;4.23.1&#8243; custom_margin=&#8221;0px||||false|false&#8221; custom_padding=&#8221;0px||||false|false&#8221; global_colors_info=&#8221;{}&#8221;]<\/p>\n<h4 style=\"padding: 0px; margin: 0px;\" align=\"center\"><b>Concept130 CALGARY-GL roure vellutat-gris: Combinaci\u00f3 harmoniosa<\/b><\/h4>\n<p>[\/et_pb_text][\/et_pb_column][et_pb_column type=&#8221;1_3&#8243; _builder_version=&#8221;4.16&#8243; global_colors_info=&#8221;{}&#8221;][et_pb_image src=&#8221;https:\/\/www.studiogatto.es\/wp-content\/uploads\/concept130-smart-gl-stone-grey-impressive-kitchen-design.webp&#8221; title_text=&#8221;concept130-smart-gl-stone-grey-impressive-kitchen-design&#8221; show_in_lightbox=&#8221;on&#8221; _builder_version=&#8221;4.23.1&#8243; custom_margin=&#8221;56px||||false|false&#8221; custom_padding=&#8221;0px|||||&#8221; global_colors_info=&#8221;{}&#8221;][\/et_pb_image][et_pb_text _builder_version=&#8221;4.23.1&#8243; custom_margin=&#8221;0px||||false|false&#8221; custom_padding=&#8221;0px||||false|false&#8221; global_colors_info=&#8221;{}&#8221;]<\/p>\n<h4 style=\"padding: 0px; margin: 0px;\" align=\"center\"><b>Concept130 SMART-GL gris pedra: Impressionant disseny de cuina<\/b><\/h4>\n<p>[\/et_pb_text][\/et_pb_column][et_pb_column type=&#8221;1_3&#8243; _builder_version=&#8221;4.16&#8243; global_colors_info=&#8221;{}&#8221;][et_pb_image src=&#8221;https:\/\/www.studiogatto.es\/wp-content\/uploads\/concept130-scala-olive-green-figurehead-of-the-greenery.webp&#8221; title_text=&#8221;concept130-scala-olive-green-figurehead-of-the-greenery&#8221; show_in_lightbox=&#8221;on&#8221; _builder_version=&#8221;4.23.1&#8243; custom_margin=&#8221;56px||||false|false&#8221; custom_padding=&#8221;0px|||||&#8221; global_colors_info=&#8221;{}&#8221;][\/et_pb_image][et_pb_text _builder_version=&#8221;4.23.1&#8243; custom_margin=&#8221;0px||||false|false&#8221; custom_padding=&#8221;0px||||false|false&#8221; global_colors_info=&#8221;{}&#8221;]<\/p>\n<h4 style=\"padding: 0px; margin: 0px;\" align=\"center\"><b>Concept130 SCALA Verde Oliva &#8211; Figur\u00ed del Verdor<\/b><\/h4>\n<p>[\/et_pb_text][\/et_pb_column][\/et_pb_row][et_pb_row column_structure=&#8221;1_3,1_3,1_3&#8243; _builder_version=&#8221;4.23.1&#8243; custom_margin=&#8221;0px||||false|false&#8221; custom_padding=&#8221;0px||||false|false&#8221; global_colors_info=&#8221;{}&#8221;][et_pb_column type=&#8221;1_3&#8243; _builder_version=&#8221;4.16&#8243; global_colors_info=&#8221;{}&#8221;][\/et_pb_column][et_pb_column type=&#8221;1_3&#8243; _builder_version=&#8221;4.16&#8243; global_colors_info=&#8221;{}&#8221;][et_pb_image src=&#8221;https:\/\/www.studiogatto.es\/wp-content\/uploads\/montreal-gl-fine-oak-light.webp&#8221; title_text=&#8221;montreal-gl-fine-oak-light&#8221; show_in_lightbox=&#8221;on&#8221; _builder_version=&#8221;4.23.1&#8243; custom_margin=&#8221;56px||||false|false&#8221; custom_padding=&#8221;0px|||||&#8221; global_colors_info=&#8221;{}&#8221;][\/et_pb_image][et_pb_text _builder_version=&#8221;4.23.1&#8243; custom_margin=&#8221;0px||||false|false&#8221; custom_padding=&#8221;0px||||false|false&#8221; global_colors_info=&#8221;{}&#8221;]<\/p>\n<h4 style=\"padding: 0px; margin: 0px;\" align=\"center\"><b>Montreal gl roure fi clar<\/b><\/h4>\n<p>[\/et_pb_text][\/et_pb_column][et_pb_column type=&#8221;1_3&#8243; _builder_version=&#8221;4.16&#8243; global_colors_info=&#8221;{}&#8221;][\/et_pb_column][\/et_pb_row][\/et_pb_section]<\/p>\n","protected":false},"excerpt":{"rendered":"<p>H\u00e4cker \u00e9s coneguda per produir cuines equipades d&#8217;alta qualitat amb un comprom\u00eds real per fusionar el disseny, la funci\u00f3, la qualitat i l&#8217;excel\u00b7l\u00e8ncia<\/p>\n","protected":false},"author":2,"featured_media":0,"parent":0,"menu_order":0,"comment_status":"closed","ping_status":"closed","template":"","meta":{"_et_pb_use_builder":"on","_et_pb_old_content":"","_et_gb_content_width":"","footnotes":""},"class_list":["post-56278","page","type-page","status-publish","hentry"],"yoast_head":"<!-- This site is optimized with the Yoast SEO plugin v27.5 - https:\/\/yoast.com\/product\/yoast-seo-wordpress\/ -->\n<title>Cuines H\u00e4cker<\/title>\n<meta name=\"description\" content=\"H\u00e4cker \u00e9s coneguda per produir cuines equipades d&#039;alta qualitat amb un comprom\u00eds real per fusionar el disseny, la funci\u00f3, la qualitat i l&#039;excel\u00b7l\u00e8ncia\" \/>\n<meta name=\"robots\" content=\"index, follow, max-snippet:-1, max-image-preview:large, max-video-preview:-1\" \/>\n<link rel=\"canonical\" href=\"https:\/\/www.studiogatto.es\/ca\/hacker\/\" \/>\n<meta property=\"og:locale\" content=\"ca_ES\" \/>\n<meta property=\"og:type\" content=\"article\" \/>\n<meta property=\"og:title\" content=\"Cuines H\u00e4cker\" \/>\n<meta property=\"og:description\" content=\"H\u00e4cker \u00e9s coneguda per produir cuines equipades d&#039;alta qualitat amb un comprom\u00eds real per fusionar el disseny, la funci\u00f3, la qualitat i l&#039;excel\u00b7l\u00e8ncia\" \/>\n<meta property=\"og:url\" content=\"https:\/\/www.studiogatto.es\/ca\/hacker\/\" \/>\n<meta property=\"og:site_name\" content=\"Studio Gatto - Cuines i Banys\" \/>\n<meta property=\"article:publisher\" content=\"https:\/\/www.facebook.com\/studiogattocucine\" \/>\n<meta property=\"article:modified_time\" content=\"2024-04-06T15:54:41+00:00\" \/>\n<meta property=\"og:image\" content=\"https:\/\/www.studiogatto.es\/wp-content\/uploads\/logohaecker.png\" \/>\n<meta name=\"twitter:card\" content=\"summary_large_image\" \/>\n<meta name=\"twitter:site\" content=\"@studiogattosl\" \/>\n<meta name=\"twitter:label1\" content=\"Temps estimat de lectura\" \/>\n\t<meta name=\"twitter:data1\" content=\"7 minuts\" \/>\n<script type=\"application\/ld+json\" class=\"yoast-schema-graph\">{\"@context\":\"https:\\\/\\\/schema.org\",\"@graph\":[{\"@type\":\"WebPage\",\"@id\":\"https:\\\/\\\/www.studiogatto.es\\\/ca\\\/hacker\\\/\",\"url\":\"https:\\\/\\\/www.studiogatto.es\\\/ca\\\/hacker\\\/\",\"name\":\"Cuines H\u00e4cker\",\"isPartOf\":{\"@id\":\"https:\\\/\\\/www.studiogatto.es\\\/ca\\\/#website\"},\"primaryImageOfPage\":{\"@id\":\"https:\\\/\\\/www.studiogatto.es\\\/ca\\\/hacker\\\/#primaryimage\"},\"image\":{\"@id\":\"https:\\\/\\\/www.studiogatto.es\\\/ca\\\/hacker\\\/#primaryimage\"},\"thumbnailUrl\":\"https:\\\/\\\/www.studiogatto.es\\\/wp-content\\\/uploads\\\/logohaecker.png\",\"datePublished\":\"2024-04-06T15:54:39+00:00\",\"dateModified\":\"2024-04-06T15:54:41+00:00\",\"description\":\"H\u00e4cker \u00e9s coneguda per produir cuines equipades d'alta qualitat amb un comprom\u00eds real per fusionar el disseny, la funci\u00f3, la qualitat i l'excel\u00b7l\u00e8ncia\",\"breadcrumb\":{\"@id\":\"https:\\\/\\\/www.studiogatto.es\\\/ca\\\/hacker\\\/#breadcrumb\"},\"inLanguage\":\"ca\",\"potentialAction\":[{\"@type\":\"ReadAction\",\"target\":[\"https:\\\/\\\/www.studiogatto.es\\\/ca\\\/hacker\\\/\"]}]},{\"@type\":\"ImageObject\",\"inLanguage\":\"ca\",\"@id\":\"https:\\\/\\\/www.studiogatto.es\\\/ca\\\/hacker\\\/#primaryimage\",\"url\":\"https:\\\/\\\/www.studiogatto.es\\\/wp-content\\\/uploads\\\/logohaecker.png\",\"contentUrl\":\"https:\\\/\\\/www.studiogatto.es\\\/wp-content\\\/uploads\\\/logohaecker.png\"},{\"@type\":\"BreadcrumbList\",\"@id\":\"https:\\\/\\\/www.studiogatto.es\\\/ca\\\/hacker\\\/#breadcrumb\",\"itemListElement\":[{\"@type\":\"ListItem\",\"position\":1,\"name\":\"Portada\",\"item\":\"https:\\\/\\\/www.studiogatto.es\\\/ca\\\/\"},{\"@type\":\"ListItem\",\"position\":2,\"name\":\"H\u00e4cker\"}]},{\"@type\":\"WebSite\",\"@id\":\"https:\\\/\\\/www.studiogatto.es\\\/ca\\\/#website\",\"url\":\"https:\\\/\\\/www.studiogatto.es\\\/ca\\\/\",\"name\":\"Studio Gatto - Cuines i Banys\",\"description\":\"Reformas integrales de Cocinas y ba\u00f1os. Interiorismo. Dise\u00f1o.\",\"publisher\":{\"@id\":\"https:\\\/\\\/www.studiogatto.es\\\/ca\\\/#organization\"},\"potentialAction\":[{\"@type\":\"SearchAction\",\"target\":{\"@type\":\"EntryPoint\",\"urlTemplate\":\"https:\\\/\\\/www.studiogatto.es\\\/ca\\\/?s={search_term_string}\"},\"query-input\":{\"@type\":\"PropertyValueSpecification\",\"valueRequired\":true,\"valueName\":\"search_term_string\"}}],\"inLanguage\":\"ca\"},{\"@type\":\"Organization\",\"@id\":\"https:\\\/\\\/www.studiogatto.es\\\/ca\\\/#organization\",\"name\":\"Studio Gatto\",\"url\":\"https:\\\/\\\/www.studiogatto.es\\\/ca\\\/\",\"logo\":{\"@type\":\"ImageObject\",\"inLanguage\":\"ca\",\"@id\":\"https:\\\/\\\/www.studiogatto.es\\\/ca\\\/#\\\/schema\\\/logo\\\/image\\\/\",\"url\":\"https:\\\/\\\/www.studiogatto.es\\\/wp-content\\\/uploads\\\/Nuevo-logotipo.jpg\",\"contentUrl\":\"https:\\\/\\\/www.studiogatto.es\\\/wp-content\\\/uploads\\\/Nuevo-logotipo.jpg\",\"width\":300,\"height\":167,\"caption\":\"Studio Gatto\"},\"image\":{\"@id\":\"https:\\\/\\\/www.studiogatto.es\\\/ca\\\/#\\\/schema\\\/logo\\\/image\\\/\"},\"sameAs\":[\"https:\\\/\\\/www.facebook.com\\\/studiogattocucine\",\"https:\\\/\\\/x.com\\\/studiogattosl\"]}]}<\/script>\n<!-- \/ Yoast SEO plugin. -->","yoast_head_json":{"title":"Cuines H\u00e4cker","description":"H\u00e4cker \u00e9s coneguda per produir cuines equipades d'alta qualitat amb un comprom\u00eds real per fusionar el disseny, la funci\u00f3, la qualitat i l'excel\u00b7l\u00e8ncia","robots":{"index":"index","follow":"follow","max-snippet":"max-snippet:-1","max-image-preview":"max-image-preview:large","max-video-preview":"max-video-preview:-1"},"canonical":"https:\/\/www.studiogatto.es\/ca\/hacker\/","og_locale":"ca_ES","og_type":"article","og_title":"Cuines H\u00e4cker","og_description":"H\u00e4cker \u00e9s coneguda per produir cuines equipades d'alta qualitat amb un comprom\u00eds real per fusionar el disseny, la funci\u00f3, la qualitat i l'excel\u00b7l\u00e8ncia","og_url":"https:\/\/www.studiogatto.es\/ca\/hacker\/","og_site_name":"Studio Gatto - Cuines i Banys","article_publisher":"https:\/\/www.facebook.com\/studiogattocucine","article_modified_time":"2024-04-06T15:54:41+00:00","og_image":[{"url":"https:\/\/www.studiogatto.es\/wp-content\/uploads\/logohaecker.png","type":"","width":"","height":""}],"twitter_card":"summary_large_image","twitter_site":"@studiogattosl","twitter_misc":{"Temps estimat de lectura":"7 minuts"},"schema":{"@context":"https:\/\/schema.org","@graph":[{"@type":"WebPage","@id":"https:\/\/www.studiogatto.es\/ca\/hacker\/","url":"https:\/\/www.studiogatto.es\/ca\/hacker\/","name":"Cuines H\u00e4cker","isPartOf":{"@id":"https:\/\/www.studiogatto.es\/ca\/#website"},"primaryImageOfPage":{"@id":"https:\/\/www.studiogatto.es\/ca\/hacker\/#primaryimage"},"image":{"@id":"https:\/\/www.studiogatto.es\/ca\/hacker\/#primaryimage"},"thumbnailUrl":"https:\/\/www.studiogatto.es\/wp-content\/uploads\/logohaecker.png","datePublished":"2024-04-06T15:54:39+00:00","dateModified":"2024-04-06T15:54:41+00:00","description":"H\u00e4cker \u00e9s coneguda per produir cuines equipades d'alta qualitat amb un comprom\u00eds real per fusionar el disseny, la funci\u00f3, la qualitat i l'excel\u00b7l\u00e8ncia","breadcrumb":{"@id":"https:\/\/www.studiogatto.es\/ca\/hacker\/#breadcrumb"},"inLanguage":"ca","potentialAction":[{"@type":"ReadAction","target":["https:\/\/www.studiogatto.es\/ca\/hacker\/"]}]},{"@type":"ImageObject","inLanguage":"ca","@id":"https:\/\/www.studiogatto.es\/ca\/hacker\/#primaryimage","url":"https:\/\/www.studiogatto.es\/wp-content\/uploads\/logohaecker.png","contentUrl":"https:\/\/www.studiogatto.es\/wp-content\/uploads\/logohaecker.png"},{"@type":"BreadcrumbList","@id":"https:\/\/www.studiogatto.es\/ca\/hacker\/#breadcrumb","itemListElement":[{"@type":"ListItem","position":1,"name":"Portada","item":"https:\/\/www.studiogatto.es\/ca\/"},{"@type":"ListItem","position":2,"name":"H\u00e4cker"}]},{"@type":"WebSite","@id":"https:\/\/www.studiogatto.es\/ca\/#website","url":"https:\/\/www.studiogatto.es\/ca\/","name":"Studio Gatto - Cuines i Banys","description":"Reformas integrales de Cocinas y ba\u00f1os. Interiorismo. Dise\u00f1o.","publisher":{"@id":"https:\/\/www.studiogatto.es\/ca\/#organization"},"potentialAction":[{"@type":"SearchAction","target":{"@type":"EntryPoint","urlTemplate":"https:\/\/www.studiogatto.es\/ca\/?s={search_term_string}"},"query-input":{"@type":"PropertyValueSpecification","valueRequired":true,"valueName":"search_term_string"}}],"inLanguage":"ca"},{"@type":"Organization","@id":"https:\/\/www.studiogatto.es\/ca\/#organization","name":"Studio Gatto","url":"https:\/\/www.studiogatto.es\/ca\/","logo":{"@type":"ImageObject","inLanguage":"ca","@id":"https:\/\/www.studiogatto.es\/ca\/#\/schema\/logo\/image\/","url":"https:\/\/www.studiogatto.es\/wp-content\/uploads\/Nuevo-logotipo.jpg","contentUrl":"https:\/\/www.studiogatto.es\/wp-content\/uploads\/Nuevo-logotipo.jpg","width":300,"height":167,"caption":"Studio Gatto"},"image":{"@id":"https:\/\/www.studiogatto.es\/ca\/#\/schema\/logo\/image\/"},"sameAs":["https:\/\/www.facebook.com\/studiogattocucine","https:\/\/x.com\/studiogattosl"]}]}},"_links":{"self":[{"href":"https:\/\/www.studiogatto.es\/ca\/wp-json\/wp\/v2\/pages\/56278","targetHints":{"allow":["GET"]}}],"collection":[{"href":"https:\/\/www.studiogatto.es\/ca\/wp-json\/wp\/v2\/pages"}],"about":[{"href":"https:\/\/www.studiogatto.es\/ca\/wp-json\/wp\/v2\/types\/page"}],"author":[{"embeddable":true,"href":"https:\/\/www.studiogatto.es\/ca\/wp-json\/wp\/v2\/users\/2"}],"replies":[{"embeddable":true,"href":"https:\/\/www.studiogatto.es\/ca\/wp-json\/wp\/v2\/comments?post=56278"}],"version-history":[{"count":2,"href":"https:\/\/www.studiogatto.es\/ca\/wp-json\/wp\/v2\/pages\/56278\/revisions"}],"predecessor-version":[{"id":56283,"href":"https:\/\/www.studiogatto.es\/ca\/wp-json\/wp\/v2\/pages\/56278\/revisions\/56283"}],"wp:attachment":[{"href":"https:\/\/www.studiogatto.es\/ca\/wp-json\/wp\/v2\/media?parent=56278"}],"curies":[{"name":"wp","href":"https:\/\/api.w.org\/{rel}","templated":true}]}}