{"id":44839,"date":"2023-07-12T10:37:45","date_gmt":"2023-07-12T08:37:45","guid":{"rendered":"https:\/\/www.studiogatto.es\/quooker\/"},"modified":"2023-07-12T10:37:49","modified_gmt":"2023-07-12T08:37:49","slug":"quooker","status":"publish","type":"page","link":"https:\/\/www.studiogatto.es\/ca\/quooker\/","title":{"rendered":"Quooker"},"content":{"rendered":"<p>[et_pb_section fb_built=&#8221;1&#8243; _builder_version=&#8221;4.21.0&#8243; width=&#8221;100%&#8221; max_width=&#8221;100%&#8221; custom_margin=&#8221;0px|0px|0px|0px|false|false&#8221; global_colors_info=&#8221;{}&#8221;][et_pb_row use_custom_gutter=&#8221;on&#8221; gutter_width=&#8221;1&#8243; _builder_version=&#8221;4.21.0&#8243; width=&#8221;100%&#8221; max_width=&#8221;3000px&#8221; custom_margin=&#8221;0px|0px|0px|0px|false|false&#8221; global_colors_info=&#8221;{}&#8221;][et_pb_column type=&#8221;4_4&#8243; _builder_version=&#8221;4.16&#8243; global_colors_info=&#8221;{}&#8221;][et_pb_slider show_content_on_mobile=&#8221;off&#8221; show_cta_on_mobile=&#8221;off&#8221; disabled_on=&#8221;off|off|off&#8221; _builder_version=&#8221;4.21.0&#8243; body_text_align=&#8221;center&#8221; min_height=&#8221;437px&#8221; height=&#8221;425px&#8221; custom_margin=&#8221;0px||0px||false|false&#8221; custom_padding=&#8221;0px||160px||false|false&#8221; auto=&#8221;on&#8221; hover_transition_duration=&#8221;50ms&#8221; background_last_edited=&#8221;on|desktop&#8221; db_height=&#8221;556px&#8221; locked=&#8221;off&#8221; global_colors_info=&#8221;{}&#8221;][et_pb_slide video_url=&#8221;https:\/\/www.studiogatto.es\/wp-content\/uploads\/0c051f57a66c4fdb94f89d4fc554dbfb.mov&#8221; _builder_version=&#8221;4.21.0&#8243; background_enable_color=&#8221;off&#8221; background_image=&#8221;https:\/\/www.studiogatto.es\/wp-content\/uploads\/quooker-6.webp&#8221; background_enable_image=&#8221;on&#8221; locked=&#8221;off&#8221; global_colors_info=&#8221;{}&#8221; sticky_transition=&#8221;on&#8221;][\/et_pb_slide][\/et_pb_slider][\/et_pb_column][\/et_pb_row][et_pb_row _builder_version=&#8221;4.16&#8243; global_colors_info=&#8221;{}&#8221;][et_pb_column type=&#8221;4_4&#8243; _builder_version=&#8221;4.16&#8243; global_colors_info=&#8221;{}&#8221;][et_pb_image src=&#8221;https:\/\/www.studiogatto.es\/wp-content\/uploads\/quooker-logo.webp&#8221; title_text=&#8221;quooker-logo&#8221; align=&#8221;center&#8221; _builder_version=&#8221;4.21.0&#8243; _module_preset=&#8221;default&#8221; custom_padding=&#8221;50px||50px||false|false&#8221; global_colors_info=&#8221;{}&#8221;][\/et_pb_image][et_pb_text _builder_version=&#8221;4.21.0&#8243; custom_margin=&#8221;-30px||||false|false&#8221; custom_padding=&#8221;0px||50px||false|false&#8221; global_colors_info=&#8221;{}&#8221;]<\/p>\n<h3 style=\"text-align: center;\">L&#8217;Aixeta que ho fa tot<\/h3>\n<p style=\"text-align: center;\">Studio Gatto us presenta un Quooker. L&#8217;aixeta multitasques que us ajudar\u00e0 a fer la vida m\u00e9s f\u00e0cil i m\u00e9s divertida. Aquesta innovaci\u00f3 est\u00e0 triomfant a Europa i potser et pugui ajudar!<\/p>\n<p>[\/et_pb_text][et_pb_text _builder_version=&#8221;4.21.0&#8243; custom_margin=&#8221;-30px||||false|false&#8221; custom_padding=&#8221;0px||||false|false&#8221; global_colors_info=&#8221;{}&#8221;]<\/p>\n<h3 style=\"text-align: center;\">Com funciona?<\/h3>\n<p style=\"text-align: center;\">Un Quooker consta d&#8217;una aixeta de cuina al taulell i una cuba a l&#8217;armari de la cuina. Hi ha diverses opcions. Per a m\u00e9s comoditat, tria una aixeta 3 en 1 o una aixeta d&#8217;aigua bullint independent. Trieu l&#8217;aixeta que m\u00e9s us convingui.<\/p>\n<p style=\"text-align: center;\">L&#8217;aixeta Quooker Fusion \u00e9s l&#8217;aixeta que ho fa tot, proporcionant aigua bullent, calenta, filtrada, freda i amb gas, tot en un. L&#8217;aixeta Quooker utilitza una tecnologia patentada que incorpora un dip\u00f2sit de buit que permet mantenir l&#8217;aigua a 110 graus sota pressi\u00f3. \u00c9s essencialment com un termos, que mant\u00e9 l&#8217;aigua calenta sense requerir gaire energia, i nom\u00e9s la bull en sortir de l&#8217;aixeta. L&#8217;aixeta t\u00e9 dos filtres, cosa que fa que l&#8217;aigua sigui tan pura com l&#8217;embotellada, i tamb\u00e9 porta acoblada una bombona de CO2, que proporciona 60 litres d&#8217;aigua amb gas. Els filtres, que es poden demanar a la botiga web de Quooker, duren aproximadament un any i l&#8217;aixeta avisa amb un xiulet quan cal canviar-los. Les bombones de CO2 de recanvi tamb\u00e9 es poden demanar a trav\u00e9s de la p\u00e0gina web i les buides es poden tornar gratu\u00eftament.<\/p>\n<p style=\"text-align: center;\"><iframe loading=\"lazy\" width=\"560\" height=\"315\" src=\"https:\/\/www.youtube.com\/embed\/dkXOPAToNBA\" title=\"YouTube video player\" frameborder=\"0\" allow=\"accelerometer; autoplay; clipboard-write; encrypted-media; gyroscope; picture-in-picture; web-share\" allowfullscreen=\"\"><\/iframe><\/p>\n<p>[\/et_pb_text][\/et_pb_column][\/et_pb_row][et_pb_row column_structure=&#8221;1_2,1_2&#8243; _builder_version=&#8221;4.16&#8243; global_colors_info=&#8221;{}&#8221;][et_pb_column type=&#8221;1_2&#8243; _builder_version=&#8221;4.16&#8243; global_colors_info=&#8221;{}&#8221;][et_pb_text _builder_version=&#8221;4.21.0&#8243; custom_padding=&#8221;100px||||false|false&#8221; global_colors_info=&#8221;{}&#8221;]<\/p>\n<h3>L&#8217;aixeta que ho fa tot<\/h3>\n<p>Amb un Quooker a la teva cuina sempre tindr\u00e0s aigua bullint a 100 \u00b0 C juntament amb aigua calenta i freda. Afegiu un Quooker CUBE i tamb\u00e9 tindreu aigua filtrada, freda i amb gas, tot des de la mateixa aixeta.[\/et_pb_text][\/et_pb_column][et_pb_column type=&#8221;1_2&#8243; _builder_version=&#8221;4.16&#8243; global_colors_info=&#8221;{}&#8221;][et_pb_image src=&#8221;https:\/\/www.studiogatto.es\/wp-content\/uploads\/quooker-3.webp&#8221; title_text=&#8221;quooker-3&#8243; _builder_version=&#8221;4.21.0&#8243; min_height=&#8221;334px&#8221; custom_margin=&#8221;0px||0px||true|false&#8221; custom_padding=&#8221;0px|||||&#8221; global_colors_info=&#8221;{}&#8221;][\/et_pb_image][\/et_pb_column][\/et_pb_row][et_pb_row column_structure=&#8221;1_2,1_2&#8243; _builder_version=&#8221;4.16&#8243; global_colors_info=&#8221;{}&#8221;][et_pb_column type=&#8221;1_2&#8243; _builder_version=&#8221;4.16&#8243; global_colors_info=&#8221;{}&#8221;][et_pb_image src=&#8221;https:\/\/www.studiogatto.es\/wp-content\/uploads\/quooker-5.webp&#8221; title_text=&#8221;quooker-5&#8243; _builder_version=&#8221;4.21.0&#8243; min_height=&#8221;334px&#8221; custom_margin=&#8221;0px||0px||true|false&#8221; custom_padding=&#8221;0px|||||&#8221; global_colors_info=&#8221;{}&#8221;][\/et_pb_image][\/et_pb_column][et_pb_column type=&#8221;1_2&#8243; _builder_version=&#8221;4.16&#8243; global_colors_info=&#8221;{}&#8221;][et_pb_text _builder_version=&#8221;4.21.0&#8243; custom_padding=&#8221;100px||||false|false&#8221; global_colors_info=&#8221;{}&#8221;]<\/p>\n<h3>S&#8217;ha acabat esperar que bulli la tetera<\/h3>\n<p>Una persona mitjana passa quatre mesos de la seva vida esperant que bulli la tetera &#8211; per\u00f2 amb Quooker, mai m\u00e9s haur\u00e0 d&#8217;esperar que bulli la seva tetera! Un cop instal\u00b7lat, Quooker es convertir\u00e0 sens dubte en el seu electrodom\u00e8stic m\u00e9s utilitzat a la cuina.[\/et_pb_text][\/et_pb_column][\/et_pb_row][et_pb_row column_structure=&#8221;1_2,1_2&#8243; _builder_version=&#8221;4.16&#8243; global_colors_info=&#8221;{}&#8221;][et_pb_column type=&#8221;1_2&#8243; _builder_version=&#8221;4.16&#8243; global_colors_info=&#8221;{}&#8221;][et_pb_text _builder_version=&#8221;4.21.0&#8243; custom_padding=&#8221;100px||||false|false&#8221; global_colors_info=&#8221;{}&#8221;]<\/p>\n<h3>Aigua amb gas i freda<\/h3>\n<p>Amb el CUBE, pots gaudir d\u00b4un got d\u00b4aigua fresca amb gas o preparar les m\u00e9s delicioses llimonades i c\u00f2ctels en un obrir i tancar d\u00b4ulls. Aix\u00ed ho tindr\u00e0s tot en una sola aixeta: aigua bullint, calenta, freda, refrigerada i amb gas.[\/et_pb_text][\/et_pb_column][et_pb_column type=&#8221;1_2&#8243; _builder_version=&#8221;4.16&#8243; global_colors_info=&#8221;{}&#8221;][et_pb_image src=&#8221;https:\/\/www.studiogatto.es\/wp-content\/uploads\/quooker-4.webp&#8221; title_text=&#8221;quooker-4&#8243; _builder_version=&#8221;4.21.0&#8243; min_height=&#8221;334px&#8221; custom_margin=&#8221;0px||0px||true|false&#8221; custom_padding=&#8221;0px|||||&#8221; global_colors_info=&#8221;{}&#8221;][\/et_pb_image][\/et_pb_column][\/et_pb_row][et_pb_row _builder_version=&#8221;4.16&#8243; global_colors_info=&#8221;{}&#8221;][et_pb_column type=&#8221;4_4&#8243; _builder_version=&#8221;4.16&#8243; global_colors_info=&#8221;{}&#8221;][et_pb_text _builder_version=&#8221;4.21.0&#8243; custom_padding=&#8221;0px||||false|false&#8221; global_colors_info=&#8221;{}&#8221;]<\/p>\n<h3 style=\"text-align: center;\">Qu\u00e8 Quooker et conv\u00e9 m\u00e9s?<\/h3>\n<p>[\/et_pb_text][\/et_pb_column][\/et_pb_row][et_pb_row column_structure=&#8221;1_3,1_3,1_3&#8243; _builder_version=&#8221;4.16&#8243; global_colors_info=&#8221;{}&#8221;][et_pb_column type=&#8221;1_3&#8243; _builder_version=&#8221;4.16&#8243; global_colors_info=&#8221;{}&#8221;][et_pb_image src=&#8221;https:\/\/www.studiogatto.es\/wp-content\/uploads\/quooker-1.webp&#8221; title_text=&#8221;quooker-1&#8243; _builder_version=&#8221;4.21.0&#8243; min_height=&#8221;334px&#8221; custom_margin=&#8221;0px||0px||true|false&#8221; custom_padding=&#8221;0px|||||&#8221; global_colors_info=&#8221;{}&#8221;][\/et_pb_image][et_pb_text _builder_version=&#8221;4.21.0&#8243; custom_padding=&#8221;30px||||false|false&#8221; global_colors_info=&#8221;{}&#8221;]<\/p>\n<h3>Flex<\/h3>\n<ul>\n<li>Aigua freda, calenta i bullint d&#8217;una sola aixeta, amb m\u00e0nega flexible extra\u00efble per a m\u00e9s abast a l&#8217;aig\u00fcera<\/li>\n<li>Tamb\u00e9 aigua amb gas freda quan combines el teu Quooker amb un CUBE<\/li>\n<li>Disponible en 3 acabats<\/li>\n<\/ul>\n<p>[\/et_pb_text][\/et_pb_column][et_pb_column type=&#8221;1_3&#8243; _builder_version=&#8221;4.16&#8243; global_colors_info=&#8221;{}&#8221;][et_pb_image src=&#8221;https:\/\/www.studiogatto.es\/wp-content\/uploads\/quooker-3.webp&#8221; title_text=&#8221;quooker-3&#8243; _builder_version=&#8221;4.21.0&#8243; min_height=&#8221;334px&#8221; custom_margin=&#8221;0px||0px||true|false&#8221; custom_padding=&#8221;0px|||||&#8221; global_colors_info=&#8221;{}&#8221;][\/et_pb_image][et_pb_text _builder_version=&#8221;4.21.0&#8243; custom_padding=&#8221;30px||||false|false&#8221; global_colors_info=&#8221;{}&#8221;]<\/p>\n<h3>Fusi\u00f3<\/h3>\n<ul>\n<li>Aigua freda, calenta i bullint d&#8217;una sola aixeta<\/li>\n<li>Tamb\u00e9 aigua amb gas freda quan combines el teu Quooker amb un CUBE<\/li>\n<li>Disponible en broc rod\u00f3 i quadrat, en 5 acabats<\/li>\n<\/ul>\n<p>[\/et_pb_text][\/et_pb_column][et_pb_column type=&#8221;1_3&#8243; _builder_version=&#8221;4.16&#8243; global_colors_info=&#8221;{}&#8221;][et_pb_image src=&#8221;https:\/\/www.studiogatto.es\/wp-content\/uploads\/quooker-7.webp&#8221; title_text=&#8221;quooker-7&#8243; _builder_version=&#8221;4.21.0&#8243; min_height=&#8221;334px&#8221; custom_margin=&#8221;0px||0px||true|false&#8221; custom_padding=&#8221;0px|||||&#8221; global_colors_info=&#8221;{}&#8221;][\/et_pb_image][et_pb_text _builder_version=&#8221;4.21.0&#8243; custom_padding=&#8221;30px||||false|false&#8221; global_colors_info=&#8221;{}&#8221;]<\/p>\n<h3>N\u00f2rdic<\/h3>\n<ul>\n<li>Aixeta barrejador tot en un i aixeta Quooker en el mateix disseny<\/li>\n<li>Aixeta Quooker tamb\u00e9 disponible per separat &#8211; combina&#8217;l amb la seva pr\u00f2pia aixeta mescladora<\/li>\n<li>Disponible en broc rod\u00f3 i quadrat, en 2 acabats<\/li>\n<\/ul>\n<p>[\/et_pb_text][\/et_pb_column][\/et_pb_row][\/et_pb_section]<\/p>\n","protected":false},"excerpt":{"rendered":"<p>L&#8217;Aixeta que ho fa tot Studio Gatto us presenta un Quooker. L&#8217;aixeta multitasques que us ajudar\u00e0 a fer la vida m\u00e9s f\u00e0cil i m\u00e9s divertida. Aquesta innovaci\u00f3 est\u00e0 triomfant a Europa i potser et pugui ajudar!Com funciona? Un Quooker consta d&#8217;una aixeta de cuina al taulell i una cuba a l&#8217;armari de la cuina. Hi [&hellip;]<\/p>\n","protected":false},"author":2,"featured_media":0,"parent":0,"menu_order":0,"comment_status":"closed","ping_status":"closed","template":"","meta":{"_et_pb_use_builder":"on","_et_pb_old_content":"","_et_gb_content_width":"","footnotes":""},"class_list":["post-44839","page","type-page","status-publish","hentry"],"yoast_head":"<!-- This site is optimized with the Yoast SEO plugin v27.5 - https:\/\/yoast.com\/product\/yoast-seo-wordpress\/ -->\n<title>Quooker. La multiaixeta<\/title>\n<meta name=\"description\" content=\"Quooker proprocina aigua bullint a 100\u00b0C, refrigerada amb gas o sense directament des d&#039;una \u00fanica aixeta\" \/>\n<meta name=\"robots\" content=\"index, follow, max-snippet:-1, max-image-preview:large, max-video-preview:-1\" \/>\n<link rel=\"canonical\" href=\"https:\/\/www.studiogatto.es\/ca\/quooker\/\" \/>\n<meta property=\"og:locale\" content=\"ca_ES\" \/>\n<meta property=\"og:type\" content=\"article\" \/>\n<meta property=\"og:title\" content=\"Quooker. La multiaixeta\" \/>\n<meta property=\"og:description\" content=\"Quooker proprocina aigua bullint a 100\u00b0C, refrigerada amb gas o sense directament des d&#039;una \u00fanica aixeta\" \/>\n<meta property=\"og:url\" content=\"https:\/\/www.studiogatto.es\/ca\/quooker\/\" \/>\n<meta property=\"og:site_name\" content=\"Studio Gatto - Cuines i Banys\" \/>\n<meta property=\"article:publisher\" content=\"https:\/\/www.facebook.com\/studiogattocucine\" \/>\n<meta property=\"article:modified_time\" content=\"2023-07-12T08:37:49+00:00\" \/>\n<meta name=\"twitter:card\" content=\"summary_large_image\" \/>\n<meta name=\"twitter:site\" content=\"@studiogattosl\" \/>\n<meta name=\"twitter:label1\" content=\"Temps estimat de lectura\" \/>\n\t<meta name=\"twitter:data1\" content=\"6 minuts\" \/>\n<script type=\"application\/ld+json\" class=\"yoast-schema-graph\">{\"@context\":\"https:\\\/\\\/schema.org\",\"@graph\":[{\"@type\":\"WebPage\",\"@id\":\"https:\\\/\\\/www.studiogatto.es\\\/ca\\\/quooker\\\/\",\"url\":\"https:\\\/\\\/www.studiogatto.es\\\/ca\\\/quooker\\\/\",\"name\":\"Quooker. La multiaixeta\",\"isPartOf\":{\"@id\":\"https:\\\/\\\/www.studiogatto.es\\\/ca\\\/#website\"},\"datePublished\":\"2023-07-12T08:37:45+00:00\",\"dateModified\":\"2023-07-12T08:37:49+00:00\",\"description\":\"Quooker proprocina aigua bullint a 100\u00b0C, refrigerada amb gas o sense directament des d'una \u00fanica aixeta\",\"breadcrumb\":{\"@id\":\"https:\\\/\\\/www.studiogatto.es\\\/ca\\\/quooker\\\/#breadcrumb\"},\"inLanguage\":\"ca\",\"potentialAction\":[{\"@type\":\"ReadAction\",\"target\":[\"https:\\\/\\\/www.studiogatto.es\\\/ca\\\/quooker\\\/\"]}]},{\"@type\":\"BreadcrumbList\",\"@id\":\"https:\\\/\\\/www.studiogatto.es\\\/ca\\\/quooker\\\/#breadcrumb\",\"itemListElement\":[{\"@type\":\"ListItem\",\"position\":1,\"name\":\"Portada\",\"item\":\"https:\\\/\\\/www.studiogatto.es\\\/ca\\\/\"},{\"@type\":\"ListItem\",\"position\":2,\"name\":\"Quooker\"}]},{\"@type\":\"WebSite\",\"@id\":\"https:\\\/\\\/www.studiogatto.es\\\/ca\\\/#website\",\"url\":\"https:\\\/\\\/www.studiogatto.es\\\/ca\\\/\",\"name\":\"Studio Gatto - Cuines i Banys\",\"description\":\"Reformas integrales de Cocinas y ba\u00f1os. Interiorismo. Dise\u00f1o.\",\"publisher\":{\"@id\":\"https:\\\/\\\/www.studiogatto.es\\\/ca\\\/#organization\"},\"potentialAction\":[{\"@type\":\"SearchAction\",\"target\":{\"@type\":\"EntryPoint\",\"urlTemplate\":\"https:\\\/\\\/www.studiogatto.es\\\/ca\\\/?s={search_term_string}\"},\"query-input\":{\"@type\":\"PropertyValueSpecification\",\"valueRequired\":true,\"valueName\":\"search_term_string\"}}],\"inLanguage\":\"ca\"},{\"@type\":\"Organization\",\"@id\":\"https:\\\/\\\/www.studiogatto.es\\\/ca\\\/#organization\",\"name\":\"Studio Gatto\",\"url\":\"https:\\\/\\\/www.studiogatto.es\\\/ca\\\/\",\"logo\":{\"@type\":\"ImageObject\",\"inLanguage\":\"ca\",\"@id\":\"https:\\\/\\\/www.studiogatto.es\\\/ca\\\/#\\\/schema\\\/logo\\\/image\\\/\",\"url\":\"https:\\\/\\\/www.studiogatto.es\\\/wp-content\\\/uploads\\\/Nuevo-logotipo.jpg\",\"contentUrl\":\"https:\\\/\\\/www.studiogatto.es\\\/wp-content\\\/uploads\\\/Nuevo-logotipo.jpg\",\"width\":300,\"height\":167,\"caption\":\"Studio Gatto\"},\"image\":{\"@id\":\"https:\\\/\\\/www.studiogatto.es\\\/ca\\\/#\\\/schema\\\/logo\\\/image\\\/\"},\"sameAs\":[\"https:\\\/\\\/www.facebook.com\\\/studiogattocucine\",\"https:\\\/\\\/x.com\\\/studiogattosl\"]}]}<\/script>\n<!-- \/ Yoast SEO plugin. -->","yoast_head_json":{"title":"Quooker. La multiaixeta","description":"Quooker proprocina aigua bullint a 100\u00b0C, refrigerada amb gas o sense directament des d'una \u00fanica aixeta","robots":{"index":"index","follow":"follow","max-snippet":"max-snippet:-1","max-image-preview":"max-image-preview:large","max-video-preview":"max-video-preview:-1"},"canonical":"https:\/\/www.studiogatto.es\/ca\/quooker\/","og_locale":"ca_ES","og_type":"article","og_title":"Quooker. La multiaixeta","og_description":"Quooker proprocina aigua bullint a 100\u00b0C, refrigerada amb gas o sense directament des d'una \u00fanica aixeta","og_url":"https:\/\/www.studiogatto.es\/ca\/quooker\/","og_site_name":"Studio Gatto - Cuines i Banys","article_publisher":"https:\/\/www.facebook.com\/studiogattocucine","article_modified_time":"2023-07-12T08:37:49+00:00","twitter_card":"summary_large_image","twitter_site":"@studiogattosl","twitter_misc":{"Temps estimat de lectura":"6 minuts"},"schema":{"@context":"https:\/\/schema.org","@graph":[{"@type":"WebPage","@id":"https:\/\/www.studiogatto.es\/ca\/quooker\/","url":"https:\/\/www.studiogatto.es\/ca\/quooker\/","name":"Quooker. La multiaixeta","isPartOf":{"@id":"https:\/\/www.studiogatto.es\/ca\/#website"},"datePublished":"2023-07-12T08:37:45+00:00","dateModified":"2023-07-12T08:37:49+00:00","description":"Quooker proprocina aigua bullint a 100\u00b0C, refrigerada amb gas o sense directament des d'una \u00fanica aixeta","breadcrumb":{"@id":"https:\/\/www.studiogatto.es\/ca\/quooker\/#breadcrumb"},"inLanguage":"ca","potentialAction":[{"@type":"ReadAction","target":["https:\/\/www.studiogatto.es\/ca\/quooker\/"]}]},{"@type":"BreadcrumbList","@id":"https:\/\/www.studiogatto.es\/ca\/quooker\/#breadcrumb","itemListElement":[{"@type":"ListItem","position":1,"name":"Portada","item":"https:\/\/www.studiogatto.es\/ca\/"},{"@type":"ListItem","position":2,"name":"Quooker"}]},{"@type":"WebSite","@id":"https:\/\/www.studiogatto.es\/ca\/#website","url":"https:\/\/www.studiogatto.es\/ca\/","name":"Studio Gatto - Cuines i Banys","description":"Reformas integrales de Cocinas y ba\u00f1os. Interiorismo. Dise\u00f1o.","publisher":{"@id":"https:\/\/www.studiogatto.es\/ca\/#organization"},"potentialAction":[{"@type":"SearchAction","target":{"@type":"EntryPoint","urlTemplate":"https:\/\/www.studiogatto.es\/ca\/?s={search_term_string}"},"query-input":{"@type":"PropertyValueSpecification","valueRequired":true,"valueName":"search_term_string"}}],"inLanguage":"ca"},{"@type":"Organization","@id":"https:\/\/www.studiogatto.es\/ca\/#organization","name":"Studio Gatto","url":"https:\/\/www.studiogatto.es\/ca\/","logo":{"@type":"ImageObject","inLanguage":"ca","@id":"https:\/\/www.studiogatto.es\/ca\/#\/schema\/logo\/image\/","url":"https:\/\/www.studiogatto.es\/wp-content\/uploads\/Nuevo-logotipo.jpg","contentUrl":"https:\/\/www.studiogatto.es\/wp-content\/uploads\/Nuevo-logotipo.jpg","width":300,"height":167,"caption":"Studio Gatto"},"image":{"@id":"https:\/\/www.studiogatto.es\/ca\/#\/schema\/logo\/image\/"},"sameAs":["https:\/\/www.facebook.com\/studiogattocucine","https:\/\/x.com\/studiogattosl"]}]}},"_links":{"self":[{"href":"https:\/\/www.studiogatto.es\/ca\/wp-json\/wp\/v2\/pages\/44839","targetHints":{"allow":["GET"]}}],"collection":[{"href":"https:\/\/www.studiogatto.es\/ca\/wp-json\/wp\/v2\/pages"}],"about":[{"href":"https:\/\/www.studiogatto.es\/ca\/wp-json\/wp\/v2\/types\/page"}],"author":[{"embeddable":true,"href":"https:\/\/www.studiogatto.es\/ca\/wp-json\/wp\/v2\/users\/2"}],"replies":[{"embeddable":true,"href":"https:\/\/www.studiogatto.es\/ca\/wp-json\/wp\/v2\/comments?post=44839"}],"version-history":[{"count":0,"href":"https:\/\/www.studiogatto.es\/ca\/wp-json\/wp\/v2\/pages\/44839\/revisions"}],"wp:attachment":[{"href":"https:\/\/www.studiogatto.es\/ca\/wp-json\/wp\/v2\/media?parent=44839"}],"curies":[{"name":"wp","href":"https:\/\/api.w.org\/{rel}","templated":true}]}}