{"id":16494,"date":"2021-02-23T17:53:51","date_gmt":"2021-02-23T16:53:51","guid":{"rendered":"https:\/\/www.studiogatto.es\/novara\/"},"modified":"2024-04-06T18:40:10","modified_gmt":"2024-04-06T16:40:10","slug":"novara","status":"publish","type":"page","link":"https:\/\/www.studiogatto.es\/ca\/novara\/","title":{"rendered":"Cuines Exterior Novara"},"content":{"rendered":"<p>[et_pb_section fb_built=&#8221;1&#8243; _builder_version=&#8221;4.16&#8243; custom_padding=&#8221;54px|0px|0|0px|false|false&#8221; da_disable_devices=&#8221;off|off|off&#8221; global_colors_info=&#8221;{}&#8221; da_is_popup=&#8221;off&#8221; da_exit_intent=&#8221;off&#8221; da_has_close=&#8221;on&#8221; da_alt_close=&#8221;off&#8221; da_dark_close=&#8221;off&#8221; da_not_modal=&#8221;on&#8221; da_is_singular=&#8221;off&#8221; da_with_loader=&#8221;off&#8221; da_has_shadow=&#8221;on&#8221;][et_pb_row _builder_version=&#8221;4.16&#8243; custom_padding=&#8221;27px|0px|0|0px|false|false&#8221; global_colors_info=&#8221;{}&#8221;][et_pb_column type=&#8221;4_4&#8243; _builder_version=&#8221;4.16&#8243; custom_padding=&#8221;|||&#8221; global_colors_info=&#8221;{}&#8221; custom_padding__hover=&#8221;|||&#8221;][et_pb_text _builder_version=&#8221;4.16&#8243; _module_preset=&#8221;default&#8221; global_colors_info=&#8221;{}&#8221;]<\/p>\n<h3 style=\"text-align: center;\"><strong>Coneix les nostres exclusives cuines d&#8217;exterior  <\/strong><\/h3>\n<p>[\/et_pb_text][\/et_pb_column][\/et_pb_row][et_pb_row _builder_version=&#8221;4.16&#8243; custom_padding=&#8221;27px|0px|0|0px|false|false&#8221; global_colors_info=&#8221;{}&#8221;][et_pb_column type=&#8221;4_4&#8243; _builder_version=&#8221;4.16&#8243; custom_padding=&#8221;|||&#8221; global_colors_info=&#8221;{}&#8221; custom_padding__hover=&#8221;|||&#8221;][et_pb_text _builder_version=&#8221;4.16&#8243; text_font=&#8221;||||||||&#8221; text_orientation=&#8221;center&#8221; header_font_size_tablet=&#8221;&#8221; header_font_size_phone=&#8221;35px&#8221; header_font_size_last_edited=&#8221;on|phone&#8221; global_colors_info=&#8221;{}&#8221;]<\/p>\n<p>&nbsp;<\/p>\n<p>El concepte Outdoor Kitchen est\u00e0 dissenyat especialment per gaudir a l&#8217;aire lliure d&#8217;un espai polivalent, social i funcional. La versatilitat de colors i materials permeten un disseny variable i personalitzat.<\/p>\n<p>Novara aporta elements especials aptes per a l&#8217;exterior i l&#8217;ambient mar\u00ed. Components d\u00b4alta qualitat i resist\u00e8ncia sense renunciar a la funcionalitat i est\u00e8tica minimalista.<\/p>\n<p>La cuina exterior Novara pot estar exposada a l&#8217;exterior sense necessitat de recobriment gr\u00e0cies als seus acabats en HPL, pedra sintetitzada o laca que garanteixen la m\u00e0xima resist\u00e8ncia a les diferents condicions climatol\u00f2giques.<\/p>\n<p>\u00c9s un producte d&#8217;inter\u00e8s per a particulars i arquitectes i permet als professionals del sector desenvolupar lliurement els seus projectes personalitzats i aconseguir un disseny perdurable i \u00fanic.<\/p>\n<p>El muntatge tamb\u00e9 el realitza Studio Gatto amb personal qualificat. \u00c9s hora de gaudir del plaer de cuinar a l&#8217;aire lliure amb uns acabats immillorables que fusionen perfectament amb l&#8217;estil de vida mediterrani i el seu entorn.<\/p>\n<p>[\/et_pb_text][et_pb_gallery gallery_ids=&#8221;16300,16294,16321,16360,16363&#8243; fullwidth=&#8221;on&#8221; dbdb_version=&#8221;3.9.7&#8243; _builder_version=&#8221;4.16&#8243; _module_preset=&#8221;default&#8221; title_font=&#8221;|700|||||||&#8221; title_text_color=&#8221;#FFFFFF&#8221; parallax=&#8221;on&#8221; background_video_pause_outside_viewport=&#8221;off&#8221; max_width=&#8221;78%&#8221; module_alignment=&#8221;center&#8221; global_colors_info=&#8221;{}&#8221;][\/et_pb_gallery][et_pb_text _builder_version=&#8221;4.16&#8243; text_font=&#8221;||||||||&#8221; text_orientation=&#8221;center&#8221; min_height=&#8221;78px&#8221; global_colors_info=&#8221;{}&#8221;]Novara ha estat el resultat de la passi\u00f3 per la cuina en qualsevol circumst\u00e0ncia. L&#8217;illa permet moure&#8217;s lliurement i cuinar amb vista a l&#8217;espai obert. Es converteix aix\u00ed al centre de la comunicaci\u00f3, de la cuina compartida i dels plaers quotidians.<\/p>\n<p>Les cuines exteriors tamb\u00e9 faciliten la feina de preparaci\u00f3 i ho fan infinitament m\u00e9s divertit. A banda de la comoditat, tamb\u00e9 poden millorar notablement l&#8217;espai del vostre pati o jard\u00ed. Tant si est\u00e0s dissenyant la teva pr\u00f2pia cuina d\u00b4exterior com si vols inspirar-te per a la teva futura casa, les cuines Novara poden ser una soluci\u00f3 molt especial. Prepara&#8217;t per anotar aquests receptes que tantes ganes tens de provar, i sobretot no t&#8217;oblidis de convidar-nos! [\/et_pb_text][\/et_pb_column][\/et_pb_row][et_pb_row _builder_version=&#8221;4.16&#8243; custom_padding=&#8221;27px|0px|0|0px|false|false&#8221; global_colors_info=&#8221;{}&#8221;][et_pb_column type=&#8221;4_4&#8243; _builder_version=&#8221;4.16&#8243; custom_padding=&#8221;|||&#8221; global_colors_info=&#8221;{}&#8221; custom_padding__hover=&#8221;|||&#8221;][et_pb_image src=&#8221;https:\/\/www.studiogatto.es\/wp-content\/uploads\/PRO02-1536&#215;960-1.jpg&#8221; title_text=&#8221;PRO02-1536&#215;960&#8243; align=&#8221;center&#8221; _builder_version=&#8221;4.16&#8243; _module_preset=&#8221;default&#8221; width=&#8221;80%&#8221; global_colors_info=&#8221;{}&#8221;][\/et_pb_image][et_pb_text _builder_version=&#8221;4.16&#8243; text_font=&#8221;||||||||&#8221; text_orientation=&#8221;center&#8221; min_height=&#8221;78px&#8221; global_colors_info=&#8221;{}&#8221;]Per fi hi ha un sistema de mobiliari apte per a exteriors amb la m\u00e0xima qualitat i amb la m\u00e0xima garantia.[\/et_pb_text][\/et_pb_column][\/et_pb_row][et_pb_row _builder_version=&#8221;4.16&#8243; custom_padding=&#8221;27px|0px|0|0px|false|false&#8221; global_colors_info=&#8221;{}&#8221;][et_pb_column type=&#8221;4_4&#8243; _builder_version=&#8221;4.16&#8243; custom_padding=&#8221;|||&#8221; global_colors_info=&#8221;{}&#8221; custom_padding__hover=&#8221;|||&#8221;][et_pb_image src=&#8221;https:\/\/www.studiogatto.es\/wp-content\/uploads\/outdoor-kitchen-cocina-de-exterior-N1-03-1536&#215;1086-1.jpg&#8221; title_text=&#8221;outdoor-kitchen-cuina-d&#039;exterior-N1-03-1536&#215;1086&#8243; align=&#8221;center&#8221; _builder_version=&#8221;4.16&#8243; _module_preset=&#8221;default&#8221; width=&#8221;80%&#8221; global_colors_info=&#8221;{}&#8221;][\/et_pb_image][et_pb_text _builder_version=&#8221;4.16&#8243; text_font=&#8221;||||||||&#8221; text_orientation=&#8221;center&#8221; min_height=&#8221;78px&#8221; global_colors_info=&#8221;{}&#8221;]Tots els elements de Novara han estat seleccionats entre els de m\u00e9s alta qualitat i resist\u00e8ncia per a l&#8217;exterior i l&#8217;ambient mar\u00ed. La versatilitat d aquests colors i materials permet variables i possibilitats per a cada projecte.[\/et_pb_text][\/et_pb_column][\/et_pb_row][et_pb_row _builder_version=&#8221;4.16&#8243; custom_padding=&#8221;27px|0px|0|0px|false|false&#8221; global_colors_info=&#8221;{}&#8221;][et_pb_column type=&#8221;4_4&#8243; _builder_version=&#8221;4.16&#8243; custom_padding=&#8221;|||&#8221; global_colors_info=&#8221;{}&#8221; custom_padding__hover=&#8221;|||&#8221;][et_pb_image src=&#8221;https:\/\/www.studiogatto.es\/wp-content\/uploads\/PRO05-1536&#215;960-1.jpg&#8221; title_text=&#8221;PRO05-1536&#215;960&#8243; align=&#8221;center&#8221; _builder_version=&#8221;4.16&#8243; _module_preset=&#8221;default&#8221; width=&#8221;80%&#8221; global_colors_info=&#8221;{}&#8221;][\/et_pb_image][et_pb_text _builder_version=&#8221;4.16&#8243; text_font=&#8221;||||||||&#8221; text_orientation=&#8221;center&#8221; min_height=&#8221;78px&#8221; global_colors_info=&#8221;{}&#8221;]La barbacoa professional Novara permet gaudir de la cuina exterior de carns, peixos o verdures de manera segura. 4 cremadors de gas en l\u00ednia amb una pot\u00e8ncia total de 14kW, proporcionen l&#8217;energia suficient per cuinar de manera r\u00e0pida i efica\u00e7. De la mateixa manera podr\u00e0 combinar o utilitzar els fogons independents que es fonen perfectament amb el taulell escollit.[\/et_pb_text][\/et_pb_column][\/et_pb_row][et_pb_row _builder_version=&#8221;4.16&#8243; custom_padding=&#8221;27px|0px|0|0px|false|false&#8221; global_colors_info=&#8221;{}&#8221;][et_pb_column type=&#8221;4_4&#8243; _builder_version=&#8221;4.16&#8243; custom_padding=&#8221;|||&#8221; global_colors_info=&#8221;{}&#8221; custom_padding__hover=&#8221;|||&#8221;][et_pb_image src=&#8221;https:\/\/www.studiogatto.es\/wp-content\/uploads\/PRO06-1536&#215;960-1.jpg&#8221; title_text=&#8221;PRO06-1536&#215;960&#8243; align=&#8221;center&#8221; _builder_version=&#8221;4.16&#8243; _module_preset=&#8221;default&#8221; width=&#8221;80%&#8221; global_colors_info=&#8221;{}&#8221;][\/et_pb_image][\/et_pb_column][\/et_pb_row][et_pb_row _builder_version=&#8221;4.16&#8243; custom_padding=&#8221;40px|0px|0px|0px|false|false&#8221; global_colors_info=&#8221;{}&#8221;][et_pb_column type=&#8221;4_4&#8243; _builder_version=&#8221;4.16&#8243; custom_padding=&#8221;|||&#8221; global_colors_info=&#8221;{}&#8221; custom_padding__hover=&#8221;|||&#8221;][et_pb_text _builder_version=&#8221;4.16&#8243; text_font=&#8221;||||||||&#8221; text_font_size=&#8221;22px&#8221; text_orientation=&#8221;center&#8221; header_font_size_tablet=&#8221;&#8221; header_font_size_phone=&#8221;35px&#8221; header_font_size_last_edited=&#8221;on|phone&#8221; locked=&#8221;off&#8221; global_colors_info=&#8221;{}&#8221;]<\/p>\n<h3>LACA O PEDRA SINTETITZADA<br \/>\n<\/h3>\n<p>[\/et_pb_text][et_pb_image src=&#8221;https:\/\/www.studiogatto.es\/wp-content\/uploads\/slider03-1536&#215;960-1.jpg&#8221; title_text=&#8221;slider03-1536&#215;960&#8243; align=&#8221;center&#8221; _builder_version=&#8221;4.16&#8243; _module_preset=&#8221;default&#8221; width=&#8221;80%&#8221; global_colors_info=&#8221;{}&#8221;][\/et_pb_image][et_pb_text _builder_version=&#8221;4.16&#8243; text_font=&#8221;||||||||&#8221; text_orientation=&#8221;center&#8221; min_height=&#8221;78px&#8221; global_colors_info=&#8221;{}&#8221;]Novara a m\u00e9s s&#8217;ha desenvolupat per complaure multitud de dissenys, formes i colors. Aquesta possibilitat obre les portes a la seva imaginaci\u00f3 per desenvolupar la cuina ideal amb centenars de variables. Sempre hi haur\u00e0 una Novara ideal per a cada client. Aquest punt refor\u00e7a la vitalitat del producte i l&#8217;inter\u00e8s per a tota mena d&#8217;arquitectes i professionals que desenvolupin els seus projectes lliurement.[\/et_pb_text][et_pb_image src=&#8221;https:\/\/www.studiogatto.es\/wp-content\/uploads\/laca-1-1536&#215;1002-1.jpg&#8221; title_text=&#8221;laca-1-1536&#215;1002&#8243; align=&#8221;center&#8221; _builder_version=&#8221;4.16&#8243; _module_preset=&#8221;default&#8221; width=&#8221;80%&#8221; global_colors_info=&#8221;{}&#8221;][\/et_pb_image][et_pb_text _builder_version=&#8221;4.16&#8243; text_font=&#8221;||||||||&#8221; text_font_size=&#8221;22px&#8221; text_orientation=&#8221;center&#8221; header_font_size_tablet=&#8221;&#8221; header_font_size_phone=&#8221;35px&#8221; header_font_size_last_edited=&#8221;on|phone&#8221; locked=&#8221;off&#8221; global_colors_info=&#8221;{}&#8221;]<\/p>\n<h3>HPL<br \/>\n<\/h3>\n<p>[\/et_pb_text][et_pb_image src=&#8221;https:\/\/www.studiogatto.es\/wp-content\/uploads\/materiales03-1536&#215;960-1.jpg&#8221; title_text=&#8221;materials03-1536&#215;960&#8243; align=&#8221;center&#8221; _builder_version=&#8221;4.16&#8243; _module_preset=&#8221;default&#8221; width=&#8221;80%&#8221; locked=&#8221;off&#8221; global_colors_info=&#8221;{}&#8221;][\/et_pb_image][et_pb_text _builder_version=&#8221;4.16&#8243; text_font=&#8221;||||||||&#8221; text_orientation=&#8221;center&#8221; min_height=&#8221;78px&#8221; global_colors_info=&#8221;{}&#8221;]La tercera versi\u00f3 de Novara inclou un HPL especial per a exteriors, amb 25 anys de garantia. Efectes Fusta sense manteniment i molt\u00edssims dissenys, per assolir la millor harmonia.[\/et_pb_text][et_pb_image src=&#8221;https:\/\/www.studiogatto.es\/wp-content\/uploads\/hpl-1536&#215;1023-1.jpg&#8221; title_text=&#8221;hpl-1536&#215;1023&#8243; align=&#8221;center&#8221; _builder_version=&#8221;4.16&#8243; _module_preset=&#8221;default&#8221; width=&#8221;80%&#8221; locked=&#8221;off&#8221; global_colors_info=&#8221;{}&#8221;][\/et_pb_image][et_pb_text _builder_version=&#8221;4.16&#8243; text_font=&#8221;||||||||&#8221; text_font_size=&#8221;22px&#8221; text_orientation=&#8221;center&#8221; header_font_size_tablet=&#8221;&#8221; header_font_size_phone=&#8221;35px&#8221; header_font_size_last_edited=&#8221;on|phone&#8221; locked=&#8221;off&#8221; global_colors_info=&#8221;{}&#8221;]<\/p>\n<h3>DESCOBREIX LES CUINES EXTERIOR AMB STUDIO GATTO<\/h3>\n<p>[\/et_pb_text][et_pb_image src=&#8221;https:\/\/www.studiogatto.es\/wp-content\/uploads\/optener01-1536&#215;960-1.jpg&#8221; title_text=&#8221;optener01-1536&#215;960&#8243; align=&#8221;center&#8221; _builder_version=&#8221;4.16&#8243; _module_preset=&#8221;default&#8221; width=&#8221;80%&#8221; locked=&#8221;off&#8221; global_colors_info=&#8221;{}&#8221;][\/et_pb_image][et_pb_text _builder_version=&#8221;4.16&#8243; text_font=&#8221;||||||||&#8221; text_orientation=&#8221;center&#8221; min_height=&#8221;78px&#8221; global_colors_info=&#8221;{}&#8221;]<\/p>\n<p>La cuina ser\u00e0 instal\u00b7lada per professional de muntatge de mobiliari especialitzat i proporcionarem per a les connexions el\u00e8ctriques, de gas o aigua el personal qualificat corresponent. <\/p>\n<p>[\/et_pb_text][et_pb_image src=&#8221;https:\/\/www.studiogatto.es\/wp-content\/uploads\/PRO02-1536&#215;960-1.jpg&#8221; title_text=&#8221;PRO02-1536&#215;960&#8243; align=&#8221;center&#8221; _builder_version=&#8221;4.16&#8243; _module_preset=&#8221;default&#8221; width=&#8221;80%&#8221; locked=&#8221;off&#8221; global_colors_info=&#8221;{}&#8221;][\/et_pb_image][et_pb_text _builder_version=&#8221;4.16&#8243; text_font=&#8221;||||||||&#8221; text_orientation=&#8221;center&#8221; min_height=&#8221;78px&#8221; global_colors_info=&#8221;{}&#8221;][\/et_pb_text][\/et_pb_column][\/et_pb_row][\/et_pb_section]<\/p>\n","protected":false},"excerpt":{"rendered":"<p>Coneix les nostres exclusives cuines d&#8217;exterior &nbsp; El concepte Outdoor Kitchen est\u00e0 dissenyat especialment per gaudir a l&#8217;aire lliure d&#8217;un espai polivalent, social i funcional. La versatilitat de colors i materials permeten un disseny variable i personalitzat. Novara aporta elements especials aptes per a l&#8217;exterior i l&#8217;ambient mar\u00ed. Components d\u00b4alta qualitat i resist\u00e8ncia sense renunciar [&hellip;]<\/p>\n","protected":false},"author":2,"featured_media":0,"parent":0,"menu_order":0,"comment_status":"closed","ping_status":"closed","template":"","meta":{"_et_pb_use_builder":"on","_et_pb_old_content":"","_et_gb_content_width":"","footnotes":""},"class_list":["post-16494","page","type-page","status-publish","hentry"],"yoast_head":"<!-- This site is optimized with the Yoast SEO plugin v27.4 - https:\/\/yoast.com\/product\/yoast-seo-wordpress\/ -->\n<title>Novara Cuines de Jard\u00ed per Studio Gatto<\/title>\n<meta name=\"description\" content=\"Especialment dissenyat per gaudir a l&#039;aire lliure, en un jard\u00ed, social i funcional. La versatilitat de colors i materials permeten un disseny variable i personal\" \/>\n<meta name=\"robots\" content=\"index, follow, max-snippet:-1, max-image-preview:large, max-video-preview:-1\" \/>\n<link rel=\"canonical\" href=\"https:\/\/www.studiogatto.es\/ca\/novara\/\" \/>\n<meta property=\"og:locale\" content=\"ca_ES\" \/>\n<meta property=\"og:type\" content=\"article\" \/>\n<meta property=\"og:title\" content=\"Novara Cuines de Jard\u00ed per Studio Gatto\" \/>\n<meta property=\"og:description\" content=\"Especialment dissenyat per gaudir a l&#039;aire lliure, en un jard\u00ed, social i funcional. La versatilitat de colors i materials permeten un disseny variable i personal\" \/>\n<meta property=\"og:url\" content=\"https:\/\/www.studiogatto.es\/ca\/novara\/\" \/>\n<meta property=\"og:site_name\" content=\"Studio Gatto - Cuines i Banys\" \/>\n<meta property=\"article:publisher\" content=\"https:\/\/www.facebook.com\/studiogattocucine\" \/>\n<meta property=\"article:modified_time\" content=\"2024-04-06T16:40:10+00:00\" \/>\n<meta name=\"twitter:card\" content=\"summary_large_image\" \/>\n<meta name=\"twitter:site\" content=\"@studiogattosl\" \/>\n<meta name=\"twitter:label1\" content=\"Temps estimat de lectura\" \/>\n\t<meta name=\"twitter:data1\" content=\"8 minuts\" \/>\n<script type=\"application\/ld+json\" class=\"yoast-schema-graph\">{\"@context\":\"https:\\\/\\\/schema.org\",\"@graph\":[{\"@type\":\"WebPage\",\"@id\":\"https:\\\/\\\/www.studiogatto.es\\\/ca\\\/novara\\\/\",\"url\":\"https:\\\/\\\/www.studiogatto.es\\\/ca\\\/novara\\\/\",\"name\":\"Novara Cuines de Jard\u00ed per Studio Gatto\",\"isPartOf\":{\"@id\":\"https:\\\/\\\/www.studiogatto.es\\\/ca\\\/#website\"},\"datePublished\":\"2021-02-23T16:53:51+00:00\",\"dateModified\":\"2024-04-06T16:40:10+00:00\",\"description\":\"Especialment dissenyat per gaudir a l'aire lliure, en un jard\u00ed, social i funcional. La versatilitat de colors i materials permeten un disseny variable i personal\",\"breadcrumb\":{\"@id\":\"https:\\\/\\\/www.studiogatto.es\\\/ca\\\/novara\\\/#breadcrumb\"},\"inLanguage\":\"ca\",\"potentialAction\":[{\"@type\":\"ReadAction\",\"target\":[\"https:\\\/\\\/www.studiogatto.es\\\/ca\\\/novara\\\/\"]}]},{\"@type\":\"BreadcrumbList\",\"@id\":\"https:\\\/\\\/www.studiogatto.es\\\/ca\\\/novara\\\/#breadcrumb\",\"itemListElement\":[{\"@type\":\"ListItem\",\"position\":1,\"name\":\"Portada\",\"item\":\"https:\\\/\\\/www.studiogatto.es\\\/ca\\\/\"},{\"@type\":\"ListItem\",\"position\":2,\"name\":\"Cuines Exterior Novara\"}]},{\"@type\":\"WebSite\",\"@id\":\"https:\\\/\\\/www.studiogatto.es\\\/ca\\\/#website\",\"url\":\"https:\\\/\\\/www.studiogatto.es\\\/ca\\\/\",\"name\":\"Studio Gatto - Cuines i Banys\",\"description\":\"Reformas integrales de Cocinas y ba\u00f1os. Interiorismo. Dise\u00f1o.\",\"publisher\":{\"@id\":\"https:\\\/\\\/www.studiogatto.es\\\/ca\\\/#organization\"},\"potentialAction\":[{\"@type\":\"SearchAction\",\"target\":{\"@type\":\"EntryPoint\",\"urlTemplate\":\"https:\\\/\\\/www.studiogatto.es\\\/ca\\\/?s={search_term_string}\"},\"query-input\":{\"@type\":\"PropertyValueSpecification\",\"valueRequired\":true,\"valueName\":\"search_term_string\"}}],\"inLanguage\":\"ca\"},{\"@type\":\"Organization\",\"@id\":\"https:\\\/\\\/www.studiogatto.es\\\/ca\\\/#organization\",\"name\":\"Studio Gatto\",\"url\":\"https:\\\/\\\/www.studiogatto.es\\\/ca\\\/\",\"logo\":{\"@type\":\"ImageObject\",\"inLanguage\":\"ca\",\"@id\":\"https:\\\/\\\/www.studiogatto.es\\\/ca\\\/#\\\/schema\\\/logo\\\/image\\\/\",\"url\":\"https:\\\/\\\/www.studiogatto.es\\\/wp-content\\\/uploads\\\/Nuevo-logotipo.jpg\",\"contentUrl\":\"https:\\\/\\\/www.studiogatto.es\\\/wp-content\\\/uploads\\\/Nuevo-logotipo.jpg\",\"width\":300,\"height\":167,\"caption\":\"Studio Gatto\"},\"image\":{\"@id\":\"https:\\\/\\\/www.studiogatto.es\\\/ca\\\/#\\\/schema\\\/logo\\\/image\\\/\"},\"sameAs\":[\"https:\\\/\\\/www.facebook.com\\\/studiogattocucine\",\"https:\\\/\\\/x.com\\\/studiogattosl\"]}]}<\/script>\n<!-- \/ Yoast SEO plugin. -->","yoast_head_json":{"title":"Novara Cuines de Jard\u00ed per Studio Gatto","description":"Especialment dissenyat per gaudir a l'aire lliure, en un jard\u00ed, social i funcional. La versatilitat de colors i materials permeten un disseny variable i personal","robots":{"index":"index","follow":"follow","max-snippet":"max-snippet:-1","max-image-preview":"max-image-preview:large","max-video-preview":"max-video-preview:-1"},"canonical":"https:\/\/www.studiogatto.es\/ca\/novara\/","og_locale":"ca_ES","og_type":"article","og_title":"Novara Cuines de Jard\u00ed per Studio Gatto","og_description":"Especialment dissenyat per gaudir a l'aire lliure, en un jard\u00ed, social i funcional. La versatilitat de colors i materials permeten un disseny variable i personal","og_url":"https:\/\/www.studiogatto.es\/ca\/novara\/","og_site_name":"Studio Gatto - Cuines i Banys","article_publisher":"https:\/\/www.facebook.com\/studiogattocucine","article_modified_time":"2024-04-06T16:40:10+00:00","twitter_card":"summary_large_image","twitter_site":"@studiogattosl","twitter_misc":{"Temps estimat de lectura":"8 minuts"},"schema":{"@context":"https:\/\/schema.org","@graph":[{"@type":"WebPage","@id":"https:\/\/www.studiogatto.es\/ca\/novara\/","url":"https:\/\/www.studiogatto.es\/ca\/novara\/","name":"Novara Cuines de Jard\u00ed per Studio Gatto","isPartOf":{"@id":"https:\/\/www.studiogatto.es\/ca\/#website"},"datePublished":"2021-02-23T16:53:51+00:00","dateModified":"2024-04-06T16:40:10+00:00","description":"Especialment dissenyat per gaudir a l'aire lliure, en un jard\u00ed, social i funcional. La versatilitat de colors i materials permeten un disseny variable i personal","breadcrumb":{"@id":"https:\/\/www.studiogatto.es\/ca\/novara\/#breadcrumb"},"inLanguage":"ca","potentialAction":[{"@type":"ReadAction","target":["https:\/\/www.studiogatto.es\/ca\/novara\/"]}]},{"@type":"BreadcrumbList","@id":"https:\/\/www.studiogatto.es\/ca\/novara\/#breadcrumb","itemListElement":[{"@type":"ListItem","position":1,"name":"Portada","item":"https:\/\/www.studiogatto.es\/ca\/"},{"@type":"ListItem","position":2,"name":"Cuines Exterior Novara"}]},{"@type":"WebSite","@id":"https:\/\/www.studiogatto.es\/ca\/#website","url":"https:\/\/www.studiogatto.es\/ca\/","name":"Studio Gatto - Cuines i Banys","description":"Reformas integrales de Cocinas y ba\u00f1os. Interiorismo. Dise\u00f1o.","publisher":{"@id":"https:\/\/www.studiogatto.es\/ca\/#organization"},"potentialAction":[{"@type":"SearchAction","target":{"@type":"EntryPoint","urlTemplate":"https:\/\/www.studiogatto.es\/ca\/?s={search_term_string}"},"query-input":{"@type":"PropertyValueSpecification","valueRequired":true,"valueName":"search_term_string"}}],"inLanguage":"ca"},{"@type":"Organization","@id":"https:\/\/www.studiogatto.es\/ca\/#organization","name":"Studio Gatto","url":"https:\/\/www.studiogatto.es\/ca\/","logo":{"@type":"ImageObject","inLanguage":"ca","@id":"https:\/\/www.studiogatto.es\/ca\/#\/schema\/logo\/image\/","url":"https:\/\/www.studiogatto.es\/wp-content\/uploads\/Nuevo-logotipo.jpg","contentUrl":"https:\/\/www.studiogatto.es\/wp-content\/uploads\/Nuevo-logotipo.jpg","width":300,"height":167,"caption":"Studio Gatto"},"image":{"@id":"https:\/\/www.studiogatto.es\/ca\/#\/schema\/logo\/image\/"},"sameAs":["https:\/\/www.facebook.com\/studiogattocucine","https:\/\/x.com\/studiogattosl"]}]}},"_links":{"self":[{"href":"https:\/\/www.studiogatto.es\/ca\/wp-json\/wp\/v2\/pages\/16494","targetHints":{"allow":["GET"]}}],"collection":[{"href":"https:\/\/www.studiogatto.es\/ca\/wp-json\/wp\/v2\/pages"}],"about":[{"href":"https:\/\/www.studiogatto.es\/ca\/wp-json\/wp\/v2\/types\/page"}],"author":[{"embeddable":true,"href":"https:\/\/www.studiogatto.es\/ca\/wp-json\/wp\/v2\/users\/2"}],"replies":[{"embeddable":true,"href":"https:\/\/www.studiogatto.es\/ca\/wp-json\/wp\/v2\/comments?post=16494"}],"version-history":[{"count":3,"href":"https:\/\/www.studiogatto.es\/ca\/wp-json\/wp\/v2\/pages\/16494\/revisions"}],"predecessor-version":[{"id":56517,"href":"https:\/\/www.studiogatto.es\/ca\/wp-json\/wp\/v2\/pages\/16494\/revisions\/56517"}],"wp:attachment":[{"href":"https:\/\/www.studiogatto.es\/ca\/wp-json\/wp\/v2\/media?parent=16494"}],"curies":[{"name":"wp","href":"https:\/\/api.w.org\/{rel}","templated":true}]}}