{"id":15068,"date":"2020-10-16T11:04:01","date_gmt":"2020-10-16T11:04:01","guid":{"rendered":"https:\/\/www.studiogatto.es\/?page_id=15068"},"modified":"2024-04-06T18:40:10","modified_gmt":"2024-04-06T16:40:10","slug":"interiorisme","status":"publish","type":"page","link":"https:\/\/www.studiogatto.es\/ca\/interiorisme\/","title":{"rendered":"interiorisme"},"content":{"rendered":"<p>[et_pb_section fb_built=&#8221;1&#8243; _builder_version=&#8221;4.4.4&#8243; global_colors_info=&#8221;{}&#8221; da_is_popup=&#8221;off&#8221; da_exit_intent=&#8221;off&#8221; da_has_close=&#8221;on&#8221; da_alt_close=&#8221;off&#8221; da_dark_close=&#8221;off&#8221; da_not_modal=&#8221;on&#8221; da_is_singular=&#8221;off&#8221; da_with_loader=&#8221;off&#8221; da_has_shadow=&#8221;on&#8221; da_disable_devices=&#8221;off|off|off&#8221;][et_pb_row _builder_version=&#8221;4.4.4&#8243; global_colors_info=&#8221;{}&#8221;][et_pb_column type=&#8221;4_4&#8243; _builder_version=&#8221;4.4.4&#8243; global_colors_info=&#8221;{}&#8221;][et_pb_image src=&#8221;https:\/\/www.studiogatto.es\/wp-content\/uploads\/interiorisme-interior-in-the-loft-PDPTFPE-sitges.jpg&#8221; title_text=&#8221;interiorisme-interior-in-the-loft-PDPTFPE-sitges&#8221; _builder_version=&#8221;4.4.4&#8243; global_colors_info=&#8221;{}&#8221;][\/et_pb_image][\/et_pb_column][\/et_pb_row][et_pb_row _builder_version=&#8221;4.4.4&#8243; global_colors_info=&#8221;{}&#8221;][et_pb_column type=&#8221;4_4&#8243; _builder_version=&#8221;4.4.4&#8243; global_colors_info=&#8221;{}&#8221;][et_pb_text _builder_version=&#8221;4.4.4&#8243; global_colors_info=&#8221;{}&#8221;]<\/p>\n<h3>Els nostres serveis en reforma d&#8217;interiors<\/h3>\n<p>En les darreres dues d\u00e8cades, Studio Gatto s&#8217;ha fet un nom al sector de la reforma d&#8217;interiors. Creem espais elegants i din\u00e0mics, plens de passi\u00f3 i creativitat. El nostre estudi de reforma d\u02bbinteriors \u00e9s professional, accessible i comprom\u00e8s a aconseguir la millor soluci\u00f3 de disseny possible per a qualsevol projecte.<\/p>\n<p>[\/et_pb_text][\/et_pb_column][\/et_pb_row][et_pb_row column_structure=&#8221;1_2,1_2&#8243; _builder_version=&#8221;4.4.4&#8243; global_colors_info=&#8221;{}&#8221;][et_pb_column type=&#8221;1_2&#8243; _builder_version=&#8221;4.4.4&#8243; global_colors_info=&#8221;{}&#8221;][et_pb_divider color=&#8221;#ffffff&#8221; divider_weight=&#8221;0px&#8221; _builder_version=&#8221;4.4.4&#8243; custom_margin=&#8221;42px||||false|false&#8221; global_colors_info=&#8221;{}&#8221;][\/et_pb_divider][et_pb_image src=&#8221;https:\/\/www.studiogatto.es\/wp-content\/uploads\/interiorisme-cozy-vintage-living-room-PY4KGC5-sitges.jpg&#8221; title_text=&#8221;interiorisme-cozy-vintage-living-room-PY4KGC5-sitges&#8221; _builder_version=&#8221;4.4.4&#8243; min_height=&#8221;334px&#8221; custom_margin=&#8221;56px||||false|false&#8221; custom_padding=&#8221;0px|||||&#8221; global_colors_info=&#8221;{}&#8221;][\/et_pb_image][\/et_pb_column][et_pb_column type=&#8221;1_2&#8243; _builder_version=&#8221;4.4.4&#8243; global_colors_info=&#8221;{}&#8221;][et_pb_text _builder_version=&#8221;4.4.4&#8243; global_colors_info=&#8221;{}&#8221;]<\/p>\n<h3>Disseny interior<\/h3>\n<p style=\"text-align: left;\">El nostre equip de dissenyadors d&#8217;interiors interpreta les motivacions i l&#8217;estil de cada client per oferir espais innovadors, \u00fanics aix\u00ed com funcionals i sostenibles.<span style=\"background-color: white;\"><span style=\"color: #231f20;\"><span style=\"font-family: Poppins; background-image: initial; background-position: initial; background-size: initial; background-repeat: initial; background-origin: initial; background-clip: initial;\"> <\/span><\/span><\/span><\/p>\n<p style=\"margin: 0px;\"><span style=\"font-size: medium;\"><span style=\"font-family: inherit;\">Estem compromesos amb el medi ambient. Treballem sempre amb fabricants que tenen en compte les normatives europees a nivell de sostenibilitat i ecologia en equilibri amb una qualitat assequible.<\/span><\/span><\/p>\n<p style=\"margin: 0px;\"><span color=\"#231f20\" size=\"3\" style=\"color: #231f20; font-size: medium;\"><span style=\"background-color: #ffffff;\">En adoptar aquest enfocament, el nostre equip es mant\u00e9 fidel a la nostra filosofia de disseny de &#8220;veritable disseny per viure&#8221; agrupant aix\u00ed tots els aspectes importants per assolir un projecte complet adaptat a les necessitats d&#8217;estil de vida de cada client.<\/span><\/span><\/p>\n<p>[\/et_pb_text][\/et_pb_column][\/et_pb_row][et_pb_row column_structure=&#8221;1_2,1_2&#8243; _builder_version=&#8221;4.4.4&#8243; global_colors_info=&#8221;{}&#8221;][et_pb_column type=&#8221;1_2&#8243; _builder_version=&#8221;4.4.4&#8243; global_colors_info=&#8221;{}&#8221;][et_pb_text _builder_version=&#8221;4.4.4&#8243; global_colors_info=&#8221;{}&#8221;]<\/p>\n<h3 style=\"text-align: left;\">Arquitectura interior<\/h3>\n<p style=\"text-align: left;\">En cas necessari, disposem de professionals arquitectes, interioristes i decoradors per recolzar i col\u00b7laborar en la realitzaci\u00f3 del projecte.<\/p>\n<p style=\"text-align: left;\">D&#8217;aquesta manera, completem cada aspecte de la reforma d&#8217;interiors.<\/p>\n<p>[\/et_pb_text][\/et_pb_column][et_pb_column type=&#8221;1_2&#8243; _builder_version=&#8221;4.4.4&#8243; global_colors_info=&#8221;{}&#8221;][et_pb_image src=&#8221;https:\/\/www.studiogatto.es\/wp-content\/uploads\/interiorisme-gray-wooden-furniture-in-a-spacious-living-room-in-EDU23VL-sitges.jpg&#8221; title_text=&#8221;interiorisme-gray-wooden-furniture-in-a-spacious-living-room-in-EDU23VL-sitges&#8221; _builder_version=&#8221;4.4.4&#8243; global_colors_info=&#8221;{}&#8221;][\/et_pb_image][\/et_pb_column][\/et_pb_row][et_pb_row _builder_version=&#8221;4.4.4&#8243; global_colors_info=&#8221;{}&#8221;][et_pb_column type=&#8221;4_4&#8243; _builder_version=&#8221;4.4.4&#8243; global_colors_info=&#8221;{}&#8221;][et_pb_text _builder_version=&#8221;4.4.4&#8243; global_colors_info=&#8221;{}&#8221;]<\/p>\n<h3 style=\"text-align: center;\">La nostra experi\u00e8ncia<\/h3>\n<p>Amb una \u00e0mplia experi\u00e8ncia al sector, hem creat, dissenyat i executat m\u00e9s de 1.000 projectes en els darrers 30 anys. El nostre equip proporciona el m\u00e9s alt nivell de solucions a mida i claus en m\u00e0. Aix\u00f2 ha portat molts clients particulars a continuar confiant en nosaltres per a la realitzaci\u00f3 de diversos projectes.<\/p>\n<p>[\/et_pb_text][\/et_pb_column][\/et_pb_row][\/et_pb_section]<\/p>\n","protected":false},"excerpt":{"rendered":"<p>Els nostres serveis en reforma d&#8217;interiors En les darreres dues d\u00e8cades, Studio Gatto s&#8217;ha fet un nom al sector de la reforma d&#8217;interiors. Creem espais elegants i din\u00e0mics, plens de passi\u00f3 i creativitat. El nostre estudi de reforma d\u02bbinteriors \u00e9s professional, accessible i comprom\u00e8s a aconseguir la millor soluci\u00f3 de disseny possible per a qualsevol [&hellip;]<\/p>\n","protected":false},"author":2,"featured_media":0,"parent":0,"menu_order":0,"comment_status":"closed","ping_status":"closed","template":"","meta":{"_et_pb_use_builder":"on","_et_pb_old_content":"","_et_gb_content_width":"","footnotes":""},"class_list":["post-15068","page","type-page","status-publish","hentry"],"yoast_head":"<!-- This site is optimized with the Yoast SEO plugin v27.5 - https:\/\/yoast.com\/product\/yoast-seo-wordpress\/ -->\n<title>Estudi d&#039;Interiorisme Vilanova i Sitges<\/title>\n<meta name=\"description\" content=\"Estudi dInteriorisme Vilanova i Sitges. Reforma casa teva amb estil. Aprofita l\u00b4experi\u00e8ncia de Studio Gatto\" \/>\n<meta name=\"robots\" content=\"index, follow, max-snippet:-1, max-image-preview:large, max-video-preview:-1\" \/>\n<link rel=\"canonical\" href=\"https:\/\/www.studiogatto.es\/ca\/interiorisme\/\" \/>\n<meta property=\"og:locale\" content=\"ca_ES\" \/>\n<meta property=\"og:type\" content=\"article\" \/>\n<meta property=\"og:title\" content=\"Estudi d&#039;Interiorisme Vilanova i Sitges\" \/>\n<meta property=\"og:description\" content=\"Estudi dInteriorisme Vilanova i Sitges. Reforma casa teva amb estil. Aprofita l\u00b4experi\u00e8ncia de Studio Gatto\" \/>\n<meta property=\"og:url\" content=\"https:\/\/www.studiogatto.es\/ca\/interiorisme\/\" \/>\n<meta property=\"og:site_name\" content=\"Studio Gatto - Cuines i Banys\" \/>\n<meta property=\"article:publisher\" content=\"https:\/\/www.facebook.com\/studiogattocucine\" \/>\n<meta property=\"article:modified_time\" content=\"2024-04-06T16:40:10+00:00\" \/>\n<meta name=\"twitter:card\" content=\"summary_large_image\" \/>\n<meta name=\"twitter:site\" content=\"@studiogattosl\" \/>\n<meta name=\"twitter:label1\" content=\"Temps estimat de lectura\" \/>\n\t<meta name=\"twitter:data1\" content=\"3 minuts\" \/>\n<script type=\"application\/ld+json\" class=\"yoast-schema-graph\">{\"@context\":\"https:\\\/\\\/schema.org\",\"@graph\":[{\"@type\":\"WebPage\",\"@id\":\"https:\\\/\\\/www.studiogatto.es\\\/ca\\\/interiorisme\\\/\",\"url\":\"https:\\\/\\\/www.studiogatto.es\\\/ca\\\/interiorisme\\\/\",\"name\":\"Estudi d'Interiorisme Vilanova i Sitges\",\"isPartOf\":{\"@id\":\"https:\\\/\\\/www.studiogatto.es\\\/ca\\\/#website\"},\"datePublished\":\"2020-10-16T11:04:01+00:00\",\"dateModified\":\"2024-04-06T16:40:10+00:00\",\"description\":\"Estudi dInteriorisme Vilanova i Sitges. Reforma casa teva amb estil. Aprofita l\u00b4experi\u00e8ncia de Studio Gatto\",\"breadcrumb\":{\"@id\":\"https:\\\/\\\/www.studiogatto.es\\\/ca\\\/interiorisme\\\/#breadcrumb\"},\"inLanguage\":\"ca\",\"potentialAction\":[{\"@type\":\"ReadAction\",\"target\":[\"https:\\\/\\\/www.studiogatto.es\\\/ca\\\/interiorisme\\\/\"]}]},{\"@type\":\"BreadcrumbList\",\"@id\":\"https:\\\/\\\/www.studiogatto.es\\\/ca\\\/interiorisme\\\/#breadcrumb\",\"itemListElement\":[{\"@type\":\"ListItem\",\"position\":1,\"name\":\"Portada\",\"item\":\"https:\\\/\\\/www.studiogatto.es\\\/ca\\\/\"},{\"@type\":\"ListItem\",\"position\":2,\"name\":\"interiorisme\"}]},{\"@type\":\"WebSite\",\"@id\":\"https:\\\/\\\/www.studiogatto.es\\\/ca\\\/#website\",\"url\":\"https:\\\/\\\/www.studiogatto.es\\\/ca\\\/\",\"name\":\"Studio Gatto - Cuines i Banys\",\"description\":\"Reformas integrales de Cocinas y ba\u00f1os. Interiorismo. Dise\u00f1o.\",\"publisher\":{\"@id\":\"https:\\\/\\\/www.studiogatto.es\\\/ca\\\/#organization\"},\"potentialAction\":[{\"@type\":\"SearchAction\",\"target\":{\"@type\":\"EntryPoint\",\"urlTemplate\":\"https:\\\/\\\/www.studiogatto.es\\\/ca\\\/?s={search_term_string}\"},\"query-input\":{\"@type\":\"PropertyValueSpecification\",\"valueRequired\":true,\"valueName\":\"search_term_string\"}}],\"inLanguage\":\"ca\"},{\"@type\":\"Organization\",\"@id\":\"https:\\\/\\\/www.studiogatto.es\\\/ca\\\/#organization\",\"name\":\"Studio Gatto\",\"url\":\"https:\\\/\\\/www.studiogatto.es\\\/ca\\\/\",\"logo\":{\"@type\":\"ImageObject\",\"inLanguage\":\"ca\",\"@id\":\"https:\\\/\\\/www.studiogatto.es\\\/ca\\\/#\\\/schema\\\/logo\\\/image\\\/\",\"url\":\"https:\\\/\\\/www.studiogatto.es\\\/wp-content\\\/uploads\\\/Nuevo-logotipo.jpg\",\"contentUrl\":\"https:\\\/\\\/www.studiogatto.es\\\/wp-content\\\/uploads\\\/Nuevo-logotipo.jpg\",\"width\":300,\"height\":167,\"caption\":\"Studio Gatto\"},\"image\":{\"@id\":\"https:\\\/\\\/www.studiogatto.es\\\/ca\\\/#\\\/schema\\\/logo\\\/image\\\/\"},\"sameAs\":[\"https:\\\/\\\/www.facebook.com\\\/studiogattocucine\",\"https:\\\/\\\/x.com\\\/studiogattosl\"]}]}<\/script>\n<!-- \/ Yoast SEO plugin. -->","yoast_head_json":{"title":"Estudi d'Interiorisme Vilanova i Sitges","description":"Estudi dInteriorisme Vilanova i Sitges. Reforma casa teva amb estil. Aprofita l\u00b4experi\u00e8ncia de Studio Gatto","robots":{"index":"index","follow":"follow","max-snippet":"max-snippet:-1","max-image-preview":"max-image-preview:large","max-video-preview":"max-video-preview:-1"},"canonical":"https:\/\/www.studiogatto.es\/ca\/interiorisme\/","og_locale":"ca_ES","og_type":"article","og_title":"Estudi d'Interiorisme Vilanova i Sitges","og_description":"Estudi dInteriorisme Vilanova i Sitges. Reforma casa teva amb estil. Aprofita l\u00b4experi\u00e8ncia de Studio Gatto","og_url":"https:\/\/www.studiogatto.es\/ca\/interiorisme\/","og_site_name":"Studio Gatto - Cuines i Banys","article_publisher":"https:\/\/www.facebook.com\/studiogattocucine","article_modified_time":"2024-04-06T16:40:10+00:00","twitter_card":"summary_large_image","twitter_site":"@studiogattosl","twitter_misc":{"Temps estimat de lectura":"3 minuts"},"schema":{"@context":"https:\/\/schema.org","@graph":[{"@type":"WebPage","@id":"https:\/\/www.studiogatto.es\/ca\/interiorisme\/","url":"https:\/\/www.studiogatto.es\/ca\/interiorisme\/","name":"Estudi d'Interiorisme Vilanova i Sitges","isPartOf":{"@id":"https:\/\/www.studiogatto.es\/ca\/#website"},"datePublished":"2020-10-16T11:04:01+00:00","dateModified":"2024-04-06T16:40:10+00:00","description":"Estudi dInteriorisme Vilanova i Sitges. Reforma casa teva amb estil. Aprofita l\u00b4experi\u00e8ncia de Studio Gatto","breadcrumb":{"@id":"https:\/\/www.studiogatto.es\/ca\/interiorisme\/#breadcrumb"},"inLanguage":"ca","potentialAction":[{"@type":"ReadAction","target":["https:\/\/www.studiogatto.es\/ca\/interiorisme\/"]}]},{"@type":"BreadcrumbList","@id":"https:\/\/www.studiogatto.es\/ca\/interiorisme\/#breadcrumb","itemListElement":[{"@type":"ListItem","position":1,"name":"Portada","item":"https:\/\/www.studiogatto.es\/ca\/"},{"@type":"ListItem","position":2,"name":"interiorisme"}]},{"@type":"WebSite","@id":"https:\/\/www.studiogatto.es\/ca\/#website","url":"https:\/\/www.studiogatto.es\/ca\/","name":"Studio Gatto - Cuines i Banys","description":"Reformas integrales de Cocinas y ba\u00f1os. Interiorismo. Dise\u00f1o.","publisher":{"@id":"https:\/\/www.studiogatto.es\/ca\/#organization"},"potentialAction":[{"@type":"SearchAction","target":{"@type":"EntryPoint","urlTemplate":"https:\/\/www.studiogatto.es\/ca\/?s={search_term_string}"},"query-input":{"@type":"PropertyValueSpecification","valueRequired":true,"valueName":"search_term_string"}}],"inLanguage":"ca"},{"@type":"Organization","@id":"https:\/\/www.studiogatto.es\/ca\/#organization","name":"Studio Gatto","url":"https:\/\/www.studiogatto.es\/ca\/","logo":{"@type":"ImageObject","inLanguage":"ca","@id":"https:\/\/www.studiogatto.es\/ca\/#\/schema\/logo\/image\/","url":"https:\/\/www.studiogatto.es\/wp-content\/uploads\/Nuevo-logotipo.jpg","contentUrl":"https:\/\/www.studiogatto.es\/wp-content\/uploads\/Nuevo-logotipo.jpg","width":300,"height":167,"caption":"Studio Gatto"},"image":{"@id":"https:\/\/www.studiogatto.es\/ca\/#\/schema\/logo\/image\/"},"sameAs":["https:\/\/www.facebook.com\/studiogattocucine","https:\/\/x.com\/studiogattosl"]}]}},"_links":{"self":[{"href":"https:\/\/www.studiogatto.es\/ca\/wp-json\/wp\/v2\/pages\/15068","targetHints":{"allow":["GET"]}}],"collection":[{"href":"https:\/\/www.studiogatto.es\/ca\/wp-json\/wp\/v2\/pages"}],"about":[{"href":"https:\/\/www.studiogatto.es\/ca\/wp-json\/wp\/v2\/types\/page"}],"author":[{"embeddable":true,"href":"https:\/\/www.studiogatto.es\/ca\/wp-json\/wp\/v2\/users\/2"}],"replies":[{"embeddable":true,"href":"https:\/\/www.studiogatto.es\/ca\/wp-json\/wp\/v2\/comments?post=15068"}],"version-history":[{"count":2,"href":"https:\/\/www.studiogatto.es\/ca\/wp-json\/wp\/v2\/pages\/15068\/revisions"}],"predecessor-version":[{"id":56399,"href":"https:\/\/www.studiogatto.es\/ca\/wp-json\/wp\/v2\/pages\/15068\/revisions\/56399"}],"wp:attachment":[{"href":"https:\/\/www.studiogatto.es\/ca\/wp-json\/wp\/v2\/media?parent=15068"}],"curies":[{"name":"wp","href":"https:\/\/api.w.org\/{rel}","templated":true}]}}